{"id":1617,"date":"2024-07-22T17:46:19","date_gmt":"2024-07-22T09:46:19","guid":{"rendered":"https:\/\/ecmicrophones.com\/?post_type=product&#038;p=1617"},"modified":"2026-03-19T15:21:35","modified_gmt":"2026-03-19T07:21:35","slug":"16mm-cardioid-electret-microphone-capsule-for-streaming","status":"publish","type":"product","link":"https:\/\/ecmicrophones.com\/pt\/16mm-cardioid-electret-microphone-capsule-for-streaming\/","title":{"rendered":"C\u00e1psula de microfone de eletreto cardi\u00f3ide de 16 mm para streaming"},"content":{"rendered":"<h2 class=\"text-start\">Especifica\u00e7\u00f5es t\u00e9cnicas<\/h2>\n<p class=\"text-start\">Nosso cabe\u00e7ote de microfone cardioide 1663, com anel de cobre banhado a ouro e sa\u00edda de fonte, oferece alta fidelidade, alta rela\u00e7\u00e3o sinal-ru\u00eddo e baixo ru\u00eddo.<\/p>\n<h3 class=\"pt-5 text-start\">Circuito de teste padr\u00e3o<\/h3>\n<p> <img loading=\"lazy\" decoding=\"async\" class=\"alignnone size-full wp-image-1620\" src=\"https:\/\/ecmicrophones.com\/wp-content\/uploads\/2024\/07\/standard-test-circuit_ecm-b16063ul-sfn-03-y.png\" alt=\"Circuito de teste padr\u00e3o\" width=\"458\" height=\"225\" srcset=\"https:\/\/ecmicrophones.com\/wp-content\/uploads\/2024\/07\/standard-test-circuit_ecm-b16063ul-sfn-03-y.png 458w, https:\/\/ecmicrophones.com\/wp-content\/uploads\/2024\/07\/standard-test-circuit_ecm-b16063ul-sfn-03-y-300x147.png 300w, https:\/\/ecmicrophones.com\/wp-content\/uploads\/2024\/07\/standard-test-circuit_ecm-b16063ul-sfn-03-y-18x9.png 18w\" sizes=\"auto, (max-width: 458px) 100vw, 458px\" \/> <\/p>\n<p class=\"mt-2\">Condi\u00e7\u00f5es de teste: RL = 2,2K\u03a9, Vs = 1,5V, C = 1\u03bcF<\/p>\n<h3 class=\"pt-5 text-start\">Resposta de frequ\u00eancia t\u00edpica<\/h3>\n<p> <img loading=\"lazy\" decoding=\"async\" class=\"alignnone size-full wp-image-1618\" src=\"https:\/\/ecmicrophones.com\/wp-content\/uploads\/2024\/07\/typical-frequency-response_ecm-b16063ul-sfn-03-y.png\" alt=\"Resposta de frequ\u00eancia t\u00edpica\" width=\"673\" height=\"222\" srcset=\"https:\/\/ecmicrophones.com\/wp-content\/uploads\/2024\/07\/typical-frequency-response_ecm-b16063ul-sfn-03-y.png 673w, https:\/\/ecmicrophones.com\/wp-content\/uploads\/2024\/07\/typical-frequency-response_ecm-b16063ul-sfn-03-y-300x99.png 300w, https:\/\/ecmicrophones.com\/wp-content\/uploads\/2024\/07\/typical-frequency-response_ecm-b16063ul-sfn-03-y-18x6.png 18w, https:\/\/ecmicrophones.com\/wp-content\/uploads\/2024\/07\/typical-frequency-response_ecm-b16063ul-sfn-03-y-600x198.png 600w\" sizes=\"auto, (max-width: 673px) 100vw, 673px\" \/> <\/p>\n<p class=\"mt-2\">A frequ\u00eancia aumenta de forma constante de 100 Hz a 16 kHz com ganho modesto, tornando-se um pouco mais pronunciada na faixa de alta frequ\u00eancia.<\/p>\n<h3 class=\"pt-5 text-start\">Dimens\u00f5es (UNIDADE: mm)<\/h3>\n<p> <img loading=\"lazy\" decoding=\"async\" class=\"alignnone size-full wp-image-1619\" src=\"https:\/\/ecmicrophones.com\/wp-content\/uploads\/2024\/07\/appearance-dimension_ecm-b16063ul-sfn-03-y.png\" alt=\"Dimens\u00e3o da apar\u00eancia\" width=\"673\" height=\"260\" srcset=\"https:\/\/ecmicrophones.com\/wp-content\/uploads\/2024\/07\/appearance-dimension_ecm-b16063ul-sfn-03-y.png 673w, https:\/\/ecmicrophones.com\/wp-content\/uploads\/2024\/07\/appearance-dimension_ecm-b16063ul-sfn-03-y-300x116.png 300w, https:\/\/ecmicrophones.com\/wp-content\/uploads\/2024\/07\/appearance-dimension_ecm-b16063ul-sfn-03-y-18x7.png 18w, https:\/\/ecmicrophones.com\/wp-content\/uploads\/2024\/07\/appearance-dimension_ecm-b16063ul-sfn-03-y-600x232.png 600w\" sizes=\"auto, (max-width: 673px) 100vw, 673px\" \/> <\/p>\n<p class=\"mt-2\">A c\u00e1psula mede 16 mm de di\u00e2metro e 6,3 mm de altura, apresentando uma malha frontal contra poeira e uma porta ac\u00fastica traseira.<\/p>","protected":false},"excerpt":{"rendered":"<p>O ECM-B16063UL-SFN-03-Y \u00e9 uma c\u00e1psula de microfone unidirecional com sensibilidade de -45dB\u00b13 e rela\u00e7\u00e3o sinal-ru\u00eddo de 65dB. \u00c9 ideal para transmiss\u00e3o ao vivo.<\/p>","protected":false},"featured_media":2691,"comment_status":"open","ping_status":"closed","template":"","meta":[],"product_brand":[721],"product_cat":[21,16],"product_tag":[279,292,116],"class_list":{"0":"post-1617","1":"product","2":"type-product","3":"status-publish","4":"has-post-thumbnail","6":"product_brand-ecmic","7":"product_cat-unidirectional-microphones","8":"product_cat-electret-microphones","9":"product_tag-16mm","10":"product_tag-3-solder-pads","11":"product_tag-vocal","13":"first","14":"instock","15":"shipping-taxable","16":"purchasable","17":"product-type-simple"},"_links":{"self":[{"href":"https:\/\/ecmicrophones.com\/pt\/wp-json\/wp\/v2\/product\/1617","targetHints":{"allow":["GET"]}}],"collection":[{"href":"https:\/\/ecmicrophones.com\/pt\/wp-json\/wp\/v2\/product"}],"about":[{"href":"https:\/\/ecmicrophones.com\/pt\/wp-json\/wp\/v2\/types\/product"}],"replies":[{"embeddable":true,"href":"https:\/\/ecmicrophones.com\/pt\/wp-json\/wp\/v2\/comments?post=1617"}],"wp:featuredmedia":[{"embeddable":true,"href":"https:\/\/ecmicrophones.com\/pt\/wp-json\/wp\/v2\/media\/2691"}],"wp:attachment":[{"href":"https:\/\/ecmicrophones.com\/pt\/wp-json\/wp\/v2\/media?parent=1617"}],"wp:term":[{"taxonomy":"product_brand","embeddable":true,"href":"https:\/\/ecmicrophones.com\/pt\/wp-json\/wp\/v2\/product_brand?post=1617"},{"taxonomy":"product_cat","embeddable":true,"href":"https:\/\/ecmicrophones.com\/pt\/wp-json\/wp\/v2\/product_cat?post=1617"},{"taxonomy":"product_tag","embeddable":true,"href":"https:\/\/ecmicrophones.com\/pt\/wp-json\/wp\/v2\/product_tag?post=1617"}],"curies":[{"name":"wp","href":"https:\/\/api.w.org\/{rel}","templated":true}]}}