{"id":1659,"date":"2024-07-23T16:05:34","date_gmt":"2024-07-23T08:05:34","guid":{"rendered":"https:\/\/ecmicrophones.com\/?post_type=product&#038;p=1659"},"modified":"2026-03-19T15:20:49","modified_gmt":"2026-03-19T07:20:49","slug":"6mm-surface-mount-microphone-for-smart-speakers","status":"publish","type":"product","link":"https:\/\/ecmicrophones.com\/pt\/6mm-surface-mount-microphone-for-smart-speakers\/","title":{"rendered":"Microfone de montagem em superf\u00edcie de 6 mm para alto-falantes inteligentes"},"content":{"rendered":"<h2 class=\"text-start\">Especifica\u00e7\u00f5es t\u00e9cnicas<\/h2>\n<p class=\"text-start\">Nossas c\u00e1psulas de microfone de montagem em superf\u00edcie 6027 SMD s\u00e3o especialmente projetadas para resist\u00eancia a altas temperaturas e apresentam capacitores duplos. Fabricadas usando materiais importados e ecol\u00f3gicos, elas garantem desempenho confi\u00e1vel.<\/p>\n<h3 class=\"pt-5 text-start\">Circuito de teste padr\u00e3o<\/h3>\n<p><img loading=\"lazy\" decoding=\"async\" class=\"alignnone size-full wp-image-1661\" src=\"https:\/\/ecmicrophones.com\/wp-content\/uploads\/2024\/07\/standard-test-circuit_ecm-b6027al42-smd.png\" alt=\"Circuito de teste padr\u00e3o\" width=\"529\" height=\"215\" srcset=\"https:\/\/ecmicrophones.com\/wp-content\/uploads\/2024\/07\/standard-test-circuit_ecm-b6027al42-smd.png 529w, https:\/\/ecmicrophones.com\/wp-content\/uploads\/2024\/07\/standard-test-circuit_ecm-b6027al42-smd-300x122.png 300w, https:\/\/ecmicrophones.com\/wp-content\/uploads\/2024\/07\/standard-test-circuit_ecm-b6027al42-smd-18x7.png 18w\" sizes=\"auto, (max-width: 529px) 100vw, 529px\" \/><\/p>\n<p><strong>Condi\u00e7\u00f5es de teste:<\/strong> Resistor de carga (RL) = 2,2k\u03a9, tens\u00e3o de alimenta\u00e7\u00e3o (VS) = 2V, capacitor de acoplamento (C) = 1\u03bcF.<\/p>\n<h3 class=\"pt-5 text-start\">Resposta de frequ\u00eancia t\u00edpica<\/h3>\n<p><img loading=\"lazy\" decoding=\"async\" class=\"alignnone size-full wp-image-1662\" src=\"https:\/\/ecmicrophones.com\/wp-content\/uploads\/2024\/07\/typical-frequency-response_ecm-b6027al42-smd.png\" alt=\"Resposta de frequ\u00eancia t\u00edpica\" width=\"591\" height=\"206\" srcset=\"https:\/\/ecmicrophones.com\/wp-content\/uploads\/2024\/07\/typical-frequency-response_ecm-b6027al42-smd.png 591w, https:\/\/ecmicrophones.com\/wp-content\/uploads\/2024\/07\/typical-frequency-response_ecm-b6027al42-smd-300x105.png 300w, https:\/\/ecmicrophones.com\/wp-content\/uploads\/2024\/07\/typical-frequency-response_ecm-b6027al42-smd-18x6.png 18w\" sizes=\"auto, (max-width: 591px) 100vw, 591px\" \/><\/p>\n<p>A resposta de frequ\u00eancia abrange de 50 Hz a 16 kHz. A curva permanece praticamente plana, subindo a partir de cerca de 4 kHz e diminuindo gradualmente perto de 14 kHz.<\/p>\n<h3 class=\"pt-5 text-start\">Dimens\u00f5es (UNIDADE: mm)<\/h3>\n<p><img loading=\"lazy\" decoding=\"async\" class=\"alignnone size-full wp-image-1660\" src=\"https:\/\/ecmicrophones.com\/wp-content\/uploads\/2024\/07\/appearance-dimension_ecm-b6027al42-smd.png\" alt=\"Dimens\u00e3o da apar\u00eancia\" width=\"560\" height=\"549\" srcset=\"https:\/\/ecmicrophones.com\/wp-content\/uploads\/2024\/07\/appearance-dimension_ecm-b6027al42-smd.png 560w, https:\/\/ecmicrophones.com\/wp-content\/uploads\/2024\/07\/appearance-dimension_ecm-b6027al42-smd-300x294.png 300w, https:\/\/ecmicrophones.com\/wp-content\/uploads\/2024\/07\/appearance-dimension_ecm-b6027al42-smd-12x12.png 12w\" sizes=\"auto, (max-width: 560px) 100vw, 560px\" \/><\/p>\n<p>Di\u00e2metro: 6 mm; Altura: 2,7 mm. Microfone condensador de eletreto de montagem em superf\u00edcie.<\/p>","protected":false},"excerpt":{"rendered":"<p>O ECM-B6027AL42-SMD \u00e9 uma c\u00e1psula de microfone SMD omnidirecional de 6 \u00d7 2,7 mm para alto-falantes inteligentes. Ele apresenta uma sensibilidade de -42dB\u00b12 e uma rela\u00e7\u00e3o sinal-ru\u00eddo de 58dB, garantindo desempenho confi\u00e1vel em ambientes compactos e com espa\u00e7o limitado.<\/p>","protected":false},"featured_media":2437,"comment_status":"open","ping_status":"closed","template":"","meta":[],"product_brand":[721],"product_cat":[18],"product_tag":[283,229],"class_list":{"0":"post-1659","1":"product","2":"type-product","3":"status-publish","4":"has-post-thumbnail","6":"product_brand-ecmic","7":"product_cat-smd-microphones","8":"product_tag-6mm","9":"product_tag-equipment","11":"first","12":"instock","13":"shipping-taxable","14":"purchasable","15":"product-type-simple"},"_links":{"self":[{"href":"https:\/\/ecmicrophones.com\/pt\/wp-json\/wp\/v2\/product\/1659","targetHints":{"allow":["GET"]}}],"collection":[{"href":"https:\/\/ecmicrophones.com\/pt\/wp-json\/wp\/v2\/product"}],"about":[{"href":"https:\/\/ecmicrophones.com\/pt\/wp-json\/wp\/v2\/types\/product"}],"replies":[{"embeddable":true,"href":"https:\/\/ecmicrophones.com\/pt\/wp-json\/wp\/v2\/comments?post=1659"}],"wp:featuredmedia":[{"embeddable":true,"href":"https:\/\/ecmicrophones.com\/pt\/wp-json\/wp\/v2\/media\/2437"}],"wp:attachment":[{"href":"https:\/\/ecmicrophones.com\/pt\/wp-json\/wp\/v2\/media?parent=1659"}],"wp:term":[{"taxonomy":"product_brand","embeddable":true,"href":"https:\/\/ecmicrophones.com\/pt\/wp-json\/wp\/v2\/product_brand?post=1659"},{"taxonomy":"product_cat","embeddable":true,"href":"https:\/\/ecmicrophones.com\/pt\/wp-json\/wp\/v2\/product_cat?post=1659"},{"taxonomy":"product_tag","embeddable":true,"href":"https:\/\/ecmicrophones.com\/pt\/wp-json\/wp\/v2\/product_tag?post=1659"}],"curies":[{"name":"wp","href":"https:\/\/api.w.org\/{rel}","templated":true}]}}