{"id":166,"date":"2024-03-27T11:50:35","date_gmt":"2024-03-27T11:50:35","guid":{"rendered":"https:\/\/ecmicrophones.com\/?post_type=product&#038;p=166"},"modified":"2026-03-19T15:42:25","modified_gmt":"2026-03-19T07:42:25","slug":"robot-microphone-capsule-electret-6mm","status":"publish","type":"product","link":"https:\/\/ecmicrophones.com\/pt\/robot-microphone-capsule-electret-6mm\/","title":{"rendered":"C\u00e1psula de microfone de eletreto rob\u00f4 de 6 mm com pinos"},"content":{"rendered":"<h2 class=\"text-start\">Especifica\u00e7\u00f5es t\u00e9cnicas<\/h2>\n<p class=\"text-start\">A cabe\u00e7a do microfone de pino omnidirecional 6027 oferece sensibilidade excepcional e uma rela\u00e7\u00e3o sinal-ru\u00eddo not\u00e1vel. Com seu design interno de capacitor duplo, oferece qualidade de \u00e1udio superior.<\/p>\n<h3 class=\"pt-5 text-start\">Circuito de teste padr\u00e3o<\/h3>\n<p><img loading=\"lazy\" decoding=\"async\" class=\"alignnone size-full wp-image-294\" src=\"https:\/\/ecmicrophones.com\/wp-content\/uploads\/2024\/03\/standard-test-circuit_ecm-b6027ap2.8-30rc.png\" alt=\"Circuito de teste padr\u00e3o ECM-B6027AP2.8-30RC: polariza\u00e7\u00e3o de 2,2k\u03a9, alimenta\u00e7\u00e3o de 2V, sa\u00edda de 1\u03bcF\" width=\"551\" height=\"228\" srcset=\"https:\/\/ecmicrophones.com\/wp-content\/uploads\/2024\/03\/standard-test-circuit_ecm-b6027ap2.8-30rc.png 551w, https:\/\/ecmicrophones.com\/wp-content\/uploads\/2024\/03\/standard-test-circuit_ecm-b6027ap2.8-30rc-300x124.png 300w, https:\/\/ecmicrophones.com\/wp-content\/uploads\/2024\/03\/standard-test-circuit_ecm-b6027ap2.8-30rc-18x7.png 18w\" sizes=\"auto, (max-width: 551px) 100vw, 551px\" \/><\/p>\n<p>Circuito de teste com resistor de polariza\u00e7\u00e3o de 2,2k\u03a9, alimenta\u00e7\u00e3o de 2V CC e capacitor de acoplamento de 1\u03bcF.<\/p>\n<h3 class=\"pt-5 text-start\">Resposta de frequ\u00eancia t\u00edpica<\/h3>\n<p><img loading=\"lazy\" decoding=\"async\" class=\"alignnone size-full wp-image-295\" src=\"https:\/\/ecmicrophones.com\/wp-content\/uploads\/2024\/03\/typical-frequency-response_ecm-b6027ap2.8-30rc.png\" alt=\"Curva de resposta de frequ\u00eancia ECM-B6027AP2.8-30RC\" width=\"397\" height=\"284\" srcset=\"https:\/\/ecmicrophones.com\/wp-content\/uploads\/2024\/03\/typical-frequency-response_ecm-b6027ap2.8-30rc.png 397w, https:\/\/ecmicrophones.com\/wp-content\/uploads\/2024\/03\/typical-frequency-response_ecm-b6027ap2.8-30rc-300x215.png 300w, https:\/\/ecmicrophones.com\/wp-content\/uploads\/2024\/03\/typical-frequency-response_ecm-b6027ap2.8-30rc-18x12.png 18w\" sizes=\"auto, (max-width: 397px) 100vw, 397px\" \/><\/p>\n<p>A resposta de frequ\u00eancia \u00e9 relativamente suave e est\u00e1vel de 50 Hz a 8 kHz, seguida de uma redu\u00e7\u00e3o gradual acima de 8 kHz.<\/p>\n<h3 class=\"pt-5 text-start\">Dimens\u00f5es (UNIDADE: mm)<\/h3>\n<p><img loading=\"lazy\" decoding=\"async\" class=\"alignnone size-full wp-image-296\" src=\"https:\/\/ecmicrophones.com\/wp-content\/uploads\/2024\/03\/appearance-dimension_ecm-b6027ap2.8-30rc.png\" alt=\"Dimens\u00f5es do ECM-B6027AP2.8-30RC: \u03a66\u00d72,7 mm\" width=\"532\" height=\"443\" srcset=\"https:\/\/ecmicrophones.com\/wp-content\/uploads\/2024\/03\/appearance-dimension_ecm-b6027ap2.8-30rc.png 532w, https:\/\/ecmicrophones.com\/wp-content\/uploads\/2024\/03\/appearance-dimension_ecm-b6027ap2.8-30rc-300x250.png 300w, https:\/\/ecmicrophones.com\/wp-content\/uploads\/2024\/03\/appearance-dimension_ecm-b6027ap2.8-30rc-14x12.png 14w\" sizes=\"auto, (max-width: 532px) 100vw, 532px\" \/><\/p>\n<p>C\u00e1psula compacta medindo \u03a66 \u00d7 2,7 mm, com uma malha frontal \u00e0 prova de poeira e uma parte traseira selada sem aberturas. Equipada com pinos de 2,8 mm, com espa\u00e7amento de 1,9 mm.<\/p>","protected":false},"excerpt":{"rendered":"<p>O ECM-B6027AP2.8-30RC \u00e9 uma c\u00e1psula de microfone de eletreto omnidirecional de 6 x 2,7 mm com 2 pinos, sensibilidade de -30dB\u00b12 e SNR de 74dB, perfeita para rob\u00f4s inteligentes e capta\u00e7\u00e3o de equipamentos externos.<\/p>","protected":false},"featured_media":2568,"comment_status":"open","ping_status":"closed","template":"","meta":[],"product_brand":[721],"product_cat":[16,20],"product_tag":[283,229,291],"class_list":{"0":"post-166","1":"product","2":"type-product","3":"status-publish","4":"has-post-thumbnail","6":"product_brand-ecmic","7":"product_cat-electret-microphones","8":"product_cat-omnidirectional-microphones","9":"product_tag-6mm","10":"product_tag-equipment","11":"product_tag-pin-type","13":"first","14":"instock","15":"shipping-taxable","16":"purchasable","17":"product-type-simple"},"_links":{"self":[{"href":"https:\/\/ecmicrophones.com\/pt\/wp-json\/wp\/v2\/product\/166","targetHints":{"allow":["GET"]}}],"collection":[{"href":"https:\/\/ecmicrophones.com\/pt\/wp-json\/wp\/v2\/product"}],"about":[{"href":"https:\/\/ecmicrophones.com\/pt\/wp-json\/wp\/v2\/types\/product"}],"replies":[{"embeddable":true,"href":"https:\/\/ecmicrophones.com\/pt\/wp-json\/wp\/v2\/comments?post=166"}],"wp:featuredmedia":[{"embeddable":true,"href":"https:\/\/ecmicrophones.com\/pt\/wp-json\/wp\/v2\/media\/2568"}],"wp:attachment":[{"href":"https:\/\/ecmicrophones.com\/pt\/wp-json\/wp\/v2\/media?parent=166"}],"wp:term":[{"taxonomy":"product_brand","embeddable":true,"href":"https:\/\/ecmicrophones.com\/pt\/wp-json\/wp\/v2\/product_brand?post=166"},{"taxonomy":"product_cat","embeddable":true,"href":"https:\/\/ecmicrophones.com\/pt\/wp-json\/wp\/v2\/product_cat?post=166"},{"taxonomy":"product_tag","embeddable":true,"href":"https:\/\/ecmicrophones.com\/pt\/wp-json\/wp\/v2\/product_tag?post=166"}],"curies":[{"name":"wp","href":"https:\/\/api.w.org\/{rel}","templated":true}]}}