{"id":1683,"date":"2024-07-24T17:22:32","date_gmt":"2024-07-24T09:22:32","guid":{"rendered":"https:\/\/ecmicrophones.com\/?post_type=product&#038;p=1683"},"modified":"2026-03-19T15:19:43","modified_gmt":"2026-03-19T07:19:43","slug":"6mm-high-snr-omnidirectional-microphone-capsule","status":"publish","type":"product","link":"https:\/\/ecmicrophones.com\/pt\/6mm-high-snr-omnidirectional-microphone-capsule\/","title":{"rendered":"C\u00e1psula de microfone omnidirecional SNR alta de 6 mm"},"content":{"rendered":"<h2 class=\"text-start\">Especifica\u00e7\u00f5es t\u00e9cnicas<\/h2>\n<p class=\"text-start\">Nosso n\u00facleo de microfone omnidirecional com cancelamento de ru\u00eddo 6020 apresenta alta sensibilidade e uma alta rela\u00e7\u00e3o sinal-ru\u00eddo. Ele fornece redu\u00e7\u00e3o de ru\u00eddo eficaz e resist\u00eancia a interfer\u00eancias, sendo ecologicamente correto.<\/p>\n<h3 class=\"pt-5 text-start\">Circuito de teste padr\u00e3o<\/h3>\n<p> <img loading=\"lazy\" decoding=\"async\" class=\"alignnone size-full wp-image-1698\" src=\"https:\/\/ecmicrophones.com\/wp-content\/uploads\/2024\/07\/standard-test-circuit_ecm-f6020al34-344.png\" alt=\"Circuito de teste padr\u00e3o\" width=\"435\" height=\"212\" srcset=\"https:\/\/ecmicrophones.com\/wp-content\/uploads\/2024\/07\/standard-test-circuit_ecm-f6020al34-344.png 435w, https:\/\/ecmicrophones.com\/wp-content\/uploads\/2024\/07\/standard-test-circuit_ecm-f6020al34-344-300x146.png 300w, https:\/\/ecmicrophones.com\/wp-content\/uploads\/2024\/07\/standard-test-circuit_ecm-f6020al34-344-18x9.png 18w\" sizes=\"auto, (max-width: 435px) 100vw, 435px\" \/> <\/p>\n<p>Condi\u00e7\u00f5es de teste: RL = 2,2k\u03a9, Vs = 2V, C = 1\u03bcF<\/p>\n<h3 class=\"pt-5 text-start\">Resposta de frequ\u00eancia t\u00edpica<\/h3>\n<p> <img loading=\"lazy\" decoding=\"async\" class=\"alignnone size-full wp-image-1699\" src=\"https:\/\/ecmicrophones.com\/wp-content\/uploads\/2024\/07\/typical-frequency-response_ecm-f6020al34-344.png\" alt=\"Resposta de frequ\u00eancia t\u00edpica\" width=\"552\" height=\"394\" srcset=\"https:\/\/ecmicrophones.com\/wp-content\/uploads\/2024\/07\/typical-frequency-response_ecm-f6020al34-344.png 552w, https:\/\/ecmicrophones.com\/wp-content\/uploads\/2024\/07\/typical-frequency-response_ecm-f6020al34-344-300x214.png 300w, https:\/\/ecmicrophones.com\/wp-content\/uploads\/2024\/07\/typical-frequency-response_ecm-f6020al34-344-18x12.png 18w\" sizes=\"auto, (max-width: 552px) 100vw, 552px\" \/> <\/p>\n<p>A resposta de frequ\u00eancia abrange de 50Hz a 20kHz, mantendo um perfil plano at\u00e9 cerca de 3kHz. Al\u00e9m desse ponto, a resposta come\u00e7a a se reduzir gradualmente em est\u00e1gios, garantindo uma sa\u00edda equilibrada para aplica\u00e7\u00f5es de voz e ambiente.<\/p>\n<h3 class=\"pt-5 text-start\">Dimens\u00f5es (UNIDADE: mm)<\/h3>\n<p> <img loading=\"lazy\" decoding=\"async\" class=\"alignnone size-full wp-image-1697\" src=\"https:\/\/ecmicrophones.com\/wp-content\/uploads\/2024\/07\/appearance-dimension_ecm-f6020al34-344.png\" alt=\"Dimens\u00e3o da apar\u00eancia\" width=\"382\" height=\"309\" srcset=\"https:\/\/ecmicrophones.com\/wp-content\/uploads\/2024\/07\/appearance-dimension_ecm-f6020al34-344.png 382w, https:\/\/ecmicrophones.com\/wp-content\/uploads\/2024\/07\/appearance-dimension_ecm-f6020al34-344-300x243.png 300w, https:\/\/ecmicrophones.com\/wp-content\/uploads\/2024\/07\/appearance-dimension_ecm-f6020al34-344-15x12.png 15w\" sizes=\"auto, (max-width: 382px) 100vw, 382px\" \/> <\/p>\n<p>A c\u00e1psula mede 6 mm de di\u00e2metro e 2 mm de altura. A parte frontal \u00e9 equipada com uma malha \u00e0 prova de poeira, e a parte traseira \u00e9 vedada sem abertura ac\u00fastica.<\/p>","protected":false},"excerpt":{"rendered":"<p>O ECM-B6020AL34-344 \u00e9 uma c\u00e1psula de microfone omnidirecional de 6 \u00d7 2 mm projetada para aplica\u00e7\u00f5es como c\u00e2meras de documentos, alto-falantes Bluetooth, interfones e microfones de lapela. Ele fornece captura de \u00e1udio n\u00edtida e de alta qualidade de todas as dire\u00e7\u00f5es com uma sensibilidade de -34dB\u00b12 e uma rela\u00e7\u00e3o sinal-ru\u00eddo de 70dB. Este microfone garante desempenho confi\u00e1vel em v\u00e1rios ambientes de \u00e1udio.<\/p>","protected":false},"featured_media":2774,"comment_status":"open","ping_status":"closed","template":"","meta":[],"product_brand":[721],"product_cat":[16,20],"product_tag":[283,229,288],"class_list":{"0":"post-1683","1":"product","2":"type-product","3":"status-publish","4":"has-post-thumbnail","6":"product_brand-ecmic","7":"product_cat-electret-microphones","8":"product_cat-omnidirectional-microphones","9":"product_tag-6mm","10":"product_tag-equipment","11":"product_tag-solder-pads","13":"first","14":"instock","15":"shipping-taxable","16":"purchasable","17":"product-type-simple"},"_links":{"self":[{"href":"https:\/\/ecmicrophones.com\/pt\/wp-json\/wp\/v2\/product\/1683","targetHints":{"allow":["GET"]}}],"collection":[{"href":"https:\/\/ecmicrophones.com\/pt\/wp-json\/wp\/v2\/product"}],"about":[{"href":"https:\/\/ecmicrophones.com\/pt\/wp-json\/wp\/v2\/types\/product"}],"replies":[{"embeddable":true,"href":"https:\/\/ecmicrophones.com\/pt\/wp-json\/wp\/v2\/comments?post=1683"}],"wp:featuredmedia":[{"embeddable":true,"href":"https:\/\/ecmicrophones.com\/pt\/wp-json\/wp\/v2\/media\/2774"}],"wp:attachment":[{"href":"https:\/\/ecmicrophones.com\/pt\/wp-json\/wp\/v2\/media?parent=1683"}],"wp:term":[{"taxonomy":"product_brand","embeddable":true,"href":"https:\/\/ecmicrophones.com\/pt\/wp-json\/wp\/v2\/product_brand?post=1683"},{"taxonomy":"product_cat","embeddable":true,"href":"https:\/\/ecmicrophones.com\/pt\/wp-json\/wp\/v2\/product_cat?post=1683"},{"taxonomy":"product_tag","embeddable":true,"href":"https:\/\/ecmicrophones.com\/pt\/wp-json\/wp\/v2\/product_tag?post=1683"}],"curies":[{"name":"wp","href":"https:\/\/api.w.org\/{rel}","templated":true}]}}