{"id":1684,"date":"2024-07-24T17:40:03","date_gmt":"2024-07-24T09:40:03","guid":{"rendered":"https:\/\/ecmicrophones.com\/?post_type=product&#038;p=1684"},"modified":"2026-03-19T15:19:31","modified_gmt":"2026-03-19T07:19:31","slug":"6mm-small-diaphragm-microphone-capsule-for-instrument-recording","status":"publish","type":"product","link":"https:\/\/ecmicrophones.com\/pt\/6mm-small-diaphragm-microphone-capsule-for-instrument-recording\/","title":{"rendered":"C\u00e1psula de microfone de diafragma pequeno de 6 mm para grava\u00e7\u00e3o de instrumentos"},"content":{"rendered":"<h2 class=\"text-start\">Especifica\u00e7\u00f5es t\u00e9cnicas<\/h2>\n<p class=\"text-start\">Nosso cabe\u00e7ote de microfone omnidirecional 6027 oferece resposta de frequ\u00eancia suave com alta sensibilidade, alta rela\u00e7\u00e3o sinal-ru\u00eddo e excelente fidelidade.<\/p>\n<h3 class=\"pt-5 text-start\">Circuito de teste padr\u00e3o<\/h3>\n<p> <img loading=\"lazy\" decoding=\"async\" class=\"alignnone size-full wp-image-1695\" src=\"https:\/\/ecmicrophones.com\/wp-content\/uploads\/2024\/07\/standard-test-circuit_ecm-b6027al30-331.png\" alt=\"Circuito de teste padr\u00e3o\" width=\"625\" height=\"278\" srcset=\"https:\/\/ecmicrophones.com\/wp-content\/uploads\/2024\/07\/standard-test-circuit_ecm-b6027al30-331.png 625w, https:\/\/ecmicrophones.com\/wp-content\/uploads\/2024\/07\/standard-test-circuit_ecm-b6027al30-331-300x133.png 300w, https:\/\/ecmicrophones.com\/wp-content\/uploads\/2024\/07\/standard-test-circuit_ecm-b6027al30-331-18x8.png 18w, https:\/\/ecmicrophones.com\/wp-content\/uploads\/2024\/07\/standard-test-circuit_ecm-b6027al30-331-600x267.png 600w\" sizes=\"auto, (max-width: 625px) 100vw, 625px\" \/> <\/p>\n<p>Condi\u00e7\u00f5es de teste: RL = 2,2k\u03a9, Vs = 2V, C = 1\u03bcF<\/p>\n<h3 class=\"pt-5 text-start\">Resposta de frequ\u00eancia t\u00edpica<\/h3>\n<p> <img loading=\"lazy\" decoding=\"async\" class=\"alignnone size-full wp-image-1696\" src=\"https:\/\/ecmicrophones.com\/wp-content\/uploads\/2024\/07\/typical-frequency-response_ecm-b6027al30-331.png\" alt=\"Resposta de frequ\u00eancia t\u00edpica\" width=\"629\" height=\"448\" srcset=\"https:\/\/ecmicrophones.com\/wp-content\/uploads\/2024\/07\/typical-frequency-response_ecm-b6027al30-331.png 629w, https:\/\/ecmicrophones.com\/wp-content\/uploads\/2024\/07\/typical-frequency-response_ecm-b6027al30-331-300x214.png 300w, https:\/\/ecmicrophones.com\/wp-content\/uploads\/2024\/07\/typical-frequency-response_ecm-b6027al30-331-18x12.png 18w, https:\/\/ecmicrophones.com\/wp-content\/uploads\/2024\/07\/typical-frequency-response_ecm-b6027al30-331-600x427.png 600w\" sizes=\"auto, (max-width: 629px) 100vw, 629px\" \/> <\/p>\n<p>A resposta de frequ\u00eancia varia de 50Hz a 20kHz. A curva permanece plana nas frequ\u00eancias baixas e m\u00e9dias e, em seguida, aumenta na regi\u00e3o de alta frequ\u00eancia antes de diminuir gradualmente.<\/p>\n<h3 class=\"pt-5 text-start\">Dimens\u00f5es (UNIDADE: mm)<\/h3>\n<p> <img loading=\"lazy\" decoding=\"async\" class=\"alignnone size-full wp-image-1694\" src=\"https:\/\/ecmicrophones.com\/wp-content\/uploads\/2024\/07\/appearance-dimension_ecm-b6027al30-331.png\" alt=\"Dimens\u00e3o da apar\u00eancia\" width=\"396\" height=\"488\" srcset=\"https:\/\/ecmicrophones.com\/wp-content\/uploads\/2024\/07\/appearance-dimension_ecm-b6027al30-331.png 396w, https:\/\/ecmicrophones.com\/wp-content\/uploads\/2024\/07\/appearance-dimension_ecm-b6027al30-331-243x300.png 243w, https:\/\/ecmicrophones.com\/wp-content\/uploads\/2024\/07\/appearance-dimension_ecm-b6027al30-331-10x12.png 10w\" sizes=\"auto, (max-width: 396px) 100vw, 396px\" \/> <\/p>\n<p>A c\u00e1psula mede 6 mm de di\u00e2metro e 2,7 mm de altura. A parte frontal apresenta uma malha \u00e0 prova de poeira, enquanto a parte traseira \u00e9 totalmente vedada sem uma porta ac\u00fastica.<\/p>","protected":false},"excerpt":{"rendered":"<p>O ECM-B6027AL30-331 \u00e9 uma c\u00e1psula de microfone omnidirecional de 6 \u00d7 2,7 mm ideal para grava\u00e7\u00e3o de instrumentos. Ele apresenta uma sensibilidade de -30dB\u00b12 e uma rela\u00e7\u00e3o sinal-ru\u00eddo de 70dB, garantindo excelente clareza e consist\u00eancia de \u00e1udio. Este microfone captura som de todas as dire\u00e7\u00f5es, tornando-o adequado para grava\u00e7\u00e3o de alta qualidade de v\u00e1rios instrumentos musicais.<\/p>","protected":false},"featured_media":2721,"comment_status":"open","ping_status":"closed","template":"","meta":[],"product_brand":[721],"product_cat":[16,20],"product_tag":[283,111,288],"class_list":{"0":"post-1684","1":"product","2":"type-product","3":"status-publish","4":"has-post-thumbnail","6":"product_brand-ecmic","7":"product_cat-electret-microphones","8":"product_cat-omnidirectional-microphones","9":"product_tag-6mm","10":"product_tag-instrument","11":"product_tag-solder-pads","13":"first","14":"instock","15":"shipping-taxable","16":"purchasable","17":"product-type-simple"},"_links":{"self":[{"href":"https:\/\/ecmicrophones.com\/pt\/wp-json\/wp\/v2\/product\/1684","targetHints":{"allow":["GET"]}}],"collection":[{"href":"https:\/\/ecmicrophones.com\/pt\/wp-json\/wp\/v2\/product"}],"about":[{"href":"https:\/\/ecmicrophones.com\/pt\/wp-json\/wp\/v2\/types\/product"}],"replies":[{"embeddable":true,"href":"https:\/\/ecmicrophones.com\/pt\/wp-json\/wp\/v2\/comments?post=1684"}],"wp:featuredmedia":[{"embeddable":true,"href":"https:\/\/ecmicrophones.com\/pt\/wp-json\/wp\/v2\/media\/2721"}],"wp:attachment":[{"href":"https:\/\/ecmicrophones.com\/pt\/wp-json\/wp\/v2\/media?parent=1684"}],"wp:term":[{"taxonomy":"product_brand","embeddable":true,"href":"https:\/\/ecmicrophones.com\/pt\/wp-json\/wp\/v2\/product_brand?post=1684"},{"taxonomy":"product_cat","embeddable":true,"href":"https:\/\/ecmicrophones.com\/pt\/wp-json\/wp\/v2\/product_cat?post=1684"},{"taxonomy":"product_tag","embeddable":true,"href":"https:\/\/ecmicrophones.com\/pt\/wp-json\/wp\/v2\/product_tag?post=1684"}],"curies":[{"name":"wp","href":"https:\/\/api.w.org\/{rel}","templated":true}]}}