{"id":1685,"date":"2024-07-24T17:52:52","date_gmt":"2024-07-24T09:52:52","guid":{"rendered":"https:\/\/ecmicrophones.com\/?post_type=product&#038;p=1685"},"modified":"2026-04-01T11:16:57","modified_gmt":"2026-04-01T03:16:57","slug":"6mm-high-sensitivity-microphone-element-with-pins-for-conference-systems","status":"publish","type":"product","link":"https:\/\/ecmicrophones.com\/pt\/6mm-high-sensitivity-microphone-element-with-pins-for-conference-systems\/","title":{"rendered":"Elemento de microfone de alta sensibilidade de 6 mm com pinos para sistemas de confer\u00eancia"},"content":{"rendered":"<h2 class=\"text-start\">Especifica\u00e7\u00f5es t\u00e9cnicas<\/h2>\n<p class=\"text-start\">Nosso cabe\u00e7ote de microfone de 6027 pinos oferece alta sensibilidade, garantindo captura de \u00e1udio clara e precisa.<\/p>\n<h3 class=\"pt-5 text-start\">Circuito de teste padr\u00e3o<\/h3>\n<p><img loading=\"lazy\" decoding=\"async\" class=\"alignnone size-full wp-image-1693\" src=\"https:\/\/ecmicrophones.com\/wp-content\/uploads\/2024\/07\/standard-test-circuit_ecm-b6027ap25-382.png\" alt=\"Circuito de teste padr\u00e3o\" width=\"554\" height=\"257\" srcset=\"https:\/\/ecmicrophones.com\/wp-content\/uploads\/2024\/07\/standard-test-circuit_ecm-b6027ap25-382.png 554w, https:\/\/ecmicrophones.com\/wp-content\/uploads\/2024\/07\/standard-test-circuit_ecm-b6027ap25-382-300x139.png 300w, https:\/\/ecmicrophones.com\/wp-content\/uploads\/2024\/07\/standard-test-circuit_ecm-b6027ap25-382-18x8.png 18w\" sizes=\"auto, (max-width: 554px) 100vw, 554px\" \/><\/p>\n<p>Condi\u00e7\u00f5es de teste: RL = 2,2k\u03a9, Vs = 3V, C = 1\u03bcF<\/p>\n<h3 class=\"pt-5 text-start\">Resposta de frequ\u00eancia t\u00edpica<\/h3>\n<p><img loading=\"lazy\" decoding=\"async\" class=\"alignnone size-full wp-image-1691\" src=\"https:\/\/ecmicrophones.com\/wp-content\/uploads\/2024\/07\/typical-frequency-response_ecm-b6027ap25-382.png\" alt=\"Resposta de frequ\u00eancia t\u00edpica\" width=\"620\" height=\"444\" srcset=\"https:\/\/ecmicrophones.com\/wp-content\/uploads\/2024\/07\/typical-frequency-response_ecm-b6027ap25-382.png 620w, https:\/\/ecmicrophones.com\/wp-content\/uploads\/2024\/07\/typical-frequency-response_ecm-b6027ap25-382-300x215.png 300w, https:\/\/ecmicrophones.com\/wp-content\/uploads\/2024\/07\/typical-frequency-response_ecm-b6027ap25-382-18x12.png 18w, https:\/\/ecmicrophones.com\/wp-content\/uploads\/2024\/07\/typical-frequency-response_ecm-b6027ap25-382-600x430.png 600w\" sizes=\"auto, (max-width: 620px) 100vw, 620px\" \/><\/p>\n<p>A resposta de frequ\u00eancia varia de 50 Hz a 20 kHz. A curva permanece relativamente plana at\u00e9 cerca de 2 kHz, ap\u00f3s o que ela diminui gradualmente em dire\u00e7\u00e3o \u00e0s frequ\u00eancias mais altas.<\/p>\n<h3 class=\"pt-5 text-start\">Dimens\u00f5es (UNIDADE: mm)<\/h3>\n<p><img loading=\"lazy\" decoding=\"async\" class=\"alignnone size-full wp-image-1692\" src=\"https:\/\/ecmicrophones.com\/wp-content\/uploads\/2024\/07\/appearance-dimension_ecm-b6027ap25-382.png\" alt=\"Dimens\u00e3o da apar\u00eancia\" width=\"489\" height=\"417\" srcset=\"https:\/\/ecmicrophones.com\/wp-content\/uploads\/2024\/07\/appearance-dimension_ecm-b6027ap25-382.png 489w, https:\/\/ecmicrophones.com\/wp-content\/uploads\/2024\/07\/appearance-dimension_ecm-b6027ap25-382-300x256.png 300w, https:\/\/ecmicrophones.com\/wp-content\/uploads\/2024\/07\/appearance-dimension_ecm-b6027ap25-382-14x12.png 14w\" sizes=\"auto, (max-width: 489px) 100vw, 489px\" \/><\/p>\n<p>A c\u00e1psula mede 6 mm de di\u00e2metro e 2,7 mm de altura. A parte frontal \u00e9 equipada com uma malha \u00e0 prova de poeira e a parte traseira n\u00e3o tem abertura ac\u00fastica. Ela possui pinos de solda de 2,8 mm para montagem em PCB, com espa\u00e7amento de 1,9 mm.<\/p>","protected":false},"excerpt":{"rendered":"<p>O ECM-B6027AP25-382 \u00e9 uma c\u00e1psula de microfone omnidirecional de 6 \u00d7 2,7 mm, ideal para microfones de confer\u00eancia. Ela apresenta uma sensibilidade de -25 dB\u00b12 e uma rela\u00e7\u00e3o sinal\/ru\u00eddo de 60 dB, garantindo uma qualidade de \u00e1udio clara e consistente. Essa c\u00e1psula foi projetada para captar o som de todas as dire\u00e7\u00f5es, o que a torna perfeita para captar vozes em ambientes de confer\u00eancia.<\/p>","protected":false},"featured_media":2724,"comment_status":"open","ping_status":"closed","template":"","meta":[],"product_brand":[721],"product_cat":[16,20],"product_tag":[283,235,291],"class_list":{"0":"post-1685","1":"product","2":"type-product","3":"status-publish","4":"has-post-thumbnail","6":"product_brand-ecmic","7":"product_cat-electret-microphones","8":"product_cat-omnidirectional-microphones","9":"product_tag-6mm","10":"product_tag-conference","11":"product_tag-pin-type","13":"first","14":"instock","15":"shipping-taxable","16":"purchasable","17":"product-type-simple"},"_links":{"self":[{"href":"https:\/\/ecmicrophones.com\/pt\/wp-json\/wp\/v2\/product\/1685","targetHints":{"allow":["GET"]}}],"collection":[{"href":"https:\/\/ecmicrophones.com\/pt\/wp-json\/wp\/v2\/product"}],"about":[{"href":"https:\/\/ecmicrophones.com\/pt\/wp-json\/wp\/v2\/types\/product"}],"replies":[{"embeddable":true,"href":"https:\/\/ecmicrophones.com\/pt\/wp-json\/wp\/v2\/comments?post=1685"}],"wp:featuredmedia":[{"embeddable":true,"href":"https:\/\/ecmicrophones.com\/pt\/wp-json\/wp\/v2\/media\/2724"}],"wp:attachment":[{"href":"https:\/\/ecmicrophones.com\/pt\/wp-json\/wp\/v2\/media?parent=1685"}],"wp:term":[{"taxonomy":"product_brand","embeddable":true,"href":"https:\/\/ecmicrophones.com\/pt\/wp-json\/wp\/v2\/product_brand?post=1685"},{"taxonomy":"product_cat","embeddable":true,"href":"https:\/\/ecmicrophones.com\/pt\/wp-json\/wp\/v2\/product_cat?post=1685"},{"taxonomy":"product_tag","embeddable":true,"href":"https:\/\/ecmicrophones.com\/pt\/wp-json\/wp\/v2\/product_tag?post=1685"}],"curies":[{"name":"wp","href":"https:\/\/api.w.org\/{rel}","templated":true}]}}