{"id":1687,"date":"2024-07-24T18:07:30","date_gmt":"2024-07-24T10:07:30","guid":{"rendered":"https:\/\/ecmicrophones.com\/?post_type=product&#038;p=1687"},"modified":"2026-03-19T15:18:55","modified_gmt":"2026-03-19T07:18:55","slug":"6mm-bidirectional-microphone-element-for-headset-mics","status":"publish","type":"product","link":"https:\/\/ecmicrophones.com\/pt\/6mm-bidirectional-microphone-element-for-headset-mics\/","title":{"rendered":"Elemento de microfone bidirecional de 6 mm para microfones de fone de ouvido"},"content":{"rendered":"<h2 class=\"text-start\">Especifica\u00e7\u00f5es t\u00e9cnicas<\/h2>\n<p class=\"text-start\">Nosso cabe\u00e7ote de microfone 6027 apresenta baixo ru\u00eddo de fundo e resist\u00eancia eficaz a interfer\u00eancias.<\/p>\n<h3 class=\"pt-5 text-start\">Circuito de teste padr\u00e3o<\/h3>\n<p><img loading=\"lazy\" decoding=\"async\" class=\"alignnone size-full wp-image-1689\" src=\"https:\/\/ecmicrophones.com\/wp-content\/uploads\/2024\/07\/standard-test-circuit_ecm-b6027nl50-y504-223.png\" alt=\"Circuito de teste padr\u00e3o\" width=\"618\" height=\"279\" srcset=\"https:\/\/ecmicrophones.com\/wp-content\/uploads\/2024\/07\/standard-test-circuit_ecm-b6027nl50-y504-223.png 618w, https:\/\/ecmicrophones.com\/wp-content\/uploads\/2024\/07\/standard-test-circuit_ecm-b6027nl50-y504-223-300x135.png 300w, https:\/\/ecmicrophones.com\/wp-content\/uploads\/2024\/07\/standard-test-circuit_ecm-b6027nl50-y504-223-18x8.png 18w, https:\/\/ecmicrophones.com\/wp-content\/uploads\/2024\/07\/standard-test-circuit_ecm-b6027nl50-y504-223-600x271.png 600w\" sizes=\"auto, (max-width: 618px) 100vw, 618px\" \/><\/p>\n<p>Condi\u00e7\u00f5es de teste: RL = 2,2k\u03a9, Vs = 2V, C = 1\u03bcF<\/p>\n<h3 class=\"pt-5 text-start\">Resposta de frequ\u00eancia t\u00edpica<\/h3>\n<p><img loading=\"lazy\" decoding=\"async\" class=\"alignnone size-full wp-image-1690\" src=\"https:\/\/ecmicrophones.com\/wp-content\/uploads\/2024\/07\/typical-frequency-response_ecm-b6027nl50-y504-223.png\" alt=\"Resposta de frequ\u00eancia t\u00edpica\" width=\"616\" height=\"328\" srcset=\"https:\/\/ecmicrophones.com\/wp-content\/uploads\/2024\/07\/typical-frequency-response_ecm-b6027nl50-y504-223.png 616w, https:\/\/ecmicrophones.com\/wp-content\/uploads\/2024\/07\/typical-frequency-response_ecm-b6027nl50-y504-223-300x160.png 300w, https:\/\/ecmicrophones.com\/wp-content\/uploads\/2024\/07\/typical-frequency-response_ecm-b6027nl50-y504-223-18x10.png 18w, https:\/\/ecmicrophones.com\/wp-content\/uploads\/2024\/07\/typical-frequency-response_ecm-b6027nl50-y504-223-600x319.png 600w\" sizes=\"auto, (max-width: 616px) 100vw, 616px\" \/><\/p>\n<p>A resposta de frequ\u00eancia varia de 100 Hz a 12 kHz. Ela permanece plana de 100 Hz a cerca de 1,5 kHz e, em seguida, aumenta gradualmente, atingindo um pico pr\u00f3ximo a 8 kHz antes de come\u00e7ar a diminuir em frequ\u00eancias mais altas.<\/p>\n<h3 class=\"pt-5 text-start\">Dimens\u00f5es (UNIDADE: mm)<\/h3>\n<p><img loading=\"lazy\" decoding=\"async\" class=\"alignnone size-full wp-image-1688\" src=\"https:\/\/ecmicrophones.com\/wp-content\/uploads\/2024\/07\/appearance-dimension_ecm-b6027nl50-y504-223.png\" alt=\"Dimens\u00e3o da apar\u00eancia\" width=\"588\" height=\"452\" srcset=\"https:\/\/ecmicrophones.com\/wp-content\/uploads\/2024\/07\/appearance-dimension_ecm-b6027nl50-y504-223.png 588w, https:\/\/ecmicrophones.com\/wp-content\/uploads\/2024\/07\/appearance-dimension_ecm-b6027nl50-y504-223-300x231.png 300w, https:\/\/ecmicrophones.com\/wp-content\/uploads\/2024\/07\/appearance-dimension_ecm-b6027nl50-y504-223-16x12.png 16w\" sizes=\"auto, (max-width: 588px) 100vw, 588px\" \/><\/p>\n<p>A c\u00e1psula mede 6 mm de di\u00e2metro e 2,7 mm de altura. A parte frontal apresenta uma malha \u00e0 prova de poeira, enquanto a parte traseira inclui uma porta ac\u00fastica para entrada de som.<\/p>","protected":false},"excerpt":{"rendered":"<p>O ECM-B6027NL50-Y504-223 \u00e9 uma c\u00e1psula de microfone bidirecional de 6 \u00d7 2,7 mm, projetada para uso em microfones de fone de ouvido. Ele apresenta uma sensibilidade de -50dB\u00b12 e uma rela\u00e7\u00e3o sinal-ru\u00eddo de 55dB, garantindo um desempenho de \u00e1udio confi\u00e1vel. Esta c\u00e1psula \u00e9 ideal para capturar som focado em aplica\u00e7\u00f5es de intercomunica\u00e7\u00e3o.<\/p>","protected":false},"featured_media":2726,"comment_status":"open","ping_status":"closed","template":"","meta":[],"product_brand":[721],"product_cat":[16,22],"product_tag":[283,109,288],"class_list":{"0":"post-1687","1":"product","2":"type-product","3":"status-publish","4":"has-post-thumbnail","6":"product_brand-ecmic","7":"product_cat-electret-microphones","8":"product_cat-bidirectional-microphones","9":"product_tag-6mm","10":"product_tag-intercom","11":"product_tag-solder-pads","13":"first","14":"instock","15":"shipping-taxable","16":"purchasable","17":"product-type-simple"},"_links":{"self":[{"href":"https:\/\/ecmicrophones.com\/pt\/wp-json\/wp\/v2\/product\/1687","targetHints":{"allow":["GET"]}}],"collection":[{"href":"https:\/\/ecmicrophones.com\/pt\/wp-json\/wp\/v2\/product"}],"about":[{"href":"https:\/\/ecmicrophones.com\/pt\/wp-json\/wp\/v2\/types\/product"}],"replies":[{"embeddable":true,"href":"https:\/\/ecmicrophones.com\/pt\/wp-json\/wp\/v2\/comments?post=1687"}],"wp:featuredmedia":[{"embeddable":true,"href":"https:\/\/ecmicrophones.com\/pt\/wp-json\/wp\/v2\/media\/2726"}],"wp:attachment":[{"href":"https:\/\/ecmicrophones.com\/pt\/wp-json\/wp\/v2\/media?parent=1687"}],"wp:term":[{"taxonomy":"product_brand","embeddable":true,"href":"https:\/\/ecmicrophones.com\/pt\/wp-json\/wp\/v2\/product_brand?post=1687"},{"taxonomy":"product_cat","embeddable":true,"href":"https:\/\/ecmicrophones.com\/pt\/wp-json\/wp\/v2\/product_cat?post=1687"},{"taxonomy":"product_tag","embeddable":true,"href":"https:\/\/ecmicrophones.com\/pt\/wp-json\/wp\/v2\/product_tag?post=1687"}],"curies":[{"name":"wp","href":"https:\/\/api.w.org\/{rel}","templated":true}]}}