{"id":1709,"date":"2024-07-25T11:18:40","date_gmt":"2024-07-25T03:18:40","guid":{"rendered":"https:\/\/ecmicrophones.com\/?post_type=product&#038;p=1709"},"modified":"2026-03-19T15:18:45","modified_gmt":"2026-03-19T07:18:45","slug":"6mm-omnidirectional-microphone-element-for-document-cameras","status":"publish","type":"product","link":"https:\/\/ecmicrophones.com\/pt\/6mm-omnidirectional-microphone-element-for-document-cameras\/","title":{"rendered":"Elemento de microfone omnidirecional de 6 mm para c\u00e2meras de documentos"},"content":{"rendered":"<h2 class=\"text-start\">Especifica\u00e7\u00f5es t\u00e9cnicas<\/h2>\n<p class=\"text-start\">Nosso cabe\u00e7ote de microfone 6027 \u00e9 um microfone eletreto omnidirecional do tipo pino, projetado com capacitores duplos para forte resist\u00eancia \u00e0 interfer\u00eancia e redu\u00e7\u00e3o de ru\u00eddo. \u00c9 feito de materiais certificados pela ROHS e ecologicamente corretos, garantindo desempenho e responsabilidade ambiental.<\/p>\n<h3 class=\"pt-5 text-start\">Circuito de teste padr\u00e3o<\/h3>\n<p><img loading=\"lazy\" decoding=\"async\" src=\"https:\/\/ecmicrophones.com\/wp-content\/uploads\/2024\/07\/standard-test-circuit_ecm-f6027ap-40.png\" alt=\"Circuito de teste padr\u00e3o\" width=\"539\" height=\"234\" class=\"alignnone size-full wp-image-1711\" srcset=\"https:\/\/ecmicrophones.com\/wp-content\/uploads\/2024\/07\/standard-test-circuit_ecm-f6027ap-40.png 539w, https:\/\/ecmicrophones.com\/wp-content\/uploads\/2024\/07\/standard-test-circuit_ecm-f6027ap-40-300x130.png 300w, https:\/\/ecmicrophones.com\/wp-content\/uploads\/2024\/07\/standard-test-circuit_ecm-f6027ap-40-18x8.png 18w\" sizes=\"auto, (max-width: 539px) 100vw, 539px\" \/> <\/p>\n<p>Testado em condi\u00e7\u00f5es padr\u00e3o com RL=2,2K\u03a9, VS=3V e C=1\u03bcF para avalia\u00e7\u00e3o consistente do desempenho.<\/p>\n<h3 class=\"pt-5 text-start\">Resposta de frequ\u00eancia t\u00edpica<\/h3>\n<p><img loading=\"lazy\" decoding=\"async\" src=\"https:\/\/ecmicrophones.com\/wp-content\/uploads\/2024\/07\/typical-frequency-response_ecm-f6027ap-40.png\" alt=\"Resposta de frequ\u00eancia t\u00edpica\" width=\"628\" height=\"214\" class=\"alignnone size-full wp-image-1712\" srcset=\"https:\/\/ecmicrophones.com\/wp-content\/uploads\/2024\/07\/typical-frequency-response_ecm-f6027ap-40.png 628w, https:\/\/ecmicrophones.com\/wp-content\/uploads\/2024\/07\/typical-frequency-response_ecm-f6027ap-40-300x102.png 300w, https:\/\/ecmicrophones.com\/wp-content\/uploads\/2024\/07\/typical-frequency-response_ecm-f6027ap-40-18x6.png 18w, https:\/\/ecmicrophones.com\/wp-content\/uploads\/2024\/07\/typical-frequency-response_ecm-f6027ap-40-600x204.png 600w\" sizes=\"auto, (max-width: 628px) 100vw, 628px\" \/> <\/p>\n<p>Plana de 50 Hz a 3 kHz, subindo gradualmente at\u00e9 um pico em torno de 8 kHz, mantendo um plat\u00f4 suave at\u00e9 10 kHz antes de uma suave redu\u00e7\u00e3o em dire\u00e7\u00e3o a 16 kHz.<\/p>\n<h3 class=\"pt-5 text-start\">Dimens\u00f5es (UNIDADE: mm)<\/h3>\n<p><img loading=\"lazy\" decoding=\"async\" src=\"https:\/\/ecmicrophones.com\/wp-content\/uploads\/2024\/07\/appearance-dimension_ecm-f6027ap-40.png\" alt=\"Dimens\u00e3o da apar\u00eancia\" width=\"638\" height=\"549\" class=\"alignnone size-full wp-image-1710\" srcset=\"https:\/\/ecmicrophones.com\/wp-content\/uploads\/2024\/07\/appearance-dimension_ecm-f6027ap-40.png 638w, https:\/\/ecmicrophones.com\/wp-content\/uploads\/2024\/07\/appearance-dimension_ecm-f6027ap-40-300x258.png 300w, https:\/\/ecmicrophones.com\/wp-content\/uploads\/2024\/07\/appearance-dimension_ecm-f6027ap-40-14x12.png 14w, https:\/\/ecmicrophones.com\/wp-content\/uploads\/2024\/07\/appearance-dimension_ecm-f6027ap-40-600x516.png 600w\" sizes=\"auto, (max-width: 638px) 100vw, 638px\" \/> <\/p>\n<p>A c\u00e1psula mede 6 mm de di\u00e2metro e 2,7 mm de altura, apresentando uma malha frontal contra poeira e uma parte traseira s\u00f3lida sem portas ac\u00fasticas. A c\u00e1psula tem pinos de 2,8 mm com espa\u00e7amento de 1,9 mm.<\/p>","protected":false},"excerpt":{"rendered":"<p>O ECM-F6027AP-40 \u00e9 uma c\u00e1psula de microfone omnidirecional de 6 \u00d7 2,7 mm, adequada para uma variedade de aplica\u00e7\u00f5es, incluindo fones de ouvido Bluetooth, sistemas Bluetooth automotivos, c\u00e2meras de alta defini\u00e7\u00e3o, alto-falantes Bluetooth, smartwatches e interfones. Com uma sensibilidade de -40dB\u00b12 e uma rela\u00e7\u00e3o sinal-ru\u00eddo de 60dB, este microfone oferece \u00e1udio claro e consistente em v\u00e1rios dispositivos.<\/p>","protected":false},"featured_media":2773,"comment_status":"open","ping_status":"closed","template":"","meta":[],"product_brand":[721],"product_cat":[16,20],"product_tag":[283,229,291],"class_list":{"0":"post-1709","1":"product","2":"type-product","3":"status-publish","4":"has-post-thumbnail","6":"product_brand-ecmic","7":"product_cat-electret-microphones","8":"product_cat-omnidirectional-microphones","9":"product_tag-6mm","10":"product_tag-equipment","11":"product_tag-pin-type","13":"first","14":"instock","15":"shipping-taxable","16":"purchasable","17":"product-type-simple"},"_links":{"self":[{"href":"https:\/\/ecmicrophones.com\/pt\/wp-json\/wp\/v2\/product\/1709","targetHints":{"allow":["GET"]}}],"collection":[{"href":"https:\/\/ecmicrophones.com\/pt\/wp-json\/wp\/v2\/product"}],"about":[{"href":"https:\/\/ecmicrophones.com\/pt\/wp-json\/wp\/v2\/types\/product"}],"replies":[{"embeddable":true,"href":"https:\/\/ecmicrophones.com\/pt\/wp-json\/wp\/v2\/comments?post=1709"}],"wp:featuredmedia":[{"embeddable":true,"href":"https:\/\/ecmicrophones.com\/pt\/wp-json\/wp\/v2\/media\/2773"}],"wp:attachment":[{"href":"https:\/\/ecmicrophones.com\/pt\/wp-json\/wp\/v2\/media?parent=1709"}],"wp:term":[{"taxonomy":"product_brand","embeddable":true,"href":"https:\/\/ecmicrophones.com\/pt\/wp-json\/wp\/v2\/product_brand?post=1709"},{"taxonomy":"product_cat","embeddable":true,"href":"https:\/\/ecmicrophones.com\/pt\/wp-json\/wp\/v2\/product_cat?post=1709"},{"taxonomy":"product_tag","embeddable":true,"href":"https:\/\/ecmicrophones.com\/pt\/wp-json\/wp\/v2\/product_tag?post=1709"}],"curies":[{"name":"wp","href":"https:\/\/api.w.org\/{rel}","templated":true}]}}