{"id":1722,"date":"2024-07-25T17:53:47","date_gmt":"2024-07-25T09:53:47","guid":{"rendered":"https:\/\/ecmicrophones.com\/?post_type=product&#038;p=1722"},"modified":"2026-03-19T15:18:04","modified_gmt":"2026-03-19T07:18:04","slug":"6mm-omnidirectional-electret-microphone-capsule-for-lavalier-microphone","status":"publish","type":"product","link":"https:\/\/ecmicrophones.com\/pt\/6mm-omnidirectional-electret-microphone-capsule-for-lavalier-microphone\/","title":{"rendered":"C\u00e1psula de microfone de eletreto omnidirecional de 6 mm para microfone de lapela"},"content":{"rendered":"<h2 class=\"text-start\">Especifica\u00e7\u00f5es t\u00e9cnicas<\/h2>\n<p class=\"text-start\">Nossa c\u00e1psula de microfone eletreto omnidirecional 6027, feita com materiais ecol\u00f3gicos e certificada pela ROHS, possui capacitores duplos para excelente resist\u00eancia a interfer\u00eancias e alto desempenho.<\/p>\n<h3 class=\"pt-5 text-start\">Circuito de teste padr\u00e3o<\/h3>\n<p><img loading=\"lazy\" decoding=\"async\" class=\"alignnone size-full wp-image-1728\" src=\"https:\/\/ecmicrophones.com\/wp-content\/uploads\/2024\/07\/standard-test-circuit_ecm-f6027al38-l30.png\" alt=\"Circuito de teste padr\u00e3o\" width=\"528\" height=\"196\" srcset=\"https:\/\/ecmicrophones.com\/wp-content\/uploads\/2024\/07\/standard-test-circuit_ecm-f6027al38-l30.png 528w, https:\/\/ecmicrophones.com\/wp-content\/uploads\/2024\/07\/standard-test-circuit_ecm-f6027al38-l30-300x111.png 300w, https:\/\/ecmicrophones.com\/wp-content\/uploads\/2024\/07\/standard-test-circuit_ecm-f6027al38-l30-18x7.png 18w\" sizes=\"auto, (max-width: 528px) 100vw, 528px\" \/><\/p>\n<p>Condi\u00e7\u00f5es de teste: Resistor de carga (RL) = 2,2k\u03a9, tens\u00e3o de alimenta\u00e7\u00e3o (VS) = 3V, capacitor de acoplamento (C) = 1\u03bcF.<\/p>\n<h3 class=\"pt-5 text-start\">Resposta de frequ\u00eancia t\u00edpica<\/h3>\n<p><img loading=\"lazy\" decoding=\"async\" class=\"alignnone size-full wp-image-1729\" src=\"https:\/\/ecmicrophones.com\/wp-content\/uploads\/2024\/07\/typical-frequency-response_ecm-f6027al38-l30.png\" alt=\"Resposta de frequ\u00eancia t\u00edpica\" width=\"646\" height=\"206\" srcset=\"https:\/\/ecmicrophones.com\/wp-content\/uploads\/2024\/07\/typical-frequency-response_ecm-f6027al38-l30.png 646w, https:\/\/ecmicrophones.com\/wp-content\/uploads\/2024\/07\/typical-frequency-response_ecm-f6027al38-l30-300x96.png 300w, https:\/\/ecmicrophones.com\/wp-content\/uploads\/2024\/07\/typical-frequency-response_ecm-f6027al38-l30-18x6.png 18w, https:\/\/ecmicrophones.com\/wp-content\/uploads\/2024\/07\/typical-frequency-response_ecm-f6027al38-l30-600x191.png 600w\" sizes=\"auto, (max-width: 646px) 100vw, 646px\" \/><\/p>\n<p>A resposta de frequ\u00eancia varia de 100Hz a 5kHz. Esse modelo foi descontinuado, portanto, os par\u00e2metros de frequ\u00eancia espec\u00edficos n\u00e3o s\u00e3o mais fornecidos.<\/p>\n<h3 class=\"pt-5 text-start\">Dimens\u00f5es (UNIDADE: mm)<\/h3>\n<p><img loading=\"lazy\" decoding=\"async\" class=\"alignnone wp-image-1727 size-large\" src=\"https:\/\/ecmicrophones.com\/wp-content\/uploads\/2024\/07\/appearance-dimension_ecm-f6027al38-l30-1024x349.png\" alt=\"Dimens\u00e3o da apar\u00eancia\" width=\"1024\" height=\"349\" srcset=\"https:\/\/ecmicrophones.com\/wp-content\/uploads\/2024\/07\/appearance-dimension_ecm-f6027al38-l30-1024x349.png 1024w, https:\/\/ecmicrophones.com\/wp-content\/uploads\/2024\/07\/appearance-dimension_ecm-f6027al38-l30-300x102.png 300w, https:\/\/ecmicrophones.com\/wp-content\/uploads\/2024\/07\/appearance-dimension_ecm-f6027al38-l30-768x261.png 768w, https:\/\/ecmicrophones.com\/wp-content\/uploads\/2024\/07\/appearance-dimension_ecm-f6027al38-l30-18x6.png 18w, https:\/\/ecmicrophones.com\/wp-content\/uploads\/2024\/07\/appearance-dimension_ecm-f6027al38-l30-600x204.png 600w, https:\/\/ecmicrophones.com\/wp-content\/uploads\/2024\/07\/appearance-dimension_ecm-f6027al38-l30.png 1272w\" sizes=\"auto, (max-width: 1024px) 100vw, 1024px\" \/><\/p>\n<p>Di\u00e2metro: 6 mm; Altura: 2,7 mm. A parte frontal apresenta uma malha \u00e0 prova de poeira; a parte traseira \u00e9 s\u00f3lida, sem aberturas.<\/p>","protected":false},"excerpt":{"rendered":"<p>A ECM-F6027AL38-L30 \u00e9 uma c\u00e1psula de microfone omnidirecional de 6 \u00d7 2,7 mm adequada para microfones de lapela. Ela apresenta uma sensibilidade de -38dB\u00b13 e uma rela\u00e7\u00e3o sinal-ru\u00eddo de 60dB, garantindo captura de \u00e1udio clara e consistente para uso profissional e pessoal.<\/p>","protected":false},"featured_media":2764,"comment_status":"open","ping_status":"closed","template":"","meta":[],"product_brand":[721],"product_cat":[16,20],"product_tag":[283,235,288],"class_list":{"0":"post-1722","1":"product","2":"type-product","3":"status-publish","4":"has-post-thumbnail","6":"product_brand-ecmic","7":"product_cat-electret-microphones","8":"product_cat-omnidirectional-microphones","9":"product_tag-6mm","10":"product_tag-conference","11":"product_tag-solder-pads","13":"first","14":"instock","15":"shipping-taxable","16":"purchasable","17":"product-type-simple"},"_links":{"self":[{"href":"https:\/\/ecmicrophones.com\/pt\/wp-json\/wp\/v2\/product\/1722","targetHints":{"allow":["GET"]}}],"collection":[{"href":"https:\/\/ecmicrophones.com\/pt\/wp-json\/wp\/v2\/product"}],"about":[{"href":"https:\/\/ecmicrophones.com\/pt\/wp-json\/wp\/v2\/types\/product"}],"replies":[{"embeddable":true,"href":"https:\/\/ecmicrophones.com\/pt\/wp-json\/wp\/v2\/comments?post=1722"}],"wp:featuredmedia":[{"embeddable":true,"href":"https:\/\/ecmicrophones.com\/pt\/wp-json\/wp\/v2\/media\/2764"}],"wp:attachment":[{"href":"https:\/\/ecmicrophones.com\/pt\/wp-json\/wp\/v2\/media?parent=1722"}],"wp:term":[{"taxonomy":"product_brand","embeddable":true,"href":"https:\/\/ecmicrophones.com\/pt\/wp-json\/wp\/v2\/product_brand?post=1722"},{"taxonomy":"product_cat","embeddable":true,"href":"https:\/\/ecmicrophones.com\/pt\/wp-json\/wp\/v2\/product_cat?post=1722"},{"taxonomy":"product_tag","embeddable":true,"href":"https:\/\/ecmicrophones.com\/pt\/wp-json\/wp\/v2\/product_tag?post=1722"}],"curies":[{"name":"wp","href":"https:\/\/api.w.org\/{rel}","templated":true}]}}