{"id":1723,"date":"2024-07-25T17:56:03","date_gmt":"2024-07-25T09:56:03","guid":{"rendered":"https:\/\/ecmicrophones.com\/?post_type=product&#038;p=1723"},"modified":"2026-03-19T15:18:09","modified_gmt":"2026-03-19T07:18:09","slug":"6mm-omnidirectional-electret-lavalier-microphone-element-for-lapel-mics","status":"publish","type":"product","link":"https:\/\/ecmicrophones.com\/pt\/6mm-omnidirectional-electret-lavalier-microphone-element-for-lapel-mics\/","title":{"rendered":"Elemento de microfone de lapela de eletreto omnidirecional de 6 mm para microfones de lapela"},"content":{"rendered":"<h2 class=\"text-start\">Especifica\u00e7\u00f5es t\u00e9cnicas<\/h2>\n<p class=\"text-start\">Nossa c\u00e1psula de microfone omnidirecional 6027 tem capacitores duplos integrados, minimizando efetivamente a interfer\u00eancia para captura de \u00e1udio clara e confi\u00e1vel. Projetada com materiais ecol\u00f3gicos, esta c\u00e1psula \u00e9 certificada pelos padr\u00f5es internacionais ROSH, garantindo qualidade e sustentabilidade.<\/p>\n<h3 class=\"pt-5 text-start\">Circuito de teste padr\u00e3o<\/h3>\n<p><img loading=\"lazy\" decoding=\"async\" class=\"alignnone size-full wp-image-1731\" src=\"https:\/\/ecmicrophones.com\/wp-content\/uploads\/2024\/07\/standard-test-circuit_ecm-f6027al48-sbc.png\" alt=\"Circuito de teste padr\u00e3o\" width=\"1080\" height=\"443\" \/><\/p>\n<p>Condi\u00e7\u00f5es de teste: Resistor de carga (RL) = 2,2k\u03a9, tens\u00e3o de alimenta\u00e7\u00e3o (VS) = 3V, capacitor de acoplamento (C) = 1\u03bcF.<\/p>\n<h3 class=\"pt-5 text-start\">Resposta de frequ\u00eancia t\u00edpica<\/h3>\n<p><img loading=\"lazy\" decoding=\"async\" class=\"alignnone size-full wp-image-1732\" src=\"https:\/\/ecmicrophones.com\/wp-content\/uploads\/2024\/07\/typical-frequency-response_ecm-f6027al48-sbc.png\" alt=\"Resposta de frequ\u00eancia t\u00edpica\" width=\"1080\" height=\"443\" srcset=\"https:\/\/ecmicrophones.com\/wp-content\/uploads\/2024\/07\/typical-frequency-response_ecm-f6027al48-sbc.png 1080w, https:\/\/ecmicrophones.com\/wp-content\/uploads\/2024\/07\/typical-frequency-response_ecm-f6027al48-sbc-300x123.png 300w, https:\/\/ecmicrophones.com\/wp-content\/uploads\/2024\/07\/typical-frequency-response_ecm-f6027al48-sbc-1024x420.png 1024w, https:\/\/ecmicrophones.com\/wp-content\/uploads\/2024\/07\/typical-frequency-response_ecm-f6027al48-sbc-768x315.png 768w, https:\/\/ecmicrophones.com\/wp-content\/uploads\/2024\/07\/typical-frequency-response_ecm-f6027al48-sbc-18x7.png 18w, https:\/\/ecmicrophones.com\/wp-content\/uploads\/2024\/07\/typical-frequency-response_ecm-f6027al48-sbc-600x246.png 600w\" sizes=\"auto, (max-width: 1080px) 100vw, 1080px\" \/><\/p>\n<p>A resposta de frequ\u00eancia varia de 20 Hz a 16 kHz. A curva permanece plana at\u00e9 cerca de 8 kHz, depois mostra um leve aumento entre 8 kHz e 10 kHz. Depois de uma leve queda, ela se recupera novamente perto de 13 kHz, acrescentando um brilho sutil nos agudos.<\/p>\n<h3 class=\"pt-5 text-start\">Dimens\u00f5es (UNIDADE: mm)<\/h3>\n<p><img loading=\"lazy\" decoding=\"async\" class=\"alignnone wp-image-1730 size-large\" src=\"https:\/\/ecmicrophones.com\/wp-content\/uploads\/2024\/07\/appearance-dimension_ecm-f6027al48-sbc-1024x349.png\" alt=\"Dimens\u00e3o da apar\u00eancia\" width=\"1024\" height=\"349\" srcset=\"https:\/\/ecmicrophones.com\/wp-content\/uploads\/2024\/07\/appearance-dimension_ecm-f6027al48-sbc-1024x349.png 1024w, https:\/\/ecmicrophones.com\/wp-content\/uploads\/2024\/07\/appearance-dimension_ecm-f6027al48-sbc-300x102.png 300w, https:\/\/ecmicrophones.com\/wp-content\/uploads\/2024\/07\/appearance-dimension_ecm-f6027al48-sbc-768x261.png 768w, https:\/\/ecmicrophones.com\/wp-content\/uploads\/2024\/07\/appearance-dimension_ecm-f6027al48-sbc-18x6.png 18w, https:\/\/ecmicrophones.com\/wp-content\/uploads\/2024\/07\/appearance-dimension_ecm-f6027al48-sbc-600x204.png 600w, https:\/\/ecmicrophones.com\/wp-content\/uploads\/2024\/07\/appearance-dimension_ecm-f6027al48-sbc.png 1272w\" sizes=\"auto, (max-width: 1024px) 100vw, 1024px\" \/><\/p>\n<p>Di\u00e2metro: 6,0 mm; Altura: 2,7 mm. A face frontal apresenta uma malha \u00e0 prova de poeira. A parte traseira \u00e9 selada, sem porta de som.<\/p>","protected":false},"excerpt":{"rendered":"<p>A ECM-F6027AL48-SBC \u00e9 uma c\u00e1psula de microfone omnidirecional de 6 \u00d7 2,7 mm, perfeita para microfones de lapela. Ela apresenta uma sensibilidade de -48dB\u00b12 e uma rela\u00e7\u00e3o sinal-ru\u00eddo de 58dB, garantindo captura de \u00e1udio clara e consistente em v\u00e1rios ambientes.<\/p>","protected":false},"featured_media":2762,"comment_status":"open","ping_status":"closed","template":"","meta":[],"product_brand":[721],"product_cat":[16,20],"product_tag":[283,235,288],"class_list":{"0":"post-1723","1":"product","2":"type-product","3":"status-publish","4":"has-post-thumbnail","6":"product_brand-ecmic","7":"product_cat-electret-microphones","8":"product_cat-omnidirectional-microphones","9":"product_tag-6mm","10":"product_tag-conference","11":"product_tag-solder-pads","13":"first","14":"instock","15":"shipping-taxable","16":"purchasable","17":"product-type-simple"},"_links":{"self":[{"href":"https:\/\/ecmicrophones.com\/pt\/wp-json\/wp\/v2\/product\/1723","targetHints":{"allow":["GET"]}}],"collection":[{"href":"https:\/\/ecmicrophones.com\/pt\/wp-json\/wp\/v2\/product"}],"about":[{"href":"https:\/\/ecmicrophones.com\/pt\/wp-json\/wp\/v2\/types\/product"}],"replies":[{"embeddable":true,"href":"https:\/\/ecmicrophones.com\/pt\/wp-json\/wp\/v2\/comments?post=1723"}],"wp:featuredmedia":[{"embeddable":true,"href":"https:\/\/ecmicrophones.com\/pt\/wp-json\/wp\/v2\/media\/2762"}],"wp:attachment":[{"href":"https:\/\/ecmicrophones.com\/pt\/wp-json\/wp\/v2\/media?parent=1723"}],"wp:term":[{"taxonomy":"product_brand","embeddable":true,"href":"https:\/\/ecmicrophones.com\/pt\/wp-json\/wp\/v2\/product_brand?post=1723"},{"taxonomy":"product_cat","embeddable":true,"href":"https:\/\/ecmicrophones.com\/pt\/wp-json\/wp\/v2\/product_cat?post=1723"},{"taxonomy":"product_tag","embeddable":true,"href":"https:\/\/ecmicrophones.com\/pt\/wp-json\/wp\/v2\/product_tag?post=1723"}],"curies":[{"name":"wp","href":"https:\/\/api.w.org\/{rel}","templated":true}]}}