{"id":1725,"date":"2024-07-25T17:57:32","date_gmt":"2024-07-25T09:57:32","guid":{"rendered":"https:\/\/ecmicrophones.com\/?post_type=product&#038;p=1725"},"modified":"2026-03-19T15:17:44","modified_gmt":"2026-03-19T07:17:44","slug":"6mm-omnidirectional-electret-microphone-head-for-lavalier-mic","status":"publish","type":"product","link":"https:\/\/ecmicrophones.com\/pt\/6mm-omnidirectional-electret-microphone-head-for-lavalier-mic\/","title":{"rendered":"Cabe\u00e7a de microfone de eletreto omnidirecional de 6 mm para microfone de lapela"},"content":{"rendered":"<h2 class=\"text-start\">Especifica\u00e7\u00f5es t\u00e9cnicas<\/h2>\n<p class=\"text-start\">Nossa c\u00e1psula de microfone eletreto omnidirecional 6050 possui capacitores duplos para blindagem forte contra interfer\u00eancias. Feita de materiais ecol\u00f3gicos e com certifica\u00e7\u00e3o ROHS, ela garante desempenho confi\u00e1vel.<\/p>\n<h3 class=\"pt-5 text-start\">Circuito de teste padr\u00e3o<\/h3>\n<p><img loading=\"lazy\" decoding=\"async\" class=\"alignnone size-full wp-image-1738\" src=\"https:\/\/ecmicrophones.com\/wp-content\/uploads\/2024\/07\/standard-test-circuit_ecm-f6050al41-sd210.png\" alt=\"Circuito de teste padr\u00e3o\" width=\"481\" height=\"211\" srcset=\"https:\/\/ecmicrophones.com\/wp-content\/uploads\/2024\/07\/standard-test-circuit_ecm-f6050al41-sd210.png 481w, https:\/\/ecmicrophones.com\/wp-content\/uploads\/2024\/07\/standard-test-circuit_ecm-f6050al41-sd210-300x132.png 300w, https:\/\/ecmicrophones.com\/wp-content\/uploads\/2024\/07\/standard-test-circuit_ecm-f6050al41-sd210-18x8.png 18w\" sizes=\"auto, (max-width: 481px) 100vw, 481px\" \/><\/p>\n<p>A configura\u00e7\u00e3o do teste usa RL = 2,2K\u03a9, VS = 3V e C = 1\u03bcF para medi\u00e7\u00e3o.<\/p>\n<h3 class=\"pt-5 text-start\">Resposta de frequ\u00eancia t\u00edpica<\/h3>\n<p><img loading=\"lazy\" decoding=\"async\" class=\"alignnone size-full wp-image-1736\" src=\"https:\/\/ecmicrophones.com\/wp-content\/uploads\/2024\/07\/typical-frequency-response_ecm-f6050al41-sd210.png\" alt=\"Resposta de frequ\u00eancia t\u00edpica\" width=\"552\" height=\"394\" srcset=\"https:\/\/ecmicrophones.com\/wp-content\/uploads\/2024\/07\/typical-frequency-response_ecm-f6050al41-sd210.png 552w, https:\/\/ecmicrophones.com\/wp-content\/uploads\/2024\/07\/typical-frequency-response_ecm-f6050al41-sd210-300x214.png 300w, https:\/\/ecmicrophones.com\/wp-content\/uploads\/2024\/07\/typical-frequency-response_ecm-f6050al41-sd210-18x12.png 18w\" sizes=\"auto, (max-width: 552px) 100vw, 552px\" \/><\/p>\n<p>A resposta de frequ\u00eancia permanece est\u00e1vel de 50 Hz a 3 kHz, aumenta de forma constante at\u00e9 10 kHz e, em seguida, cai gradualmente at\u00e9 20 kHz.<\/p>\n<h3 class=\"pt-5 text-start\">Dimens\u00f5es (UNIDADE: mm)<\/h3>\n<p><img loading=\"lazy\" decoding=\"async\" class=\"alignnone size-full wp-image-1737\" src=\"https:\/\/ecmicrophones.com\/wp-content\/uploads\/2024\/07\/appearance-dimension_ecm-f6050al41-sd210.png\" alt=\"Dimens\u00e3o da apar\u00eancia\" width=\"588\" height=\"344\" srcset=\"https:\/\/ecmicrophones.com\/wp-content\/uploads\/2024\/07\/appearance-dimension_ecm-f6050al41-sd210.png 588w, https:\/\/ecmicrophones.com\/wp-content\/uploads\/2024\/07\/appearance-dimension_ecm-f6050al41-sd210-300x176.png 300w, https:\/\/ecmicrophones.com\/wp-content\/uploads\/2024\/07\/appearance-dimension_ecm-f6050al41-sd210-18x12.png 18w\" sizes=\"auto, (max-width: 588px) 100vw, 588px\" \/><\/p>\n<p>A c\u00e1psula do microfone mede 6 mm de di\u00e2metro e 5 mm de altura, com uma malha frontal contra poeira e uma parte traseira vedada (sem porta ac\u00fastica).<\/p>","protected":false},"excerpt":{"rendered":"<p>A ECM-F6050AL41-SD210 \u00e9 uma c\u00e1psula de microfone omnidirecional de 6 \u00d7 5 mm, ideal para microfones de lapela. Ela oferece uma sensibilidade de -41dB\u00b12 e uma rela\u00e7\u00e3o sinal-ru\u00eddo de 58dB, garantindo captura de \u00e1udio clara e confi\u00e1vel em uma ampla faixa de frequ\u00eancia.<\/p>","protected":false},"featured_media":2759,"comment_status":"open","ping_status":"closed","template":"","meta":[],"product_brand":[721],"product_cat":[16,20],"product_tag":[283,235,288],"class_list":{"0":"post-1725","1":"product","2":"type-product","3":"status-publish","4":"has-post-thumbnail","6":"product_brand-ecmic","7":"product_cat-electret-microphones","8":"product_cat-omnidirectional-microphones","9":"product_tag-6mm","10":"product_tag-conference","11":"product_tag-solder-pads","13":"first","14":"instock","15":"shipping-taxable","16":"purchasable","17":"product-type-simple"},"_links":{"self":[{"href":"https:\/\/ecmicrophones.com\/pt\/wp-json\/wp\/v2\/product\/1725","targetHints":{"allow":["GET"]}}],"collection":[{"href":"https:\/\/ecmicrophones.com\/pt\/wp-json\/wp\/v2\/product"}],"about":[{"href":"https:\/\/ecmicrophones.com\/pt\/wp-json\/wp\/v2\/types\/product"}],"replies":[{"embeddable":true,"href":"https:\/\/ecmicrophones.com\/pt\/wp-json\/wp\/v2\/comments?post=1725"}],"wp:featuredmedia":[{"embeddable":true,"href":"https:\/\/ecmicrophones.com\/pt\/wp-json\/wp\/v2\/media\/2759"}],"wp:attachment":[{"href":"https:\/\/ecmicrophones.com\/pt\/wp-json\/wp\/v2\/media?parent=1725"}],"wp:term":[{"taxonomy":"product_brand","embeddable":true,"href":"https:\/\/ecmicrophones.com\/pt\/wp-json\/wp\/v2\/product_brand?post=1725"},{"taxonomy":"product_cat","embeddable":true,"href":"https:\/\/ecmicrophones.com\/pt\/wp-json\/wp\/v2\/product_cat?post=1725"},{"taxonomy":"product_tag","embeddable":true,"href":"https:\/\/ecmicrophones.com\/pt\/wp-json\/wp\/v2\/product_tag?post=1725"}],"curies":[{"name":"wp","href":"https:\/\/api.w.org\/{rel}","templated":true}]}}