{"id":173,"date":"2024-03-27T11:55:32","date_gmt":"2024-03-27T11:55:32","guid":{"rendered":"https:\/\/ecmicrophones.com\/?post_type=product&#038;p=173"},"modified":"2026-03-27T16:42:13","modified_gmt":"2026-03-27T08:42:13","slug":"9-7mm-omnidirectional-electret-microphone-cartridge-for-parabolic-microphone","status":"publish","type":"product","link":"https:\/\/ecmicrophones.com\/pt\/9-7mm-omnidirectional-electret-microphone-cartridge-for-parabolic-microphone\/","title":{"rendered":"Cartucho de microfone de eletreto omnidirecional de 9,7 mm para microfone parab\u00f3lico"},"content":{"rendered":"<h2 class=\"text-start\">Especifica\u00e7\u00f5es t\u00e9cnicas<\/h2>\n<p class=\"text-start\">O ECM-B9750AL26-062 \u00e9 uma c\u00e1psula de microfone omnidirecional de 9,7 mm, com excepcional sensibilidade de -26 dB e uma rela\u00e7\u00e3o sinal\/ru\u00eddo de 82 dB. Projetada para aplica\u00e7\u00f5es de alto desempenho, ela garante \u00e1udio claro e preciso mesmo em ambientes exigentes, tornando-a ideal para capta\u00e7\u00e3o de som a longa dist\u00e2ncia.<\/p>\n<p class=\"text-start\">Fabricada com um n\u00facleo de microfone personalizado da Panasonic, essa c\u00e1psula oferece desempenho est\u00e1vel e consistente, com uma ampla faixa de frequ\u00eancia de 50 Hz a 16 KHz. Seu design robusto a torna adequada para uma variedade de usos profissionais, incluindo estetosc\u00f3pios digitais, sistemas de vigil\u00e2ncia, equipamentos de transmiss\u00e3o e dispositivos de grava\u00e7\u00e3o de alta qualidade.<\/p>\n<p class=\"text-start\">Para obter uma vers\u00e3o de lead pr\u00e9-anexada, explore o <a href=\"https:\/\/ecmicrophones.com\/pt\/9-7mm-omnidirectional-long-distance-pickup-microphone-head\/\">Modelo de chumbo de 15 mm<\/a>.<\/p>\n<h3 class=\"pt-5 text-start\">Circuito de teste padr\u00e3o<\/h3>\n<p><img loading=\"lazy\" decoding=\"async\" class=\"alignnone size-full wp-image-299\" src=\"https:\/\/ecmicrophones.com\/wp-content\/uploads\/2024\/03\/standard-test-circuit_ecm-b9750al26-062.jpg\" alt=\"Circuito de teste padr\u00e3o ECM-B9750AL26-062: polariza\u00e7\u00e3o de 2,2k\u03a9, alimenta\u00e7\u00e3o de 2V, sa\u00edda de 1\u03bcF\" width=\"583\" height=\"252\" srcset=\"https:\/\/ecmicrophones.com\/wp-content\/uploads\/2024\/03\/standard-test-circuit_ecm-b9750al26-062.jpg 583w, https:\/\/ecmicrophones.com\/wp-content\/uploads\/2024\/03\/standard-test-circuit_ecm-b9750al26-062-300x130.jpg 300w, https:\/\/ecmicrophones.com\/wp-content\/uploads\/2024\/03\/standard-test-circuit_ecm-b9750al26-062-18x8.jpg 18w\" sizes=\"auto, (max-width: 583px) 100vw, 583px\" \/><\/p>\n<p>Testado com resistor de polariza\u00e7\u00e3o de 2,2k\u03a9, alimenta\u00e7\u00e3o de 2V CC e capacitor de acoplamento de 1\u03bcF.<\/p>\n<h3 class=\"pt-5 text-start\">Resposta de frequ\u00eancia t\u00edpica<\/h3>\n<p><img loading=\"lazy\" decoding=\"async\" class=\"alignnone size-full wp-image-300\" src=\"https:\/\/ecmicrophones.com\/wp-content\/uploads\/2024\/03\/typical-frequency-response_ecm-b9750al26-062.jpg\" alt=\"Curva de resposta de frequ\u00eancia ECM-B9750AL26-062\" width=\"593\" height=\"425\" srcset=\"https:\/\/ecmicrophones.com\/wp-content\/uploads\/2024\/03\/typical-frequency-response_ecm-b9750al26-062.jpg 593w, https:\/\/ecmicrophones.com\/wp-content\/uploads\/2024\/03\/typical-frequency-response_ecm-b9750al26-062-300x215.jpg 300w, https:\/\/ecmicrophones.com\/wp-content\/uploads\/2024\/03\/typical-frequency-response_ecm-b9750al26-062-18x12.jpg 18w\" sizes=\"auto, (max-width: 593px) 100vw, 593px\" \/><\/p>\n<p>A resposta de frequ\u00eancia \u00e9 suave de 50Hz a 3kHz, seguida por uma redu\u00e7\u00e3o significativa at\u00e9 20kHz.<\/p>\n<h3 class=\"pt-5 text-start\">Dimens\u00f5es (UNIDADE: mm)<\/h3>\n<p><img loading=\"lazy\" decoding=\"async\" class=\"alignnone size-full wp-image-301\" src=\"https:\/\/ecmicrophones.com\/wp-content\/uploads\/2024\/03\/appearance-dimension_ecm-b9750al26-062.jpg\" alt=\"Dimens\u00f5es do ECM-B9750AL26-062: \u03a69,7\u00d75,0mm\" width=\"513\" height=\"377\" srcset=\"https:\/\/ecmicrophones.com\/wp-content\/uploads\/2024\/03\/appearance-dimension_ecm-b9750al26-062.jpg 513w, https:\/\/ecmicrophones.com\/wp-content\/uploads\/2024\/03\/appearance-dimension_ecm-b9750al26-062-300x220.jpg 300w, https:\/\/ecmicrophones.com\/wp-content\/uploads\/2024\/03\/appearance-dimension_ecm-b9750al26-062-16x12.jpg 16w\" sizes=\"auto, (max-width: 513px) 100vw, 513px\" \/><\/p>\n<p>C\u00e1psula compacta medindo \u03a69,7 \u00d7 5,0 mm com malha frontal \u00e0 prova de poeira e design traseiro selado.<\/p>","protected":false},"excerpt":{"rendered":"<p>C\u00e1psula de microfone omnidirecional de 9,7 mm de alta sensibilidade (-26 dB, 82 dB S\/N), ideal para captura de som a longa dist\u00e2ncia, estetosc\u00f3pios digitais e outras aplica\u00e7\u00f5es de \u00e1udio profissional.<\/p>","protected":false},"featured_media":2607,"comment_status":"open","ping_status":"closed","template":"","meta":[],"product_brand":[721],"product_cat":[16,20],"product_tag":[282,229,410,288],"class_list":{"0":"post-173","1":"product","2":"type-product","3":"status-publish","4":"has-post-thumbnail","6":"product_brand-ecmic","7":"product_cat-electret-microphones","8":"product_cat-omnidirectional-microphones","9":"product_tag-9-7mm","10":"product_tag-equipment","11":"product_tag-high-snr","12":"product_tag-solder-pads","14":"first","15":"instock","16":"shipping-taxable","17":"purchasable","18":"product-type-simple"},"_links":{"self":[{"href":"https:\/\/ecmicrophones.com\/pt\/wp-json\/wp\/v2\/product\/173","targetHints":{"allow":["GET"]}}],"collection":[{"href":"https:\/\/ecmicrophones.com\/pt\/wp-json\/wp\/v2\/product"}],"about":[{"href":"https:\/\/ecmicrophones.com\/pt\/wp-json\/wp\/v2\/types\/product"}],"replies":[{"embeddable":true,"href":"https:\/\/ecmicrophones.com\/pt\/wp-json\/wp\/v2\/comments?post=173"}],"wp:featuredmedia":[{"embeddable":true,"href":"https:\/\/ecmicrophones.com\/pt\/wp-json\/wp\/v2\/media\/2607"}],"wp:attachment":[{"href":"https:\/\/ecmicrophones.com\/pt\/wp-json\/wp\/v2\/media?parent=173"}],"wp:term":[{"taxonomy":"product_brand","embeddable":true,"href":"https:\/\/ecmicrophones.com\/pt\/wp-json\/wp\/v2\/product_brand?post=173"},{"taxonomy":"product_cat","embeddable":true,"href":"https:\/\/ecmicrophones.com\/pt\/wp-json\/wp\/v2\/product_cat?post=173"},{"taxonomy":"product_tag","embeddable":true,"href":"https:\/\/ecmicrophones.com\/pt\/wp-json\/wp\/v2\/product_tag?post=173"}],"curies":[{"name":"wp","href":"https:\/\/api.w.org\/{rel}","templated":true}]}}