{"id":1756,"date":"2024-07-26T16:04:50","date_gmt":"2024-07-26T08:04:50","guid":{"rendered":"https:\/\/ecmicrophones.com\/?post_type=product&#038;p=1756"},"modified":"2026-03-19T15:17:22","modified_gmt":"2026-03-19T07:17:22","slug":"9-7mm-omnidirectional-microphone-element-for-long-distance-audio-pickup","status":"publish","type":"product","link":"https:\/\/ecmicrophones.com\/pt\/9-7mm-omnidirectional-microphone-element-for-long-distance-audio-pickup\/","title":{"rendered":"Elemento de microfone omnidirecional de 9,7 mm para capta\u00e7\u00e3o de \u00e1udio de longa dist\u00e2ncia"},"content":{"rendered":"<h2 class=\"text-start\">Especifica\u00e7\u00f5es t\u00e9cnicas<\/h2>\n<p class=\"text-start\">O ECM-B9745AL30RC \u00e9 uma c\u00e1psula de microfone omnidirecional de 9,7 \u00d7 4,5 mm projetada para oferecer precis\u00e3o e confiabilidade. Com uma alta sensibilidade de -30 dB e uma ampla faixa de frequ\u00eancia de 20 Hz a 16 KHz, ele se destaca na captura de som em longas dist\u00e2ncias com clareza excepcional.<\/p>\n<p class=\"text-start\">Alimentada por um n\u00facleo de microfone de RF coreano est\u00e1vel, essa c\u00e1psula oferece desempenho consistente e uma rela\u00e7\u00e3o sinal-ru\u00eddo de 74 dB, o que a torna uma excelente op\u00e7\u00e3o para aplica\u00e7\u00f5es como dispositivos de capta\u00e7\u00e3o remota e microfones condensadores.<\/p>\n<h3 class=\"pt-5 text-start\">Circuito de teste padr\u00e3o<\/h3>\n<p><img loading=\"lazy\" decoding=\"async\" class=\"alignnone size-full wp-image-1765\" src=\"https:\/\/ecmicrophones.com\/wp-content\/uploads\/2024\/07\/standard-test-circuit_ecm-b9745al30rc.jpg\" alt=\"Circuito de teste ECM-B9745AL30RC: polariza\u00e7\u00e3o de 2,2k\u03a9, alimenta\u00e7\u00e3o de 2V, sa\u00edda de 1\u03bcF\" width=\"750\" height=\"400\" srcset=\"https:\/\/ecmicrophones.com\/wp-content\/uploads\/2024\/07\/standard-test-circuit_ecm-b9745al30rc.jpg 750w, https:\/\/ecmicrophones.com\/wp-content\/uploads\/2024\/07\/standard-test-circuit_ecm-b9745al30rc-300x160.jpg 300w, https:\/\/ecmicrophones.com\/wp-content\/uploads\/2024\/07\/standard-test-circuit_ecm-b9745al30rc-18x10.jpg 18w, https:\/\/ecmicrophones.com\/wp-content\/uploads\/2024\/07\/standard-test-circuit_ecm-b9745al30rc-600x320.jpg 600w\" sizes=\"auto, (max-width: 750px) 100vw, 750px\" \/><\/p>\n<p>Resistor de polariza\u00e7\u00e3o de 2,2k\u03a9, alimenta\u00e7\u00e3o de 2V CC, capacitor de sa\u00edda de 1\u03bcF. Configura\u00e7\u00e3o de frequ\u00eancia de voz padr\u00e3o.<\/p>\n<h3 class=\"pt-5 text-start\">Resposta de frequ\u00eancia t\u00edpica<\/h3>\n<p><img loading=\"lazy\" decoding=\"async\" class=\"alignnone size-full wp-image-1766\" src=\"https:\/\/ecmicrophones.com\/wp-content\/uploads\/2024\/07\/typical-frequency-response_ecm-b9745al30rc.jpg\" alt=\"Resposta de frequ\u00eancia ECM-B9745AL30RC: Plana com redu\u00e7\u00e3o de alta frequ\u00eancia de 5kHz\" width=\"750\" height=\"400\" srcset=\"https:\/\/ecmicrophones.com\/wp-content\/uploads\/2024\/07\/typical-frequency-response_ecm-b9745al30rc.jpg 750w, https:\/\/ecmicrophones.com\/wp-content\/uploads\/2024\/07\/typical-frequency-response_ecm-b9745al30rc-300x160.jpg 300w, https:\/\/ecmicrophones.com\/wp-content\/uploads\/2024\/07\/typical-frequency-response_ecm-b9745al30rc-18x10.jpg 18w, https:\/\/ecmicrophones.com\/wp-content\/uploads\/2024\/07\/typical-frequency-response_ecm-b9745al30rc-600x320.jpg 600w\" sizes=\"auto, (max-width: 750px) 100vw, 750px\" \/><\/p>\n<p>Resposta de frequ\u00eancia plana com redu\u00e7\u00e3o projetada acima de 5kHz.<\/p>\n<h3 class=\"pt-5 text-start\">Dimens\u00f5es (unidade: mm)<\/h3>\n<p><img loading=\"lazy\" decoding=\"async\" class=\"alignnone size-full wp-image-1764\" src=\"https:\/\/ecmicrophones.com\/wp-content\/uploads\/2024\/07\/appearance-dimension_ecm-b9745al30rc.jpg\" alt=\"ECM-B9745AL30RC Dimens\u00f5es: \u03a69,7\u00d74,5 mm com malha frontal contra poeira (gabinete selado)\" width=\"750\" height=\"400\" srcset=\"https:\/\/ecmicrophones.com\/wp-content\/uploads\/2024\/07\/appearance-dimension_ecm-b9745al30rc.jpg 750w, https:\/\/ecmicrophones.com\/wp-content\/uploads\/2024\/07\/appearance-dimension_ecm-b9745al30rc-300x160.jpg 300w, https:\/\/ecmicrophones.com\/wp-content\/uploads\/2024\/07\/appearance-dimension_ecm-b9745al30rc-18x10.jpg 18w, https:\/\/ecmicrophones.com\/wp-content\/uploads\/2024\/07\/appearance-dimension_ecm-b9745al30rc-600x320.jpg 600w\" sizes=\"auto, (max-width: 750px) 100vw, 750px\" \/><\/p>\n<p>\u03a6Carca\u00e7a de 9,7\u00d74,5 mm com malha frontal contra poeira (design traseiro totalmente vedado).<\/p>","protected":false},"excerpt":{"rendered":"<p>C\u00e1psula de microfone omnidirecional de 9,7 mm com alta sensibilidade de -30 dB, ideal para capta\u00e7\u00e3o remota de \u00e1udio. Para uma op\u00e7\u00e3o \u00e0 prova d'\u00e1gua, consulte <a href=\"https:\/\/ecmicrophones.com\/pt\/9-7mm-omnidirectional-electret-microphone-capsule-for-outdoor-camera\/\">Vers\u00e3o com classifica\u00e7\u00e3o IP67<\/a>. Para contatos pr\u00e9-anexados, verifique <a href=\"https:\/\/ecmicrophones.com\/pt\/9-7mm-voice-recognition-electret-microphone-insert-with-leads\/\">Vers\u00e3o com cabo de 100 mm<\/a> ou <a href=\"https:\/\/ecmicrophones.com\/pt\/long-distance-microphone-pickup-9-7mm\/\">Vers\u00e3o de chumbo de 15 mm<\/a>.<\/p>","protected":false},"featured_media":2727,"comment_status":"open","ping_status":"closed","template":"","meta":[],"product_brand":[721],"product_cat":[20,16],"product_tag":[282,229,288],"class_list":{"0":"post-1756","1":"product","2":"type-product","3":"status-publish","4":"has-post-thumbnail","6":"product_brand-ecmic","7":"product_cat-omnidirectional-microphones","8":"product_cat-electret-microphones","9":"product_tag-9-7mm","10":"product_tag-equipment","11":"product_tag-solder-pads","13":"first","14":"instock","15":"shipping-taxable","16":"purchasable","17":"product-type-simple"},"_links":{"self":[{"href":"https:\/\/ecmicrophones.com\/pt\/wp-json\/wp\/v2\/product\/1756","targetHints":{"allow":["GET"]}}],"collection":[{"href":"https:\/\/ecmicrophones.com\/pt\/wp-json\/wp\/v2\/product"}],"about":[{"href":"https:\/\/ecmicrophones.com\/pt\/wp-json\/wp\/v2\/types\/product"}],"replies":[{"embeddable":true,"href":"https:\/\/ecmicrophones.com\/pt\/wp-json\/wp\/v2\/comments?post=1756"}],"wp:featuredmedia":[{"embeddable":true,"href":"https:\/\/ecmicrophones.com\/pt\/wp-json\/wp\/v2\/media\/2727"}],"wp:attachment":[{"href":"https:\/\/ecmicrophones.com\/pt\/wp-json\/wp\/v2\/media?parent=1756"}],"wp:term":[{"taxonomy":"product_brand","embeddable":true,"href":"https:\/\/ecmicrophones.com\/pt\/wp-json\/wp\/v2\/product_brand?post=1756"},{"taxonomy":"product_cat","embeddable":true,"href":"https:\/\/ecmicrophones.com\/pt\/wp-json\/wp\/v2\/product_cat?post=1756"},{"taxonomy":"product_tag","embeddable":true,"href":"https:\/\/ecmicrophones.com\/pt\/wp-json\/wp\/v2\/product_tag?post=1756"}],"curies":[{"name":"wp","href":"https:\/\/api.w.org\/{rel}","templated":true}]}}