{"id":1757,"date":"2024-07-26T15:42:04","date_gmt":"2024-07-26T07:42:04","guid":{"rendered":"https:\/\/ecmicrophones.com\/?post_type=product&#038;p=1757"},"modified":"2026-03-19T15:17:33","modified_gmt":"2026-03-19T07:17:33","slug":"9-7mm-omnidirectional-long-distance-pickup-microphone-head","status":"publish","type":"product","link":"https:\/\/ecmicrophones.com\/pt\/9-7mm-omnidirectional-long-distance-pickup-microphone-head\/","title":{"rendered":"Cabe\u00e7a de microfone captador omnidirecional de longa dist\u00e2ncia de 9,7 mm"},"content":{"rendered":"<h2 class=\"text-start\">Especifica\u00e7\u00f5es t\u00e9cnicas<\/h2>\n<p class=\"text-start\">O ECM-B9750AL26-062-L15 \u00e9 uma c\u00e1psula de microfone omnidirecional de 9,7 mm equipada com um cabo pr\u00e9-conectado de 15 mm, oferecendo uma conveni\u00eancia inigual\u00e1vel para montagem em v\u00e1rios dispositivos. Com alta sensibilidade de -26 dB e uma impressionante rela\u00e7\u00e3o sinal\/ru\u00eddo de 82 dB, ele proporciona um som claro e preciso, o que o torna perfeito para aplicativos que exigem captura de \u00e1udio a longa dist\u00e2ncia.<\/p>\n<p class=\"text-start\">Usando um n\u00facleo de microfone Panasonic de alta qualidade, esse modelo mant\u00e9m excelente consist\u00eancia e desempenho. A resposta de frequ\u00eancia de 50Hz a 16KHz garante uma reprodu\u00e7\u00e3o de som suave e natural, adequada para produtos de n\u00edvel profissional, como sistemas de confer\u00eancia, gravadores de \u00e1udio e dispositivos de capta\u00e7\u00e3o remota.<\/p>\n<p class=\"text-start\">Para obter uma vers\u00e3o sem chumbo, visite o site <a href=\"https:\/\/ecmicrophones.com\/pt\/9-7mm-omnidirectional-electret-microphone-cartridge-for-parabolic-microphone\/\">modelo padr\u00e3o<\/a>.<\/p>\n<h3 class=\"pt-5 text-start\">Circuito de teste padr\u00e3o<\/h3>\n<p><img loading=\"lazy\" decoding=\"async\" src=\"https:\/\/ecmicrophones.com\/wp-content\/uploads\/2024\/07\/standard-test-circuit_ecm-b9750al26-062-l15.png\" alt=\"Circuito de teste padr\u00e3o\" width=\"579\" height=\"249\" class=\"alignnone size-full wp-image-1762\" srcset=\"https:\/\/ecmicrophones.com\/wp-content\/uploads\/2024\/07\/standard-test-circuit_ecm-b9750al26-062-l15.png 579w, https:\/\/ecmicrophones.com\/wp-content\/uploads\/2024\/07\/standard-test-circuit_ecm-b9750al26-062-l15-300x129.png 300w, https:\/\/ecmicrophones.com\/wp-content\/uploads\/2024\/07\/standard-test-circuit_ecm-b9750al26-062-l15-18x8.png 18w\" sizes=\"auto, (max-width: 579px) 100vw, 579px\" \/><\/p>\n<p>\nCondi\u00e7\u00f5es de teste: RL = 2,2k\u03a9, Vs = 2V, C = 1\u03bcF.\n<\/p>\n<h3 class=\"pt-5 text-start\">Resposta de frequ\u00eancia t\u00edpica<\/h3>\n<p><img loading=\"lazy\" decoding=\"async\" src=\"https:\/\/ecmicrophones.com\/wp-content\/uploads\/2024\/07\/typical-frequency-response_ecm-b9750al26-062-l15.png\" alt=\"Resposta de frequ\u00eancia t\u00edpica\" width=\"585\" height=\"413\" class=\"alignnone size-full wp-image-1763\" srcset=\"https:\/\/ecmicrophones.com\/wp-content\/uploads\/2024\/07\/typical-frequency-response_ecm-b9750al26-062-l15.png 585w, https:\/\/ecmicrophones.com\/wp-content\/uploads\/2024\/07\/typical-frequency-response_ecm-b9750al26-062-l15-300x212.png 300w, https:\/\/ecmicrophones.com\/wp-content\/uploads\/2024\/07\/typical-frequency-response_ecm-b9750al26-062-l15-18x12.png 18w\" sizes=\"auto, (max-width: 585px) 100vw, 585px\" \/><\/p>\n<p>\nA resposta de frequ\u00eancia vai de 50 Hz a 20 kHz. A curva permanece plana de 50 Hz at\u00e9 cerca de 3 kHz e, em seguida, diminui gradualmente em dire\u00e7\u00e3o \u00e0s frequ\u00eancias mais altas.\n<\/p>\n<h3 class=\"pt-5 text-start\">Dimens\u00f5es (UNIDADE: mm)<\/h3>\n<p><img loading=\"lazy\" decoding=\"async\" src=\"https:\/\/ecmicrophones.com\/wp-content\/uploads\/2024\/07\/appearance-dimension_ecm-b9750al26-062-l15.png\" alt=\"Dimens\u00e3o da apar\u00eancia\" width=\"428\" height=\"489\" class=\"alignnone size-full wp-image-1761\" srcset=\"https:\/\/ecmicrophones.com\/wp-content\/uploads\/2024\/07\/appearance-dimension_ecm-b9750al26-062-l15.png 428w, https:\/\/ecmicrophones.com\/wp-content\/uploads\/2024\/07\/appearance-dimension_ecm-b9750al26-062-l15-263x300.png 263w, https:\/\/ecmicrophones.com\/wp-content\/uploads\/2024\/07\/appearance-dimension_ecm-b9750al26-062-l15-11x12.png 11w\" sizes=\"auto, (max-width: 428px) 100vw, 428px\" \/><\/p>\n<p>\nDimens\u00f5es da c\u00e1psula do microfone: \u00d89,7 \u00d7 5 mm. Apresenta uma malha frontal \u00e0 prova de poeira, sem orif\u00edcios na parte traseira. Equipado com um cabo paralelo de 15 mm.<\/p>","protected":false},"excerpt":{"rendered":"<p>C\u00e1psula de microfone omnidirecional de 9,7 mm de alto desempenho (-26 dB, 82 dB S\/N) com cabo pr\u00e9-conectado de 15 mm para f\u00e1cil integra\u00e7\u00e3o.<\/p>","protected":false},"featured_media":2735,"comment_status":"open","ping_status":"closed","template":"","meta":[],"product_brand":[721],"product_cat":[20,16],"product_tag":[282,229,410,290],"class_list":{"0":"post-1757","1":"product","2":"type-product","3":"status-publish","4":"has-post-thumbnail","6":"product_brand-ecmic","7":"product_cat-omnidirectional-microphones","8":"product_cat-electret-microphones","9":"product_tag-9-7mm","10":"product_tag-equipment","11":"product_tag-high-snr","12":"product_tag-wire-leads","14":"first","15":"instock","16":"shipping-taxable","17":"purchasable","18":"product-type-simple"},"_links":{"self":[{"href":"https:\/\/ecmicrophones.com\/pt\/wp-json\/wp\/v2\/product\/1757","targetHints":{"allow":["GET"]}}],"collection":[{"href":"https:\/\/ecmicrophones.com\/pt\/wp-json\/wp\/v2\/product"}],"about":[{"href":"https:\/\/ecmicrophones.com\/pt\/wp-json\/wp\/v2\/types\/product"}],"replies":[{"embeddable":true,"href":"https:\/\/ecmicrophones.com\/pt\/wp-json\/wp\/v2\/comments?post=1757"}],"wp:featuredmedia":[{"embeddable":true,"href":"https:\/\/ecmicrophones.com\/pt\/wp-json\/wp\/v2\/media\/2735"}],"wp:attachment":[{"href":"https:\/\/ecmicrophones.com\/pt\/wp-json\/wp\/v2\/media?parent=1757"}],"wp:term":[{"taxonomy":"product_brand","embeddable":true,"href":"https:\/\/ecmicrophones.com\/pt\/wp-json\/wp\/v2\/product_brand?post=1757"},{"taxonomy":"product_cat","embeddable":true,"href":"https:\/\/ecmicrophones.com\/pt\/wp-json\/wp\/v2\/product_cat?post=1757"},{"taxonomy":"product_tag","embeddable":true,"href":"https:\/\/ecmicrophones.com\/pt\/wp-json\/wp\/v2\/product_tag?post=1757"}],"curies":[{"name":"wp","href":"https:\/\/api.w.org\/{rel}","templated":true}]}}