{"id":1851,"date":"2024-08-07T11:03:00","date_gmt":"2024-08-07T03:03:00","guid":{"rendered":"https:\/\/ecmicrophones.com\/?post_type=product&#038;p=1851"},"modified":"2026-03-19T15:12:27","modified_gmt":"2026-03-19T07:12:27","slug":"19mm-supercardioid-dynamic-capsule-for-boom-microphone","status":"publish","type":"product","link":"https:\/\/ecmicrophones.com\/pt\/19mm-supercardioid-dynamic-capsule-for-boom-microphone\/","title":{"rendered":"C\u00e1psula Din\u00e2mica Supercardi\u00f3ide de 19mm para Microfone Boom"},"content":{"rendered":"<h2 class=\"text-start\">Especifica\u00e7\u00f5es t\u00e9cnicas<\/h2>\n<p class=\"text-start\">A c\u00e1psula do microfone din\u00e2mico ECM-DM1910B-1502 foi projetada para capta\u00e7\u00e3o de voz de alta clareza em ambientes de \u00e1udio exigentes. Sua diretividade supercardioide aprimora a capta\u00e7\u00e3o frontal e minimiza o ru\u00eddo ambiente e o feedback - ideal para bra\u00e7os de microfone boom, fones de ouvido esportivos e uso em intercomunicadores.<\/p>\n<p class=\"text-start\">Com uma resposta de frequ\u00eancia de 100Hz a 10kHz e imped\u00e2ncia de sa\u00edda de 600\u03a9, essa c\u00e1psula \u00e9 otimizada para inteligibilidade e presen\u00e7a vocal. Seu formato compacto de 19 \u00d7 9,6 mm permite f\u00e1cil integra\u00e7\u00e3o em gabinetes de perfil fino sem comprometer o desempenho.<\/p>\n<p class=\"text-start\">Dur\u00e1vel e com desempenho consistente, o ECM-DM1910B-1502 \u00e9 adequado para integra\u00e7\u00e3o em microfones vocais de m\u00e3o, microfones boom de headset e dispositivos de discurso p\u00fablico, o que o torna uma op\u00e7\u00e3o vers\u00e1til para fabricantes que buscam elementos din\u00e2micos robustos e voltados para a fala.<\/p>\n<h3 class=\"pt-5 text-start\">Vista explodida e lista de pe\u00e7as<\/h3>\n<p><img loading=\"lazy\" decoding=\"async\" class=\"alignnone wp-image-3886 size-full\" src=\"https:\/\/ecmicrophones.com\/wp-content\/uploads\/2024\/08\/dynamic-part_ecm-dm1910b-1502.png\" alt=\"Parte Din\u00e2mica\" width=\"570\" height=\"310\" srcset=\"https:\/\/ecmicrophones.com\/wp-content\/uploads\/2024\/08\/dynamic-part_ecm-dm1910b-1502.png 570w, https:\/\/ecmicrophones.com\/wp-content\/uploads\/2024\/08\/dynamic-part_ecm-dm1910b-1502-300x163.png 300w, https:\/\/ecmicrophones.com\/wp-content\/uploads\/2024\/08\/dynamic-part_ecm-dm1910b-1502-18x10.png 18w\" sizes=\"auto, (max-width: 570px) 100vw, 570px\" \/><\/p>\n<p><strong>Lista de pe\u00e7as:<\/strong> Esponja, tampa, diafragma, bobina, a\u00e7o magn\u00e9tico, panela de ferro, suporte, PCB + estanho.<\/p>\n<h3 class=\"pt-5 text-start\">Curva de resposta de frequ\u00eancia<\/h3>\n<p><img loading=\"lazy\" decoding=\"async\" class=\"alignnone size-full wp-image-1870\" src=\"https:\/\/ecmicrophones.com\/wp-content\/uploads\/2024\/08\/response-curve_ecm-dm1910b-1502.png\" alt=\"Curva de Resposta\" width=\"516\" height=\"425\" srcset=\"https:\/\/ecmicrophones.com\/wp-content\/uploads\/2024\/08\/response-curve_ecm-dm1910b-1502.png 516w, https:\/\/ecmicrophones.com\/wp-content\/uploads\/2024\/08\/response-curve_ecm-dm1910b-1502-300x247.png 300w, https:\/\/ecmicrophones.com\/wp-content\/uploads\/2024\/08\/response-curve_ecm-dm1910b-1502-15x12.png 15w\" sizes=\"auto, (max-width: 516px) 100vw, 516px\" \/><\/p>\n<p><strong>Resposta de frequ\u00eancia:<\/strong> 100Hz-10kHz, adaptado para destacar a reprodu\u00e7\u00e3o vocal clara na faixa de fala principal.<\/p>\n<h3 class=\"pt-5 text-start\">Dimens\u00f5es (UNIDADE: mm)<\/h3>\n<p><img loading=\"lazy\" decoding=\"async\" class=\"alignnone size-full wp-image-1871\" src=\"https:\/\/ecmicrophones.com\/wp-content\/uploads\/2024\/08\/appearance-size_ecm-dm1910b-1502.png\" alt=\"Tamanho da apar\u00eancia\" width=\"747\" height=\"402\" srcset=\"https:\/\/ecmicrophones.com\/wp-content\/uploads\/2024\/08\/appearance-size_ecm-dm1910b-1502.png 747w, https:\/\/ecmicrophones.com\/wp-content\/uploads\/2024\/08\/appearance-size_ecm-dm1910b-1502-300x161.png 300w, https:\/\/ecmicrophones.com\/wp-content\/uploads\/2024\/08\/appearance-size_ecm-dm1910b-1502-18x10.png 18w, https:\/\/ecmicrophones.com\/wp-content\/uploads\/2024\/08\/appearance-size_ecm-dm1910b-1502-600x323.png 600w\" sizes=\"auto, (max-width: 747px) 100vw, 747px\" \/><\/p>\n<p><strong>Dimens\u00f5es:<\/strong> Di\u00e2metro: 19 mm; Altura: 9,6 mm.<\/p>","protected":false},"excerpt":{"rendered":"<p>C\u00e1psula de microfone din\u00e2mico supercardi\u00f3ide de 19 mm otimizada para microfones boom, fones de ouvido e sistemas de endere\u00e7os p\u00fablicos. Apresenta uma resposta de frequ\u00eancia adaptada de 100 Hz a 10 kHz para uma capta\u00e7\u00e3o vocal clara e focada com forte rejei\u00e7\u00e3o de ru\u00eddo de fundo.<\/p>","protected":false},"featured_media":2417,"comment_status":"open","ping_status":"closed","template":"","meta":[],"product_brand":[721],"product_cat":[17],"product_tag":[310,116],"class_list":{"0":"post-1851","1":"product","2":"type-product","3":"status-publish","4":"has-post-thumbnail","6":"product_brand-ecmic","7":"product_cat-dynamic-microphones","8":"product_tag-19mm","9":"product_tag-vocal","11":"first","12":"instock","13":"shipping-taxable","14":"purchasable","15":"product-type-simple"},"_links":{"self":[{"href":"https:\/\/ecmicrophones.com\/pt\/wp-json\/wp\/v2\/product\/1851","targetHints":{"allow":["GET"]}}],"collection":[{"href":"https:\/\/ecmicrophones.com\/pt\/wp-json\/wp\/v2\/product"}],"about":[{"href":"https:\/\/ecmicrophones.com\/pt\/wp-json\/wp\/v2\/types\/product"}],"replies":[{"embeddable":true,"href":"https:\/\/ecmicrophones.com\/pt\/wp-json\/wp\/v2\/comments?post=1851"}],"wp:featuredmedia":[{"embeddable":true,"href":"https:\/\/ecmicrophones.com\/pt\/wp-json\/wp\/v2\/media\/2417"}],"wp:attachment":[{"href":"https:\/\/ecmicrophones.com\/pt\/wp-json\/wp\/v2\/media?parent=1851"}],"wp:term":[{"taxonomy":"product_brand","embeddable":true,"href":"https:\/\/ecmicrophones.com\/pt\/wp-json\/wp\/v2\/product_brand?post=1851"},{"taxonomy":"product_cat","embeddable":true,"href":"https:\/\/ecmicrophones.com\/pt\/wp-json\/wp\/v2\/product_cat?post=1851"},{"taxonomy":"product_tag","embeddable":true,"href":"https:\/\/ecmicrophones.com\/pt\/wp-json\/wp\/v2\/product_tag?post=1851"}],"curies":[{"name":"wp","href":"https:\/\/api.w.org\/{rel}","templated":true}]}}