{"id":187,"date":"2024-03-27T12:06:12","date_gmt":"2024-03-27T12:06:12","guid":{"rendered":"https:\/\/ecmicrophones.com\/?post_type=product&#038;p=187"},"modified":"2026-03-19T15:42:56","modified_gmt":"2026-03-19T07:42:56","slug":"security-camera-microphone-capsule-6mm","status":"publish","type":"product","link":"https:\/\/ecmicrophones.com\/pt\/security-camera-microphone-capsule-6mm\/","title":{"rendered":"C\u00e1psula de microfone para c\u00e2mera de seguran\u00e7a 6 mm"},"content":{"rendered":"<h2 class=\"text-start\">Especifica\u00e7\u00f5es t\u00e9cnicas<\/h2>\n<p class=\"text-start\">O ECM-B6027AL30RC \u00e9 uma c\u00e1psula de microfone omnidirecional compacta de 6 mm projetada para c\u00e2meras de seguran\u00e7a, oferecendo captura de \u00e1udio de alta qualidade em v\u00e1rios ambientes de vigil\u00e2ncia. Com uma sensibilidade de -30 dB e uma rela\u00e7\u00e3o sinal\/ru\u00eddo de 74 dB, ele garante uma grava\u00e7\u00e3o de \u00e1udio clara e precisa, mesmo em condi\u00e7\u00f5es de ru\u00eddo. A faixa de resposta de frequ\u00eancia de 50 Hz a 10 kHz captura sons de baixa e alta frequ\u00eancia com precis\u00e3o, o que o torna ideal para vigil\u00e2ncia abrangente.<\/p>\n<p class=\"text-start\">Fabricada com materiais dur\u00e1veis de liga de Al e Mg, essa c\u00e1psula de microfone foi criada para oferecer confiabilidade e longevidade, mesmo em ambientes externos desafiadores. Operando a 2 VCC, \u00e9 perfeita para integra\u00e7\u00e3o em sistemas de c\u00e2meras com e sem fio que exigem um microfone pequeno, eficiente e confi\u00e1vel com o m\u00ednimo de interfer\u00eancia.<\/p>\n<p class=\"text-start\">Para uso externo mais robusto, considere o <a href=\"https:\/\/ecmicrophones.com\/pt\/wireless-interview-microphone-capsule-6mm\/\">ECM-B6027AL30-L100DFS<\/a>que oferece recursos aprimorados \u00e0 prova d'\u00e1gua para condi\u00e7\u00f5es exigentes.<\/p>\n<h3 class=\"pt-5 text-start\">Circuito de teste padr\u00e3o<\/h3>\n<p><img loading=\"lazy\" decoding=\"async\" class=\"alignnone size-full wp-image-307\" src=\"https:\/\/ecmicrophones.com\/wp-content\/uploads\/2024\/03\/standard-test-circuit_ecm-b6027al30rc.png\" alt=\"Circuito de teste ECM-B6027AL30RC: polariza\u00e7\u00e3o de 2,2k\u03a9, alimenta\u00e7\u00e3o de 2V, sa\u00edda de 1\u03bcF\" width=\"608\" height=\"250\" srcset=\"https:\/\/ecmicrophones.com\/wp-content\/uploads\/2024\/03\/standard-test-circuit_ecm-b6027al30rc.png 608w, https:\/\/ecmicrophones.com\/wp-content\/uploads\/2024\/03\/standard-test-circuit_ecm-b6027al30rc-300x123.png 300w, https:\/\/ecmicrophones.com\/wp-content\/uploads\/2024\/03\/standard-test-circuit_ecm-b6027al30rc-18x7.png 18w, https:\/\/ecmicrophones.com\/wp-content\/uploads\/2024\/03\/standard-test-circuit_ecm-b6027al30rc-600x247.png 600w\" sizes=\"auto, (max-width: 608px) 100vw, 608px\" \/><\/p>\n<p>Resistor de polariza\u00e7\u00e3o de 2,2k\u03a9, alimenta\u00e7\u00e3o de 2V, tampa de sa\u00edda de 1\u03bcF. Otimizado para captura clara de voz.<\/p>\n<h3 class=\"pt-5 text-start\">Resposta de frequ\u00eancia t\u00edpica<\/h3>\n<p><img loading=\"lazy\" decoding=\"async\" class=\"alignnone size-full wp-image-308\" src=\"https:\/\/ecmicrophones.com\/wp-content\/uploads\/2024\/03\/typical-frequency-response_ecm-b6027al30rc.png\" alt=\"Resposta de frequ\u00eancia ECM-B6027AL30RC: Resposta plana com decl\u00ednio suave acima de 10kHz\" width=\"570\" height=\"301\" srcset=\"https:\/\/ecmicrophones.com\/wp-content\/uploads\/2024\/03\/typical-frequency-response_ecm-b6027al30rc.png 570w, https:\/\/ecmicrophones.com\/wp-content\/uploads\/2024\/03\/typical-frequency-response_ecm-b6027al30rc-300x158.png 300w, https:\/\/ecmicrophones.com\/wp-content\/uploads\/2024\/03\/typical-frequency-response_ecm-b6027al30rc-18x10.png 18w\" sizes=\"auto, (max-width: 570px) 100vw, 570px\" \/><\/p>\n<p>Resposta plana com decl\u00ednio suave acima de 10kHz.<\/p>\n<h3 class=\"pt-5 text-start\">Dimens\u00f5es (unidade: mm)<\/h3>\n<p><img loading=\"lazy\" decoding=\"async\" class=\"alignnone size-full wp-image-306\" src=\"https:\/\/ecmicrophones.com\/wp-content\/uploads\/2024\/03\/appearance-dimension_ecm-b6027al30rc.png\" alt=\"ECM-B6027AL30RC Dimens\u00f5es: \u03a66\u00d72,7 mm com malha frontal contra poeira (traseira selada)\" width=\"723\" height=\"638\" srcset=\"https:\/\/ecmicrophones.com\/wp-content\/uploads\/2024\/03\/appearance-dimension_ecm-b6027al30rc.png 723w, https:\/\/ecmicrophones.com\/wp-content\/uploads\/2024\/03\/appearance-dimension_ecm-b6027al30rc-300x265.png 300w, https:\/\/ecmicrophones.com\/wp-content\/uploads\/2024\/03\/appearance-dimension_ecm-b6027al30rc-14x12.png 14w, https:\/\/ecmicrophones.com\/wp-content\/uploads\/2024\/03\/appearance-dimension_ecm-b6027al30rc-600x529.png 600w\" sizes=\"auto, (max-width: 723px) 100vw, 723px\" \/><\/p>\n<p>\u03a66\u00d72,7 mm com malha frontal contra poeira (design traseiro vedado).<\/p>","protected":false},"excerpt":{"rendered":"<p>C\u00e1psula de microfone omnidirecional de 6 mm de alto desempenho com excelente sensibilidade e ampla resposta de frequ\u00eancia, ideal para sistemas de c\u00e2meras de seguran\u00e7a e aplica\u00e7\u00f5es de vigil\u00e2ncia. Para uso externo mais robusto, consulte o <a href=\"https:\/\/ecmicrophones.com\/pt\/wireless-interview-microphone-capsule-6mm\/\">ECM-B6027AL30-L100DFS<\/a> com recursos \u00e0 prova d'\u00e1gua.<\/p>","protected":false},"featured_media":2660,"comment_status":"open","ping_status":"closed","template":"","meta":[],"product_brand":[721],"product_cat":[16,20],"product_tag":[283,230,288],"class_list":{"0":"post-187","1":"product","2":"type-product","3":"status-publish","4":"has-post-thumbnail","6":"product_brand-ecmic","7":"product_cat-electret-microphones","8":"product_cat-omnidirectional-microphones","9":"product_tag-6mm","10":"product_tag-security","11":"product_tag-solder-pads","13":"first","14":"instock","15":"shipping-taxable","16":"purchasable","17":"product-type-simple"},"_links":{"self":[{"href":"https:\/\/ecmicrophones.com\/pt\/wp-json\/wp\/v2\/product\/187","targetHints":{"allow":["GET"]}}],"collection":[{"href":"https:\/\/ecmicrophones.com\/pt\/wp-json\/wp\/v2\/product"}],"about":[{"href":"https:\/\/ecmicrophones.com\/pt\/wp-json\/wp\/v2\/types\/product"}],"replies":[{"embeddable":true,"href":"https:\/\/ecmicrophones.com\/pt\/wp-json\/wp\/v2\/comments?post=187"}],"wp:featuredmedia":[{"embeddable":true,"href":"https:\/\/ecmicrophones.com\/pt\/wp-json\/wp\/v2\/media\/2660"}],"wp:attachment":[{"href":"https:\/\/ecmicrophones.com\/pt\/wp-json\/wp\/v2\/media?parent=187"}],"wp:term":[{"taxonomy":"product_brand","embeddable":true,"href":"https:\/\/ecmicrophones.com\/pt\/wp-json\/wp\/v2\/product_brand?post=187"},{"taxonomy":"product_cat","embeddable":true,"href":"https:\/\/ecmicrophones.com\/pt\/wp-json\/wp\/v2\/product_cat?post=187"},{"taxonomy":"product_tag","embeddable":true,"href":"https:\/\/ecmicrophones.com\/pt\/wp-json\/wp\/v2\/product_tag?post=187"}],"curies":[{"name":"wp","href":"https:\/\/api.w.org\/{rel}","templated":true}]}}