{"id":1890,"date":"2024-08-23T14:18:34","date_gmt":"2024-08-23T06:18:34","guid":{"rendered":"https:\/\/ecmicrophones.com\/?post_type=product&#038;p=1890"},"modified":"2026-03-19T15:12:16","modified_gmt":"2026-03-19T07:12:16","slug":"19mm-boom-dynamic-microphone-capsule","status":"publish","type":"product","link":"https:\/\/ecmicrophones.com\/pt\/19mm-boom-dynamic-microphone-capsule\/","title":{"rendered":"C\u00e1psula de microfone din\u00e2mico boom de 19 mm"},"content":{"rendered":"<h2 class=\"text-start\">Especifica\u00e7\u00f5es t\u00e9cnicas<\/h2>\n<p class=\"text-start\">A c\u00e1psula do microfone din\u00e2mico foi projetada para uma reprodu\u00e7\u00e3o vocal clara e natural, com uma resposta de frequ\u00eancia adaptada de 200 Hz a 7 kHz para enfatizar a faixa cr\u00edtica da fala. Sua imped\u00e2ncia de 250\u03a9 garante ampla compatibilidade com uma variedade de sistemas de \u00e1udio.<\/p>\n<p class=\"text-start\">Criada para resistir a ambientes exigentes, essa c\u00e1psula robusta de 19 mm \u00e9 ideal para integra\u00e7\u00e3o em fones de ouvido boom, microfones gooseneck flex\u00edveis, sistemas de intercomunica\u00e7\u00e3o e equipamentos de \u00e1udio para confer\u00eancias. Ela proporciona uma capta\u00e7\u00e3o de voz confi\u00e1vel e precisa, minimizando o ru\u00eddo ambiente e mantendo a inteligibilidade da fala.<\/p>\n<p class=\"text-start\">Projetado para aplica\u00e7\u00f5es profissionais e industriais, esse elemento de microfone oferece desempenho e durabilidade consistentes, o que o torna a escolha preferida dos fabricantes que desenvolvem solu\u00e7\u00f5es de comunica\u00e7\u00e3o e endere\u00e7os p\u00fablicos.<\/p>\n<h3 class=\"pt-5 text-start\">Vista explodida e lista de pe\u00e7as<\/h3>\n<p><img loading=\"lazy\" decoding=\"async\" class=\"alignnone wp-image-3885 size-full\" src=\"https:\/\/ecmicrophones.com\/wp-content\/uploads\/2024\/08\/dynamic-part_ecm-dm1912k250.png\" alt=\"Parte Din\u00e2mica\" width=\"570\" height=\"320\" srcset=\"https:\/\/ecmicrophones.com\/wp-content\/uploads\/2024\/08\/dynamic-part_ecm-dm1912k250.png 570w, https:\/\/ecmicrophones.com\/wp-content\/uploads\/2024\/08\/dynamic-part_ecm-dm1912k250-300x168.png 300w, https:\/\/ecmicrophones.com\/wp-content\/uploads\/2024\/08\/dynamic-part_ecm-dm1912k250-18x10.png 18w\" sizes=\"auto, (max-width: 570px) 100vw, 570px\" \/><\/p>\n<p><strong>Lista de pe\u00e7as:<\/strong> Esponja, tampa, diafragma, bobina, a\u00e7o magn\u00e9tico, panela de ferro, suporte, PCB + estanho.<\/p>\n<h3 class=\"pt-5 text-start\">Curva de resposta de frequ\u00eancia<\/h3>\n<p><img loading=\"lazy\" decoding=\"async\" class=\"alignnone size-full wp-image-1893\" src=\"https:\/\/ecmicrophones.com\/wp-content\/uploads\/2024\/08\/response-curve_ecm-dm1912k250.png\" alt=\"Curva de Resposta\" width=\"517\" height=\"412\" srcset=\"https:\/\/ecmicrophones.com\/wp-content\/uploads\/2024\/08\/response-curve_ecm-dm1912k250.png 517w, https:\/\/ecmicrophones.com\/wp-content\/uploads\/2024\/08\/response-curve_ecm-dm1912k250-300x239.png 300w, https:\/\/ecmicrophones.com\/wp-content\/uploads\/2024\/08\/response-curve_ecm-dm1912k250-15x12.png 15w\" sizes=\"auto, (max-width: 517px) 100vw, 517px\" \/><\/p>\n<p><strong>Resposta de frequ\u00eancia:<\/strong> 200Hz-7kHz, otimizado para uma reprodu\u00e7\u00e3o vocal clara dentro da faixa de frequ\u00eancia principal da fala.<\/p>\n<h3 class=\"pt-5 text-start\">Dimens\u00f5es (UNIDADE: mm)<\/h3>\n<p><img loading=\"lazy\" decoding=\"async\" class=\"alignnone size-full wp-image-1891\" src=\"https:\/\/ecmicrophones.com\/wp-content\/uploads\/2024\/08\/appearance-size_ecm-dm1912k250.png\" alt=\"Tamanho da apar\u00eancia\" width=\"363\" height=\"369\" srcset=\"https:\/\/ecmicrophones.com\/wp-content\/uploads\/2024\/08\/appearance-size_ecm-dm1912k250.png 363w, https:\/\/ecmicrophones.com\/wp-content\/uploads\/2024\/08\/appearance-size_ecm-dm1912k250-295x300.png 295w, https:\/\/ecmicrophones.com\/wp-content\/uploads\/2024\/08\/appearance-size_ecm-dm1912k250-12x12.png 12w\" sizes=\"auto, (max-width: 363px) 100vw, 363px\" \/><\/p>\n<p><strong>Dimens\u00f5es:<\/strong> Di\u00e2metro: 19,2 mm; Altura: 12 mm.<\/p>","protected":false},"excerpt":{"rendered":"<p>Otimizada para fones de ouvido com boom, intercomunicadores e sistemas de confer\u00eancia, essa c\u00e1psula robusta de microfone din\u00e2mico unidirecional de 19 mm oferece capta\u00e7\u00e3o vocal clara e natural com uma resposta de frequ\u00eancia adaptada de 200 Hz a 7 kHz para um desempenho confi\u00e1vel em ambientes exigentes.<\/p>","protected":false},"featured_media":2427,"comment_status":"open","ping_status":"closed","template":"","meta":[],"product_brand":[721],"product_cat":[17],"product_tag":[310,116],"class_list":{"0":"post-1890","1":"product","2":"type-product","3":"status-publish","4":"has-post-thumbnail","6":"product_brand-ecmic","7":"product_cat-dynamic-microphones","8":"product_tag-19mm","9":"product_tag-vocal","11":"first","12":"instock","13":"shipping-taxable","14":"purchasable","15":"product-type-simple"},"_links":{"self":[{"href":"https:\/\/ecmicrophones.com\/pt\/wp-json\/wp\/v2\/product\/1890","targetHints":{"allow":["GET"]}}],"collection":[{"href":"https:\/\/ecmicrophones.com\/pt\/wp-json\/wp\/v2\/product"}],"about":[{"href":"https:\/\/ecmicrophones.com\/pt\/wp-json\/wp\/v2\/types\/product"}],"replies":[{"embeddable":true,"href":"https:\/\/ecmicrophones.com\/pt\/wp-json\/wp\/v2\/comments?post=1890"}],"wp:featuredmedia":[{"embeddable":true,"href":"https:\/\/ecmicrophones.com\/pt\/wp-json\/wp\/v2\/media\/2427"}],"wp:attachment":[{"href":"https:\/\/ecmicrophones.com\/pt\/wp-json\/wp\/v2\/media?parent=1890"}],"wp:term":[{"taxonomy":"product_brand","embeddable":true,"href":"https:\/\/ecmicrophones.com\/pt\/wp-json\/wp\/v2\/product_brand?post=1890"},{"taxonomy":"product_cat","embeddable":true,"href":"https:\/\/ecmicrophones.com\/pt\/wp-json\/wp\/v2\/product_cat?post=1890"},{"taxonomy":"product_tag","embeddable":true,"href":"https:\/\/ecmicrophones.com\/pt\/wp-json\/wp\/v2\/product_tag?post=1890"}],"curies":[{"name":"wp","href":"https:\/\/api.w.org\/{rel}","templated":true}]}}