{"id":1929,"date":"2024-09-11T15:41:00","date_gmt":"2024-09-11T07:41:00","guid":{"rendered":"https:\/\/ecmicrophones.com\/?post_type=product&#038;p=1929"},"modified":"2026-03-19T15:11:44","modified_gmt":"2026-03-19T07:11:44","slug":"9-7mm-lavalier-microphone-capsule-for-conference","status":"publish","type":"product","link":"https:\/\/ecmicrophones.com\/pt\/9-7mm-lavalier-microphone-capsule-for-conference\/","title":{"rendered":"C\u00e1psula de microfone de lapela de 9,7 mm para confer\u00eancia"},"content":{"rendered":"<h2 class=\"text-start\">Especifica\u00e7\u00f5es t\u00e9cnicas<\/h2>\n<p class=\"text-start\">Nossa C\u00e1psula de Microfone Unidirecional Dual-Capacitor 9750, ideal para microfones de lapela de confer\u00eancia, oferece forte blindagem contra interfer\u00eancia de RF para \u00e1udio claro e confi\u00e1vel. Seu design robusto garante excelente redu\u00e7\u00e3o de ru\u00eddo e desempenho consistente e de alta qualidade.<\/p>\n<h3 class=\"pt-5 text-start\">Circuito de teste padr\u00e3o<\/h3>\n<p><img loading=\"lazy\" decoding=\"async\" class=\"alignnone size-full wp-image-1932\" src=\"https:\/\/ecmicrophones.com\/wp-content\/uploads\/2024\/09\/standard-test-circuit_ecm-921u.png\" alt=\"Circuito de teste padr\u00e3o\" width=\"580\" height=\"208\" \/><\/p>\n<p>Condi\u00e7\u00f5es de teste: RL = 680\u03a9, VS = 1,5V, C = 1\u03bcF.<\/p>\n<h3 class=\"pt-5 text-start\">Resposta de frequ\u00eancia t\u00edpica<\/h3>\n<p><img loading=\"lazy\" decoding=\"async\" class=\"alignnone size-full wp-image-1933\" src=\"https:\/\/ecmicrophones.com\/wp-content\/uploads\/2024\/09\/typical-frequency-response_ecm-921u.png\" alt=\"Resposta de frequ\u00eancia t\u00edpica\" width=\"542\" height=\"224\" srcset=\"https:\/\/ecmicrophones.com\/wp-content\/uploads\/2024\/09\/typical-frequency-response_ecm-921u.png 542w, https:\/\/ecmicrophones.com\/wp-content\/uploads\/2024\/09\/typical-frequency-response_ecm-921u-300x124.png 300w, https:\/\/ecmicrophones.com\/wp-content\/uploads\/2024\/09\/typical-frequency-response_ecm-921u-18x7.png 18w\" sizes=\"auto, (max-width: 542px) 100vw, 542px\" \/><\/p>\n<p>A resposta aumenta de forma constante de 100 Hz a 700 Hz, permanece plana at\u00e9 7 kHz e, em seguida, diminui gradualmente at\u00e9 10 kHz.<\/p>\n<h3 class=\"pt-5 text-start\">Dimens\u00f5es (UNIDADE: mm)<\/h3>\n<p><img loading=\"lazy\" decoding=\"async\" class=\"alignnone size-full wp-image-1931\" src=\"https:\/\/ecmicrophones.com\/wp-content\/uploads\/2024\/09\/appearance-dimension_ecm-921u.png\" alt=\"Dimens\u00e3o da apar\u00eancia\" width=\"533\" height=\"367\" srcset=\"https:\/\/ecmicrophones.com\/wp-content\/uploads\/2024\/09\/appearance-dimension_ecm-921u.png 533w, https:\/\/ecmicrophones.com\/wp-content\/uploads\/2024\/09\/appearance-dimension_ecm-921u-300x207.png 300w, https:\/\/ecmicrophones.com\/wp-content\/uploads\/2024\/09\/appearance-dimension_ecm-921u-18x12.png 18w\" sizes=\"auto, (max-width: 533px) 100vw, 533px\" \/><\/p>\n<p>A c\u00e1psula mede 9,7 mm de di\u00e2metro e 5 mm de altura, apresentando uma malha frontal contra poeira e uma porta ac\u00fastica traseira.<\/p>","protected":false},"excerpt":{"rendered":"<p>O ECM-921U \u00e9 uma c\u00e1psula de microfone unidirecional de 9,7 \u00d7 5 mm com sensibilidade de -44dB\u00b12 e rela\u00e7\u00e3o sinal-ru\u00eddo de 60dB. \u00c9 ideal para microfones de lapela, oferecendo captura de som focada para desempenho de \u00e1udio claro em diferentes configura\u00e7\u00f5es.<\/p>","protected":false},"featured_media":2697,"comment_status":"open","ping_status":"closed","template":"","meta":[],"product_brand":[721],"product_cat":[21,16],"product_tag":[282,235,288],"class_list":{"0":"post-1929","1":"product","2":"type-product","3":"status-publish","4":"has-post-thumbnail","6":"product_brand-ecmic","7":"product_cat-unidirectional-microphones","8":"product_cat-electret-microphones","9":"product_tag-9-7mm","10":"product_tag-conference","11":"product_tag-solder-pads","13":"first","14":"instock","15":"shipping-taxable","16":"purchasable","17":"product-type-simple"},"_links":{"self":[{"href":"https:\/\/ecmicrophones.com\/pt\/wp-json\/wp\/v2\/product\/1929","targetHints":{"allow":["GET"]}}],"collection":[{"href":"https:\/\/ecmicrophones.com\/pt\/wp-json\/wp\/v2\/product"}],"about":[{"href":"https:\/\/ecmicrophones.com\/pt\/wp-json\/wp\/v2\/types\/product"}],"replies":[{"embeddable":true,"href":"https:\/\/ecmicrophones.com\/pt\/wp-json\/wp\/v2\/comments?post=1929"}],"wp:featuredmedia":[{"embeddable":true,"href":"https:\/\/ecmicrophones.com\/pt\/wp-json\/wp\/v2\/media\/2697"}],"wp:attachment":[{"href":"https:\/\/ecmicrophones.com\/pt\/wp-json\/wp\/v2\/media?parent=1929"}],"wp:term":[{"taxonomy":"product_brand","embeddable":true,"href":"https:\/\/ecmicrophones.com\/pt\/wp-json\/wp\/v2\/product_brand?post=1929"},{"taxonomy":"product_cat","embeddable":true,"href":"https:\/\/ecmicrophones.com\/pt\/wp-json\/wp\/v2\/product_cat?post=1929"},{"taxonomy":"product_tag","embeddable":true,"href":"https:\/\/ecmicrophones.com\/pt\/wp-json\/wp\/v2\/product_tag?post=1929"}],"curies":[{"name":"wp","href":"https:\/\/api.w.org\/{rel}","templated":true}]}}