{"id":201,"date":"2024-03-28T09:04:47","date_gmt":"2024-03-28T09:04:47","guid":{"rendered":"https:\/\/ecmicrophones.com\/?post_type=product&#038;p=201"},"modified":"2026-03-19T15:46:47","modified_gmt":"2026-03-19T07:46:47","slug":"vocal-recording-microphone-capsule-14mm","status":"publish","type":"product","link":"https:\/\/ecmicrophones.com\/pt\/vocal-recording-microphone-capsule-14mm\/","title":{"rendered":"C\u00e1psula de Microfone para Grava\u00e7\u00e3o Vocal 14mm"},"content":{"rendered":"<h2 class=\"text-start\">Especifica\u00e7\u00f5es t\u00e9cnicas<\/h2>\n<p class=\"text-start\">Nosso cabe\u00e7ote de microfone unidirecional 1445, projetado para aplica\u00e7\u00f5es vocais, passa por testes rigorosos, incluindo um processo de envelhecimento de 12 horas a 80 \u00b0C, testes de queda de 1 metro e testes de n\u00e9voa salina e umidade. Ele garante qualidade consistente mesmo sob as condi\u00e7\u00f5es mais exigentes.<\/p>\n<h3 class=\"pt-5 text-start\">Circuito de teste padr\u00e3o<\/h3>\n<p><img loading=\"lazy\" decoding=\"async\" class=\"alignnone size-full wp-image-311\" src=\"https:\/\/ecmicrophones.com\/wp-content\/uploads\/2024\/03\/standard-test-circuit_ecm-b1445ul44-476.png\" alt=\"Circuito de teste padr\u00e3o\" width=\"490\" height=\"207\" srcset=\"https:\/\/ecmicrophones.com\/wp-content\/uploads\/2024\/03\/standard-test-circuit_ecm-b1445ul44-476.png 490w, https:\/\/ecmicrophones.com\/wp-content\/uploads\/2024\/03\/standard-test-circuit_ecm-b1445ul44-476-300x127.png 300w, https:\/\/ecmicrophones.com\/wp-content\/uploads\/2024\/03\/standard-test-circuit_ecm-b1445ul44-476-18x8.png 18w\" sizes=\"auto, (max-width: 490px) 100vw, 490px\" \/><\/p>\n<p>Condi\u00e7\u00f5es de teste: RL = 680\u03a9, VS = 1,5V, C = 1\u03bcF.<\/p>\n<h3 class=\"pt-5 text-start\">Resposta de frequ\u00eancia t\u00edpica<\/h3>\n<p><img loading=\"lazy\" decoding=\"async\" class=\"alignnone size-full wp-image-312\" src=\"https:\/\/ecmicrophones.com\/wp-content\/uploads\/2024\/03\/typical-frequency-response_ecm-b1445ul44-476.png\" alt=\"Resposta de frequ\u00eancia t\u00edpica\" width=\"528\" height=\"255\" srcset=\"https:\/\/ecmicrophones.com\/wp-content\/uploads\/2024\/03\/typical-frequency-response_ecm-b1445ul44-476.png 528w, https:\/\/ecmicrophones.com\/wp-content\/uploads\/2024\/03\/typical-frequency-response_ecm-b1445ul44-476-300x145.png 300w, https:\/\/ecmicrophones.com\/wp-content\/uploads\/2024\/03\/typical-frequency-response_ecm-b1445ul44-476-18x9.png 18w\" sizes=\"auto, (max-width: 528px) 100vw, 528px\" \/><\/p>\n<p>A resposta de frequ\u00eancia permanece plana de 100 Hz a 3 kHz, aumenta sensivelmente entre 3 kHz e 5 kHz e, em seguida, diminui gradualmente em dire\u00e7\u00e3o a 20 kHz.<\/p>\n<h3 class=\"pt-5 text-start\">Dimens\u00f5es (UNIDADE: mm)<\/h3>\n<p><img loading=\"lazy\" decoding=\"async\" class=\"alignnone size-full wp-image-310\" src=\"https:\/\/ecmicrophones.com\/wp-content\/uploads\/2024\/03\/appearance-dimension_ecm-b1445ul44-476.png\" alt=\"Dimens\u00e3o da apar\u00eancia\" width=\"820\" height=\"602\" srcset=\"https:\/\/ecmicrophones.com\/wp-content\/uploads\/2024\/03\/appearance-dimension_ecm-b1445ul44-476.png 820w, https:\/\/ecmicrophones.com\/wp-content\/uploads\/2024\/03\/appearance-dimension_ecm-b1445ul44-476-300x220.png 300w, https:\/\/ecmicrophones.com\/wp-content\/uploads\/2024\/03\/appearance-dimension_ecm-b1445ul44-476-768x564.png 768w, https:\/\/ecmicrophones.com\/wp-content\/uploads\/2024\/03\/appearance-dimension_ecm-b1445ul44-476-16x12.png 16w, https:\/\/ecmicrophones.com\/wp-content\/uploads\/2024\/03\/appearance-dimension_ecm-b1445ul44-476-600x440.png 600w\" sizes=\"auto, (max-width: 820px) 100vw, 820px\" \/><\/p>\n<p>A c\u00e1psula mede 14 mm de di\u00e2metro e 4,5 mm de altura, apresentando uma malha frontal contra poeira e uma porta ac\u00fastica traseira.<\/p>","protected":false},"excerpt":{"rendered":"<p>O ECM-B1445UL44-476 \u00e9 uma c\u00e1psula de microfone unidirecional de 14 \u00d7 4,5 mm feita sob medida para aplica\u00e7\u00f5es vocais. Com uma sensibilidade de -44dB\u00b12 e uma rela\u00e7\u00e3o sinal-ru\u00eddo de 66dB, ele garante uma reprodu\u00e7\u00e3o de som clara e n\u00edtida. Ideal para capturar vozes humanas com precis\u00e3o e clareza.<\/p>","protected":false},"featured_media":2628,"comment_status":"open","ping_status":"closed","template":"","meta":[],"product_brand":[721],"product_cat":[16,21],"product_tag":[280,288,116],"class_list":{"0":"post-201","1":"product","2":"type-product","3":"status-publish","4":"has-post-thumbnail","6":"product_brand-ecmic","7":"product_cat-electret-microphones","8":"product_cat-unidirectional-microphones","9":"product_tag-14mm","10":"product_tag-solder-pads","11":"product_tag-vocal","13":"first","14":"instock","15":"shipping-taxable","16":"purchasable","17":"product-type-simple"},"_links":{"self":[{"href":"https:\/\/ecmicrophones.com\/pt\/wp-json\/wp\/v2\/product\/201","targetHints":{"allow":["GET"]}}],"collection":[{"href":"https:\/\/ecmicrophones.com\/pt\/wp-json\/wp\/v2\/product"}],"about":[{"href":"https:\/\/ecmicrophones.com\/pt\/wp-json\/wp\/v2\/types\/product"}],"replies":[{"embeddable":true,"href":"https:\/\/ecmicrophones.com\/pt\/wp-json\/wp\/v2\/comments?post=201"}],"wp:featuredmedia":[{"embeddable":true,"href":"https:\/\/ecmicrophones.com\/pt\/wp-json\/wp\/v2\/media\/2628"}],"wp:attachment":[{"href":"https:\/\/ecmicrophones.com\/pt\/wp-json\/wp\/v2\/media?parent=201"}],"wp:term":[{"taxonomy":"product_brand","embeddable":true,"href":"https:\/\/ecmicrophones.com\/pt\/wp-json\/wp\/v2\/product_brand?post=201"},{"taxonomy":"product_cat","embeddable":true,"href":"https:\/\/ecmicrophones.com\/pt\/wp-json\/wp\/v2\/product_cat?post=201"},{"taxonomy":"product_tag","embeddable":true,"href":"https:\/\/ecmicrophones.com\/pt\/wp-json\/wp\/v2\/product_tag?post=201"}],"curies":[{"name":"wp","href":"https:\/\/api.w.org\/{rel}","templated":true}]}}