{"id":2191,"date":"2025-01-21T12:34:20","date_gmt":"2025-01-21T04:34:20","guid":{"rendered":"https:\/\/ecmicrophones.com\/?post_type=product&#038;p=2191"},"modified":"2026-03-19T15:08:27","modified_gmt":"2026-03-19T07:08:27","slug":"6-5-inch-woofer-speaker-low-frequency-unit-for-deep-bass","status":"publish","type":"product","link":"https:\/\/ecmicrophones.com\/pt\/6-5-inch-woofer-speaker-low-frequency-unit-for-deep-bass\/","title":{"rendered":"Alto-falante woofer de 6,5 polegadas - Unidade de baixa frequ\u00eancia para graves profundos"},"content":{"rendered":"<h2 class=\"text-start\">Especifica\u00e7\u00f5es t\u00e9cnicas<\/h2>\n<p class=\"text-start\">O ECM-SP16575RS-001 \u00e9 um alto-falante woofer de 6,5 polegadas projetado para reprodu\u00e7\u00e3o de graves profundos e din\u00e2micos. Com uma robusta bobina de voz de 38 mm e uma faixa de frequ\u00eancia de 500 Hz a 10 kHz, esse woofer garante um desempenho de baixa frequ\u00eancia impactante. Sua alta sensibilidade de 90dB SPL e seu design dur\u00e1vel o tornam adequado para home theaters, sistemas de som profissionais e outras aplica\u00e7\u00f5es que exigem graves ricos e potentes. O woofer oferece desempenho consistente e confi\u00e1vel, o que o torna uma excelente op\u00e7\u00e3o para v\u00e1rias configura\u00e7\u00f5es de \u00e1udio.<\/p>\n<h3 class=\"pt-5 text-start\">Curva de resposta de frequ\u00eancia<\/h3>\n<p><img loading=\"lazy\" decoding=\"async\" class=\"alignnone size-full wp-image-2201\" src=\"https:\/\/ecmicrophones.com\/wp-content\/uploads\/2025\/01\/response-curve_sp16575rs-001-1.png\" alt=\"Alto-falante de graves de 6,5 polegadas medido de acordo com o padr\u00e3o IEC 268-5\" width=\"1042\" height=\"458\" srcset=\"https:\/\/ecmicrophones.com\/wp-content\/uploads\/2025\/01\/response-curve_sp16575rs-001-1.png 1042w, https:\/\/ecmicrophones.com\/wp-content\/uploads\/2025\/01\/response-curve_sp16575rs-001-1-300x132.png 300w, https:\/\/ecmicrophones.com\/wp-content\/uploads\/2025\/01\/response-curve_sp16575rs-001-1-1024x450.png 1024w, https:\/\/ecmicrophones.com\/wp-content\/uploads\/2025\/01\/response-curve_sp16575rs-001-1-768x338.png 768w, https:\/\/ecmicrophones.com\/wp-content\/uploads\/2025\/01\/response-curve_sp16575rs-001-1-18x8.png 18w, https:\/\/ecmicrophones.com\/wp-content\/uploads\/2025\/01\/response-curve_sp16575rs-001-1-600x264.png 600w\" sizes=\"auto, (max-width: 1042px) 100vw, 1042px\" \/><\/p>\n<p>Unidade de graves com pot\u00eancia nominal de 80 W e frequ\u00eancia de resson\u00e2ncia de 60 Hz, testada em c\u00e2mara anecoica usando o sistema SoundCheck.<\/p>\n<h3 class=\"pt-5 text-start\">Imped\u00e2ncia versus frequ\u00eancia<\/h3>\n<p><img loading=\"lazy\" decoding=\"async\" class=\"alignnone size-full wp-image-2200\" src=\"https:\/\/ecmicrophones.com\/wp-content\/uploads\/2025\/01\/impedance-frequency_sp16575rs-001-1.png\" alt=\"Curva de imped\u00e2ncia de 3,6\u03a9 com bobina de voz de 38 mm\" width=\"1044\" height=\"464\" srcset=\"https:\/\/ecmicrophones.com\/wp-content\/uploads\/2025\/01\/impedance-frequency_sp16575rs-001-1.png 1044w, https:\/\/ecmicrophones.com\/wp-content\/uploads\/2025\/01\/impedance-frequency_sp16575rs-001-1-300x133.png 300w, https:\/\/ecmicrophones.com\/wp-content\/uploads\/2025\/01\/impedance-frequency_sp16575rs-001-1-1024x455.png 1024w, https:\/\/ecmicrophones.com\/wp-content\/uploads\/2025\/01\/impedance-frequency_sp16575rs-001-1-768x341.png 768w, https:\/\/ecmicrophones.com\/wp-content\/uploads\/2025\/01\/impedance-frequency_sp16575rs-001-1-18x8.png 18w, https:\/\/ecmicrophones.com\/wp-content\/uploads\/2025\/01\/impedance-frequency_sp16575rs-001-1-600x267.png 600w\" sizes=\"auto, (max-width: 1044px) 100vw, 1044px\" \/><\/p>\n<p>Resist\u00eancia CC est\u00e1vel de 3,6\u03a9\u00b110%, com bobina de voz ASV\/PESV de \u00d838 mm com fio condutor de 60\u00b0.<\/p>\n<h3 class=\"pt-5 text-start\">Dimens\u00f5es (UNIDADE: mm)<\/h3>\n<p><img loading=\"lazy\" decoding=\"async\" class=\"alignnone size-full wp-image-2199\" src=\"https:\/\/ecmicrophones.com\/wp-content\/uploads\/2025\/01\/appearance-size_sp16575rs-001-1.png\" alt=\"Projeto mec\u00e2nico do alto-falante de graves com 165 mm de di\u00e2metro\" width=\"593\" height=\"771\" srcset=\"https:\/\/ecmicrophones.com\/wp-content\/uploads\/2025\/01\/appearance-size_sp16575rs-001-1.png 593w, https:\/\/ecmicrophones.com\/wp-content\/uploads\/2025\/01\/appearance-size_sp16575rs-001-1-231x300.png 231w, https:\/\/ecmicrophones.com\/wp-content\/uploads\/2025\/01\/appearance-size_sp16575rs-001-1-9x12.png 9w\" sizes=\"auto, (max-width: 593px) 100vw, 593px\" \/><\/p>\n<p>Estrutura compacta de \u00d8165\u00b10,5 mm \u00d775\u00b10,5 mm com cesto de a\u00e7o preto e cone de papel.<\/p>","protected":false},"excerpt":{"rendered":"<p>Potente woofer de 6,5 polegadas com uma bobina de voz de 38 mm, que proporciona graves din\u00e2micos e \u00e1udio de baixa frequ\u00eancia rico.<\/p>","protected":false},"featured_media":2457,"comment_status":"open","ping_status":"closed","template":"","meta":[],"product_brand":[721],"product_cat":[393],"product_tag":[],"class_list":{"0":"post-2191","1":"product","2":"type-product","3":"status-publish","4":"has-post-thumbnail","6":"product_brand-ecmic","7":"product_cat-speaker-drivers","9":"first","10":"instock","11":"shipping-taxable","12":"purchasable","13":"product-type-simple"},"_links":{"self":[{"href":"https:\/\/ecmicrophones.com\/pt\/wp-json\/wp\/v2\/product\/2191","targetHints":{"allow":["GET"]}}],"collection":[{"href":"https:\/\/ecmicrophones.com\/pt\/wp-json\/wp\/v2\/product"}],"about":[{"href":"https:\/\/ecmicrophones.com\/pt\/wp-json\/wp\/v2\/types\/product"}],"replies":[{"embeddable":true,"href":"https:\/\/ecmicrophones.com\/pt\/wp-json\/wp\/v2\/comments?post=2191"}],"wp:featuredmedia":[{"embeddable":true,"href":"https:\/\/ecmicrophones.com\/pt\/wp-json\/wp\/v2\/media\/2457"}],"wp:attachment":[{"href":"https:\/\/ecmicrophones.com\/pt\/wp-json\/wp\/v2\/media?parent=2191"}],"wp:term":[{"taxonomy":"product_brand","embeddable":true,"href":"https:\/\/ecmicrophones.com\/pt\/wp-json\/wp\/v2\/product_brand?post=2191"},{"taxonomy":"product_cat","embeddable":true,"href":"https:\/\/ecmicrophones.com\/pt\/wp-json\/wp\/v2\/product_cat?post=2191"},{"taxonomy":"product_tag","embeddable":true,"href":"https:\/\/ecmicrophones.com\/pt\/wp-json\/wp\/v2\/product_tag?post=2191"}],"curies":[{"name":"wp","href":"https:\/\/api.w.org\/{rel}","templated":true}]}}