{"id":2193,"date":"2025-01-21T12:34:16","date_gmt":"2025-01-21T04:34:16","guid":{"rendered":"https:\/\/ecmicrophones.com\/?post_type=product&#038;p=2193"},"modified":"2026-03-19T15:08:43","modified_gmt":"2026-03-19T07:08:43","slug":"4inch-tweeter-speaker-high-frequency-unit-for-precision-audio","status":"publish","type":"product","link":"https:\/\/ecmicrophones.com\/pt\/4inch-tweeter-speaker-high-frequency-unit-for-precision-audio\/","title":{"rendered":"Alto-falante com tweeter de 4 polegadas - Unidade de alta frequ\u00eancia para \u00e1udio de precis\u00e3o"},"content":{"rendered":"<h2 class=\"text-start\">Especifica\u00e7\u00f5es t\u00e9cnicas<\/h2>\n<p class=\"text-start\">O ECM-SP10335RS-001 \u00e9 um alto-falante de tweeter de 4\u00d71,4 polegadas projetado para fornecer \u00e1udio de alta frequ\u00eancia preciso. Com uma bobina de voz de 25 mm e uma faixa de frequ\u00eancia de 60 Hz a 10 kHz, essa unidade garante uma reprodu\u00e7\u00e3o de som precisa para aplica\u00e7\u00f5es de \u00e1udio profissional. Com seu design compacto e desempenho est\u00e1vel, \u00e9 ideal para uso em sistemas de \u00e1udio dom\u00e9stico, monitores de est\u00fadio e sistemas de som automotivo. O tweeter \u00e9 otimizado para aplica\u00e7\u00f5es que exigem clareza e detalhes na faixa de alta frequ\u00eancia.<\/p>\n<h3 class=\"pt-5 text-start\">Curva de resposta de frequ\u00eancia<\/h3>\n<p><img loading=\"lazy\" decoding=\"async\" class=\"alignnone size-full wp-image-2206\" src=\"https:\/\/ecmicrophones.com\/wp-content\/uploads\/2025\/01\/response-curve_sp10335rs-001.png\" alt=\"Resposta de frequ\u00eancia do tweeter de 103 mm (500Hz-10kHz)\" width=\"903\" height=\"427\" srcset=\"https:\/\/ecmicrophones.com\/wp-content\/uploads\/2025\/01\/response-curve_sp10335rs-001.png 903w, https:\/\/ecmicrophones.com\/wp-content\/uploads\/2025\/01\/response-curve_sp10335rs-001-300x142.png 300w, https:\/\/ecmicrophones.com\/wp-content\/uploads\/2025\/01\/response-curve_sp10335rs-001-768x363.png 768w, https:\/\/ecmicrophones.com\/wp-content\/uploads\/2025\/01\/response-curve_sp10335rs-001-18x9.png 18w, https:\/\/ecmicrophones.com\/wp-content\/uploads\/2025\/01\/response-curve_sp10335rs-001-600x284.png 600w\" sizes=\"auto, (max-width: 903px) 100vw, 903px\" \/><\/p>\n<p>Unidade de alta frequ\u00eancia com sensibilidade de 90dB\u00b13dB, frequ\u00eancia de resson\u00e2ncia de 800Hz\u00b120%, testada de acordo com a norma IEC 268-5.<\/p>\n<h3 class=\"pt-5 text-start\">Imped\u00e2ncia versus frequ\u00eancia<\/h3>\n<p><img loading=\"lazy\" decoding=\"async\" class=\"alignnone size-full wp-image-2207\" src=\"https:\/\/ecmicrophones.com\/wp-content\/uploads\/2025\/01\/impedance-frequency_sp10335rs-001.png\" alt=\"Curva de imped\u00e2ncia do tweeter de 3,6\u03a9\" width=\"925\" height=\"428\" srcset=\"https:\/\/ecmicrophones.com\/wp-content\/uploads\/2025\/01\/impedance-frequency_sp10335rs-001.png 925w, https:\/\/ecmicrophones.com\/wp-content\/uploads\/2025\/01\/impedance-frequency_sp10335rs-001-300x139.png 300w, https:\/\/ecmicrophones.com\/wp-content\/uploads\/2025\/01\/impedance-frequency_sp10335rs-001-768x355.png 768w, https:\/\/ecmicrophones.com\/wp-content\/uploads\/2025\/01\/impedance-frequency_sp10335rs-001-18x8.png 18w, https:\/\/ecmicrophones.com\/wp-content\/uploads\/2025\/01\/impedance-frequency_sp10335rs-001-600x278.png 600w\" sizes=\"auto, (max-width: 925px) 100vw, 925px\" \/><\/p>\n<p>Bobina de voz ASV\/PESV de 25 mm com resist\u00eancia CC de 3,6\u03a9\u00b110% e configura\u00e7\u00e3o de fio condutor de 180\u00b0.<\/p>\n<h3 class=\"pt-5 text-start\">Dimens\u00f5es (UNIDADE: mm)<\/h3>\n<p><img loading=\"lazy\" decoding=\"async\" class=\"alignnone size-full wp-image-2205\" src=\"https:\/\/ecmicrophones.com\/wp-content\/uploads\/2025\/01\/appearance-size_sp10335rs-001.jpg\" alt=\"Desenho mec\u00e2nico do tweeter de 103 mm\" width=\"450\" height=\"450\" srcset=\"https:\/\/ecmicrophones.com\/wp-content\/uploads\/2025\/01\/appearance-size_sp10335rs-001.jpg 450w, https:\/\/ecmicrophones.com\/wp-content\/uploads\/2025\/01\/appearance-size_sp10335rs-001-300x300.jpg 300w, https:\/\/ecmicrophones.com\/wp-content\/uploads\/2025\/01\/appearance-size_sp10335rs-001-150x150.jpg 150w, https:\/\/ecmicrophones.com\/wp-content\/uploads\/2025\/01\/appearance-size_sp10335rs-001-12x12.jpg 12w, https:\/\/ecmicrophones.com\/wp-content\/uploads\/2025\/01\/appearance-size_sp10335rs-001-100x100.jpg 100w\" sizes=\"auto, (max-width: 450px) 100vw, 450px\" \/><\/p>\n<p>Estrutura compacta de \u00d8103mm\u00d734,7mm com chassi de a\u00e7o preto e diafragma de seda.<\/p>","protected":false},"excerpt":{"rendered":"<p>Tweeter de 4\u00d71,4 polegadas de alto desempenho com uma bobina de voz de 25 mm, proporcionando um som de alta frequ\u00eancia preciso e est\u00e1vel.<\/p>","protected":false},"featured_media":2455,"comment_status":"open","ping_status":"closed","template":"","meta":[],"product_brand":[721],"product_cat":[393],"product_tag":[],"class_list":{"0":"post-2193","1":"product","2":"type-product","3":"status-publish","4":"has-post-thumbnail","6":"product_brand-ecmic","7":"product_cat-speaker-drivers","9":"first","10":"instock","11":"shipping-taxable","12":"purchasable","13":"product-type-simple"},"_links":{"self":[{"href":"https:\/\/ecmicrophones.com\/pt\/wp-json\/wp\/v2\/product\/2193","targetHints":{"allow":["GET"]}}],"collection":[{"href":"https:\/\/ecmicrophones.com\/pt\/wp-json\/wp\/v2\/product"}],"about":[{"href":"https:\/\/ecmicrophones.com\/pt\/wp-json\/wp\/v2\/types\/product"}],"replies":[{"embeddable":true,"href":"https:\/\/ecmicrophones.com\/pt\/wp-json\/wp\/v2\/comments?post=2193"}],"wp:featuredmedia":[{"embeddable":true,"href":"https:\/\/ecmicrophones.com\/pt\/wp-json\/wp\/v2\/media\/2455"}],"wp:attachment":[{"href":"https:\/\/ecmicrophones.com\/pt\/wp-json\/wp\/v2\/media?parent=2193"}],"wp:term":[{"taxonomy":"product_brand","embeddable":true,"href":"https:\/\/ecmicrophones.com\/pt\/wp-json\/wp\/v2\/product_brand?post=2193"},{"taxonomy":"product_cat","embeddable":true,"href":"https:\/\/ecmicrophones.com\/pt\/wp-json\/wp\/v2\/product_cat?post=2193"},{"taxonomy":"product_tag","embeddable":true,"href":"https:\/\/ecmicrophones.com\/pt\/wp-json\/wp\/v2\/product_tag?post=2193"}],"curies":[{"name":"wp","href":"https:\/\/api.w.org\/{rel}","templated":true}]}}