{"id":2299,"date":"2025-03-14T15:50:10","date_gmt":"2025-03-14T07:50:10","guid":{"rendered":"https:\/\/ecmicrophones.com\/?post_type=product&#038;p=2299"},"modified":"2026-03-19T15:06:38","modified_gmt":"2026-03-19T07:06:38","slug":"micro-dynamic-receiver-for-bluetooth-headsets-and-hearing-aids","status":"publish","type":"product","link":"https:\/\/ecmicrophones.com\/pt\/micro-dynamic-receiver-for-bluetooth-headsets-and-hearing-aids\/","title":{"rendered":"Receptor micro din\u00e2mico para fones de ouvido Bluetooth e aparelhos auditivos"},"content":{"rendered":"<h2 class=\"text-start\">Especifica\u00e7\u00f5es t\u00e9cnicas<\/h2>\n<p class=\"text-start\">O RE-0633RS-001 \u00e9 um receptor micro din\u00e2mico projetado com precis\u00e3o que oferece desempenho de \u00e1udio excepcional em um pacote compacto e dur\u00e1vel. Projetado para uma ampla gama de aplica\u00e7\u00f5es de \u00e1udio, esse receptor apresenta uma bobina de voz de cobre e um poderoso \u00edm\u00e3 de Nd-Fe-B, garantindo reprodu\u00e7\u00e3o de som de alta qualidade com distor\u00e7\u00e3o m\u00ednima. O receptor \u00e9 alojado em uma estrutura robusta de ABS, proporcionando durabilidade e confiabilidade em v\u00e1rias condi\u00e7\u00f5es ambientais.<\/p>\n<p class=\"text-start\">As principais especifica\u00e7\u00f5es incluem uma pot\u00eancia de entrada nominal de 1 mW, uma pot\u00eancia de entrada m\u00e1xima de 2 mW e uma sensibilidade de 86 dB SPL \u00b1 3 dB a 1 kHz (tens\u00e3o de sa\u00edda de 0,173 V). O receptor opera com efici\u00eancia em uma ampla faixa de frequ\u00eancia de 20 Hz a 20 kHz, o que o torna adequado para transmiss\u00e3o de voz clara e reprodu\u00e7\u00e3o de \u00e1udio de alta fidelidade. Com uma distor\u00e7\u00e3o harm\u00f4nica total de menos de 5% a 1 kHz, o RE-0633RS-001 garante uma reprodu\u00e7\u00e3o de som precisa e sem distor\u00e7\u00e3o.<\/p>\n<p class=\"text-start\">O receptor \u00e9 compat\u00edvel com RoHS, atendendo aos padr\u00f5es ambientais e de seguran\u00e7a. Ele foi submetido a extensos testes de confiabilidade, incluindo testes de vida \u00fatil, resist\u00eancia t\u00e9rmica, umidade, ciclo t\u00e9rmico e impacto de queda, garantindo um desempenho confi\u00e1vel em v\u00e1rias condi\u00e7\u00f5es. O RE-0633RS-001 \u00e9 uma excelente op\u00e7\u00e3o para aplica\u00e7\u00f5es que exigem \u00e1udio de alta qualidade em um design compacto e dur\u00e1vel.<\/p>\n<h3 class=\"pt-5 text-start\">Curva de resposta de frequ\u00eancia<\/h3>\n<p><img loading=\"lazy\" decoding=\"async\" class=\"alignnone size-full wp-image-2302\" src=\"https:\/\/ecmicrophones.com\/wp-content\/uploads\/2025\/03\/response-curve_ecm-re0633rs-001.png\" alt=\"Resposta ECM-RE0633RS-001: Refor\u00e7o LF de 20Hz-3kHz (+5dB@3kHz), redu\u00e7\u00e3o de -12dB\/oct (20Hz-20kHz)\" width=\"801\" height=\"363\" srcset=\"https:\/\/ecmicrophones.com\/wp-content\/uploads\/2025\/03\/response-curve_ecm-re0633rs-001.png 801w, https:\/\/ecmicrophones.com\/wp-content\/uploads\/2025\/03\/response-curve_ecm-re0633rs-001-300x136.png 300w, https:\/\/ecmicrophones.com\/wp-content\/uploads\/2025\/03\/response-curve_ecm-re0633rs-001-768x348.png 768w, https:\/\/ecmicrophones.com\/wp-content\/uploads\/2025\/03\/response-curve_ecm-re0633rs-001-18x8.png 18w, https:\/\/ecmicrophones.com\/wp-content\/uploads\/2025\/03\/response-curve_ecm-re0633rs-001-600x272.png 600w\" sizes=\"auto, (max-width: 801px) 100vw, 801px\" \/><\/p>\n<p>Resposta SPL de 86 dB: Forte \u00eanfase nos graves de 20 Hz a 3 kHz com pico em 3 kHz (+5 dB), com atenua\u00e7\u00e3o controlada de -12 dB\/oitava (IEC 60318-4).<\/p>\n<h3 class=\"pt-5 text-start\">Dimens\u00f5es (unidade: mm)<\/h3>\n<p><img loading=\"lazy\" decoding=\"async\" class=\"alignnone size-full wp-image-2301\" src=\"https:\/\/ecmicrophones.com\/wp-content\/uploads\/2025\/03\/appearance-size_ecm-re0633rs-001.png\" alt=\"ECM-RE0633RS-001 Dimens\u00f5es: Precis\u00e3o \u03a66,2\u00d73,25 mm (micro-receptor de 30\u03a9)\" width=\"856\" height=\"484\" srcset=\"https:\/\/ecmicrophones.com\/wp-content\/uploads\/2025\/03\/appearance-size_ecm-re0633rs-001.png 856w, https:\/\/ecmicrophones.com\/wp-content\/uploads\/2025\/03\/appearance-size_ecm-re0633rs-001-300x170.png 300w, https:\/\/ecmicrophones.com\/wp-content\/uploads\/2025\/03\/appearance-size_ecm-re0633rs-001-768x434.png 768w, https:\/\/ecmicrophones.com\/wp-content\/uploads\/2025\/03\/appearance-size_ecm-re0633rs-001-18x10.png 18w, https:\/\/ecmicrophones.com\/wp-content\/uploads\/2025\/03\/appearance-size_ecm-re0633rs-001-600x339.png 600w\" sizes=\"auto, (max-width: 856px) 100vw, 856px\" \/><\/p>\n<p>Caixa de alta precis\u00e3o de \u03a66,2\u00d73,25 mm (30\u03a9\u00b120%) para aplica\u00e7\u00f5es em aparelhos auditivos\/TWS.<\/p>","protected":false},"excerpt":{"rendered":"<p>O RE-0633RS-001 \u00e9 um receptor microdin\u00e2mico de alto desempenho projetado para uma sa\u00edda de \u00e1udio n\u00edtida e confi\u00e1vel. Com um design compacto e em conformidade com a RoHS, esse receptor \u00e9 ideal para v\u00e1rias aplica\u00e7\u00f5es de \u00e1udio. Ele apresenta uma bobina de voz de cobre, um \u00edm\u00e3 de Nd-Fe-B e uma estrutura de ABS dur\u00e1vel, garantindo excelente qualidade de som e desempenho duradouro.<\/p>","protected":false},"featured_media":2452,"comment_status":"open","ping_status":"closed","template":"","meta":[],"product_brand":[721],"product_cat":[430],"product_tag":[],"class_list":{"0":"post-2299","1":"product","2":"type-product","3":"status-publish","4":"has-post-thumbnail","6":"product_brand-ecmic","7":"product_cat-dynamic-receivers","9":"first","10":"instock","11":"shipping-taxable","12":"purchasable","13":"product-type-simple"},"_links":{"self":[{"href":"https:\/\/ecmicrophones.com\/pt\/wp-json\/wp\/v2\/product\/2299","targetHints":{"allow":["GET"]}}],"collection":[{"href":"https:\/\/ecmicrophones.com\/pt\/wp-json\/wp\/v2\/product"}],"about":[{"href":"https:\/\/ecmicrophones.com\/pt\/wp-json\/wp\/v2\/types\/product"}],"replies":[{"embeddable":true,"href":"https:\/\/ecmicrophones.com\/pt\/wp-json\/wp\/v2\/comments?post=2299"}],"wp:featuredmedia":[{"embeddable":true,"href":"https:\/\/ecmicrophones.com\/pt\/wp-json\/wp\/v2\/media\/2452"}],"wp:attachment":[{"href":"https:\/\/ecmicrophones.com\/pt\/wp-json\/wp\/v2\/media?parent=2299"}],"wp:term":[{"taxonomy":"product_brand","embeddable":true,"href":"https:\/\/ecmicrophones.com\/pt\/wp-json\/wp\/v2\/product_brand?post=2299"},{"taxonomy":"product_cat","embeddable":true,"href":"https:\/\/ecmicrophones.com\/pt\/wp-json\/wp\/v2\/product_cat?post=2299"},{"taxonomy":"product_tag","embeddable":true,"href":"https:\/\/ecmicrophones.com\/pt\/wp-json\/wp\/v2\/product_tag?post=2299"}],"curies":[{"name":"wp","href":"https:\/\/api.w.org\/{rel}","templated":true}]}}