{"id":3096,"date":"2025-07-10T14:10:22","date_gmt":"2025-07-10T06:10:22","guid":{"rendered":"https:\/\/ecmicrophones.com\/?post_type=product&#038;p=3096"},"modified":"2026-03-19T15:06:15","modified_gmt":"2026-03-19T07:06:15","slug":"14mm-150ohm-dynamic-mic-capsule-for-headset-microphones","status":"publish","type":"product","link":"https:\/\/ecmicrophones.com\/pt\/14mm-150ohm-dynamic-mic-capsule-for-headset-microphones\/","title":{"rendered":"C\u00e1psula de microfone din\u00e2mico de 14 mm 150\u03a9 para microfones de fone de ouvido"},"content":{"rendered":"<h2 class=\"text-start\">Especifica\u00e7\u00f5es t\u00e9cnicas<\/h2>\n<p class=\"text-start\">A c\u00e1psula de microfone din\u00e2mico ECM-DM13860K150 foi desenvolvida especificamente para dispositivos centrados em voz usados em ambientes de comunica\u00e7\u00e3o hands-free e de montagem fixa. Com seu formato compacto de 13,8 \u00d7 6 mm, imped\u00e2ncia est\u00e1vel de 150\u03a9 e uma resposta de frequ\u00eancia adaptada \u00e0 fala (200Hz-7kHz), ele garante uma capta\u00e7\u00e3o de voz clara e intelig\u00edvel com o m\u00ednimo de interfer\u00eancia do ambiente.<\/p>\n<p class=\"text-start\">O padr\u00e3o de capta\u00e7\u00e3o unidirecional isola a voz do locutor, tornando-o ideal para fones de ouvido boom em call centers, treinamento esportivo e sistemas de amplifica\u00e7\u00e3o em sala de aula, onde a clareza vocal \u00e9 essencial. Sua constru\u00e7\u00e3o dur\u00e1vel e seu desempenho de \u00e1udio consistente tamb\u00e9m s\u00e3o adequados para unidades de intercomunica\u00e7\u00e3o robustas e microfones de alto-falante de r\u00e1dio bidirecional que operam em ambientes exigentes.<\/p>\n<p class=\"text-start\">Seja em comunica\u00e7\u00e3o profissional, uso instrucional ou sistemas de voz m\u00f3veis, o ECM-DM13860K150 oferece reprodu\u00e7\u00e3o de som confi\u00e1vel e focada em uma ampla gama de aplica\u00e7\u00f5es do mundo real.<\/p>\n<h3 class=\"pt-5 text-start\">Componentes da c\u00e1psula do microfone din\u00e2mico<\/h3>\n<p><img loading=\"lazy\" decoding=\"async\" class=\"alignnone wp-image-3884 size-full\" src=\"https:\/\/ecmicrophones.com\/wp-content\/uploads\/2025\/07\/dynamic-part_ecm-dm13860K150.png\" alt=\"Componentes da c\u00e1psula do microfone din\u00e2mico\" width=\"600\" height=\"310\" srcset=\"https:\/\/ecmicrophones.com\/wp-content\/uploads\/2025\/07\/dynamic-part_ecm-dm13860K150.png 600w, https:\/\/ecmicrophones.com\/wp-content\/uploads\/2025\/07\/dynamic-part_ecm-dm13860K150-300x155.png 300w, https:\/\/ecmicrophones.com\/wp-content\/uploads\/2025\/07\/dynamic-part_ecm-dm13860K150-18x9.png 18w\" sizes=\"auto, (max-width: 600px) 100vw, 600px\" \/><\/p>\n<p>Lista de componentes: Esponja, tampa, diafragma, bobina, a\u00e7o magn\u00e9tico, potes de ferro, suporte, placa de circuito impresso com revestimento de estanho.<\/p>\n<h3 class=\"pt-5 text-start\">Resposta de frequ\u00eancia t\u00edpica<\/h3>\n<p><img loading=\"lazy\" decoding=\"async\" class=\"alignnone size-full wp-image-3105\" src=\"https:\/\/ecmicrophones.com\/wp-content\/uploads\/2025\/07\/response-curve_ecm-dm13860K150.png\" alt=\"Resposta de frequ\u00eancia t\u00edpica\" width=\"604\" height=\"497\" srcset=\"https:\/\/ecmicrophones.com\/wp-content\/uploads\/2025\/07\/response-curve_ecm-dm13860K150.png 604w, https:\/\/ecmicrophones.com\/wp-content\/uploads\/2025\/07\/response-curve_ecm-dm13860K150-300x247.png 300w, https:\/\/ecmicrophones.com\/wp-content\/uploads\/2025\/07\/response-curve_ecm-dm13860K150-15x12.png 15w, https:\/\/ecmicrophones.com\/wp-content\/uploads\/2025\/07\/response-curve_ecm-dm13860K150-600x494.png 600w\" sizes=\"auto, (max-width: 604px) 100vw, 604px\" \/><\/p>\n<p>A resposta de frequ\u00eancia se estende de 200 Hz a 7 kHz, apresentando um aumento suave que atinge o pico pr\u00f3ximo a 6 kHz antes de se afastar - ideal para uma presen\u00e7a vocal e de m\u00e9dios n\u00edtida.<\/p>\n<h3 class=\"pt-5 text-start\">Dimens\u00f5es (UNIDADE: mm)<\/h3>\n<p><img loading=\"lazy\" decoding=\"async\" class=\"alignnone size-full wp-image-3104\" src=\"https:\/\/ecmicrophones.com\/wp-content\/uploads\/2025\/07\/appearance-size_ecm-dm13860K150.png\" alt=\"Dimens\u00f5es\" width=\"509\" height=\"330\" srcset=\"https:\/\/ecmicrophones.com\/wp-content\/uploads\/2025\/07\/appearance-size_ecm-dm13860K150.png 509w, https:\/\/ecmicrophones.com\/wp-content\/uploads\/2025\/07\/appearance-size_ecm-dm13860K150-300x194.png 300w, https:\/\/ecmicrophones.com\/wp-content\/uploads\/2025\/07\/appearance-size_ecm-dm13860K150-18x12.png 18w\" sizes=\"auto, (max-width: 509px) 100vw, 509px\" \/><\/p>\n<p>A c\u00e1psula mede 13,8 mm de di\u00e2metro e 6 mm de altura.<\/p>","protected":false},"excerpt":{"rendered":"<p>C\u00e1psula compacta de microfone din\u00e2mico unidirecional de 14 mm projetada para uma variedade de aplica\u00e7\u00f5es de capta\u00e7\u00e3o de voz - incluindo fones de ouvido boom, microfones de alto-falante de r\u00e1dio bidirecional, intercomunicadores e sistemas de amplifica\u00e7\u00e3o em sala de aula - proporcionando clareza de voz natural com uma imped\u00e2ncia de 150\u03a9 e uma resposta de frequ\u00eancia focada de 200Hz a 7kHz.<\/p>","protected":false},"featured_media":3098,"comment_status":"open","ping_status":"closed","template":"","meta":[],"product_brand":[721],"product_cat":[17],"product_tag":[311,116],"class_list":{"0":"post-3096","1":"product","2":"type-product","3":"status-publish","4":"has-post-thumbnail","6":"product_brand-ecmic","7":"product_cat-dynamic-microphones","8":"product_tag-15mm","9":"product_tag-vocal","11":"first","12":"instock","13":"shipping-taxable","14":"purchasable","15":"product-type-simple"},"_links":{"self":[{"href":"https:\/\/ecmicrophones.com\/pt\/wp-json\/wp\/v2\/product\/3096","targetHints":{"allow":["GET"]}}],"collection":[{"href":"https:\/\/ecmicrophones.com\/pt\/wp-json\/wp\/v2\/product"}],"about":[{"href":"https:\/\/ecmicrophones.com\/pt\/wp-json\/wp\/v2\/types\/product"}],"replies":[{"embeddable":true,"href":"https:\/\/ecmicrophones.com\/pt\/wp-json\/wp\/v2\/comments?post=3096"}],"wp:featuredmedia":[{"embeddable":true,"href":"https:\/\/ecmicrophones.com\/pt\/wp-json\/wp\/v2\/media\/3098"}],"wp:attachment":[{"href":"https:\/\/ecmicrophones.com\/pt\/wp-json\/wp\/v2\/media?parent=3096"}],"wp:term":[{"taxonomy":"product_brand","embeddable":true,"href":"https:\/\/ecmicrophones.com\/pt\/wp-json\/wp\/v2\/product_brand?post=3096"},{"taxonomy":"product_cat","embeddable":true,"href":"https:\/\/ecmicrophones.com\/pt\/wp-json\/wp\/v2\/product_cat?post=3096"},{"taxonomy":"product_tag","embeddable":true,"href":"https:\/\/ecmicrophones.com\/pt\/wp-json\/wp\/v2\/product_tag?post=3096"}],"curies":[{"name":"wp","href":"https:\/\/api.w.org\/{rel}","templated":true}]}}