{"id":3122,"date":"2025-07-14T16:17:46","date_gmt":"2025-07-14T08:17:46","guid":{"rendered":"https:\/\/ecmicrophones.com\/?post_type=product&#038;p=3122"},"modified":"2026-04-10T13:51:53","modified_gmt":"2026-04-10T05:51:53","slug":"20mm-dynamic-microphone-capsule-for-saxophone","status":"publish","type":"product","link":"https:\/\/ecmicrophones.com\/pt\/20mm-dynamic-microphone-capsule-for-saxophone\/","title":{"rendered":"C\u00e1psula de microfone din\u00e2mico de 20 mm para saxofone"},"content":{"rendered":"<h2 class=\"text-start\">Especifica\u00e7\u00f5es t\u00e9cnicas<\/h2>\n<p class=\"text-start\">A c\u00e1psula do microfone din\u00e2mico DM2025-2K600 foi projetada especificamente para instrumentos de sopro - especialmente saxofones - com uma constru\u00e7\u00e3o dur\u00e1vel e desempenho ac\u00fastico focado. Sua estrutura cil\u00edndrica de 20,4 mm abriga um sistema robusto de bobina e diafragma que proporciona graves quentes e m\u00e9dios bem definidos, tornando-o ideal para refor\u00e7o de som ao vivo.<\/p>\n<p class=\"text-start\">Com uma resposta de frequ\u00eancia que vai de 100Hz a 15kHz e uma imped\u00e2ncia de sa\u00edda est\u00e1vel de 600\u03a9, essa c\u00e1psula se integra perfeitamente aos microfones de instrumento clip-on projetados para saxofones, com compatibilidade adicional para aplica\u00e7\u00f5es de microfone de m\u00e3o em configura\u00e7\u00f5es vers\u00e1teis ao vivo e em est\u00fadio. Ela proporciona capta\u00e7\u00e3o clara e precisa de vocais e instrumentos, mantendo excelente resist\u00eancia \u00e0 realimenta\u00e7\u00e3o.<\/p>\n<p class=\"text-start\">Projetado para resistir a ambientes exigentes, o DM2025-2K600 \u00e9 uma excelente op\u00e7\u00e3o para os fabricantes que buscam elementos de microfone din\u00e2micos robustos e espec\u00edficos para aplica\u00e7\u00f5es de desempenho e comunica\u00e7\u00e3o.<\/p>\n<h3 class=\"pt-5 text-start\">Vista explodida e lista de pe\u00e7as<\/h3>\n<p><img loading=\"lazy\" decoding=\"async\" class=\"alignnone wp-image-3882 size-full\" src=\"https:\/\/ecmicrophones.com\/wp-content\/uploads\/2025\/07\/dynamic-part_ecm-dm2025-2k600.png\" alt=\"Vista explodida\" width=\"580\" height=\"320\" srcset=\"https:\/\/ecmicrophones.com\/wp-content\/uploads\/2025\/07\/dynamic-part_ecm-dm2025-2k600.png 580w, https:\/\/ecmicrophones.com\/wp-content\/uploads\/2025\/07\/dynamic-part_ecm-dm2025-2k600-300x166.png 300w, https:\/\/ecmicrophones.com\/wp-content\/uploads\/2025\/07\/dynamic-part_ecm-dm2025-2k600-18x10.png 18w\" sizes=\"auto, (max-width: 580px) 100vw, 580px\" \/><\/p>\n<p>A estrutura inclui: Esponja, tampa, diafragma, bobina, a\u00e7o magn\u00e9tico, potes de ferro, suporte e placa de circuito impresso com revestimento de estanho.<\/p>\n<h3 class=\"pt-5 text-start\">Resposta de frequ\u00eancia t\u00edpica<\/h3>\n<p><img loading=\"lazy\" decoding=\"async\" class=\"alignnone size-full wp-image-3124\" src=\"https:\/\/ecmicrophones.com\/wp-content\/uploads\/2025\/07\/response-curve_ecm-dm2025-2k600.png\" alt=\"Resposta de frequ\u00eancia\" width=\"597\" height=\"493\" srcset=\"https:\/\/ecmicrophones.com\/wp-content\/uploads\/2025\/07\/response-curve_ecm-dm2025-2k600.png 597w, https:\/\/ecmicrophones.com\/wp-content\/uploads\/2025\/07\/response-curve_ecm-dm2025-2k600-300x248.png 300w, https:\/\/ecmicrophones.com\/wp-content\/uploads\/2025\/07\/response-curve_ecm-dm2025-2k600-15x12.png 15w\" sizes=\"auto, (max-width: 597px) 100vw, 597px\" \/><\/p>\n<p>A resposta de frequ\u00eancia vai de 100 Hz a 15 kHz, proporcionando graves s\u00f3lidos, m\u00e9dios articulados e uma atenua\u00e7\u00e3o suave das altas frequ\u00eancias - bem adequada para a capta\u00e7\u00e3o de instrumentos de sopro.<\/p>\n<h3 class=\"pt-5 text-start\">Dimens\u00f5es (UNIDADE: mm)<\/h3>\n<p><img loading=\"lazy\" decoding=\"async\" class=\"alignnone size-full wp-image-3125\" src=\"https:\/\/ecmicrophones.com\/wp-content\/uploads\/2025\/07\/appearance-size_ecm-dm2025-2k600.png\" alt=\"Dimens\u00f5es\" width=\"406\" height=\"380\" srcset=\"https:\/\/ecmicrophones.com\/wp-content\/uploads\/2025\/07\/appearance-size_ecm-dm2025-2k600.png 406w, https:\/\/ecmicrophones.com\/wp-content\/uploads\/2025\/07\/appearance-size_ecm-dm2025-2k600-300x281.png 300w, https:\/\/ecmicrophones.com\/wp-content\/uploads\/2025\/07\/appearance-size_ecm-dm2025-2k600-13x12.png 13w\" sizes=\"auto, (max-width: 406px) 100vw, 406px\" \/><\/p>\n<p>Design cil\u00edndrico de \u03a620,4 \u00d7 24,9 mm.<\/p>","protected":false},"excerpt":{"rendered":"<p>C\u00e1psula de microfone din\u00e2mico projetada para capta\u00e7\u00e3o de saxofone, com resposta direcional, imped\u00e2ncia de 600\u03a9 e faixa de frequ\u00eancia personalizada para proporcionar um som rico e natural em ambientes de apresenta\u00e7\u00e3o ao vivo.<\/p>","protected":false},"featured_media":3127,"comment_status":"open","ping_status":"closed","template":"","meta":[],"product_brand":[721],"product_cat":[17],"product_tag":[314,111],"class_list":{"0":"post-3122","1":"product","2":"type-product","3":"status-publish","4":"has-post-thumbnail","6":"product_brand-ecmic","7":"product_cat-dynamic-microphones","8":"product_tag-20mm","9":"product_tag-instrument","11":"first","12":"instock","13":"shipping-taxable","14":"purchasable","15":"product-type-simple"},"_links":{"self":[{"href":"https:\/\/ecmicrophones.com\/pt\/wp-json\/wp\/v2\/product\/3122","targetHints":{"allow":["GET"]}}],"collection":[{"href":"https:\/\/ecmicrophones.com\/pt\/wp-json\/wp\/v2\/product"}],"about":[{"href":"https:\/\/ecmicrophones.com\/pt\/wp-json\/wp\/v2\/types\/product"}],"replies":[{"embeddable":true,"href":"https:\/\/ecmicrophones.com\/pt\/wp-json\/wp\/v2\/comments?post=3122"}],"wp:featuredmedia":[{"embeddable":true,"href":"https:\/\/ecmicrophones.com\/pt\/wp-json\/wp\/v2\/media\/3127"}],"wp:attachment":[{"href":"https:\/\/ecmicrophones.com\/pt\/wp-json\/wp\/v2\/media?parent=3122"}],"wp:term":[{"taxonomy":"product_brand","embeddable":true,"href":"https:\/\/ecmicrophones.com\/pt\/wp-json\/wp\/v2\/product_brand?post=3122"},{"taxonomy":"product_cat","embeddable":true,"href":"https:\/\/ecmicrophones.com\/pt\/wp-json\/wp\/v2\/product_cat?post=3122"},{"taxonomy":"product_tag","embeddable":true,"href":"https:\/\/ecmicrophones.com\/pt\/wp-json\/wp\/v2\/product_tag?post=3122"}],"curies":[{"name":"wp","href":"https:\/\/api.w.org\/{rel}","templated":true}]}}