{"id":336,"date":"2024-04-15T07:38:24","date_gmt":"2024-04-15T07:38:24","guid":{"rendered":"https:\/\/ecmicrophones.com\/?post_type=product&#038;p=336"},"modified":"2026-03-19T15:47:49","modified_gmt":"2026-03-19T07:47:49","slug":"dynamic-headset-microphones-element-20mm","status":"publish","type":"product","link":"https:\/\/ecmicrophones.com\/pt\/dynamic-headset-microphones-element-20mm\/","title":{"rendered":"Elemento de Microfones Headset Din\u00e2mico 20mm"},"content":{"rendered":"<h2 class=\"text-start\">Especifica\u00e7\u00f5es t\u00e9cnicas<\/h2>\n<p class=\"text-start\">O ECM-DM2025K600 \u00e9 uma c\u00e1psula de microfone din\u00e2mico de 20 mm projetada para aplica\u00e7\u00f5es de voz direta, como fones de ouvido de comunica\u00e7\u00e3o, sistemas de PA e microfones de m\u00e3o. Com uma resposta de frequ\u00eancia de 100Hz a 13kHz e um padr\u00e3o de capta\u00e7\u00e3o unidirecional, ele capta os tons vocais com clareza e minimiza o ru\u00eddo ambiente.<\/p>\n<p class=\"text-start\">Sua imped\u00e2ncia de 600\u03a9 garante ampla compatibilidade com uma variedade de circuitos de amplifica\u00e7\u00e3o e interfaces de \u00e1udio, enquanto o formato compacto de 20 mm permite a integra\u00e7\u00e3o em fones de ouvido, intercomunicadores e outros dispositivos de voz de perfil fino. Constru\u00edda com uma estrutura interna dur\u00e1vel, essa c\u00e1psula oferece um desempenho confi\u00e1vel e sem distor\u00e7\u00e3o para ambientes orientados para a fala.<\/p>\n<h3 class=\"pt-5 text-start\">Vista explodida e lista de pe\u00e7as<\/h3>\n<p><img loading=\"lazy\" decoding=\"async\" class=\"alignnone wp-image-3895 size-full\" src=\"https:\/\/ecmicrophones.com\/wp-content\/uploads\/2024\/04\/dynamic-part_ecm-dm2025k-600.png\" alt=\"Vista explodida do ECM-DM2025K: Conjunto de alto-falante de 8 componentes\" width=\"580\" height=\"320\" srcset=\"https:\/\/ecmicrophones.com\/wp-content\/uploads\/2024\/04\/dynamic-part_ecm-dm2025k-600.png 580w, https:\/\/ecmicrophones.com\/wp-content\/uploads\/2024\/04\/dynamic-part_ecm-dm2025k-600-300x166.png 300w, https:\/\/ecmicrophones.com\/wp-content\/uploads\/2024\/04\/dynamic-part_ecm-dm2025k-600-18x10.png 18w\" sizes=\"auto, (max-width: 580px) 100vw, 580px\" \/><\/p>\n<p>Composi\u00e7\u00e3o dos componentes: 1. esponja 2. tampa 3. diafragma 4. bobina 5. a\u00e7o magn\u00e9tico 6. panelas de ferro 7. suporte 8. PCB+estanho<\/p>\n<h3 class=\"pt-5 text-start\">Curva de resposta de frequ\u00eancia<\/h3>\n<p><img loading=\"lazy\" decoding=\"async\" class=\"alignnone size-full wp-image-337\" src=\"https:\/\/ecmicrophones.com\/wp-content\/uploads\/2024\/04\/response-curve_ecm-dm2025k-600.png\" alt=\"Resposta de frequ\u00eancia ECM-DM2025K: Curva complexa com v\u00e1rios picos e vales\" width=\"540\" height=\"435\" srcset=\"https:\/\/ecmicrophones.com\/wp-content\/uploads\/2024\/04\/response-curve_ecm-dm2025k-600.png 540w, https:\/\/ecmicrophones.com\/wp-content\/uploads\/2024\/04\/response-curve_ecm-dm2025k-600-300x242.png 300w, https:\/\/ecmicrophones.com\/wp-content\/uploads\/2024\/04\/response-curve_ecm-dm2025k-600-15x12.png 15w\" sizes=\"auto, (max-width: 540px) 100vw, 540px\" \/><\/p>\n<p>A resposta de frequ\u00eancia abrange de 100 Hz a 13 kHz, com graves aprimorados e um aumento de presen\u00e7a na faixa vocal, seguido por uma atenua\u00e7\u00e3o suave dos agudos, projetada para uma captura de som natural e focada.<\/p>\n<h3 class=\"pt-5 text-start\">Dimens\u00f5es (UNIDADE: mm)<\/h3>\n<p><img loading=\"lazy\" decoding=\"async\" class=\"alignnone size-full wp-image-338\" src=\"https:\/\/ecmicrophones.com\/wp-content\/uploads\/2024\/04\/appearance-size_ecm-dm2025k-600.png\" alt=\"ECM-DM2025K Dimens\u00f5es: \u03a620,4\u00d724,9mm\" width=\"406\" height=\"380\" srcset=\"https:\/\/ecmicrophones.com\/wp-content\/uploads\/2024\/04\/appearance-size_ecm-dm2025k-600.png 406w, https:\/\/ecmicrophones.com\/wp-content\/uploads\/2024\/04\/appearance-size_ecm-dm2025k-600-300x281.png 300w, https:\/\/ecmicrophones.com\/wp-content\/uploads\/2024\/04\/appearance-size_ecm-dm2025k-600-13x12.png 13w\" sizes=\"auto, (max-width: 406px) 100vw, 406px\" \/><\/p>\n<p>\u03a6Projeto de alto-falante cil\u00edndrico de 20,4\u00d720,9 mm.<\/p>","protected":false},"excerpt":{"rendered":"<p>Otimizada para microfones de fone de ouvido, sistemas de PA e microfones de m\u00e3o KTV, essa c\u00e1psula de microfone din\u00e2mico unidirecional de 20,4 \u00d7 24,9 mm apresenta uma resposta de frequ\u00eancia de 100 Hz a 13 kHz e imped\u00e2ncia de 600 \u03a9, proporcionando uma reprodu\u00e7\u00e3o vocal natural e focada para aplica\u00e7\u00f5es de comunica\u00e7\u00e3o e entretenimento.<\/p>","protected":false},"featured_media":3132,"comment_status":"open","ping_status":"closed","template":"","meta":[],"product_brand":[721],"product_cat":[17],"product_tag":[314,111],"class_list":{"0":"post-336","1":"product","2":"type-product","3":"status-publish","4":"has-post-thumbnail","6":"product_brand-ecmic","7":"product_cat-dynamic-microphones","8":"product_tag-20mm","9":"product_tag-instrument","11":"first","12":"instock","13":"shipping-taxable","14":"purchasable","15":"product-type-simple"},"_links":{"self":[{"href":"https:\/\/ecmicrophones.com\/pt\/wp-json\/wp\/v2\/product\/336","targetHints":{"allow":["GET"]}}],"collection":[{"href":"https:\/\/ecmicrophones.com\/pt\/wp-json\/wp\/v2\/product"}],"about":[{"href":"https:\/\/ecmicrophones.com\/pt\/wp-json\/wp\/v2\/types\/product"}],"replies":[{"embeddable":true,"href":"https:\/\/ecmicrophones.com\/pt\/wp-json\/wp\/v2\/comments?post=336"}],"wp:featuredmedia":[{"embeddable":true,"href":"https:\/\/ecmicrophones.com\/pt\/wp-json\/wp\/v2\/media\/3132"}],"wp:attachment":[{"href":"https:\/\/ecmicrophones.com\/pt\/wp-json\/wp\/v2\/media?parent=336"}],"wp:term":[{"taxonomy":"product_brand","embeddable":true,"href":"https:\/\/ecmicrophones.com\/pt\/wp-json\/wp\/v2\/product_brand?post=336"},{"taxonomy":"product_cat","embeddable":true,"href":"https:\/\/ecmicrophones.com\/pt\/wp-json\/wp\/v2\/product_cat?post=336"},{"taxonomy":"product_tag","embeddable":true,"href":"https:\/\/ecmicrophones.com\/pt\/wp-json\/wp\/v2\/product_tag?post=336"}],"curies":[{"name":"wp","href":"https:\/\/api.w.org\/{rel}","templated":true}]}}