{"id":343,"date":"2024-04-15T07:12:24","date_gmt":"2024-04-15T07:12:24","guid":{"rendered":"https:\/\/ecmicrophones.com\/?post_type=product&#038;p=343"},"modified":"2026-03-19T15:48:00","modified_gmt":"2026-03-19T07:48:00","slug":"6mm-omnidirectional-electret-microphone-insert-for-wireless-lavalier","status":"publish","type":"product","link":"https:\/\/ecmicrophones.com\/pt\/6mm-omnidirectional-electret-microphone-insert-for-wireless-lavalier\/","title":{"rendered":"Inser\u00e7\u00e3o de microfone de eletreto omnidirecional de 6 mm para lapela sem fio"},"content":{"rendered":"<h2 class=\"text-start\">Especifica\u00e7\u00f5es t\u00e9cnicas<\/h2>\n<p class=\"text-start\">O cabe\u00e7ote do microfone omnidirecional 6027 possui alta sensibilidade e uma alta rela\u00e7\u00e3o sinal-ru\u00eddo, apresentando um design de capacitor duplo interno para qualidade de \u00e1udio superior.<\/p>\n<h3 class=\"pt-5 text-start\">Circuito de teste padr\u00e3o<\/h3>\n<p><img loading=\"lazy\" decoding=\"async\" class=\"alignnone size-full wp-image-344\" src=\"https:\/\/ecmicrophones.com\/wp-content\/uploads\/2024\/04\/standard-test-circuit_ecm-b6027al30-715.png\" alt=\"Circuito de teste ECM-B6027AL30: polariza\u00e7\u00e3o de 2,2k\u03a9, alimenta\u00e7\u00e3o de 2V, sa\u00edda de 1\u03bcF\" width=\"656\" height=\"280\" srcset=\"https:\/\/ecmicrophones.com\/wp-content\/uploads\/2024\/04\/standard-test-circuit_ecm-b6027al30-715.png 656w, https:\/\/ecmicrophones.com\/wp-content\/uploads\/2024\/04\/standard-test-circuit_ecm-b6027al30-715-300x128.png 300w, https:\/\/ecmicrophones.com\/wp-content\/uploads\/2024\/04\/standard-test-circuit_ecm-b6027al30-715-18x8.png 18w, https:\/\/ecmicrophones.com\/wp-content\/uploads\/2024\/04\/standard-test-circuit_ecm-b6027al30-715-600x256.png 600w\" sizes=\"auto, (max-width: 656px) 100vw, 656px\" \/><\/p>\n<p>Resistor de polariza\u00e7\u00e3o de 2,2k\u03a9, alimenta\u00e7\u00e3o de 2V, capacitor de sa\u00edda de 1\u03bcF. Configura\u00e7\u00e3o padr\u00e3o de grau de voz.<\/p>\n<h3 class=\"pt-5 text-start\">Resposta de frequ\u00eancia t\u00edpica<\/h3>\n<p><img loading=\"lazy\" decoding=\"async\" class=\"alignnone size-full wp-image-345\" src=\"https:\/\/ecmicrophones.com\/wp-content\/uploads\/2024\/04\/typical-frequency-response_ecm-b6027al30-715.png\" alt=\"Resposta de frequ\u00eancia ECM-B6027AL30: Plana com atenua\u00e7\u00e3o acima de 8kHz\" width=\"397\" height=\"284\" srcset=\"https:\/\/ecmicrophones.com\/wp-content\/uploads\/2024\/04\/typical-frequency-response_ecm-b6027al30-715.png 397w, https:\/\/ecmicrophones.com\/wp-content\/uploads\/2024\/04\/typical-frequency-response_ecm-b6027al30-715-300x215.png 300w, https:\/\/ecmicrophones.com\/wp-content\/uploads\/2024\/04\/typical-frequency-response_ecm-b6027al30-715-18x12.png 18w\" sizes=\"auto, (max-width: 397px) 100vw, 397px\" \/><\/p>\n<p>Resposta de frequ\u00eancia plana com redu\u00e7\u00e3o controlada acima de 8kHz.<\/p>\n<h3 class=\"pt-5 text-start\">Dimens\u00f5es (unidade: mm)<\/h3>\n<p><img loading=\"lazy\" decoding=\"async\" class=\"alignnone size-full wp-image-346\" src=\"https:\/\/ecmicrophones.com\/wp-content\/uploads\/2024\/04\/appearance-dimension_ecm-b6027al30-715.png\" alt=\"ECM-B6027AL30 Dimens\u00f5es: \u03a66\u00d72,7 mm com malha de poeira frontal (design sem porta)\" width=\"341\" height=\"431\" srcset=\"https:\/\/ecmicrophones.com\/wp-content\/uploads\/2024\/04\/appearance-dimension_ecm-b6027al30-715.png 341w, https:\/\/ecmicrophones.com\/wp-content\/uploads\/2024\/04\/appearance-dimension_ecm-b6027al30-715-237x300.png 237w, https:\/\/ecmicrophones.com\/wp-content\/uploads\/2024\/04\/appearance-dimension_ecm-b6027al30-715-9x12.png 9w\" sizes=\"auto, (max-width: 341px) 100vw, 341px\" \/><\/p>\n<p>\u03a66\u00d72,7 mm de design compacto com malha frontal contra poeira (traseira sem porta).<\/p>","protected":false},"excerpt":{"rendered":"<p>O ECM-B6027AL30-715 \u00e9 uma c\u00e1psula de microfone omnidirecional de 6 \u00d7 2,7 mm projetada para microfones de lapela. Ele oferece uma sensibilidade de -30dB\u00b12 e uma rela\u00e7\u00e3o sinal-ru\u00eddo de 72dB, garantindo captura de som n\u00edtida em v\u00e1rios cen\u00e1rios, tornando-o perfeito para aplica\u00e7\u00f5es de microfone de lapela.<\/p>","protected":false},"featured_media":2559,"comment_status":"open","ping_status":"closed","template":"","meta":[],"product_brand":[721],"product_cat":[16,20],"product_tag":[283,235,288],"class_list":{"0":"post-343","1":"product","2":"type-product","3":"status-publish","4":"has-post-thumbnail","6":"product_brand-ecmic","7":"product_cat-electret-microphones","8":"product_cat-omnidirectional-microphones","9":"product_tag-6mm","10":"product_tag-conference","11":"product_tag-solder-pads","13":"first","14":"instock","15":"shipping-taxable","16":"purchasable","17":"product-type-simple"},"_links":{"self":[{"href":"https:\/\/ecmicrophones.com\/pt\/wp-json\/wp\/v2\/product\/343","targetHints":{"allow":["GET"]}}],"collection":[{"href":"https:\/\/ecmicrophones.com\/pt\/wp-json\/wp\/v2\/product"}],"about":[{"href":"https:\/\/ecmicrophones.com\/pt\/wp-json\/wp\/v2\/types\/product"}],"replies":[{"embeddable":true,"href":"https:\/\/ecmicrophones.com\/pt\/wp-json\/wp\/v2\/comments?post=343"}],"wp:featuredmedia":[{"embeddable":true,"href":"https:\/\/ecmicrophones.com\/pt\/wp-json\/wp\/v2\/media\/2559"}],"wp:attachment":[{"href":"https:\/\/ecmicrophones.com\/pt\/wp-json\/wp\/v2\/media?parent=343"}],"wp:term":[{"taxonomy":"product_brand","embeddable":true,"href":"https:\/\/ecmicrophones.com\/pt\/wp-json\/wp\/v2\/product_brand?post=343"},{"taxonomy":"product_cat","embeddable":true,"href":"https:\/\/ecmicrophones.com\/pt\/wp-json\/wp\/v2\/product_cat?post=343"},{"taxonomy":"product_tag","embeddable":true,"href":"https:\/\/ecmicrophones.com\/pt\/wp-json\/wp\/v2\/product_tag?post=343"}],"curies":[{"name":"wp","href":"https:\/\/api.w.org\/{rel}","templated":true}]}}