{"id":3581,"date":"2025-10-08T09:19:11","date_gmt":"2025-10-08T01:19:11","guid":{"rendered":"https:\/\/ecmicrophones.com\/?post_type=product&#038;p=3581"},"modified":"2026-03-19T15:05:34","modified_gmt":"2026-03-19T07:05:34","slug":"14mm-unidirectional-microphone-capsule-for-broadcast","status":"publish","type":"product","link":"https:\/\/ecmicrophones.com\/pt\/14mm-unidirectional-microphone-capsule-for-broadcast\/","title":{"rendered":"C\u00e1psula de microfone unidirecional de 14 mm para transmiss\u00e3o"},"content":{"rendered":"<h2 class=\"text-start\">Especifica\u00e7\u00f5es t\u00e9cnicas<\/h2>\n<p class=\"text-start\">Nossa c\u00e1psula de microfone unidirecional 1455 oferece qualidade de som Hi-Fi de alta fidelidade e baixo ru\u00eddo.<br \/>\nApresenta um design de diafragma grande rec\u00e9m-projetado, otimizado para aplica\u00e7\u00f5es de microfone shotgun,<br \/>\nEle oferece graves potentes, m\u00e9dios ricos e desempenho de agudos brilhantes para uma resposta de \u00e1udio equilibrada e de espectro total.<\/p>\n<h3 class=\"pt-5 text-start\">Circuito de teste padr\u00e3o<\/h3>\n<p><img loading=\"lazy\" decoding=\"async\" class=\"alignnone size-full wp-image-3588\" src=\"https:\/\/ecmicrophones.com\/wp-content\/uploads\/2025\/10\/standard-test-circuit_ecm-b1463uml35-750.png.png\" alt=\"Circuito de teste padr\u00e3o\" width=\"534\" height=\"237\" srcset=\"https:\/\/ecmicrophones.com\/wp-content\/uploads\/2025\/10\/standard-test-circuit_ecm-b1463uml35-750.png.png 534w, https:\/\/ecmicrophones.com\/wp-content\/uploads\/2025\/10\/standard-test-circuit_ecm-b1463uml35-750.png-300x133.png 300w, https:\/\/ecmicrophones.com\/wp-content\/uploads\/2025\/10\/standard-test-circuit_ecm-b1463uml35-750.png-18x8.png 18w\" sizes=\"auto, (max-width: 534px) 100vw, 534px\" \/><\/p>\n<p>Condi\u00e7\u00f5es de teste: RL = 15K\u03a9, VS = 2V, C = 1\u03bcF.<\/p>\n<h3 class=\"pt-5 text-start\">Resposta de frequ\u00eancia t\u00edpica<\/h3>\n<p><img loading=\"lazy\" decoding=\"async\" class=\"alignnone wp-image-3582 size-large\" src=\"https:\/\/ecmicrophones.com\/wp-content\/uploads\/2025\/10\/typical-frequency-response_ecm-b1463uml35-750-1024x460.png\" alt=\"Resposta de frequ\u00eancia t\u00edpica\" width=\"1024\" height=\"460\" srcset=\"https:\/\/ecmicrophones.com\/wp-content\/uploads\/2025\/10\/typical-frequency-response_ecm-b1463uml35-750-1024x460.png 1024w, https:\/\/ecmicrophones.com\/wp-content\/uploads\/2025\/10\/typical-frequency-response_ecm-b1463uml35-750-300x135.png 300w, https:\/\/ecmicrophones.com\/wp-content\/uploads\/2025\/10\/typical-frequency-response_ecm-b1463uml35-750-768x345.png 768w, https:\/\/ecmicrophones.com\/wp-content\/uploads\/2025\/10\/typical-frequency-response_ecm-b1463uml35-750-1536x689.png 1536w, https:\/\/ecmicrophones.com\/wp-content\/uploads\/2025\/10\/typical-frequency-response_ecm-b1463uml35-750-18x8.png 18w, https:\/\/ecmicrophones.com\/wp-content\/uploads\/2025\/10\/typical-frequency-response_ecm-b1463uml35-750-600x269.png 600w, https:\/\/ecmicrophones.com\/wp-content\/uploads\/2025\/10\/typical-frequency-response_ecm-b1463uml35-750.png 1651w\" sizes=\"auto, (max-width: 1024px) 100vw, 1024px\" \/><\/p>\n<p>Apresenta uma resposta frontal suave e ligeiramente ascendente de cerca de 100 Hz a 10 kHz, proporcionando m\u00e9dios ricos e agudos brilhantes,<br \/>\nmantendo mais de 15 dB de rejei\u00e7\u00e3o traseira - projetado para captura de voz unidirecional de alta fidelidade<br \/>\nem microfones shotgun e de entrevista.<\/p>\n<h3 class=\"pt-5 text-start\">Dimens\u00f5es (UNIDADE: mm)<\/h3>\n<p><img loading=\"lazy\" decoding=\"async\" class=\"alignnone size-full wp-image-3583\" src=\"https:\/\/ecmicrophones.com\/wp-content\/uploads\/2025\/10\/appearance-dimension_ecm-b1463uml35-750.png\" alt=\"Dimens\u00e3o da apar\u00eancia\" width=\"552\" height=\"312\" srcset=\"https:\/\/ecmicrophones.com\/wp-content\/uploads\/2025\/10\/appearance-dimension_ecm-b1463uml35-750.png 552w, https:\/\/ecmicrophones.com\/wp-content\/uploads\/2025\/10\/appearance-dimension_ecm-b1463uml35-750-300x170.png 300w, https:\/\/ecmicrophones.com\/wp-content\/uploads\/2025\/10\/appearance-dimension_ecm-b1463uml35-750-18x10.png 18w\" sizes=\"auto, (max-width: 552px) 100vw, 552px\" \/><\/p>\n<p>Dimens\u00f5es da c\u00e1psula: \u00d814 \u00d7 6,3 mm.<br \/>\nPossui uma malha frontal de prote\u00e7\u00e3o contra poeira e uma porta ac\u00fastica traseira coberta com uma camada de malha de amortecimento<br \/>\npara um desempenho direcional est\u00e1vel.<\/p>","protected":false},"excerpt":{"rendered":"<p>O ECM-B1463UML35-750 \u00e9 uma c\u00e1psula de microfone unidirecional de 14\u00d76,3 mm para microfones de entrevista, com sensibilidade de -35 dB\u00b12, SNR de 80 dB e SPL m\u00e1ximo de 120 dB com Distor\u00e7\u00e3o &lt;1% para um \u00e1udio n\u00edtido e de alta qualidade.\n<\/p>","protected":false},"featured_media":3587,"comment_status":"open","ping_status":"closed","template":"","meta":[],"product_brand":[721],"product_cat":[16,21],"product_tag":[280,235,288],"class_list":{"0":"post-3581","1":"product","2":"type-product","3":"status-publish","4":"has-post-thumbnail","6":"product_brand-ecmic","7":"product_cat-electret-microphones","8":"product_cat-unidirectional-microphones","9":"product_tag-14mm","10":"product_tag-conference","11":"product_tag-solder-pads","13":"first","14":"instock","15":"shipping-taxable","16":"purchasable","17":"product-type-simple"},"_links":{"self":[{"href":"https:\/\/ecmicrophones.com\/pt\/wp-json\/wp\/v2\/product\/3581","targetHints":{"allow":["GET"]}}],"collection":[{"href":"https:\/\/ecmicrophones.com\/pt\/wp-json\/wp\/v2\/product"}],"about":[{"href":"https:\/\/ecmicrophones.com\/pt\/wp-json\/wp\/v2\/types\/product"}],"replies":[{"embeddable":true,"href":"https:\/\/ecmicrophones.com\/pt\/wp-json\/wp\/v2\/comments?post=3581"}],"wp:featuredmedia":[{"embeddable":true,"href":"https:\/\/ecmicrophones.com\/pt\/wp-json\/wp\/v2\/media\/3587"}],"wp:attachment":[{"href":"https:\/\/ecmicrophones.com\/pt\/wp-json\/wp\/v2\/media?parent=3581"}],"wp:term":[{"taxonomy":"product_brand","embeddable":true,"href":"https:\/\/ecmicrophones.com\/pt\/wp-json\/wp\/v2\/product_brand?post=3581"},{"taxonomy":"product_cat","embeddable":true,"href":"https:\/\/ecmicrophones.com\/pt\/wp-json\/wp\/v2\/product_cat?post=3581"},{"taxonomy":"product_tag","embeddable":true,"href":"https:\/\/ecmicrophones.com\/pt\/wp-json\/wp\/v2\/product_tag?post=3581"}],"curies":[{"name":"wp","href":"https:\/\/api.w.org\/{rel}","templated":true}]}}