{"id":3627,"date":"2025-11-05T14:34:30","date_gmt":"2025-11-05T06:34:30","guid":{"rendered":"https:\/\/ecmicrophones.com\/?post_type=product&#038;p=3627"},"modified":"2026-03-19T15:37:32","modified_gmt":"2026-03-19T07:37:32","slug":"car-cabin-electret-microphone-9-7-x-5-mm-overhead-lamp-infotainment-screen","status":"publish","type":"product","link":"https:\/\/ecmicrophones.com\/pt\/car-cabin-electret-microphone-9-7-x-5-mm-overhead-lamp-infotainment-screen\/","title":{"rendered":"Microfone de eletreto para cabine de carro - 9,7 \u00d7 5 mm, farol superior e tela de infoentretenimento"},"content":{"rendered":"<div class=\"product-description\">\n<div class=\"container\">\n<h2 class=\"mb-3 text-start\">Principais pontos de venda<\/h2>\n<p class=\"text-start mb-2\">Instala\u00e7\u00e3o da l\u00e2mpada no teto - Perto do motorista para uma \u00f3tima capta\u00e7\u00e3o de voz.<\/p>\n<p class=\"text-start mb-2\">Integra\u00e7\u00e3o com a tela do infoentretenimento - Suporta chamadas com viva-voz, comandos de voz e intera\u00e7\u00e3o com o infoentretenimento.<\/p>\n<p class=\"text-start mb-2\">Captura de voz focada - O design unidirecional reduz o ru\u00eddo do motor, da estrada e da cabine.<\/p>\n<p class=\"text-start mb-2\">Durabilidade de n\u00edvel automotivo - Resistente a temperaturas extremas, vibra\u00e7\u00e3o, umidade e EMI.<\/p>\n<p class=\"text-start mb-2\">\u25cf Compacto e f\u00e1cil de integrar - c\u00e1psula de 9,7 \u00d7 5 mm com terminais de 2 pinos.<\/p>\n<p class=\"text-start mb-2\">Suporta a implanta\u00e7\u00e3o de v\u00e1rios microfones - Ideal para ve\u00edculos que exigem v\u00e1rios microfones para cobertura total da cabine.<\/p>\n<h2 class=\"mb-3 mt-4 text-start\">Instala\u00e7\u00f5es recomendadas<\/h2>\n<div class=\"row align-items-center mb-4\">\n<div class=\"col-12 col-md-6 d-flex justify-content-center mb-3 mb-md-0\">\n        <img loading=\"lazy\" decoding=\"async\" src=\"https:\/\/ecmicrophones.com\/wp-content\/uploads\/2025\/11\/infotainment-screen.png\" alt=\"Instala\u00e7\u00e3o da l\u00e2mpada de teto\" width=\"480\" height=\"360\" class=\"alignnone size-full wp-image-3631\" srcset=\"https:\/\/ecmicrophones.com\/wp-content\/uploads\/2025\/11\/infotainment-screen.png 480w, https:\/\/ecmicrophones.com\/wp-content\/uploads\/2025\/11\/infotainment-screen-300x225.png 300w, https:\/\/ecmicrophones.com\/wp-content\/uploads\/2025\/11\/infotainment-screen-16x12.png 16w\" sizes=\"auto, (max-width: 480px) 100vw, 480px\" \/>\n      <\/div>\n<div class=\"col-12 col-md-6 d-flex flex-column justify-content-center\">\n<p class=\"text-start mb-1\">Capta\u00e7\u00e3o de voz superior, reduzindo o ru\u00eddo do motor, da estrada e da cabine.<\/p>\n<p class=\"text-start mb-1\">Instala\u00e7\u00e3o oculta e est\u00e9tica, mantendo uma apar\u00eancia interna limpa.<\/p>\n<p class=\"text-start mb-1\">Suporta v\u00e1rios microfones para cobertura total da cabine.<\/p>\n<\/p><\/div>\n<\/p><\/div>\n<div class=\"row align-items-center\">\n<div class=\"col-12 col-md-6 order-md-2 d-flex justify-content-center mb-3 mb-md-0\">\n        <img loading=\"lazy\" decoding=\"async\" src=\"https:\/\/ecmicrophones.com\/wp-content\/uploads\/2025\/11\/overhead-lamp.png\" alt=\"Instala\u00e7\u00e3o da tela de infoentretenimento\" width=\"480\" height=\"360\" class=\"alignnone size-full wp-image-3632\" srcset=\"https:\/\/ecmicrophones.com\/wp-content\/uploads\/2025\/11\/overhead-lamp.png 480w, https:\/\/ecmicrophones.com\/wp-content\/uploads\/2025\/11\/overhead-lamp-300x225.png 300w, https:\/\/ecmicrophones.com\/wp-content\/uploads\/2025\/11\/overhead-lamp-16x12.png 16w\" sizes=\"auto, (max-width: 480px) 100vw, 480px\" \/>\n      <\/div>\n<div class=\"col-12 col-md-6 order-md-1 d-flex flex-column justify-content-center\">\n<p class=\"text-start mb-1\">Adequado para integra\u00e7\u00e3o em m\u00f3dulos de painel ou telas de infoentretenimento.<\/p>\n<p class=\"text-start mb-1\">Permite chamadas com viva-voz, comandos de voz e intera\u00e7\u00e3o com o sistema de infoentretenimento.<\/p>\n<p class=\"text-start mb-1\">Melhora o reconhecimento geral de voz na cabine quando combinado com outros microfones.<\/p>\n<\/p><\/div>\n<\/p><\/div>\n<\/p><\/div>\n<\/div>","protected":false},"excerpt":{"rendered":"<p>C\u00e1psula de microfone de eletreto unidirecional de 9,7 \u00d7 5 mm de alto desempenho projetada para cabines automotivas. Otimizada para instala\u00e7\u00e3o em luzes de teto\/mapa e telas de infoentretenimento, garantindo uma captura clara da voz do motorista, comunica\u00e7\u00e3o viva-voz e reconhecimento de voz preciso em condi\u00e7\u00f5es de ru\u00eddo na estrada. Equipado com uma configura\u00e7\u00e3o de 2 pinos para facilitar a integra\u00e7\u00e3o.<\/p>","protected":false},"featured_media":3628,"comment_status":"open","ping_status":"closed","template":"","meta":[],"product_brand":[721],"product_cat":[21,16],"product_tag":[282,229,291],"class_list":{"0":"post-3627","1":"product","2":"type-product","3":"status-publish","4":"has-post-thumbnail","6":"product_brand-ecmic","7":"product_cat-unidirectional-microphones","8":"product_cat-electret-microphones","9":"product_tag-9-7mm","10":"product_tag-equipment","11":"product_tag-pin-type","13":"first","14":"instock","15":"shipping-taxable","16":"purchasable","17":"product-type-simple"},"_links":{"self":[{"href":"https:\/\/ecmicrophones.com\/pt\/wp-json\/wp\/v2\/product\/3627","targetHints":{"allow":["GET"]}}],"collection":[{"href":"https:\/\/ecmicrophones.com\/pt\/wp-json\/wp\/v2\/product"}],"about":[{"href":"https:\/\/ecmicrophones.com\/pt\/wp-json\/wp\/v2\/types\/product"}],"replies":[{"embeddable":true,"href":"https:\/\/ecmicrophones.com\/pt\/wp-json\/wp\/v2\/comments?post=3627"}],"wp:featuredmedia":[{"embeddable":true,"href":"https:\/\/ecmicrophones.com\/pt\/wp-json\/wp\/v2\/media\/3628"}],"wp:attachment":[{"href":"https:\/\/ecmicrophones.com\/pt\/wp-json\/wp\/v2\/media?parent=3627"}],"wp:term":[{"taxonomy":"product_brand","embeddable":true,"href":"https:\/\/ecmicrophones.com\/pt\/wp-json\/wp\/v2\/product_brand?post=3627"},{"taxonomy":"product_cat","embeddable":true,"href":"https:\/\/ecmicrophones.com\/pt\/wp-json\/wp\/v2\/product_cat?post=3627"},{"taxonomy":"product_tag","embeddable":true,"href":"https:\/\/ecmicrophones.com\/pt\/wp-json\/wp\/v2\/product_tag?post=3627"}],"curies":[{"name":"wp","href":"https:\/\/api.w.org\/{rel}","templated":true}]}}