{"id":3679,"date":"2025-12-02T14:26:10","date_gmt":"2025-12-02T06:26:10","guid":{"rendered":"https:\/\/ecmicrophones.com\/?post_type=product&#038;p=3679"},"modified":"2026-03-19T15:02:13","modified_gmt":"2026-03-19T07:02:13","slug":"14-5mm-waterproof-unidirectional-dynamic-microphone-capsule","status":"publish","type":"product","link":"https:\/\/ecmicrophones.com\/pt\/14-5mm-waterproof-unidirectional-dynamic-microphone-capsule\/","title":{"rendered":"C\u00e1psula de microfone din\u00e2mico unidirecional \u00e0 prova d'\u00e1gua de 14,5 mm"},"content":{"rendered":"<h2 class=\"text-start\">Especifica\u00e7\u00f5es t\u00e9cnicas<\/h2>\n<p class=\"text-start\">O ECM-DM1458TP200 \u00e9 uma vers\u00e3o \u00e0 prova d'\u00e1gua atualizada da nossa c\u00e1psula de microfone din\u00e2mico de 14,5 mm, projetada para fones de ouvido de avia\u00e7\u00e3o, sistemas de intercomunica\u00e7\u00e3o e dispositivos de comunica\u00e7\u00e3o robustos. Ele apresenta um padr\u00e3o de capta\u00e7\u00e3o unidirecional combinado com uma resposta de frequ\u00eancia ajustada, otimizada para clareza de voz entre 100 Hz e 9 kHz. Esse design melhora a inteligibilidade da voz enquanto reduz efetivamente o ru\u00eddo ambiente, garantindo um desempenho est\u00e1vel mesmo em ambientes desafiadores.<\/p>\n<p class=\"text-start\">Constru\u00eddo com componentes resistentes \u00e0 umidade e uma estrutura de inv\u00f3lucro selada, o ECM-DM1458TP200 oferece desempenho \u00e0 prova d'\u00e1gua confi\u00e1vel. Com op\u00e7\u00f5es de imped\u00e2ncia selecion\u00e1veis de 150\u03a9 a 600\u03a9, seu formato compacto de 14,5 \u00d7 7,5 mm se integra facilmente a uma ampla gama de equipamentos de comunica\u00e7\u00e3o que exigem durabilidade, estabilidade e transmiss\u00e3o de voz n\u00edtida.<\/p>\n<h3 class=\"pt-5 text-start\">Vista explodida e lista de pe\u00e7as<\/h3>\n<p><img loading=\"lazy\" decoding=\"async\" class=\"alignnone wp-image-3878 size-full\" src=\"https:\/\/ecmicrophones.com\/wp-content\/uploads\/2025\/12\/dynamic-part_ecm-dm1458tp200.png\" alt=\"Vista explodida do ECM-DMP1458TP200: 8 componentes principais, incluindo diafragma, bobina de voz e conjunto de \u00edm\u00e3\" width=\"570\" height=\"310\" srcset=\"https:\/\/ecmicrophones.com\/wp-content\/uploads\/2025\/12\/dynamic-part_ecm-dm1458tp200.png 570w, https:\/\/ecmicrophones.com\/wp-content\/uploads\/2025\/12\/dynamic-part_ecm-dm1458tp200-300x163.png 300w, https:\/\/ecmicrophones.com\/wp-content\/uploads\/2025\/12\/dynamic-part_ecm-dm1458tp200-18x10.png 18w\" sizes=\"auto, (max-width: 570px) 100vw, 570px\" \/><\/p>\n<p>Decomposi\u00e7\u00e3o estrutural mostrando esponja imperme\u00e1vel, capa protetora, diafragma, bobina, a\u00e7o magn\u00e9tico, potes de ferro, suporte e conjunto de PCB.<\/p>\n<h3 class=\"pt-5 text-start\">Curva de resposta de frequ\u00eancia<\/h3>\n<p><img loading=\"lazy\" decoding=\"async\" class=\"alignnone wp-image-3681 size-full\" src=\"https:\/\/ecmicrophones.com\/wp-content\/uploads\/2025\/12\/response-curve_ecm-dm1458t200.png\" alt=\"ECM-DM1458TP200 Resposta de frequ\u00eancia: focada principalmente na faixa de 100 Hz a 9 kHz\" width=\"566\" height=\"495\" srcset=\"https:\/\/ecmicrophones.com\/wp-content\/uploads\/2025\/12\/response-curve_ecm-dm1458t200.png 566w, https:\/\/ecmicrophones.com\/wp-content\/uploads\/2025\/12\/response-curve_ecm-dm1458t200-300x262.png 300w, https:\/\/ecmicrophones.com\/wp-content\/uploads\/2025\/12\/response-curve_ecm-dm1458t200-14x12.png 14w\" sizes=\"auto, (max-width: 566px) 100vw, 566px\" \/><\/p>\n<p>Resposta de frequ\u00eancia focada na faixa de 100 Hz a 9 kHz para otimizar a clareza da fala.<\/p>\n<h3 class=\"pt-5 text-start\">Dimens\u00f5es (UNIDADE: mm)<\/h3>\n<p><img loading=\"lazy\" decoding=\"async\" class=\"alignnone wp-image-3682 size-full\" src=\"https:\/\/ecmicrophones.com\/wp-content\/uploads\/2025\/12\/appearance-size_ecm-dm1458t200.png\" alt=\"ECM-DM1458TP200 Dimens\u00f5es: C\u00e1psula de microfone din\u00e2mico compacta de \u03a614,5 \u00d7 7,5 mm\" width=\"448\" height=\"453\" srcset=\"https:\/\/ecmicrophones.com\/wp-content\/uploads\/2025\/12\/appearance-size_ecm-dm1458t200.png 448w, https:\/\/ecmicrophones.com\/wp-content\/uploads\/2025\/12\/appearance-size_ecm-dm1458t200-297x300.png 297w, https:\/\/ecmicrophones.com\/wp-content\/uploads\/2025\/12\/appearance-size_ecm-dm1458t200-12x12.png 12w, https:\/\/ecmicrophones.com\/wp-content\/uploads\/2025\/12\/appearance-size_ecm-dm1458t200-100x100.png 100w\" sizes=\"auto, (max-width: 448px) 100vw, 448px\" \/><\/p>\n<p>Design compacto da caixa \u00e0 prova d'\u00e1gua de \u03a614,5\u00d77,5 mm.<\/p>","protected":false},"excerpt":{"rendered":"<p>C\u00e1psula de microfone din\u00e2mico unidirecional compacta e \u00e0 prova d'\u00e1gua com classifica\u00e7\u00e3o IP67 de 14,5 mm projetada para fones de ouvido de avia\u00e7\u00e3o, intercomunicadores, microfones de r\u00e1dio bidirecionais e microfones din\u00e2micos de intercomunica\u00e7\u00e3o com pesco\u00e7o de ganso \u2014 proporcionando capta\u00e7\u00e3o de voz clara e confi\u00e1vel em ambientes barulhentos e adversos.<\/p>","protected":false},"featured_media":3683,"comment_status":"open","ping_status":"closed","template":"","meta":[],"product_brand":[721],"product_cat":[17],"product_tag":[311,109],"class_list":{"0":"post-3679","1":"product","2":"type-product","3":"status-publish","4":"has-post-thumbnail","6":"product_brand-ecmic","7":"product_cat-dynamic-microphones","8":"product_tag-15mm","9":"product_tag-intercom","11":"first","12":"instock","13":"shipping-taxable","14":"purchasable","15":"product-type-simple"},"_links":{"self":[{"href":"https:\/\/ecmicrophones.com\/pt\/wp-json\/wp\/v2\/product\/3679","targetHints":{"allow":["GET"]}}],"collection":[{"href":"https:\/\/ecmicrophones.com\/pt\/wp-json\/wp\/v2\/product"}],"about":[{"href":"https:\/\/ecmicrophones.com\/pt\/wp-json\/wp\/v2\/types\/product"}],"replies":[{"embeddable":true,"href":"https:\/\/ecmicrophones.com\/pt\/wp-json\/wp\/v2\/comments?post=3679"}],"wp:featuredmedia":[{"embeddable":true,"href":"https:\/\/ecmicrophones.com\/pt\/wp-json\/wp\/v2\/media\/3683"}],"wp:attachment":[{"href":"https:\/\/ecmicrophones.com\/pt\/wp-json\/wp\/v2\/media?parent=3679"}],"wp:term":[{"taxonomy":"product_brand","embeddable":true,"href":"https:\/\/ecmicrophones.com\/pt\/wp-json\/wp\/v2\/product_brand?post=3679"},{"taxonomy":"product_cat","embeddable":true,"href":"https:\/\/ecmicrophones.com\/pt\/wp-json\/wp\/v2\/product_cat?post=3679"},{"taxonomy":"product_tag","embeddable":true,"href":"https:\/\/ecmicrophones.com\/pt\/wp-json\/wp\/v2\/product_tag?post=3679"}],"curies":[{"name":"wp","href":"https:\/\/api.w.org\/{rel}","templated":true}]}}