{"id":3691,"date":"2025-12-06T11:15:32","date_gmt":"2025-12-06T03:15:32","guid":{"rendered":"https:\/\/ecmicrophones.com\/?post_type=product&#038;p=3691"},"modified":"2026-04-07T14:30:58","modified_gmt":"2026-04-07T06:30:58","slug":"waterproof-dynamic-microphone-capsule-for-marine-vhf-intercoms","status":"publish","type":"product","link":"https:\/\/ecmicrophones.com\/pt\/waterproof-dynamic-microphone-capsule-for-marine-vhf-intercoms\/","title":{"rendered":"C\u00e1psula de microfone din\u00e2mico \u00e0 prova d'\u00e1gua para intercomunicadores VHF mar\u00edtimos"},"content":{"rendered":"<h2 class=\"text-start\">Especifica\u00e7\u00f5es t\u00e9cnicas<\/h2>\n<p class=\"text-start\">O ECM-DMP-21F \u00e9 uma c\u00e1psula de microfone din\u00e2mico unidirecional \u00e0 prova d'\u00e1gua projetada para intercomunicadores VHF mar\u00edtimos e dispositivos de comunica\u00e7\u00e3o externos resistentes. Possui um padr\u00e3o de capta\u00e7\u00e3o unidirecional com resposta de frequ\u00eancia otimizada para uma fala clara entre 100 Hz e 8 kHz, garantindo uma transmiss\u00e3o de voz intelig\u00edvel mesmo em condi\u00e7\u00f5es ruidosas ou \u00famidas.<\/p>\n<p class=\"text-start\">Constru\u00eddo com componentes resistentes \u00e0 umidade e uma caixa selada, o ECM-DMP-21F oferece um desempenho \u00e0 prova d'\u00e1gua confi\u00e1vel. Seu formato compacto de 31,5 \u00d7 16,2 mm e imped\u00e2ncia de sa\u00edda de 200 \u03a9 facilitam a integra\u00e7\u00e3o em v\u00e1rios sistemas de intercomunica\u00e7\u00e3o mar\u00edtimos e externos que exigem durabilidade, estabilidade e clareza de voz consistente.<\/p>\n<h3 class=\"pt-5 text-start\">Vista explodida e lista de pe\u00e7as<\/h3>\n<p><img loading=\"lazy\" decoding=\"async\" class=\"alignnone wp-image-3877 size-full\" src=\"https:\/\/ecmicrophones.com\/wp-content\/uploads\/2025\/12\/dynamic-part_ecm-dmp21f-1.png\" alt=\"ECM-DMP-21F Vista explodida: componentes principais, incluindo esponja \u00e0 prova de \u00e1gua, diafragma, bobina, conjunto magn\u00e9tico e suporte\" width=\"570\" height=\"310\" srcset=\"https:\/\/ecmicrophones.com\/wp-content\/uploads\/2025\/12\/dynamic-part_ecm-dmp21f-1.png 570w, https:\/\/ecmicrophones.com\/wp-content\/uploads\/2025\/12\/dynamic-part_ecm-dmp21f-1-300x163.png 300w, https:\/\/ecmicrophones.com\/wp-content\/uploads\/2025\/12\/dynamic-part_ecm-dmp21f-1-18x10.png 18w\" sizes=\"auto, (max-width: 570px) 100vw, 570px\" \/><\/p>\n<p>Decomposi\u00e7\u00e3o estrutural mostrando esponja imperme\u00e1vel, capa protetora, diafragma, bobina, a\u00e7o magn\u00e9tico, potes de ferro, suporte e conjunto de PCB.<\/p>\n<h3 class=\"pt-5 text-start\">Curva de resposta de frequ\u00eancia<\/h3>\n<p><img loading=\"lazy\" decoding=\"async\" class=\"alignnone size-full wp-image-3697\" src=\"https:\/\/ecmicrophones.com\/wp-content\/uploads\/2025\/12\/response-curve_ecm-dmp21f.png\" alt=\"Resposta de frequ\u00eancia do ECM-DMP-21F: focada principalmente na faixa de 100 Hz a 8 kHz para otimizar a clareza da fala\" width=\"570\" height=\"471\" srcset=\"https:\/\/ecmicrophones.com\/wp-content\/uploads\/2025\/12\/response-curve_ecm-dmp21f.png 570w, https:\/\/ecmicrophones.com\/wp-content\/uploads\/2025\/12\/response-curve_ecm-dmp21f-300x248.png 300w, https:\/\/ecmicrophones.com\/wp-content\/uploads\/2025\/12\/response-curve_ecm-dmp21f-15x12.png 15w\" sizes=\"auto, (max-width: 570px) 100vw, 570px\" \/><\/p>\n<p>Resposta de frequ\u00eancia focada na faixa de 100 Hz a 8 kHz para otimizar a clareza da fala.<\/p>\n<h3 class=\"pt-5 text-start\">Dimens\u00f5es (UNIDADE: mm)<\/h3>\n<p><img loading=\"lazy\" decoding=\"async\" class=\"alignnone size-full wp-image-3696\" src=\"https:\/\/ecmicrophones.com\/wp-content\/uploads\/2025\/12\/appearance-size_ecm-dmp21f.png\" alt=\"ECM-DMP-21F Dimens\u00f5es: c\u00e1psula de microfone din\u00e2mico compacta e \u00e0 prova d&#039;\u00e1gua de 31,5 \u00d7 16,2 mm\" width=\"403\" height=\"389\" srcset=\"https:\/\/ecmicrophones.com\/wp-content\/uploads\/2025\/12\/appearance-size_ecm-dmp21f.png 403w, https:\/\/ecmicrophones.com\/wp-content\/uploads\/2025\/12\/appearance-size_ecm-dmp21f-300x290.png 300w, https:\/\/ecmicrophones.com\/wp-content\/uploads\/2025\/12\/appearance-size_ecm-dmp21f-12x12.png 12w\" sizes=\"auto, (max-width: 403px) 100vw, 403px\" \/><\/p>\n<p>Design compacto da caixa \u00e0 prova d'\u00e1gua de 31,5 \u00d7 16,2 mm.<\/p>","protected":false},"excerpt":{"rendered":"<p>C\u00e1psula de microfone din\u00e2mico unidirecional \u00e0 prova d'\u00e1gua de 31,5 \u00d7 16,2 mm para intercomunicadores VHF mar\u00edtimos, proporcionando capta\u00e7\u00e3o de voz n\u00edtida em ambientes barulhentos e \u00famidos.<\/p>","protected":false},"featured_media":3693,"comment_status":"open","ping_status":"closed","template":"","meta":[],"product_brand":[721],"product_cat":[17],"product_tag":[726,109],"class_list":{"0":"post-3691","1":"product","2":"type-product","3":"status-publish","4":"has-post-thumbnail","6":"product_brand-ecmic","7":"product_cat-dynamic-microphones","8":"product_tag-31mm-dynamic","9":"product_tag-intercom","11":"first","12":"instock","13":"shipping-taxable","14":"purchasable","15":"product-type-simple"},"_links":{"self":[{"href":"https:\/\/ecmicrophones.com\/pt\/wp-json\/wp\/v2\/product\/3691","targetHints":{"allow":["GET"]}}],"collection":[{"href":"https:\/\/ecmicrophones.com\/pt\/wp-json\/wp\/v2\/product"}],"about":[{"href":"https:\/\/ecmicrophones.com\/pt\/wp-json\/wp\/v2\/types\/product"}],"replies":[{"embeddable":true,"href":"https:\/\/ecmicrophones.com\/pt\/wp-json\/wp\/v2\/comments?post=3691"}],"wp:featuredmedia":[{"embeddable":true,"href":"https:\/\/ecmicrophones.com\/pt\/wp-json\/wp\/v2\/media\/3693"}],"wp:attachment":[{"href":"https:\/\/ecmicrophones.com\/pt\/wp-json\/wp\/v2\/media?parent=3691"}],"wp:term":[{"taxonomy":"product_brand","embeddable":true,"href":"https:\/\/ecmicrophones.com\/pt\/wp-json\/wp\/v2\/product_brand?post=3691"},{"taxonomy":"product_cat","embeddable":true,"href":"https:\/\/ecmicrophones.com\/pt\/wp-json\/wp\/v2\/product_cat?post=3691"},{"taxonomy":"product_tag","embeddable":true,"href":"https:\/\/ecmicrophones.com\/pt\/wp-json\/wp\/v2\/product_tag?post=3691"}],"curies":[{"name":"wp","href":"https:\/\/api.w.org\/{rel}","templated":true}]}}