{"id":3704,"date":"2025-12-12T14:58:33","date_gmt":"2025-12-12T06:58:33","guid":{"rendered":"https:\/\/ecmicrophones.com\/?post_type=product&#038;p=3704"},"modified":"2026-03-19T15:01:22","modified_gmt":"2026-03-19T07:01:22","slug":"waterproof-microphone-for-marine-port-dispatch","status":"publish","type":"product","link":"https:\/\/ecmicrophones.com\/pt\/waterproof-microphone-for-marine-port-dispatch\/","title":{"rendered":"Microfone \u00e0 prova d'\u00e1gua para despacho mar\u00edtimo e portu\u00e1rio"},"content":{"rendered":"<h2 class=\"text-start\">Especifica\u00e7\u00f5es t\u00e9cnicas<\/h2>\n<p class=\"text-start\">O ECM-DM1910KP250 \u00e9 uma c\u00e1psula de microfone din\u00e2mico de 19,1 mm projetada para aplica\u00e7\u00f5es acionadas por voz, incluindo comunica\u00e7\u00e3o de despacho mar\u00edtimo e portu\u00e1rio, sistemas de confer\u00eancia e microfones de cabe\u00e7a.<\/p>\n<p class=\"text-start\">Com uma resposta de frequ\u00eancia de 100 Hz a 10 kHz, proporciona uma voz clara e intelig\u00edvel. O seu padr\u00e3o polar unidirecional minimiza o ru\u00eddo ambiente, enquanto a imped\u00e2ncia de 250 \u03a9 garante a compatibilidade com v\u00e1rios sistemas de \u00e1udio.<\/p>\n<p class=\"text-start\">O design compacto se adapta a caixas port\u00e1teis e dispositivos de voz de perfil fino, proporcionando um desempenho est\u00e1vel e sem distor\u00e7\u00f5es em cen\u00e1rios de comunica\u00e7\u00e3o profissional.<\/p>\n<h3 class=\"pt-5 text-start\">Vista explodida e lista de pe\u00e7as<\/h3>\n<p><img loading=\"lazy\" decoding=\"async\" class=\"alignnone wp-image-3873 size-full\" src=\"https:\/\/ecmicrophones.com\/wp-content\/uploads\/2025\/12\/dynamic-part_ecm-dm1910k250.png\" alt=\"Vista explodida do ECM-DM1910KP250: Conjunto din\u00e2mico de 8 componentes\" width=\"560\" height=\"310\" srcset=\"https:\/\/ecmicrophones.com\/wp-content\/uploads\/2025\/12\/dynamic-part_ecm-dm1910k250.png 560w, https:\/\/ecmicrophones.com\/wp-content\/uploads\/2025\/12\/dynamic-part_ecm-dm1910k250-300x166.png 300w, https:\/\/ecmicrophones.com\/wp-content\/uploads\/2025\/12\/dynamic-part_ecm-dm1910k250-18x10.png 18w\" sizes=\"auto, (max-width: 560px) 100vw, 560px\" \/><\/p>\n<p>Componentes: 1. Esponja 2. Tampa 3. Diafragma 4. Bobina 5. A\u00e7o magn\u00e9tico 6. Panelas de ferro 7. Suporte 8. PCB+Estanho<\/p>\n<h3 class=\"pt-5 text-start\">Curva de resposta de frequ\u00eancia<\/h3>\n<p><img loading=\"lazy\" decoding=\"async\" class=\"alignnone size-full wp-image-254\" src=\"https:\/\/ecmicrophones.com\/wp-content\/uploads\/2024\/03\/response-curve_ecm-dm1910k250.png\" alt=\"Resposta de frequ\u00eancia ECM-DM1910KP250: Aumento de 100Hz-5kHz e atenua\u00e7\u00e3o at\u00e9 20kHz\" width=\"584\" height=\"447\" srcset=\"https:\/\/ecmicrophones.com\/wp-content\/uploads\/2024\/03\/response-curve_ecm-dm1910k250.png 584w, https:\/\/ecmicrophones.com\/wp-content\/uploads\/2024\/03\/response-curve_ecm-dm1910k250-300x230.png 300w, https:\/\/ecmicrophones.com\/wp-content\/uploads\/2024\/03\/response-curve_ecm-dm1910k250-16x12.png 16w\" sizes=\"auto, (max-width: 584px) 100vw, 584px\" \/><\/p>\n<p>A resposta de frequ\u00eancia abrange de 100 Hz a 10 kHz, proporcionando m\u00e9dios equilibrados, agudos suaves e graves controlados, garantindo uma reprodu\u00e7\u00e3o clara da voz em ambientes mar\u00edtimos e industriais.<\/p>\n<h3 class=\"pt-5 text-start\">Dimens\u00f5es (UNIDADE: mm)<\/h3>\n<p><img loading=\"lazy\" decoding=\"async\" class=\"alignnone size-full wp-image-255\" src=\"https:\/\/ecmicrophones.com\/wp-content\/uploads\/2024\/03\/appearance-size_ecm-dm1910k250.png\" alt=\"ECM-DM1910KP250 Dimens\u00f5es: \u03a619.1\u00d710mm\" width=\"365\" height=\"350\" srcset=\"https:\/\/ecmicrophones.com\/wp-content\/uploads\/2024\/03\/appearance-size_ecm-dm1910k250.png 365w, https:\/\/ecmicrophones.com\/wp-content\/uploads\/2024\/03\/appearance-size_ecm-dm1910k250-300x288.png 300w, https:\/\/ecmicrophones.com\/wp-content\/uploads\/2024\/03\/appearance-size_ecm-dm1910k250-13x12.png 13w\" sizes=\"auto, (max-width: 365px) 100vw, 365px\" \/><\/p>\n<p>C\u00e1psula de microfone din\u00e2mico com tamanho de \u03a619,1 \u00d7 10 mm, projetada para captura confi\u00e1vel de voz em aplica\u00e7\u00f5es de comunica\u00e7\u00e3o profissional e industrial.<\/p>","protected":false},"excerpt":{"rendered":"<p>Microfone din\u00e2mico \u00e0 prova d'\u00e1gua dur\u00e1vel com resposta est\u00e1vel de frequ\u00eancia m\u00e9dia a alta. Garante uma fala clara para sistemas de despacho mar\u00edtimo e portu\u00e1rio em ambientes adversos.<\/p>","protected":false},"featured_media":3709,"comment_status":"open","ping_status":"closed","template":"","meta":[],"product_brand":[721],"product_cat":[17],"product_tag":[310,109],"class_list":{"0":"post-3704","1":"product","2":"type-product","3":"status-publish","4":"has-post-thumbnail","6":"product_brand-ecmic","7":"product_cat-dynamic-microphones","8":"product_tag-19mm","9":"product_tag-intercom","11":"first","12":"instock","13":"shipping-taxable","14":"purchasable","15":"product-type-simple"},"_links":{"self":[{"href":"https:\/\/ecmicrophones.com\/pt\/wp-json\/wp\/v2\/product\/3704","targetHints":{"allow":["GET"]}}],"collection":[{"href":"https:\/\/ecmicrophones.com\/pt\/wp-json\/wp\/v2\/product"}],"about":[{"href":"https:\/\/ecmicrophones.com\/pt\/wp-json\/wp\/v2\/types\/product"}],"replies":[{"embeddable":true,"href":"https:\/\/ecmicrophones.com\/pt\/wp-json\/wp\/v2\/comments?post=3704"}],"wp:featuredmedia":[{"embeddable":true,"href":"https:\/\/ecmicrophones.com\/pt\/wp-json\/wp\/v2\/media\/3709"}],"wp:attachment":[{"href":"https:\/\/ecmicrophones.com\/pt\/wp-json\/wp\/v2\/media?parent=3704"}],"wp:term":[{"taxonomy":"product_brand","embeddable":true,"href":"https:\/\/ecmicrophones.com\/pt\/wp-json\/wp\/v2\/product_brand?post=3704"},{"taxonomy":"product_cat","embeddable":true,"href":"https:\/\/ecmicrophones.com\/pt\/wp-json\/wp\/v2\/product_cat?post=3704"},{"taxonomy":"product_tag","embeddable":true,"href":"https:\/\/ecmicrophones.com\/pt\/wp-json\/wp\/v2\/product_tag?post=3704"}],"curies":[{"name":"wp","href":"https:\/\/api.w.org\/{rel}","templated":true}]}}