{"id":3766,"date":"2026-01-16T16:49:24","date_gmt":"2026-01-16T08:49:24","guid":{"rendered":"https:\/\/ecmicrophones.com\/?post_type=product&#038;p=3766"},"modified":"2026-03-20T13:38:55","modified_gmt":"2026-03-20T05:38:55","slug":"high-fidelity-electret-condenser-microphone-capsule-with-panasonic-core","status":"publish","type":"product","link":"https:\/\/ecmicrophones.com\/pt\/high-fidelity-electret-condenser-microphone-capsule-with-panasonic-core\/","title":{"rendered":"C\u00e1psula de microfone condensador de eletreto de alta fidelidade com n\u00facleo Panasonic"},"content":{"rendered":"<h2 class=\"text-start\">Vis\u00e3o geral<\/h2>\n<p class=\"text-start\">O <strong>ECM-B1045UBT-Y389-967-1<\/strong> \u00e9 um <strong>C\u00e1psula de microfone condensador de eletreto unidirecional de 9,7 mm<\/strong> projetado para <strong>desempenho superior de \u00e1udio de alta fidelidade<\/strong>. Constru\u00eddo com um n\u00facleo Panasonic premium e design de capacitor externo, ele se destaca na captura de voz cristalina com distor\u00e7\u00e3o m\u00ednima, tornando-o a escolha ideal para <strong>grava\u00e7\u00e3o profissional, fones de ouvido de alta qualidade, solu\u00e7\u00f5es de confer\u00eancia e m\u00f3dulos de \u00e1udio OEM\/ODM premium<\/strong> onde a qualidade do \u00e1udio \u00e9 fundamental.<\/p>\n<h2 class=\"pt-4 text-start\">Principais caracter\u00edsticas<\/h2>\n<ul class=\"text-start\">\n<li>\ud83c\udfb5 <strong>N\u00facleo Premium de alta fidelidade<\/strong> - Utiliza um n\u00facleo de microfone Panasonic de alta qualidade para proporcionar clareza e detalhes sonoros excepcionais.<\/li>\n<li>\ud83c\udfa4 <strong>Excelente manuseio de SPL m\u00e1ximo (127 dB @ THD\u226410%)<\/strong> - Capaz de capturar fontes sonoras altas sem cortes, perfeito para performances vocais din\u00e2micas.<\/li>\n<li>\ud83d\udd07 <strong>Excelente rela\u00e7\u00e3o sinal-ru\u00eddo (72 dB com pondera\u00e7\u00e3o A)<\/strong> - Oferece um sinal de \u00e1udio limpo e sem ru\u00eddo para grava\u00e7\u00f5es de n\u00edvel profissional.<\/li>\n<li>\ud83d\udd0b <strong>Ampla faixa de tens\u00e3o operacional (1,0-10,0 V CC)<\/strong> - Oferece integra\u00e7\u00e3o flex\u00edvel com v\u00e1rios circuitos de \u00e1udio e sistemas sem fio.<\/li>\n<li>\u2699\ufe0f <strong>Sa\u00edda de baixa imped\u00e2ncia (\u22641 k\u03a9)<\/strong> - Garante a transmiss\u00e3o est\u00e1vel do sinal e a compatibilidade com entradas de \u00e1udio padr\u00e3o.<\/li>\n<li>\ud83c\udfaf <strong>Padr\u00e3o de capta\u00e7\u00e3o unidirecional<\/strong> - Captura efetivamente o som do alvo e reduz o ru\u00eddo ambiente.<\/li>\n<\/ul>\n<h2 class=\"pt-4 text-start\">Especifica\u00e7\u00f5es t\u00e9cnicas<\/h2>\n<p class=\"text-start\">Projetada para aplica\u00e7\u00f5es de \u00e1udio premium, essa c\u00e1psula de microfone combina componentes de primeira linha com testes rigorosos para garantir um desempenho consistente e de alta qualidade.<\/p>\n<table class=\"text-start\" border=\"1\" cellspacing=\"0\" cellpadding=\"6\">\n<tbody>\n<tr>\n<th>Par\u00e2metro<\/th>\n<th>Especifica\u00e7\u00e3o<\/th>\n<\/tr>\n<tr>\n<td>Modelo<\/td>\n<td>ECM-B1045UBT-Y389-967-1<\/td>\n<\/tr>\n<tr>\n<td>Tipo<\/td>\n<td>C\u00e1psula de microfone condensador de eletreto<\/td>\n<\/tr>\n<tr>\n<td>Diretividade<\/td>\n<td>Unidirecional<\/td>\n<\/tr>\n<tr>\n<td>Sensibilidade<\/td>\n<td>-46 \u00b13 dB (RL=5,6k\u03a9, Vs=5,0V)<\/td>\n<\/tr>\n<tr>\n<td>Rela\u00e7\u00e3o sinal-ru\u00eddo<\/td>\n<td>72 dB (ponderado em A, t\u00edpico)<\/td>\n<\/tr>\n<tr>\n<td>SPL m\u00e1ximo de entrada<\/td>\n<td>127 dB (THD \u226410%)<\/td>\n<\/tr>\n<tr>\n<td>Imped\u00e2ncia<\/td>\n<td>\u22641 k\u03a9<\/td>\n<\/tr>\n<tr>\n<td>Tens\u00e3o operacional padr\u00e3o<\/td>\n<td>5,0 V CC<\/td>\n<\/tr>\n<tr>\n<td>Faixa de tens\u00e3o operacional<\/td>\n<td>1,0 - 10,0 V CC<\/td>\n<\/tr>\n<tr>\n<td>Consumo de corrente<\/td>\n<td>\u2264500 \u03bcA<\/td>\n<\/tr>\n<tr>\n<td>Tipo de n\u00facleo<\/td>\n<td>Panasonic de alta qualidade<\/td>\n<\/tr>\n<\/tbody>\n<\/table>\n<h2 class=\"pt-4 text-start\">Aplica\u00e7\u00f5es t\u00edpicas<\/h2>\n<ul class=\"text-start\">\n<li>Microfones de grava\u00e7\u00e3o de est\u00fadio de alta fidelidade<\/li>\n<li>Fones de ouvido profissionais para transmiss\u00e3o e streaming<\/li>\n<li>Sistemas premium de confer\u00eancia e telepresen\u00e7a<\/li>\n<li>Fones de ouvido com cancelamento de ru\u00eddo de alta qualidade<\/li>\n<li>M\u00f3dulos de \u00e1udio personalizados OEM\/ODM para clientes exigentes<\/li>\n<\/ul>\n<h2 class=\"pt-4 text-start\">Vantagens<\/h2>\n<p class=\"text-start\">Isso <strong>c\u00e1psula de microfone de alta fidelidade<\/strong> se diferencia pelo uso de componentes Panasonic premium, resultando em transpar\u00eancia de \u00e1udio superior, resposta de frequ\u00eancia estendida e desempenho robusto. \u00c9 a escolha definitiva para aplica\u00e7\u00f5es em que o mais alto padr\u00e3o de reprodu\u00e7\u00e3o de \u00e1udio \u00e9 necess\u00e1rio.<\/p>","protected":false},"excerpt":{"rendered":"<p>C\u00e1psula de microfone condensador de eletreto profissional de 9,7 mm com n\u00facleo Panasonic premium, que oferece rela\u00e7\u00e3o sinal\/ru\u00eddo superior (72 dB), SPL m\u00e1ximo alto (127 dB) e clareza excepcional para aplica\u00e7\u00f5es de \u00e1udio exigentes, como fones de ouvido de est\u00fadio, sistemas de confer\u00eancia e equipamentos de transmiss\u00e3o.<\/p>","protected":false},"featured_media":3770,"comment_status":"open","ping_status":"closed","template":"","meta":[],"product_brand":[721],"product_cat":[21],"product_tag":[281,292,235],"class_list":{"0":"post-3766","1":"product","2":"type-product","3":"status-publish","4":"has-post-thumbnail","6":"product_brand-ecmic","7":"product_cat-unidirectional-microphones","8":"product_tag-10mm","9":"product_tag-3-solder-pads","10":"product_tag-conference","12":"first","13":"instock","14":"shipping-taxable","15":"purchasable","16":"product-type-simple"},"_links":{"self":[{"href":"https:\/\/ecmicrophones.com\/pt\/wp-json\/wp\/v2\/product\/3766","targetHints":{"allow":["GET"]}}],"collection":[{"href":"https:\/\/ecmicrophones.com\/pt\/wp-json\/wp\/v2\/product"}],"about":[{"href":"https:\/\/ecmicrophones.com\/pt\/wp-json\/wp\/v2\/types\/product"}],"replies":[{"embeddable":true,"href":"https:\/\/ecmicrophones.com\/pt\/wp-json\/wp\/v2\/comments?post=3766"}],"wp:featuredmedia":[{"embeddable":true,"href":"https:\/\/ecmicrophones.com\/pt\/wp-json\/wp\/v2\/media\/3770"}],"wp:attachment":[{"href":"https:\/\/ecmicrophones.com\/pt\/wp-json\/wp\/v2\/media?parent=3766"}],"wp:term":[{"taxonomy":"product_brand","embeddable":true,"href":"https:\/\/ecmicrophones.com\/pt\/wp-json\/wp\/v2\/product_brand?post=3766"},{"taxonomy":"product_cat","embeddable":true,"href":"https:\/\/ecmicrophones.com\/pt\/wp-json\/wp\/v2\/product_cat?post=3766"},{"taxonomy":"product_tag","embeddable":true,"href":"https:\/\/ecmicrophones.com\/pt\/wp-json\/wp\/v2\/product_tag?post=3766"}],"curies":[{"name":"wp","href":"https:\/\/api.w.org\/{rel}","templated":true}]}}