{"id":3767,"date":"2026-01-16T16:50:27","date_gmt":"2026-01-16T08:50:27","guid":{"rendered":"https:\/\/ecmicrophones.com\/?post_type=product&#038;p=3767"},"modified":"2026-03-20T13:38:51","modified_gmt":"2026-03-20T05:38:51","slug":"anti-interference-electret-condenser-microphone-capsule-with-korea-rf-core","status":"publish","type":"product","link":"https:\/\/ecmicrophones.com\/pt\/anti-interference-electret-condenser-microphone-capsule-with-korea-rf-core\/","title":{"rendered":"C\u00e1psula de microfone condensador de eletreto anti-interfer\u00eancia com n\u00facleo de RF da Coreia"},"content":{"rendered":"<h2 class=\"text-start\">Vis\u00e3o geral<\/h2>\n<p class=\"text-start\">O <strong>ECM-B1045UBT-Y390-967-2<\/strong> \u00e9 um <strong>C\u00e1psula de microfone condensador de eletreto unidirecional de 9,7 mm<\/strong> especificamente projetados para <strong>opera\u00e7\u00e3o confi\u00e1vel em ambientes com ru\u00eddos el\u00e9tricos<\/strong>. Incorporando um n\u00facleo de microfone de RF especializado da Coreia, ele fornece <strong>maior imunidade \u00e0 interfer\u00eancia eletromagn\u00e9tica (EMI)<\/strong>, garantindo uma captura de \u00e1udio est\u00e1vel e n\u00edtida.<\/p>\n<h2 class=\"pt-4 text-start\">Principais caracter\u00edsticas<\/h2>\n<ul class=\"text-start\">\n<li>\ud83d\udee1\ufe0f <strong>Design anti-interfer\u00eancia superior<\/strong> - Constru\u00eddo com um n\u00facleo de RF da Coreia especificamente selecionado para excelente desempenho de compatibilidade eletromagn\u00e9tica (EMC).<\/li>\n<li>\ud83d\udce1 <strong>Otimizado para ambientes de RF<\/strong> - Mant\u00e9m a qualidade de \u00e1udio n\u00edtida nas proximidades de transmissores sem fio, dispositivos Bluetooth e outras fontes de RF.<\/li>\n<li>\ud83c\udfa4 <strong>Manuseio de alto SPL (125 dB @ THD\u226410%)<\/strong> - Robusto o suficiente para uma ampla gama de n\u00edveis de press\u00e3o sonora em aplica\u00e7\u00f5es reais.<\/li>\n<li>\ud83d\udd07 <strong>Boa rela\u00e7\u00e3o sinal-ru\u00eddo (70 dB com pondera\u00e7\u00e3o A)<\/strong> - Oferece capta\u00e7\u00e3o de voz clara, adequada para comunica\u00e7\u00e3o e reconhecimento de voz.<\/li>\n<li>\ud83d\udd0b <strong>Ampla faixa de tens\u00e3o operacional (1,0-10,0 V CC)<\/strong> - Compatibilidade vers\u00e1til de energia para v\u00e1rios projetos eletr\u00f4nicos.<\/li>\n<li>\u2699\ufe0f <strong>Sa\u00edda est\u00e1vel de baixa imped\u00e2ncia (\u22641 k\u03a9)<\/strong> - Integridade de sinal confi\u00e1vel para um desempenho consistente.<\/li>\n<\/ul>\n<h2 class=\"pt-4 text-start\">Especifica\u00e7\u00f5es t\u00e9cnicas<\/h2>\n<p class=\"text-start\">Essa c\u00e1psula foi projetada para ser dur\u00e1vel e confi\u00e1vel, passando por rigorosos testes ambientais para ter um desempenho consistente quando a resist\u00eancia a interfer\u00eancias \u00e9 fundamental.<\/p>\n<table class=\"text-start\" border=\"1\" cellspacing=\"0\" cellpadding=\"6\">\n<tbody>\n<tr>\n<th>Par\u00e2metro<\/th>\n<th>Especifica\u00e7\u00e3o<\/th>\n<\/tr>\n<tr>\n<td>Modelo<\/td>\n<td>ECM-B1045UBT-Y390-967-2<\/td>\n<\/tr>\n<tr>\n<td>Tipo<\/td>\n<td>C\u00e1psula de microfone condensador de eletreto<\/td>\n<\/tr>\n<tr>\n<td>Diretividade<\/td>\n<td>Unidirecional<\/td>\n<\/tr>\n<tr>\n<td>Sensibilidade<\/td>\n<td>-46 \u00b13 dB (RL=5,6k\u03a9, Vs=5,0V)<\/td>\n<\/tr>\n<tr>\n<td>Rela\u00e7\u00e3o sinal-ru\u00eddo<\/td>\n<td>70 dB (ponderado em A, t\u00edpico)<\/td>\n<\/tr>\n<tr>\n<td>SPL m\u00e1ximo de entrada<\/td>\n<td>125 dB (THD \u226410%)<\/td>\n<\/tr>\n<tr>\n<td>Imped\u00e2ncia<\/td>\n<td>\u22641 k\u03a9<\/td>\n<\/tr>\n<tr>\n<td>Tens\u00e3o operacional padr\u00e3o<\/td>\n<td>5,0 V CC<\/td>\n<\/tr>\n<tr>\n<td>Faixa de tens\u00e3o operacional<\/td>\n<td>1,0 - 10,0 V CC<\/td>\n<\/tr>\n<tr>\n<td>Consumo de corrente<\/td>\n<td>\u2264500 \u03bcA<\/td>\n<\/tr>\n<tr>\n<td>Tipo de n\u00facleo<\/td>\n<td>Coreia RF (Anti-interfer\u00eancia)<\/td>\n<\/tr>\n<\/tbody>\n<\/table>\n<h2 class=\"pt-4 text-start\">Aplica\u00e7\u00f5es t\u00edpicas<\/h2>\n<ul class=\"text-start\">\n<li>Fones de ouvido sem fio e fones de ouvido Bluetooth<\/li>\n<li>Aparelhos auditivos e dispositivos de assist\u00eancia auditiva<\/li>\n<li>Alto-falantes inteligentes e assistentes dom\u00e9sticos controlados por voz<\/li>\n<li>Sistemas automotivos de chamadas viva-voz e comando de voz<\/li>\n<li>Dispositivos de comunica\u00e7\u00e3o industrial e r\u00e1dios bidirecionais<\/li>\n<\/ul>\n<h2 class=\"pt-4 text-start\">Vantagens<\/h2>\n<p class=\"text-start\">O <strong>ECM-B1045UBT-Y390-967-2<\/strong> destaca-se por sua <strong>excepcional resist\u00eancia \u00e0 interfer\u00eancia eletromagn\u00e9tica<\/strong>, um desafio comum em dispositivos eletr\u00f4nicos modernos. Ao priorizar a estabilidade do sinal em ambientes ruidosos, ele garante uma captura de voz confi\u00e1vel e uma comunica\u00e7\u00e3o clara, tornando-o um componente robusto e confi\u00e1vel para qualquer projeto em que o ru\u00eddo de RF seja uma preocupa\u00e7\u00e3o.<\/p>","protected":false},"excerpt":{"rendered":"<p class=\"ds-markdown-paragraph\">C\u00e1psula de microfone condensador de eletreto de 9,7 mm equipada com um n\u00facleo de RF especializado da Coreia, otimizado para excelente resist\u00eancia \u00e0 interfer\u00eancia eletromagn\u00e9tica (EMI). Apresenta desempenho robusto com SNR de 70 dB e SPL de 125 dB, ideal para eletr\u00f4nicos em ambientes ricos em RF.<\/p>","protected":false},"featured_media":3772,"comment_status":"open","ping_status":"closed","template":"","meta":[],"product_brand":[721],"product_cat":[21],"product_tag":[281,235],"class_list":{"0":"post-3767","1":"product","2":"type-product","3":"status-publish","4":"has-post-thumbnail","6":"product_brand-ecmic","7":"product_cat-unidirectional-microphones","8":"product_tag-10mm","9":"product_tag-conference","11":"first","12":"instock","13":"shipping-taxable","14":"purchasable","15":"product-type-simple"},"_links":{"self":[{"href":"https:\/\/ecmicrophones.com\/pt\/wp-json\/wp\/v2\/product\/3767","targetHints":{"allow":["GET"]}}],"collection":[{"href":"https:\/\/ecmicrophones.com\/pt\/wp-json\/wp\/v2\/product"}],"about":[{"href":"https:\/\/ecmicrophones.com\/pt\/wp-json\/wp\/v2\/types\/product"}],"replies":[{"embeddable":true,"href":"https:\/\/ecmicrophones.com\/pt\/wp-json\/wp\/v2\/comments?post=3767"}],"wp:featuredmedia":[{"embeddable":true,"href":"https:\/\/ecmicrophones.com\/pt\/wp-json\/wp\/v2\/media\/3772"}],"wp:attachment":[{"href":"https:\/\/ecmicrophones.com\/pt\/wp-json\/wp\/v2\/media?parent=3767"}],"wp:term":[{"taxonomy":"product_brand","embeddable":true,"href":"https:\/\/ecmicrophones.com\/pt\/wp-json\/wp\/v2\/product_brand?post=3767"},{"taxonomy":"product_cat","embeddable":true,"href":"https:\/\/ecmicrophones.com\/pt\/wp-json\/wp\/v2\/product_cat?post=3767"},{"taxonomy":"product_tag","embeddable":true,"href":"https:\/\/ecmicrophones.com\/pt\/wp-json\/wp\/v2\/product_tag?post=3767"}],"curies":[{"name":"wp","href":"https:\/\/api.w.org\/{rel}","templated":true}]}}