{"id":39,"date":"2024-03-27T10:10:14","date_gmt":"2024-03-27T10:10:14","guid":{"rendered":"https:\/\/ecmicrophones.com\/?post_type=product&#038;p=39"},"modified":"2026-03-19T15:39:12","modified_gmt":"2026-03-19T07:39:12","slug":"6mm-omnidirectional-electret-condenser-microphone-cartridge-for-lavalier","status":"publish","type":"product","link":"https:\/\/ecmicrophones.com\/pt\/6mm-omnidirectional-electret-condenser-microphone-cartridge-for-lavalier\/","title":{"rendered":"Cartucho de microfone condensador de eletreto omnidirecional de 6 mm para lapela"},"content":{"rendered":"<h2 class=\"text-start\">Especifica\u00e7\u00f5es t\u00e9cnicas<\/h2>\n<p class=\"text-start\">O ECM-B6027AL32-358 \u00e9 uma c\u00e1psula de microfone condensador de eletreto omnidirecional de 6 mm projetada para captura de \u00e1udio de alta fidelidade em ambientes profissionais. Com um transistor FET de alta qualidade da Panasonic e um anel de cobre banhado a ouro, esse microfone garante integridade de sinal superior e distor\u00e7\u00e3o m\u00ednima. Com uma resposta de frequ\u00eancia suave e plana de 20 Hz a 16 KHz, ele proporciona uma reprodu\u00e7\u00e3o de som precisa e clara, o que o torna perfeito para aplica\u00e7\u00f5es cr\u00edticas de \u00e1udio.<\/p>\n<p class=\"text-start\">A c\u00e1psula foi constru\u00edda com excelente resist\u00eancia a interfer\u00eancias, garantindo um desempenho confi\u00e1vel em ambientes com interfer\u00eancia eletromagn\u00e9tica (EMI), o que a torna a op\u00e7\u00e3o ideal para microfones de lapela sem fio. O baixo ru\u00eddo pr\u00f3prio do microfone e a alta sensibilidade de -32 dB garantem clareza ideal em v\u00e1rias configura\u00e7\u00f5es de grava\u00e7\u00e3o e transmiss\u00e3o, mesmo em condi\u00e7\u00f5es desafiadoras.<\/p>\n<h3 class=\"pt-5 text-start\">Circuito de teste padr\u00e3o<\/h3>\n<p><img loading=\"lazy\" decoding=\"async\" class=\"alignnone size-full wp-image-232\" src=\"https:\/\/ecmicrophones.com\/wp-content\/uploads\/2024\/03\/standard-test-circuit_ecm-b6027al32-358.png\" alt=\"Circuito de teste ECM-B6027AL32: polariza\u00e7\u00e3o de 2,2k\u03a9, alimenta\u00e7\u00e3o de 2V, sa\u00edda de 1\u03bcF\" width=\"515\" height=\"219\" srcset=\"https:\/\/ecmicrophones.com\/wp-content\/uploads\/2024\/03\/standard-test-circuit_ecm-b6027al32-358.png 515w, https:\/\/ecmicrophones.com\/wp-content\/uploads\/2024\/03\/standard-test-circuit_ecm-b6027al32-358-300x128.png 300w, https:\/\/ecmicrophones.com\/wp-content\/uploads\/2024\/03\/standard-test-circuit_ecm-b6027al32-358-18x8.png 18w\" sizes=\"auto, (max-width: 515px) 100vw, 515px\" \/><\/p>\n<p>Resistor de polariza\u00e7\u00e3o de 2,2k\u03a9, alimenta\u00e7\u00e3o de 2V, tampa de sa\u00edda de 1\u03bcF. Otimizado para aplica\u00e7\u00f5es de \u00e1udio de banda total.<\/p>\n<h3 class=\"pt-5 text-start\">Resposta de frequ\u00eancia t\u00edpica<\/h3>\n<p><img loading=\"lazy\" decoding=\"async\" class=\"alignnone size-full wp-image-233\" src=\"https:\/\/ecmicrophones.com\/wp-content\/uploads\/2024\/03\/typical-frequency-response_ecm-b6027al32-358.png\" alt=\"Resposta de frequ\u00eancia ECM-B6027AL32: Resposta plana de 50Hz-20kHz\" width=\"397\" height=\"284\" srcset=\"https:\/\/ecmicrophones.com\/wp-content\/uploads\/2024\/03\/typical-frequency-response_ecm-b6027al32-358.png 397w, https:\/\/ecmicrophones.com\/wp-content\/uploads\/2024\/03\/typical-frequency-response_ecm-b6027al32-358-300x215.png 300w, https:\/\/ecmicrophones.com\/wp-content\/uploads\/2024\/03\/typical-frequency-response_ecm-b6027al32-358-18x12.png 18w\" sizes=\"auto, (max-width: 397px) 100vw, 397px\" \/><\/p>\n<p>Resposta de frequ\u00eancia plana de 50 Hz a 20 kHz com atenua\u00e7\u00e3o natural.<\/p>\n<h3 class=\"pt-5 text-start\">Dimens\u00f5es (unidade: mm)<\/h3>\n<p><img loading=\"lazy\" decoding=\"async\" class=\"alignnone size-full wp-image-234\" src=\"https:\/\/ecmicrophones.com\/wp-content\/uploads\/2024\/03\/appearance-dimension_ecm-b6027al32-358.png\" alt=\"ECM-B6027AL32 Dimens\u00f5es: \u03a66\u00d72,7mm com malha de poeira frontal\" width=\"494\" height=\"372\" srcset=\"https:\/\/ecmicrophones.com\/wp-content\/uploads\/2024\/03\/appearance-dimension_ecm-b6027al32-358.png 494w, https:\/\/ecmicrophones.com\/wp-content\/uploads\/2024\/03\/appearance-dimension_ecm-b6027al32-358-300x226.png 300w, https:\/\/ecmicrophones.com\/wp-content\/uploads\/2024\/03\/appearance-dimension_ecm-b6027al32-358-16x12.png 16w\" sizes=\"auto, (max-width: 494px) 100vw, 494px\" \/><\/p>\n<p>Design compacto de \u03a66\u00d72,7 mm com malha frontal contra poeira (gabinete traseiro vedado).<\/p>","protected":false},"excerpt":{"rendered":"<p>C\u00e1psula de microfone condensador de eletreto omnidirecional de 6 mm de alta fidelidade com resposta de frequ\u00eancia suave e excelente resist\u00eancia a interfer\u00eancias, ideal para microfones de lapela sem fio e aplica\u00e7\u00f5es de \u00e1udio profissional.<\/p>","protected":false},"featured_media":3253,"comment_status":"open","ping_status":"closed","template":"","meta":[],"product_brand":[721],"product_cat":[16,20],"product_tag":[283,235,288],"class_list":{"0":"post-39","1":"product","2":"type-product","3":"status-publish","4":"has-post-thumbnail","6":"product_brand-ecmic","7":"product_cat-electret-microphones","8":"product_cat-omnidirectional-microphones","9":"product_tag-6mm","10":"product_tag-conference","11":"product_tag-solder-pads","13":"first","14":"instock","15":"shipping-taxable","16":"purchasable","17":"product-type-simple"},"_links":{"self":[{"href":"https:\/\/ecmicrophones.com\/pt\/wp-json\/wp\/v2\/product\/39","targetHints":{"allow":["GET"]}}],"collection":[{"href":"https:\/\/ecmicrophones.com\/pt\/wp-json\/wp\/v2\/product"}],"about":[{"href":"https:\/\/ecmicrophones.com\/pt\/wp-json\/wp\/v2\/types\/product"}],"replies":[{"embeddable":true,"href":"https:\/\/ecmicrophones.com\/pt\/wp-json\/wp\/v2\/comments?post=39"}],"wp:featuredmedia":[{"embeddable":true,"href":"https:\/\/ecmicrophones.com\/pt\/wp-json\/wp\/v2\/media\/3253"}],"wp:attachment":[{"href":"https:\/\/ecmicrophones.com\/pt\/wp-json\/wp\/v2\/media?parent=39"}],"wp:term":[{"taxonomy":"product_brand","embeddable":true,"href":"https:\/\/ecmicrophones.com\/pt\/wp-json\/wp\/v2\/product_brand?post=39"},{"taxonomy":"product_cat","embeddable":true,"href":"https:\/\/ecmicrophones.com\/pt\/wp-json\/wp\/v2\/product_cat?post=39"},{"taxonomy":"product_tag","embeddable":true,"href":"https:\/\/ecmicrophones.com\/pt\/wp-json\/wp\/v2\/product_tag?post=39"}],"curies":[{"name":"wp","href":"https:\/\/api.w.org\/{rel}","templated":true}]}}