{"id":4158,"date":"2026-05-14T14:07:19","date_gmt":"2026-05-14T06:07:19","guid":{"rendered":"https:\/\/ecmicrophones.com\/?post_type=product&#038;p=4158"},"modified":"2026-05-14T14:07:20","modified_gmt":"2026-05-14T06:07:20","slug":"dynamic-microphone-capsule-for-karaoke-professional-vocal-systems","status":"publish","type":"product","link":"https:\/\/ecmicrophones.com\/pt\/dynamic-microphone-capsule-for-karaoke-professional-vocal-systems\/","title":{"rendered":"C\u00e1psula de microfone din\u00e2mico para karaok\u00ea e sistemas vocais profissionais"},"content":{"rendered":"<h2 class=\"text-start\">Especifica\u00e7\u00f5es t\u00e9cnicas<\/h2>\n<p class=\"text-start\">Essa c\u00e1psula de microfone din\u00e2mico foi projetada para aplica\u00e7\u00f5es vocais, incluindo sistemas de som de karaok\u00ea, \u00e1udio dom\u00e9stico e microfones de m\u00e3o profissionais.<\/p>\n<p class=\"text-start\">Com uma resposta de frequ\u00eancia de 50Hz a 15kHz, ele proporciona uma reprodu\u00e7\u00e3o vocal clara e natural com presen\u00e7a aprimorada. Seu padr\u00e3o polar unidirecional (\u226510dB) minimiza o ru\u00eddo ambiente e o feedback, enquanto a imped\u00e2ncia de 600\u03a9\u00b130% garante compatibilidade est\u00e1vel com mixers de karaok\u00ea, amplificadores e sistemas sem fio.<\/p>\n<p class=\"text-start\">O tamanho de \u03a630\u00d743,1 mm e a constru\u00e7\u00e3o leve de 37 g se encaixam em caixas de microfone de m\u00e3o padr\u00e3o, proporcionando desempenho dur\u00e1vel e confi\u00e1vel para locais de entretenimento e uso dom\u00e9stico em karaok\u00ea.<\/p>\n<h3 class=\"pt-5 text-start\">Vista explodida e lista de pe\u00e7as<\/h3>\n<p><img loading=\"lazy\" decoding=\"async\" class=\"alignnone wp-image-4164 size-full\" src=\"https:\/\/ecmicrophones.com\/wp-content\/uploads\/2026\/05\/ecm-dm58x-600-exploded-view.png\" alt=\"Vista explodida do ECM-DM58X-600: Conjunto de microfone de 8 componentes\" width=\"570\" height=\"260\" srcset=\"https:\/\/ecmicrophones.com\/wp-content\/uploads\/2026\/05\/ecm-dm58x-600-exploded-view.png 570w, https:\/\/ecmicrophones.com\/wp-content\/uploads\/2026\/05\/ecm-dm58x-600-exploded-view-300x137.png 300w, https:\/\/ecmicrophones.com\/wp-content\/uploads\/2026\/05\/ecm-dm58x-600-exploded-view-18x8.png 18w\" sizes=\"auto, (max-width: 570px) 100vw, 570px\" \/><\/p>\n<p>Componentes: 1. Esponja 2. Tampa 3. Diafragma 4. Bobina 5. A\u00e7o magn\u00e9tico 6. Panelas de ferro 7. Suporte 8. PCB+Estanho<\/p>\n<h3 class=\"pt-5 text-start\">Curva de resposta de frequ\u00eancia<\/h3>\n<p><img loading=\"lazy\" decoding=\"async\" class=\"alignnone wp-image-4165 size-full\" src=\"https:\/\/ecmicrophones.com\/wp-content\/uploads\/2026\/05\/ecm-dm58x-600-frequency-response-curve.png\" alt=\"Curva de resposta de frequ\u00eancia ECM-DM58X-600 50Hz-15kHz\" width=\"800\" height=\"600\" srcset=\"https:\/\/ecmicrophones.com\/wp-content\/uploads\/2026\/05\/ecm-dm58x-600-frequency-response-curve.png 800w, https:\/\/ecmicrophones.com\/wp-content\/uploads\/2026\/05\/ecm-dm58x-600-frequency-response-curve-300x225.png 300w, https:\/\/ecmicrophones.com\/wp-content\/uploads\/2026\/05\/ecm-dm58x-600-frequency-response-curve-768x576.png 768w, https:\/\/ecmicrophones.com\/wp-content\/uploads\/2026\/05\/ecm-dm58x-600-frequency-response-curve-16x12.png 16w, https:\/\/ecmicrophones.com\/wp-content\/uploads\/2026\/05\/ecm-dm58x-600-frequency-response-curve-600x450.png 600w\" sizes=\"auto, (max-width: 800px) 100vw, 800px\" \/><\/p>\n<p>A resposta de frequ\u00eancia vai de 50 Hz a 15 kHz, proporcionando m\u00e9dios equilibrados, agudos suaves e graves controlados, garantindo uma reprodu\u00e7\u00e3o clara da voz e resist\u00eancia ao feedback em ambientes de karaok\u00ea, palco e \u00e1udio dom\u00e9stico.<\/p>\n<h3 class=\"pt-5 text-start\">Dimens\u00f5es (UNIDADE: mm)<\/h3>\n<p><img loading=\"lazy\" decoding=\"async\" class=\"alignnone wp-image-4163 size-full\" src=\"https:\/\/ecmicrophones.com\/wp-content\/uploads\/2026\/05\/ecm-dm58x-600-dimensions.png\" alt=\"Diagrama de dimens\u00f5es do ECM-DM58X-600: \u03a630\u00d740,1mm\" width=\"689\" height=\"814\" srcset=\"https:\/\/ecmicrophones.com\/wp-content\/uploads\/2026\/05\/ecm-dm58x-600-dimensions.png 689w, https:\/\/ecmicrophones.com\/wp-content\/uploads\/2026\/05\/ecm-dm58x-600-dimensions-254x300.png 254w, https:\/\/ecmicrophones.com\/wp-content\/uploads\/2026\/05\/ecm-dm58x-600-dimensions-10x12.png 10w, https:\/\/ecmicrophones.com\/wp-content\/uploads\/2026\/05\/ecm-dm58x-600-dimensions-600x709.png 600w\" sizes=\"auto, (max-width: 689px) 100vw, 689px\" \/><\/p>\n<p>C\u00e1psula de microfone din\u00e2mico com tamanho de \u03a630 \u00d7 43,1 mm, projetada para captura vocal confi\u00e1vel em karaok\u00ea, vocal profissional e aplica\u00e7\u00f5es de \u00e1udio para o consumidor.<\/p>","protected":false},"excerpt":{"rendered":"<p>C\u00e1psula de microfone din\u00e2mico unidirecional, imped\u00e2ncia de 600\u03a9, resposta de frequ\u00eancia de 50Hz-15kHz, otimizada para karaok\u00ea e aplica\u00e7\u00f5es vocais profissionais.<\/p>","protected":false},"featured_media":4160,"comment_status":"open","ping_status":"closed","template":"","meta":[],"product_brand":[721],"product_cat":[17],"product_tag":[312,116],"class_list":{"0":"post-4158","1":"product","2":"type-product","3":"status-publish","4":"has-post-thumbnail","6":"product_brand-ecmic","7":"product_cat-dynamic-microphones","8":"product_tag-30mm","9":"product_tag-vocal","11":"first","12":"instock","13":"shipping-taxable","14":"purchasable","15":"product-type-simple"},"_links":{"self":[{"href":"https:\/\/ecmicrophones.com\/pt\/wp-json\/wp\/v2\/product\/4158","targetHints":{"allow":["GET"]}}],"collection":[{"href":"https:\/\/ecmicrophones.com\/pt\/wp-json\/wp\/v2\/product"}],"about":[{"href":"https:\/\/ecmicrophones.com\/pt\/wp-json\/wp\/v2\/types\/product"}],"replies":[{"embeddable":true,"href":"https:\/\/ecmicrophones.com\/pt\/wp-json\/wp\/v2\/comments?post=4158"}],"wp:featuredmedia":[{"embeddable":true,"href":"https:\/\/ecmicrophones.com\/pt\/wp-json\/wp\/v2\/media\/4160"}],"wp:attachment":[{"href":"https:\/\/ecmicrophones.com\/pt\/wp-json\/wp\/v2\/media?parent=4158"}],"wp:term":[{"taxonomy":"product_brand","embeddable":true,"href":"https:\/\/ecmicrophones.com\/pt\/wp-json\/wp\/v2\/product_brand?post=4158"},{"taxonomy":"product_cat","embeddable":true,"href":"https:\/\/ecmicrophones.com\/pt\/wp-json\/wp\/v2\/product_cat?post=4158"},{"taxonomy":"product_tag","embeddable":true,"href":"https:\/\/ecmicrophones.com\/pt\/wp-json\/wp\/v2\/product_tag?post=4158"}],"curies":[{"name":"wp","href":"https:\/\/api.w.org\/{rel}","templated":true}]}}