{"id":423,"date":"2024-04-19T13:41:42","date_gmt":"2024-04-19T13:41:42","guid":{"rendered":"https:\/\/ecmicrophones.com\/?post_type=product&#038;p=423"},"modified":"2026-03-19T15:48:36","modified_gmt":"2026-03-19T07:48:36","slug":"bird-feeder-microphone-capsule-4mm","status":"publish","type":"product","link":"https:\/\/ecmicrophones.com\/pt\/bird-feeder-microphone-capsule-4mm\/","title":{"rendered":"C\u00e1psula de microfone de eletreto de 4 mm para comedouro de p\u00e1ssaros com pinos - capta\u00e7\u00e3o de som de p\u00e1ssaros"},"content":{"rendered":"<h2 class=\"text-start\">Especifica\u00e7\u00f5es t\u00e9cnicas<\/h2>\n<p class=\"text-start\">\nO ECM-B4015AP40-IP67 \u00e9 uma c\u00e1psula de microfone de eletreto omnidirecional de 4 x 1,5 mm com 2 pinos, sensibilidade de -40 dB\u00b12 e SNR de 60 dB. Possui classifica\u00e7\u00e3o IP67 \u00e0 prova d'\u00e1gua e de poeira, garantindo um desempenho confi\u00e1vel em ambientes externos.<\/p>\n<p class=\"text-start\">Projetada para alimentadores de p\u00e1ssaros e aplica\u00e7\u00f5es de capta\u00e7\u00e3o de som de p\u00e1ssaros, essa c\u00e1psula de microfone \u00e9 comumente usada em casas de p\u00e1ssaros equipadas com microfones ou c\u00e2meras, proporcionando uma captura de \u00e1udio n\u00edtida e est\u00e1vel para sistemas de observa\u00e7\u00e3o ao ar livre.<\/p>\n<p class=\"text-start\">Sua estrutura compacta de plug-in 4015 permite f\u00e1cil integra\u00e7\u00e3o em m\u00f3dulos de \u00e1udio e equipamentos de monitoramento personalizados. Dur\u00e1vel e com desempenho consistente, ele \u00e9 adequado para aplica\u00e7\u00f5es profissionais e de OEM.<\/p>\n<h3 class=\"pt-5 text-start\">Circuito de teste padr\u00e3o<\/h3>\n<p><img loading=\"lazy\" decoding=\"async\" class=\"alignnone size-full wp-image-425\" src=\"https:\/\/ecmicrophones.com\/wp-content\/uploads\/2024\/04\/standard-test-circuit_ecm-b4015ap40-ip67.png\" alt=\"Circuito de teste padr\u00e3o\" width=\"504\" height=\"219\" srcset=\"https:\/\/ecmicrophones.com\/wp-content\/uploads\/2024\/04\/standard-test-circuit_ecm-b4015ap40-ip67.png 504w, https:\/\/ecmicrophones.com\/wp-content\/uploads\/2024\/04\/standard-test-circuit_ecm-b4015ap40-ip67-300x130.png 300w, https:\/\/ecmicrophones.com\/wp-content\/uploads\/2024\/04\/standard-test-circuit_ecm-b4015ap40-ip67-18x8.png 18w\" sizes=\"auto, (max-width: 504px) 100vw, 504px\" \/><\/p>\n<p><strong>Condi\u00e7\u00f5es de teste:<\/strong> RL = 2,2k\u03a9, Vs = 2V, C = 1\u03bcF<\/p>\n<h3 class=\"pt-5 text-start\">Resposta de frequ\u00eancia t\u00edpica<\/h3>\n<p><img loading=\"lazy\" decoding=\"async\" class=\"alignnone size-full wp-image-426\" src=\"https:\/\/ecmicrophones.com\/wp-content\/uploads\/2024\/04\/typical-frequency-response_ecm-b4015ap40-ip67.png\" alt=\"Resposta de frequ\u00eancia t\u00edpica\" width=\"397\" height=\"284\" srcset=\"https:\/\/ecmicrophones.com\/wp-content\/uploads\/2024\/04\/typical-frequency-response_ecm-b4015ap40-ip67.png 397w, https:\/\/ecmicrophones.com\/wp-content\/uploads\/2024\/04\/typical-frequency-response_ecm-b4015ap40-ip67-300x215.png 300w, https:\/\/ecmicrophones.com\/wp-content\/uploads\/2024\/04\/typical-frequency-response_ecm-b4015ap40-ip67-18x12.png 18w\" sizes=\"auto, (max-width: 397px) 100vw, 397px\" \/><\/p>\n<p><strong>Faixa de frequ\u00eancia:<\/strong> 50Hz-20kHz<br \/>\nA resposta aumenta suavemente at\u00e9 1kHz, diminui gradualmente, com um leve aumento pr\u00f3ximo a 16kHz.<\/p>\n<h3 class=\"pt-5 text-start\">Dimens\u00f5es (UNIDADE: mm)<\/h3>\n<p><img loading=\"lazy\" decoding=\"async\" class=\"alignnone size-full wp-image-424\" src=\"https:\/\/ecmicrophones.com\/wp-content\/uploads\/2024\/04\/appearance-dimension_ecm-b4015ap40-ip67.png\" alt=\"Dimens\u00e3o da apar\u00eancia\" width=\"501\" height=\"352\" srcset=\"https:\/\/ecmicrophones.com\/wp-content\/uploads\/2024\/04\/appearance-dimension_ecm-b4015ap40-ip67.png 501w, https:\/\/ecmicrophones.com\/wp-content\/uploads\/2024\/04\/appearance-dimension_ecm-b4015ap40-ip67-300x211.png 300w, https:\/\/ecmicrophones.com\/wp-content\/uploads\/2024\/04\/appearance-dimension_ecm-b4015ap40-ip67-18x12.png 18w\" sizes=\"auto, (max-width: 501px) 100vw, 501px\" \/><\/p>\n<p>Dimens\u00f5es da c\u00e1psula: 4 mm (di\u00e2metro) \u00d7 1,5 mm (altura). A parte frontal apresenta uma membrana \u00e0 prova d'\u00e1gua; n\u00e3o h\u00e1 porta ac\u00fastica na parte traseira. Equipado com pinos de 2,8 mm, com espa\u00e7amento de 1,4 mm.<\/p>","protected":false},"excerpt":{"rendered":"<p>O ECM-B4015AP40-IP67 \u00e9 uma c\u00e1psula de microfone de eletreto omnidirecional de 4 x 1,5 mm com 2 pinos, sensibilidade de -40 dB\u00b12, SNR de 60 dB e classifica\u00e7\u00e3o IP67 \u00e0 prova d'\u00e1gua. Adequado para alimentadores de p\u00e1ssaros e aplica\u00e7\u00f5es de capta\u00e7\u00e3o de som de p\u00e1ssaros.<\/p>","protected":false},"featured_media":2476,"comment_status":"open","ping_status":"closed","template":"","meta":[],"product_brand":[721],"product_cat":[16,20],"product_tag":[284,229,291],"class_list":{"0":"post-423","1":"product","2":"type-product","3":"status-publish","4":"has-post-thumbnail","6":"product_brand-ecmic","7":"product_cat-electret-microphones","8":"product_cat-omnidirectional-microphones","9":"product_tag-4mm","10":"product_tag-equipment","11":"product_tag-pin-type","13":"first","14":"instock","15":"shipping-taxable","16":"purchasable","17":"product-type-simple"},"_links":{"self":[{"href":"https:\/\/ecmicrophones.com\/pt\/wp-json\/wp\/v2\/product\/423","targetHints":{"allow":["GET"]}}],"collection":[{"href":"https:\/\/ecmicrophones.com\/pt\/wp-json\/wp\/v2\/product"}],"about":[{"href":"https:\/\/ecmicrophones.com\/pt\/wp-json\/wp\/v2\/types\/product"}],"replies":[{"embeddable":true,"href":"https:\/\/ecmicrophones.com\/pt\/wp-json\/wp\/v2\/comments?post=423"}],"wp:featuredmedia":[{"embeddable":true,"href":"https:\/\/ecmicrophones.com\/pt\/wp-json\/wp\/v2\/media\/2476"}],"wp:attachment":[{"href":"https:\/\/ecmicrophones.com\/pt\/wp-json\/wp\/v2\/media?parent=423"}],"wp:term":[{"taxonomy":"product_brand","embeddable":true,"href":"https:\/\/ecmicrophones.com\/pt\/wp-json\/wp\/v2\/product_brand?post=423"},{"taxonomy":"product_cat","embeddable":true,"href":"https:\/\/ecmicrophones.com\/pt\/wp-json\/wp\/v2\/product_cat?post=423"},{"taxonomy":"product_tag","embeddable":true,"href":"https:\/\/ecmicrophones.com\/pt\/wp-json\/wp\/v2\/product_tag?post=423"}],"curies":[{"name":"wp","href":"https:\/\/api.w.org\/{rel}","templated":true}]}}