{"id":471,"date":"2024-04-28T05:44:34","date_gmt":"2024-04-28T05:44:34","guid":{"rendered":"https:\/\/ecmicrophones.com\/?post_type=product&#038;p=471"},"modified":"2026-03-19T15:49:07","modified_gmt":"2026-03-19T07:49:07","slug":"5-8mm-omnidirectional-electret-condenser-microphone-capsule-for-video-conference","status":"publish","type":"product","link":"https:\/\/ecmicrophones.com\/pt\/5-8mm-omnidirectional-electret-condenser-microphone-capsule-for-video-conference\/","title":{"rendered":"c\u00e1psula omnidirecional do microfone do condensador do eletreto de 5.8mm para videoconfer\u00eancia"},"content":{"rendered":"<h2 class=\"text-start\">Especifica\u00e7\u00f5es t\u00e9cnicas<\/h2>\n<p class=\"text-start\">Nosso cabe\u00e7ote de microfone omnidirecional 5820 ostenta uma taxa de distor\u00e7\u00e3o de \u22641% e uma rela\u00e7\u00e3o sinal-ru\u00eddo de 73dB. Com baixo ru\u00eddo, alta fidelidade e qualidade de som Hi-Fi, ele garante reprodu\u00e7\u00e3o de \u00e1udio precisa para suas necessidades.<\/p>\n<h3 class=\"pt-5 text-start\">Circuito de teste padr\u00e3o<\/h3>\n<p> <img loading=\"lazy\" decoding=\"async\" class=\"alignnone size-full wp-image-473\" src=\"https:\/\/ecmicrophones.com\/wp-content\/uploads\/2024\/04\/standard-test-circuit_ecm-b5820aml40-247.png\" alt=\"Circuito de teste padr\u00e3o\" width=\"470\" height=\"208\" srcset=\"https:\/\/ecmicrophones.com\/wp-content\/uploads\/2024\/04\/standard-test-circuit_ecm-b5820aml40-247.png 470w, https:\/\/ecmicrophones.com\/wp-content\/uploads\/2024\/04\/standard-test-circuit_ecm-b5820aml40-247-300x133.png 300w, https:\/\/ecmicrophones.com\/wp-content\/uploads\/2024\/04\/standard-test-circuit_ecm-b5820aml40-247-18x8.png 18w\" sizes=\"auto, (max-width: 470px) 100vw, 470px\" \/> <\/p>\n<p>Testado com RL=15k\u03a9, Vs=2V e C=1\u00b5F para uma avalia\u00e7\u00e3o de desempenho consistente.<\/p>\n<h3 class=\"pt-5 text-start\">Resposta de frequ\u00eancia t\u00edpica<\/h3>\n<p> <img loading=\"lazy\" decoding=\"async\" class=\"alignnone size-full wp-image-474\" src=\"https:\/\/ecmicrophones.com\/wp-content\/uploads\/2024\/04\/typical-frequency-response_ecm-b5820aml40-247.png\" alt=\"Resposta de frequ\u00eancia t\u00edpica\" width=\"397\" height=\"284\" srcset=\"https:\/\/ecmicrophones.com\/wp-content\/uploads\/2024\/04\/typical-frequency-response_ecm-b5820aml40-247.png 397w, https:\/\/ecmicrophones.com\/wp-content\/uploads\/2024\/04\/typical-frequency-response_ecm-b5820aml40-247-300x215.png 300w, https:\/\/ecmicrophones.com\/wp-content\/uploads\/2024\/04\/typical-frequency-response_ecm-b5820aml40-247-18x12.png 18w\" sizes=\"auto, (max-width: 397px) 100vw, 397px\" \/> <\/p>\n<p>Resposta de frequ\u00eancia plana e est\u00e1vel de 50 Hz a 10 kHz, seguida por um decl\u00ednio acentuado que se estende at\u00e9 20 kHz.<\/p>\n<h3 class=\"pt-5 text-start\">Dimens\u00f5es (UNIDADE: mm)<\/h3>\n<p> <img loading=\"lazy\" decoding=\"async\" class=\"alignnone size-full wp-image-472\" src=\"https:\/\/ecmicrophones.com\/wp-content\/uploads\/2024\/04\/appearance-dimension_ecm-b5820aml40-247.png\" alt=\"Dimens\u00e3o da apar\u00eancia\" width=\"478\" height=\"377\" srcset=\"https:\/\/ecmicrophones.com\/wp-content\/uploads\/2024\/04\/appearance-dimension_ecm-b5820aml40-247.png 478w, https:\/\/ecmicrophones.com\/wp-content\/uploads\/2024\/04\/appearance-dimension_ecm-b5820aml40-247-300x237.png 300w, https:\/\/ecmicrophones.com\/wp-content\/uploads\/2024\/04\/appearance-dimension_ecm-b5820aml40-247-15x12.png 15w\" sizes=\"auto, (max-width: 478px) 100vw, 478px\" \/> <\/p>\n<p>Design compacto de 5,8 \u00d7 2,0 mm sem porta ac\u00fastica traseira - ideal para dispositivos finos que exigem constru\u00e7\u00e3o vedada.<\/p>","protected":false},"excerpt":{"rendered":"<p>O ECM-B5820AML40-247 \u00e9 uma c\u00e1psula de microfone omnidirecional de 5,8 \u00d7 2 mm adequada para microfones de lapela sem fio 2.4G e produtos de microfone de videoconfer\u00eancia. Com uma sensibilidade de -40dB\u00b12 e uma rela\u00e7\u00e3o sinal-ru\u00eddo de 73dB, ele garante captura de som n\u00edtida em v\u00e1rias aplica\u00e7\u00f5es.<\/p>","protected":false},"featured_media":2551,"comment_status":"open","ping_status":"closed","template":"","meta":[],"product_brand":[721],"product_cat":[20,16],"product_tag":[286,235,288],"class_list":{"0":"post-471","1":"product","2":"type-product","3":"status-publish","4":"has-post-thumbnail","6":"product_brand-ecmic","7":"product_cat-omnidirectional-microphones","8":"product_cat-electret-microphones","9":"product_tag-5-8mm","10":"product_tag-conference","11":"product_tag-solder-pads","13":"first","14":"instock","15":"shipping-taxable","16":"purchasable","17":"product-type-simple"},"_links":{"self":[{"href":"https:\/\/ecmicrophones.com\/pt\/wp-json\/wp\/v2\/product\/471","targetHints":{"allow":["GET"]}}],"collection":[{"href":"https:\/\/ecmicrophones.com\/pt\/wp-json\/wp\/v2\/product"}],"about":[{"href":"https:\/\/ecmicrophones.com\/pt\/wp-json\/wp\/v2\/types\/product"}],"replies":[{"embeddable":true,"href":"https:\/\/ecmicrophones.com\/pt\/wp-json\/wp\/v2\/comments?post=471"}],"wp:featuredmedia":[{"embeddable":true,"href":"https:\/\/ecmicrophones.com\/pt\/wp-json\/wp\/v2\/media\/2551"}],"wp:attachment":[{"href":"https:\/\/ecmicrophones.com\/pt\/wp-json\/wp\/v2\/media?parent=471"}],"wp:term":[{"taxonomy":"product_brand","embeddable":true,"href":"https:\/\/ecmicrophones.com\/pt\/wp-json\/wp\/v2\/product_brand?post=471"},{"taxonomy":"product_cat","embeddable":true,"href":"https:\/\/ecmicrophones.com\/pt\/wp-json\/wp\/v2\/product_cat?post=471"},{"taxonomy":"product_tag","embeddable":true,"href":"https:\/\/ecmicrophones.com\/pt\/wp-json\/wp\/v2\/product_tag?post=471"}],"curies":[{"name":"wp","href":"https:\/\/api.w.org\/{rel}","templated":true}]}}