{"id":49,"date":"2024-03-27T10:20:22","date_gmt":"2024-03-27T10:20:22","guid":{"rendered":"https:\/\/ecmicrophones.com\/?post_type=product&#038;p=49"},"modified":"2026-03-19T15:39:24","modified_gmt":"2026-03-19T07:39:24","slug":"broadcast-headset-microphone-capsule-6mm","status":"publish","type":"product","link":"https:\/\/ecmicrophones.com\/pt\/broadcast-headset-microphone-capsule-6mm\/","title":{"rendered":"C\u00e1psula de microfone de fone de ouvido de transmiss\u00e3o de 6 mm"},"content":{"rendered":"<h2 class=\"text-start\">Especifica\u00e7\u00f5es t\u00e9cnicas<\/h2>\n<p class=\"text-start\">Apresentando um n\u00facleo de microfone cardioide de alta qualidade com ampla resposta de frequ\u00eancia, nosso cabe\u00e7ote de microfone 6027 se destaca em cancelamento de ru\u00eddo e resist\u00eancia a interfer\u00eancias, garantindo captura de \u00e1udio n\u00edtida.<\/p>\n<h3 class=\"pt-5 text-start\">Circuito de teste padr\u00e3o<\/h3>\n<p><img loading=\"lazy\" decoding=\"async\" class=\"alignnone size-full wp-image-236\" src=\"https:\/\/ecmicrophones.com\/wp-content\/uploads\/2024\/03\/standard-test-circuit_ecm-b6027ul-906.png\" alt=\"Circuito de teste ECM-B6027UL: polariza\u00e7\u00e3o de 2,2k\u03a9, alimenta\u00e7\u00e3o de 2V, sa\u00edda de 1\u03bcF\" width=\"515\" height=\"219\" srcset=\"https:\/\/ecmicrophones.com\/wp-content\/uploads\/2024\/03\/standard-test-circuit_ecm-b6027ul-906.png 515w, https:\/\/ecmicrophones.com\/wp-content\/uploads\/2024\/03\/standard-test-circuit_ecm-b6027ul-906-300x128.png 300w, https:\/\/ecmicrophones.com\/wp-content\/uploads\/2024\/03\/standard-test-circuit_ecm-b6027ul-906-18x8.png 18w\" sizes=\"auto, (max-width: 515px) 100vw, 515px\" \/><\/p>\n<p>Resistor de polariza\u00e7\u00e3o de 2,2k\u03a9, alimenta\u00e7\u00e3o de 2V, tampa de sa\u00edda de 1\u03bcF. Otimizado para aplica\u00e7\u00f5es de voz.<\/p>\n<h3 class=\"pt-5 text-start\">Resposta de frequ\u00eancia t\u00edpica<\/h3>\n<p><img loading=\"lazy\" decoding=\"async\" class=\"alignnone wp-image-3043 size-large\" src=\"https:\/\/ecmicrophones.com\/wp-content\/uploads\/2024\/03\/typical-frequency-response-ecm-b6027ul-906-1-1024x469.png\" alt=\"Resposta de frequ\u00eancia ECM-B6027UL: curva ascendente de 100Hz-16kHz\" width=\"1024\" height=\"469\" srcset=\"https:\/\/ecmicrophones.com\/wp-content\/uploads\/2024\/03\/typical-frequency-response-ecm-b6027ul-906-1-1024x469.png 1024w, https:\/\/ecmicrophones.com\/wp-content\/uploads\/2024\/03\/typical-frequency-response-ecm-b6027ul-906-1-300x137.png 300w, https:\/\/ecmicrophones.com\/wp-content\/uploads\/2024\/03\/typical-frequency-response-ecm-b6027ul-906-1-768x351.png 768w, https:\/\/ecmicrophones.com\/wp-content\/uploads\/2024\/03\/typical-frequency-response-ecm-b6027ul-906-1-18x8.png 18w, https:\/\/ecmicrophones.com\/wp-content\/uploads\/2024\/03\/typical-frequency-response-ecm-b6027ul-906-1-600x275.png 600w, https:\/\/ecmicrophones.com\/wp-content\/uploads\/2024\/03\/typical-frequency-response-ecm-b6027ul-906-1.png 1263w\" sizes=\"auto, (max-width: 1024px) 100vw, 1024px\" \/><\/p>\n<p>Resposta da curva ascendente de 100 Hz a 16 kHz.<\/p>\n<h3 class=\"pt-5 text-start\">Dimens\u00f5es (unidade: mm)<\/h3>\n<p><img loading=\"lazy\" decoding=\"async\" class=\"alignnone wp-image-3044 size-full\" src=\"https:\/\/ecmicrophones.com\/wp-content\/uploads\/2024\/03\/appearance-dimension_ecm-b6027ul-906-2.png\" alt=\"ECM-B6027UL Dimens\u00f5es: \u03a66\u00d72,7 mm com malha frontal contra poeira e porta ac\u00fastica traseira\" width=\"332\" height=\"402\" srcset=\"https:\/\/ecmicrophones.com\/wp-content\/uploads\/2024\/03\/appearance-dimension_ecm-b6027ul-906-2.png 332w, https:\/\/ecmicrophones.com\/wp-content\/uploads\/2024\/03\/appearance-dimension_ecm-b6027ul-906-2-248x300.png 248w, https:\/\/ecmicrophones.com\/wp-content\/uploads\/2024\/03\/appearance-dimension_ecm-b6027ul-906-2-10x12.png 10w\" sizes=\"auto, (max-width: 332px) 100vw, 332px\" \/><\/p>\n<p>\u03a66\u00d72,7 mm com malha frontal contra poeira e porta ac\u00fastica traseira.<\/p>","protected":false},"excerpt":{"rendered":"<p>O ECM-B6027UL-906 \u00e9 uma c\u00e1psula de microfone unidirecional de 6 \u00d7 2,7 mm projetada para fones de ouvido no set e fones de ouvido de produ\u00e7\u00e3o. Com uma sensibilidade de -35dB\u00b12 e uma rela\u00e7\u00e3o sinal-ru\u00eddo de 60dB, ele garante uma transmiss\u00e3o de \u00e1udio clara em v\u00e1rios cen\u00e1rios de transmiss\u00e3o. Ideal para fones de ouvido no set e aplica\u00e7\u00f5es de fones de ouvido de produ\u00e7\u00e3o.<\/p>","protected":false},"featured_media":2490,"comment_status":"open","ping_status":"closed","template":"","meta":[],"product_brand":[721],"product_cat":[16,21],"product_tag":[283,235,288],"class_list":{"0":"post-49","1":"product","2":"type-product","3":"status-publish","4":"has-post-thumbnail","6":"product_brand-ecmic","7":"product_cat-electret-microphones","8":"product_cat-unidirectional-microphones","9":"product_tag-6mm","10":"product_tag-conference","11":"product_tag-solder-pads","13":"first","14":"instock","15":"shipping-taxable","16":"purchasable","17":"product-type-simple"},"_links":{"self":[{"href":"https:\/\/ecmicrophones.com\/pt\/wp-json\/wp\/v2\/product\/49","targetHints":{"allow":["GET"]}}],"collection":[{"href":"https:\/\/ecmicrophones.com\/pt\/wp-json\/wp\/v2\/product"}],"about":[{"href":"https:\/\/ecmicrophones.com\/pt\/wp-json\/wp\/v2\/types\/product"}],"replies":[{"embeddable":true,"href":"https:\/\/ecmicrophones.com\/pt\/wp-json\/wp\/v2\/comments?post=49"}],"wp:featuredmedia":[{"embeddable":true,"href":"https:\/\/ecmicrophones.com\/pt\/wp-json\/wp\/v2\/media\/2490"}],"wp:attachment":[{"href":"https:\/\/ecmicrophones.com\/pt\/wp-json\/wp\/v2\/media?parent=49"}],"wp:term":[{"taxonomy":"product_brand","embeddable":true,"href":"https:\/\/ecmicrophones.com\/pt\/wp-json\/wp\/v2\/product_brand?post=49"},{"taxonomy":"product_cat","embeddable":true,"href":"https:\/\/ecmicrophones.com\/pt\/wp-json\/wp\/v2\/product_cat?post=49"},{"taxonomy":"product_tag","embeddable":true,"href":"https:\/\/ecmicrophones.com\/pt\/wp-json\/wp\/v2\/product_tag?post=49"}],"curies":[{"name":"wp","href":"https:\/\/api.w.org\/{rel}","templated":true}]}}