{"id":496,"date":"2024-05-09T09:44:01","date_gmt":"2024-05-09T09:44:01","guid":{"rendered":"https:\/\/ecmicrophones.com\/?post_type=product&#038;p=496"},"modified":"2026-03-19T15:49:26","modified_gmt":"2026-03-19T07:49:26","slug":"dynamic-conference-headset-microphone-element-19mm","status":"publish","type":"product","link":"https:\/\/ecmicrophones.com\/pt\/dynamic-conference-headset-microphone-element-19mm\/","title":{"rendered":"Elemento de microfone de fone de ouvido de confer\u00eancia din\u00e2mica 19mm"},"content":{"rendered":"<h2 class=\"text-start\">Especifica\u00e7\u00f5es t\u00e9cnicas<\/h2>\n<p class=\"text-start\">O ECM-DM1910B600-250219 \u00e9 uma c\u00e1psula de microfone din\u00e2mico compacta otimizada para integra\u00e7\u00e3o em fones de ouvido de comunica\u00e7\u00e3o - incluindo projetos de microfone boom - microfones vocais de m\u00e3o e dispositivos acionados por voz. Sua resposta de frequ\u00eancia de 100Hz a 10kHz e imped\u00e2ncia de 600\u03a9 garantem um desempenho vocal claro e intelig\u00edvel em uma ampla gama de ambientes cotidianos e profissionais.<\/p>\n<p class=\"text-start\">Com um padr\u00e3o polar unidirecional, ele reduz efetivamente o ru\u00eddo de fundo, concentrando-se na voz do usu\u00e1rio, o que o torna ideal para uso em call centers, intercomunicadores, configura\u00e7\u00f5es de podcasting e sistemas de microfone para karaok\u00ea. O formato de 19 mm oferece f\u00e1cil integra\u00e7\u00e3o em inv\u00f3lucros finos de fones de ouvido, conjuntos de microfone de m\u00e3o ou outros projetos com restri\u00e7\u00f5es de espa\u00e7o.<\/p>\n<h3 class=\"pt-5 text-start\">Vista explodida e lista de pe\u00e7as<\/h3>\n<p><img loading=\"lazy\" decoding=\"async\" class=\"alignnone wp-image-3894 size-full\" src=\"https:\/\/ecmicrophones.com\/wp-content\/uploads\/2024\/05\/dynamic-part_ecm-dm1910b600-250219-1.png\" alt=\"Parte Din\u00e2mica\" width=\"580\" height=\"280\" srcset=\"https:\/\/ecmicrophones.com\/wp-content\/uploads\/2024\/05\/dynamic-part_ecm-dm1910b600-250219-1.png 580w, https:\/\/ecmicrophones.com\/wp-content\/uploads\/2024\/05\/dynamic-part_ecm-dm1910b600-250219-1-300x145.png 300w, https:\/\/ecmicrophones.com\/wp-content\/uploads\/2024\/05\/dynamic-part_ecm-dm1910b600-250219-1-18x9.png 18w\" sizes=\"auto, (max-width: 580px) 100vw, 580px\" \/><\/p>\n<p><strong>Lista de pe\u00e7as:<\/strong> Esponja, tampa, diafragma, bobina, a\u00e7o magn\u00e9tico, panela de ferro, suporte, PCB + estanho.<\/p>\n<h3 class=\"pt-5 text-start\">Curva de resposta de frequ\u00eancia<\/h3>\n<p><img loading=\"lazy\" decoding=\"async\" class=\"alignnone wp-image-3762 size-full\" src=\"https:\/\/ecmicrophones.com\/wp-content\/uploads\/2024\/05\/response-curve_ecm-dm1910b600-250219.png\" alt=\"Curva de Resposta\" width=\"516\" height=\"425\" srcset=\"https:\/\/ecmicrophones.com\/wp-content\/uploads\/2024\/05\/response-curve_ecm-dm1910b600-250219.png 516w, https:\/\/ecmicrophones.com\/wp-content\/uploads\/2024\/05\/response-curve_ecm-dm1910b600-250219-300x247.png 300w, https:\/\/ecmicrophones.com\/wp-content\/uploads\/2024\/05\/response-curve_ecm-dm1910b600-250219-15x12.png 15w\" sizes=\"auto, (max-width: 516px) 100vw, 516px\" \/><\/p>\n<p><strong>Resposta de frequ\u00eancia:<\/strong> 100Hz-10kHz. Projetado para capta\u00e7\u00e3o de voz clara e confi\u00e1vel em aplica\u00e7\u00f5es vocais padr\u00e3o.<\/p>\n<h3 class=\"pt-5 text-start\">Dimens\u00f5es (UNIDADE: mm)<\/h3>\n<p><img loading=\"lazy\" decoding=\"async\" class=\"alignnone wp-image-3763 size-full\" src=\"https:\/\/ecmicrophones.com\/wp-content\/uploads\/2024\/05\/appearance-size_ecm-dm1910b600-250219.png\" alt=\"Tamanho da apar\u00eancia\" width=\"747\" height=\"402\" srcset=\"https:\/\/ecmicrophones.com\/wp-content\/uploads\/2024\/05\/appearance-size_ecm-dm1910b600-250219.png 747w, https:\/\/ecmicrophones.com\/wp-content\/uploads\/2024\/05\/appearance-size_ecm-dm1910b600-250219-300x161.png 300w, https:\/\/ecmicrophones.com\/wp-content\/uploads\/2024\/05\/appearance-size_ecm-dm1910b600-250219-18x10.png 18w, https:\/\/ecmicrophones.com\/wp-content\/uploads\/2024\/05\/appearance-size_ecm-dm1910b600-250219-600x323.png 600w\" sizes=\"auto, (max-width: 747px) 100vw, 747px\" \/><\/p>\n<p><strong>Dimens\u00f5es:<\/strong> Di\u00e2metro: 19 mm; Altura: 9,6 mm.<\/p>","protected":false},"excerpt":{"rendered":"<p>Projetada para fones de ouvido de comunica\u00e7\u00e3o, KTV e microfones de m\u00e3o, equipamentos de podcasting e sistemas de transmiss\u00e3o de voz, essa c\u00e1psula de microfone din\u00e2mico unidirecional de 19 \u00d7 10 mm oferece capta\u00e7\u00e3o vocal n\u00edtida e focada com uma resposta de frequ\u00eancia de 100 Hz a 10 kHz e imped\u00e2ncia de 600\u03a9.<\/p>","protected":false},"featured_media":3759,"comment_status":"open","ping_status":"closed","template":"","meta":[],"product_brand":[721],"product_cat":[17],"product_tag":[310,235],"class_list":{"0":"post-496","1":"product","2":"type-product","3":"status-publish","4":"has-post-thumbnail","6":"product_brand-ecmic","7":"product_cat-dynamic-microphones","8":"product_tag-19mm","9":"product_tag-conference","11":"first","12":"instock","13":"shipping-taxable","14":"purchasable","15":"product-type-simple"},"_links":{"self":[{"href":"https:\/\/ecmicrophones.com\/pt\/wp-json\/wp\/v2\/product\/496","targetHints":{"allow":["GET"]}}],"collection":[{"href":"https:\/\/ecmicrophones.com\/pt\/wp-json\/wp\/v2\/product"}],"about":[{"href":"https:\/\/ecmicrophones.com\/pt\/wp-json\/wp\/v2\/types\/product"}],"replies":[{"embeddable":true,"href":"https:\/\/ecmicrophones.com\/pt\/wp-json\/wp\/v2\/comments?post=496"}],"wp:featuredmedia":[{"embeddable":true,"href":"https:\/\/ecmicrophones.com\/pt\/wp-json\/wp\/v2\/media\/3759"}],"wp:attachment":[{"href":"https:\/\/ecmicrophones.com\/pt\/wp-json\/wp\/v2\/media?parent=496"}],"wp:term":[{"taxonomy":"product_brand","embeddable":true,"href":"https:\/\/ecmicrophones.com\/pt\/wp-json\/wp\/v2\/product_brand?post=496"},{"taxonomy":"product_cat","embeddable":true,"href":"https:\/\/ecmicrophones.com\/pt\/wp-json\/wp\/v2\/product_cat?post=496"},{"taxonomy":"product_tag","embeddable":true,"href":"https:\/\/ecmicrophones.com\/pt\/wp-json\/wp\/v2\/product_tag?post=496"}],"curies":[{"name":"wp","href":"https:\/\/api.w.org\/{rel}","templated":true}]}}