{"id":502,"date":"2024-05-09T10:02:14","date_gmt":"2024-05-09T10:02:14","guid":{"rendered":"https:\/\/ecmicrophones.com\/?post_type=product&#038;p=502"},"modified":"2026-03-24T11:37:14","modified_gmt":"2026-03-24T03:37:14","slug":"dynamic-handheld-karaoke-microphone-insert-29mm","status":"publish","type":"product","link":"https:\/\/ecmicrophones.com\/pt\/dynamic-handheld-karaoke-microphone-insert-29mm\/","title":{"rendered":"Inser\u00e7\u00e3o Handheld din\u00e2mica 29mm do microfone do karaok\u00ea"},"content":{"rendered":"<h2 class=\"text-start\">Especifica\u00e7\u00f5es t\u00e9cnicas<\/h2>\n<p class=\"text-start\">O ECM-DM52K600 \u00e9 uma c\u00e1psula de microfone din\u00e2mico compacta projetada para aplica\u00e7\u00f5es vocais de m\u00e3o e dispositivos de comunica\u00e7\u00e3o para uso na cabe\u00e7a. Com uma ampla resposta de frequ\u00eancia de 50Hz-13kHz e imped\u00e2ncia de 600\u03a9, ele reproduz vocais com calor, clareza e uma suave atenua\u00e7\u00e3o de alta frequ\u00eancia - ideal para karaok\u00ea, streaming, sistemas de endere\u00e7os p\u00fablicos e fones de ouvido hands-free.<\/p>\n<p class=\"text-start\">Sua qualidade tonal \u00e9 compar\u00e1vel \u00e0 do renomado Shure SM58, proporcionando desempenho vocal de n\u00edvel profissional em um formato compacto.<\/p>\n<p class=\"text-start\">Seu padr\u00e3o de capta\u00e7\u00e3o unidirecional melhora o isolamento da voz, reduzindo o ru\u00eddo ambiente em ambientes barulhentos. O perfil ac\u00fastico dessa c\u00e1psula a torna uma op\u00e7\u00e3o vers\u00e1til para fabricantes de microfones vocais ao vivo, equipamentos para criadores de conte\u00fado, dispositivos de PA port\u00e1teis e microfones de fone de ouvido.<\/p>\n<p class=\"text-start\">Projetado para f\u00e1cil integra\u00e7\u00e3o em gabinetes de m\u00e3o ou conjuntos de fones de ouvido finos, o ECM-DM52K600 oferece desempenho est\u00e1vel e capta\u00e7\u00e3o de som robusta para conjuntos de microfones din\u00e2micos profissionais e de consumo.<\/p>\n<h3 class=\"pt-5 text-start\">Vista explodida e lista de pe\u00e7as<\/h3>\n<p><img loading=\"lazy\" decoding=\"async\" class=\"alignnone wp-image-3893 size-full\" src=\"https:\/\/ecmicrophones.com\/wp-content\/uploads\/2024\/05\/dynamic-part_ecm-dm52k600.png\" alt=\"Parte Din\u00e2mica\" width=\"580\" height=\"260\" srcset=\"https:\/\/ecmicrophones.com\/wp-content\/uploads\/2024\/05\/dynamic-part_ecm-dm52k600.png 580w, https:\/\/ecmicrophones.com\/wp-content\/uploads\/2024\/05\/dynamic-part_ecm-dm52k600-300x134.png 300w, https:\/\/ecmicrophones.com\/wp-content\/uploads\/2024\/05\/dynamic-part_ecm-dm52k600-18x8.png 18w\" sizes=\"auto, (max-width: 580px) 100vw, 580px\" \/><\/p>\n<p>Principais componentes: 1. Esponja 2. Tampa 3. Diafragma 4. Bobina 5. A\u00e7o magn\u00e9tico 6. Panelas de ferro 7. Suporte 8. PCB + estanho.<\/p>\n<h3 class=\"pt-5 text-start\">Curva de resposta de frequ\u00eancia<\/h3>\n<p><img loading=\"lazy\" decoding=\"async\" class=\"alignnone size-full wp-image-507\" src=\"https:\/\/ecmicrophones.com\/wp-content\/uploads\/2024\/05\/response-curve_ecm-dm52k600.png\" alt=\"Curva de Resposta\" width=\"679\" height=\"490\" srcset=\"https:\/\/ecmicrophones.com\/wp-content\/uploads\/2024\/05\/response-curve_ecm-dm52k600.png 679w, https:\/\/ecmicrophones.com\/wp-content\/uploads\/2024\/05\/response-curve_ecm-dm52k600-300x216.png 300w, https:\/\/ecmicrophones.com\/wp-content\/uploads\/2024\/05\/response-curve_ecm-dm52k600-18x12.png 18w, https:\/\/ecmicrophones.com\/wp-content\/uploads\/2024\/05\/response-curve_ecm-dm52k600-600x433.png 600w\" sizes=\"auto, (max-width: 679px) 100vw, 679px\" \/><\/p>\n<p>A resposta de frequ\u00eancia se estende de 50 Hz a 13 kHz, proporcionando graves ricos, m\u00e9dios equilibrados e uma suave atenua\u00e7\u00e3o de alta frequ\u00eancia - ideal para uma reprodu\u00e7\u00e3o de som clara e natural.<\/p>\n<h3 class=\"pt-5 text-start\">Dimens\u00f5es (UNIDADE: mm)<\/h3>\n<p><img loading=\"lazy\" decoding=\"async\" class=\"alignnone size-full wp-image-505\" src=\"https:\/\/ecmicrophones.com\/wp-content\/uploads\/2024\/05\/appearance-size_ecm-dm52k600.png\" alt=\"Tamanho da apar\u00eancia\" width=\"340\" height=\"314\" srcset=\"https:\/\/ecmicrophones.com\/wp-content\/uploads\/2024\/05\/appearance-size_ecm-dm52k600.png 340w, https:\/\/ecmicrophones.com\/wp-content\/uploads\/2024\/05\/appearance-size_ecm-dm52k600-300x277.png 300w, https:\/\/ecmicrophones.com\/wp-content\/uploads\/2024\/05\/appearance-size_ecm-dm52k600-13x12.png 13w\" sizes=\"auto, (max-width: 340px) 100vw, 340px\" \/><\/p>\n<p>Tamanho compacto: 29 mm de di\u00e2metro \u00d7 23 mm de altura, ideal para v\u00e1rias aplica\u00e7\u00f5es de \u00e1udio.<\/p>","protected":false},"excerpt":{"rendered":"<p>Otimizada para microfones de m\u00e3o para karaok\u00ea e microfones din\u00e2micos para uso na cabe\u00e7a, essa c\u00e1psula de microfone din\u00e2mico unidirecional de 29 \u00d7 23 mm proporciona uma reprodu\u00e7\u00e3o vocal quente e natural compar\u00e1vel \u00e0 do Shure SM58, com uma resposta de frequ\u00eancia de 50 Hz a 13 kHz e imped\u00e2ncia de 600 \u03a9 - perfeita para transmiss\u00f5es ao vivo, KTV e aplica\u00e7\u00f5es de m\u00e3os livres.<\/p>","protected":false},"featured_media":2400,"comment_status":"open","ping_status":"closed","template":"","meta":[],"product_brand":[721],"product_cat":[17],"product_tag":[313,116],"class_list":{"0":"post-502","1":"product","2":"type-product","3":"status-publish","4":"has-post-thumbnail","6":"product_brand-ecmic","7":"product_cat-dynamic-microphones","8":"product_tag-29mm","9":"product_tag-vocal","11":"first","12":"instock","13":"shipping-taxable","14":"purchasable","15":"product-type-simple"},"_links":{"self":[{"href":"https:\/\/ecmicrophones.com\/pt\/wp-json\/wp\/v2\/product\/502","targetHints":{"allow":["GET"]}}],"collection":[{"href":"https:\/\/ecmicrophones.com\/pt\/wp-json\/wp\/v2\/product"}],"about":[{"href":"https:\/\/ecmicrophones.com\/pt\/wp-json\/wp\/v2\/types\/product"}],"replies":[{"embeddable":true,"href":"https:\/\/ecmicrophones.com\/pt\/wp-json\/wp\/v2\/comments?post=502"}],"wp:featuredmedia":[{"embeddable":true,"href":"https:\/\/ecmicrophones.com\/pt\/wp-json\/wp\/v2\/media\/2400"}],"wp:attachment":[{"href":"https:\/\/ecmicrophones.com\/pt\/wp-json\/wp\/v2\/media?parent=502"}],"wp:term":[{"taxonomy":"product_brand","embeddable":true,"href":"https:\/\/ecmicrophones.com\/pt\/wp-json\/wp\/v2\/product_brand?post=502"},{"taxonomy":"product_cat","embeddable":true,"href":"https:\/\/ecmicrophones.com\/pt\/wp-json\/wp\/v2\/product_cat?post=502"},{"taxonomy":"product_tag","embeddable":true,"href":"https:\/\/ecmicrophones.com\/pt\/wp-json\/wp\/v2\/product_tag?post=502"}],"curies":[{"name":"wp","href":"https:\/\/api.w.org\/{rel}","templated":true}]}}