{"id":512,"date":"2024-05-09T13:02:14","date_gmt":"2024-05-09T13:02:14","guid":{"rendered":"https:\/\/ecmicrophones.com\/?post_type=product&#038;p=512"},"modified":"2026-03-19T15:49:45","modified_gmt":"2026-03-19T07:49:45","slug":"dynamic-handheld-karaoke-microphone-cartridge-30mm","status":"publish","type":"product","link":"https:\/\/ecmicrophones.com\/pt\/dynamic-handheld-karaoke-microphone-cartridge-30mm\/","title":{"rendered":"Cartucho de microfone port\u00e1til din\u00e2mico de karaok\u00ea 30 mm"},"content":{"rendered":"<h2 class=\"text-start\">Especifica\u00e7\u00f5es t\u00e9cnicas<\/h2>\n<p class=\"text-start\">O ECM-DM58K600 \u00e9 uma c\u00e1psula de microfone din\u00e2mico de 30 mm de alto desempenho projetada para microfones vocais de m\u00e3o. Com uma ampla resposta de frequ\u00eancia de 50Hz-14kHz e uma imped\u00e2ncia de 600\u03a9, ele capta graves ricos e m\u00e9dios claros, o que o torna ideal para amplifica\u00e7\u00e3o de voz em KTV, palcos ao vivo, transmiss\u00f5es e configura\u00e7\u00f5es de fala em p\u00fablico.<\/p>\n<p class=\"text-start\">Seu design unidirecional garante capta\u00e7\u00e3o de som focada e minimiza o ru\u00eddo ambiente, proporcionando clareza consistente em ambientes ruidosos ou com alto n\u00edvel de press\u00e3o sonora. A constru\u00e7\u00e3o robusta e o desempenho ac\u00fastico est\u00e1vel o tornam uma op\u00e7\u00e3o confi\u00e1vel para aplica\u00e7\u00f5es port\u00e1teis, de palco, de transmiss\u00e3o ou de karaok\u00ea.<\/p>\n<p class=\"text-start\">Essa c\u00e1psula se integra perfeitamente a v\u00e1rias caixas de microfones din\u00e2micos, oferecendo aos fabricantes uma solu\u00e7\u00e3o de transdutor confi\u00e1vel para equipamentos de \u00e1udio voltados para o desempenho.<\/p>\n<h3 class=\"pt-5 text-start\">Vista explodida e lista de pe\u00e7as<\/h3>\n<p><img loading=\"lazy\" decoding=\"async\" class=\"alignnone wp-image-3892 size-full\" src=\"https:\/\/ecmicrophones.com\/wp-content\/uploads\/2024\/05\/dynamic-part_ecm-dm58k600.png\" alt=\"Parte Din\u00e2mica\" width=\"580\" height=\"270\" srcset=\"https:\/\/ecmicrophones.com\/wp-content\/uploads\/2024\/05\/dynamic-part_ecm-dm58k600.png 580w, https:\/\/ecmicrophones.com\/wp-content\/uploads\/2024\/05\/dynamic-part_ecm-dm58k600-300x140.png 300w, https:\/\/ecmicrophones.com\/wp-content\/uploads\/2024\/05\/dynamic-part_ecm-dm58k600-18x8.png 18w\" sizes=\"auto, (max-width: 580px) 100vw, 580px\" \/><\/p>\n<p><strong>Lista de pe\u00e7as:<\/strong> Esponja, tampa, diafragma, bobina, a\u00e7o magn\u00e9tico, panelas de ferro, suporte, PCB + estanho.<\/p>\n<h3 class=\"pt-5 text-start\">Curva de resposta de frequ\u00eancia<\/h3>\n<p><img loading=\"lazy\" decoding=\"async\" class=\"alignnone size-full wp-image-516\" src=\"https:\/\/ecmicrophones.com\/wp-content\/uploads\/2024\/05\/response-curve_ecm-dm58k600.png\" alt=\"Curva de Resposta\" width=\"572\" height=\"428\" srcset=\"https:\/\/ecmicrophones.com\/wp-content\/uploads\/2024\/05\/response-curve_ecm-dm58k600.png 572w, https:\/\/ecmicrophones.com\/wp-content\/uploads\/2024\/05\/response-curve_ecm-dm58k600-300x224.png 300w, https:\/\/ecmicrophones.com\/wp-content\/uploads\/2024\/05\/response-curve_ecm-dm58k600-16x12.png 16w\" sizes=\"auto, (max-width: 572px) 100vw, 572px\" \/><\/p>\n<p>Resposta de frequ\u00eancia: 50Hz-14kHz, com foco em uma ampla faixa de som adequada para aplica\u00e7\u00f5es de microfone din\u00e2mico.<\/p>\n<h3 class=\"pt-5 text-start\">Dimens\u00f5es (UNIDADE: mm)<\/h3>\n<p><img loading=\"lazy\" decoding=\"async\" class=\"alignnone size-full wp-image-514\" src=\"https:\/\/ecmicrophones.com\/wp-content\/uploads\/2024\/05\/appearance-size_ecm-dm58k600.png\" alt=\"Tamanho da apar\u00eancia\" width=\"218\" height=\"283\" srcset=\"https:\/\/ecmicrophones.com\/wp-content\/uploads\/2024\/05\/appearance-size_ecm-dm58k600.png 218w, https:\/\/ecmicrophones.com\/wp-content\/uploads\/2024\/05\/appearance-size_ecm-dm58k600-9x12.png 9w\" sizes=\"auto, (max-width: 218px) 100vw, 218px\" \/><\/p>\n<p>Di\u00e2metro: 30 mm; Altura: 41,4 mm.<\/p>","protected":false},"excerpt":{"rendered":"<p>Otimizada para a captura de sons ricos e naturais em interfaces de \u00e1udio profissionais, grava\u00e7\u00e3o em est\u00fadio, transmiss\u00e3o e microfones de m\u00e3o KTV, essa c\u00e1psula de microfone din\u00e2mico unidirecional de 30 \u00d7 49 mm oferece uma ampla resposta de frequ\u00eancia de 50 Hz a 15 kHz e imped\u00e2ncia est\u00e1vel de 600\u03a9, garantindo um desempenho de \u00e1udio preciso e resistente a ru\u00eddos.<\/p>","protected":false},"featured_media":2403,"comment_status":"open","ping_status":"closed","template":"","meta":[],"product_brand":[721],"product_cat":[17],"product_tag":[312,116],"class_list":{"0":"post-512","1":"product","2":"type-product","3":"status-publish","4":"has-post-thumbnail","6":"product_brand-ecmic","7":"product_cat-dynamic-microphones","8":"product_tag-30mm","9":"product_tag-vocal","11":"first","12":"instock","13":"shipping-taxable","14":"purchasable","15":"product-type-simple"},"_links":{"self":[{"href":"https:\/\/ecmicrophones.com\/pt\/wp-json\/wp\/v2\/product\/512","targetHints":{"allow":["GET"]}}],"collection":[{"href":"https:\/\/ecmicrophones.com\/pt\/wp-json\/wp\/v2\/product"}],"about":[{"href":"https:\/\/ecmicrophones.com\/pt\/wp-json\/wp\/v2\/types\/product"}],"replies":[{"embeddable":true,"href":"https:\/\/ecmicrophones.com\/pt\/wp-json\/wp\/v2\/comments?post=512"}],"wp:featuredmedia":[{"embeddable":true,"href":"https:\/\/ecmicrophones.com\/pt\/wp-json\/wp\/v2\/media\/2403"}],"wp:attachment":[{"href":"https:\/\/ecmicrophones.com\/pt\/wp-json\/wp\/v2\/media?parent=512"}],"wp:term":[{"taxonomy":"product_brand","embeddable":true,"href":"https:\/\/ecmicrophones.com\/pt\/wp-json\/wp\/v2\/product_brand?post=512"},{"taxonomy":"product_cat","embeddable":true,"href":"https:\/\/ecmicrophones.com\/pt\/wp-json\/wp\/v2\/product_cat?post=512"},{"taxonomy":"product_tag","embeddable":true,"href":"https:\/\/ecmicrophones.com\/pt\/wp-json\/wp\/v2\/product_tag?post=512"}],"curies":[{"name":"wp","href":"https:\/\/api.w.org\/{rel}","templated":true}]}}