{"id":513,"date":"2024-05-09T13:12:47","date_gmt":"2024-05-09T13:12:47","guid":{"rendered":"https:\/\/ecmicrophones.com\/?post_type=product&#038;p=513"},"modified":"2026-03-19T15:49:56","modified_gmt":"2026-03-19T07:49:56","slug":"dynamic-sound-card-microphone-transducer-30mm","status":"publish","type":"product","link":"https:\/\/ecmicrophones.com\/pt\/dynamic-sound-card-microphone-transducer-30mm\/","title":{"rendered":"C\u00e1psula de microfone din\u00e2mico de 30 mm para interfaces de \u00e1udio"},"content":{"rendered":"<h2 class=\"text-start\">Especifica\u00e7\u00f5es t\u00e9cnicas<\/h2>\n<p class=\"text-start\">Nossa c\u00e1psula de microfone din\u00e2mico de 30 mm proporciona um som rico e completo com alta fidelidade e distor\u00e7\u00e3o m\u00ednima, enfatizando uma ampla resposta de frequ\u00eancia essencial para a reprodu\u00e7\u00e3o clara de vocais e instrumentos.<\/p>\n<p class=\"text-start\">Com uma imped\u00e2ncia est\u00e1vel de 600\u03a9 e constru\u00e7\u00e3o robusta, essa c\u00e1psula oferece ampla compatibilidade com interfaces de \u00e1udio e equipamentos de grava\u00e7\u00e3o, garantindo uma captura de som precisa e resistente a ru\u00eddos.<\/p>\n<p class=\"text-start\">Projetado principalmente para ambientes profissionais de grava\u00e7\u00e3o e transmiss\u00e3o em est\u00fadio, ele tamb\u00e9m se destaca em microfones port\u00e1teis para KTV e em aplica\u00e7\u00f5es de placas de som para transmiss\u00e3o ao vivo, proporcionando um desempenho de \u00e1udio consistente e de alta qualidade em diversos cen\u00e1rios.<\/p>\n<h3 class=\"pt-5 text-start\">Vista explodida e lista de pe\u00e7as<\/h3>\n<p><img loading=\"lazy\" decoding=\"async\" class=\"alignnone wp-image-3891 size-full\" src=\"https:\/\/ecmicrophones.com\/wp-content\/uploads\/2024\/05\/dynamic-part_ecm-dm27bk600.png\" alt=\"Parte Din\u00e2mica\" width=\"550\" height=\"250\" srcset=\"https:\/\/ecmicrophones.com\/wp-content\/uploads\/2024\/05\/dynamic-part_ecm-dm27bk600.png 550w, https:\/\/ecmicrophones.com\/wp-content\/uploads\/2024\/05\/dynamic-part_ecm-dm27bk600-300x136.png 300w, https:\/\/ecmicrophones.com\/wp-content\/uploads\/2024\/05\/dynamic-part_ecm-dm27bk600-18x8.png 18w\" sizes=\"auto, (max-width: 550px) 100vw, 550px\" \/><\/p>\n<p><strong>Lista de pe\u00e7as:<\/strong> Esponja, tampa, diafragma, bobina, a\u00e7o magn\u00e9tico, panelas de ferro, suporte, PCB + estanho.<\/p>\n<h3 class=\"pt-5 text-start\">Curva de resposta de frequ\u00eancia<\/h3>\n<p><img loading=\"lazy\" decoding=\"async\" class=\"alignnone size-full wp-image-522\" src=\"https:\/\/ecmicrophones.com\/wp-content\/uploads\/2024\/05\/response-curve_ecm-dm27bk600.png\" alt=\"Curva de Resposta\" width=\"674\" height=\"538\" srcset=\"https:\/\/ecmicrophones.com\/wp-content\/uploads\/2024\/05\/response-curve_ecm-dm27bk600.png 674w, https:\/\/ecmicrophones.com\/wp-content\/uploads\/2024\/05\/response-curve_ecm-dm27bk600-300x239.png 300w, https:\/\/ecmicrophones.com\/wp-content\/uploads\/2024\/05\/response-curve_ecm-dm27bk600-15x12.png 15w, https:\/\/ecmicrophones.com\/wp-content\/uploads\/2024\/05\/response-curve_ecm-dm27bk600-600x479.png 600w\" sizes=\"auto, (max-width: 674px) 100vw, 674px\" \/><\/p>\n<p>Resposta de frequ\u00eancia: 50Hz-15kHz, abrangendo um amplo espectro de \u00e1udio adequado para aplica\u00e7\u00f5es vers\u00e1teis de microfones din\u00e2micos.<\/p>\n<h3 class=\"pt-5 text-start\">Dimens\u00f5es (UNIDADE: mm)<\/h3>\n<p><img loading=\"lazy\" decoding=\"async\" class=\"alignnone size-full wp-image-523\" src=\"https:\/\/ecmicrophones.com\/wp-content\/uploads\/2024\/05\/appearance-size_ecm-dm27bk600.png\" alt=\"Tamanho da apar\u00eancia\" width=\"331\" height=\"225\" srcset=\"https:\/\/ecmicrophones.com\/wp-content\/uploads\/2024\/05\/appearance-size_ecm-dm27bk600.png 331w, https:\/\/ecmicrophones.com\/wp-content\/uploads\/2024\/05\/appearance-size_ecm-dm27bk600-300x204.png 300w, https:\/\/ecmicrophones.com\/wp-content\/uploads\/2024\/05\/appearance-size_ecm-dm27bk600-18x12.png 18w\" sizes=\"auto, (max-width: 331px) 100vw, 331px\" \/><\/p>\n<p>Di\u00e2metro: 30 mm; Altura: 49 mm.<\/p>","protected":false},"excerpt":{"rendered":"<p>Uma c\u00e1psula de microfone din\u00e2mico unidirecional de 30 \u00d7 49 mm otimizada para captura de som rico e natural em interfaces de \u00e1udio profissionais, grava\u00e7\u00e3o em est\u00fadio e microfones de m\u00e3o KTV. Com uma ampla resposta de frequ\u00eancia de 50Hz a 15kHz e imped\u00e2ncia est\u00e1vel de 600\u03a9, ele garante um desempenho de \u00e1udio preciso e resistente a ru\u00eddos.<\/p>","protected":false},"featured_media":3203,"comment_status":"open","ping_status":"closed","template":"","meta":[],"product_brand":[721],"product_cat":[17],"product_tag":[312,116],"class_list":{"0":"post-513","1":"product","2":"type-product","3":"status-publish","4":"has-post-thumbnail","6":"product_brand-ecmic","7":"product_cat-dynamic-microphones","8":"product_tag-30mm","9":"product_tag-vocal","11":"first","12":"instock","13":"shipping-taxable","14":"purchasable","15":"product-type-simple"},"_links":{"self":[{"href":"https:\/\/ecmicrophones.com\/pt\/wp-json\/wp\/v2\/product\/513","targetHints":{"allow":["GET"]}}],"collection":[{"href":"https:\/\/ecmicrophones.com\/pt\/wp-json\/wp\/v2\/product"}],"about":[{"href":"https:\/\/ecmicrophones.com\/pt\/wp-json\/wp\/v2\/types\/product"}],"replies":[{"embeddable":true,"href":"https:\/\/ecmicrophones.com\/pt\/wp-json\/wp\/v2\/comments?post=513"}],"wp:featuredmedia":[{"embeddable":true,"href":"https:\/\/ecmicrophones.com\/pt\/wp-json\/wp\/v2\/media\/3203"}],"wp:attachment":[{"href":"https:\/\/ecmicrophones.com\/pt\/wp-json\/wp\/v2\/media?parent=513"}],"wp:term":[{"taxonomy":"product_brand","embeddable":true,"href":"https:\/\/ecmicrophones.com\/pt\/wp-json\/wp\/v2\/product_brand?post=513"},{"taxonomy":"product_cat","embeddable":true,"href":"https:\/\/ecmicrophones.com\/pt\/wp-json\/wp\/v2\/product_cat?post=513"},{"taxonomy":"product_tag","embeddable":true,"href":"https:\/\/ecmicrophones.com\/pt\/wp-json\/wp\/v2\/product_tag?post=513"}],"curies":[{"name":"wp","href":"https:\/\/api.w.org\/{rel}","templated":true}]}}