{"id":527,"date":"2024-05-10T01:04:22","date_gmt":"2024-05-10T01:04:22","guid":{"rendered":"https:\/\/ecmicrophones.com\/?post_type=product&#038;p=527"},"modified":"2026-03-19T15:50:07","modified_gmt":"2026-03-19T07:50:07","slug":"3mm-surface-mount-toy-microphone","status":"publish","type":"product","link":"https:\/\/ecmicrophones.com\/pt\/3mm-surface-mount-toy-microphone\/","title":{"rendered":"Microfone de brinquedo para montagem em superf\u00edcie de 3 mm"},"content":{"rendered":"<h2 class=\"text-start\">Especifica\u00e7\u00f5es t\u00e9cnicas<\/h2>\n<p class=\"text-start\">Nosso microfone SMD omnidirecional 3013 oferece alta durabilidade em temperaturas elevadas e pre\u00e7os competitivos, o que o torna a escolha ideal para uma ampla gama de aplica\u00e7\u00f5es.<\/p>\n<h3 class=\"pt-5 text-start\">Circuito de teste padr\u00e3o<\/h3>\n<p><img loading=\"lazy\" decoding=\"async\" class=\"alignnone size-full wp-image-528\" src=\"https:\/\/ecmicrophones.com\/wp-content\/uploads\/2024\/05\/standard-test-circuit_ecm-b3013al-smd-42.png\" alt=\"Circuito de teste padr\u00e3o\" width=\"450\" height=\"177\" srcset=\"https:\/\/ecmicrophones.com\/wp-content\/uploads\/2024\/05\/standard-test-circuit_ecm-b3013al-smd-42.png 450w, https:\/\/ecmicrophones.com\/wp-content\/uploads\/2024\/05\/standard-test-circuit_ecm-b3013al-smd-42-300x118.png 300w, https:\/\/ecmicrophones.com\/wp-content\/uploads\/2024\/05\/standard-test-circuit_ecm-b3013al-smd-42-18x7.png 18w\" sizes=\"auto, (max-width: 450px) 100vw, 450px\" \/><\/p>\n<p>Configura\u00e7\u00e3o do teste: RL = 2,2K\u03a9, VS = 2V, C = 1\u03bcF.<\/p>\n<h3 class=\"pt-5 text-start\">Resposta de frequ\u00eancia t\u00edpica<\/h3>\n<p><img loading=\"lazy\" decoding=\"async\" class=\"alignnone size-full wp-image-529\" src=\"https:\/\/ecmicrophones.com\/wp-content\/uploads\/2024\/05\/typical-frequency-response_ecm-b3013al-smd-42.png\" alt=\"Resposta de frequ\u00eancia t\u00edpica\" width=\"513\" height=\"217\" srcset=\"https:\/\/ecmicrophones.com\/wp-content\/uploads\/2024\/05\/typical-frequency-response_ecm-b3013al-smd-42.png 513w, https:\/\/ecmicrophones.com\/wp-content\/uploads\/2024\/05\/typical-frequency-response_ecm-b3013al-smd-42-300x127.png 300w, https:\/\/ecmicrophones.com\/wp-content\/uploads\/2024\/05\/typical-frequency-response_ecm-b3013al-smd-42-18x8.png 18w\" sizes=\"auto, (max-width: 513px) 100vw, 513px\" \/><\/p>\n<p>Resposta plana de 50 Hz a 1 kHz e, em seguida, uma queda seguida de um aumento gradual que come\u00e7a por volta de 8 kHz e se estende at\u00e9 16 kHz.<\/p>\n<h3 class=\"pt-5 text-start\">Dimens\u00f5es (UNIDADE: mm)<\/h3>\n<p><img loading=\"lazy\" decoding=\"async\" class=\"alignnone size-full wp-image-530\" src=\"https:\/\/ecmicrophones.com\/wp-content\/uploads\/2024\/05\/appearance-dimension_ecm-b3013al-smd-42.png\" alt=\"Dimens\u00e3o da apar\u00eancia\" width=\"574\" height=\"568\" srcset=\"https:\/\/ecmicrophones.com\/wp-content\/uploads\/2024\/05\/appearance-dimension_ecm-b3013al-smd-42.png 574w, https:\/\/ecmicrophones.com\/wp-content\/uploads\/2024\/05\/appearance-dimension_ecm-b3013al-smd-42-300x297.png 300w, https:\/\/ecmicrophones.com\/wp-content\/uploads\/2024\/05\/appearance-dimension_ecm-b3013al-smd-42-12x12.png 12w, https:\/\/ecmicrophones.com\/wp-content\/uploads\/2024\/05\/appearance-dimension_ecm-b3013al-smd-42-100x100.png 100w\" sizes=\"auto, (max-width: 574px) 100vw, 574px\" \/><\/p>\n<p>C\u00e1psula SMD ultracompacta com 3 mm de di\u00e2metro e 1,3 mm de altura, projetada para aplica\u00e7\u00f5es com espa\u00e7o limitado.<\/p>","protected":false},"excerpt":{"rendered":"<p>O ECM-B3013AL-SMD-42 \u00e9 um microfone SMD 3 \u00d7 1,3 mm projetado especificamente para fones de ouvido Bluetooth. Apresentando diretividade omnidirecional e uma sensibilidade de -42dB\u00b13, ele garante captura de som eficaz.<\/p>","protected":false},"featured_media":2430,"comment_status":"open","ping_status":"closed","template":"","meta":[],"product_brand":[721],"product_cat":[18],"product_tag":[285,229],"class_list":{"0":"post-527","1":"product","2":"type-product","3":"status-publish","4":"has-post-thumbnail","6":"product_brand-ecmic","7":"product_cat-smd-microphones","8":"product_tag-3mm","9":"product_tag-equipment","11":"first","12":"instock","13":"shipping-taxable","14":"purchasable","15":"product-type-simple"},"_links":{"self":[{"href":"https:\/\/ecmicrophones.com\/pt\/wp-json\/wp\/v2\/product\/527","targetHints":{"allow":["GET"]}}],"collection":[{"href":"https:\/\/ecmicrophones.com\/pt\/wp-json\/wp\/v2\/product"}],"about":[{"href":"https:\/\/ecmicrophones.com\/pt\/wp-json\/wp\/v2\/types\/product"}],"replies":[{"embeddable":true,"href":"https:\/\/ecmicrophones.com\/pt\/wp-json\/wp\/v2\/comments?post=527"}],"wp:featuredmedia":[{"embeddable":true,"href":"https:\/\/ecmicrophones.com\/pt\/wp-json\/wp\/v2\/media\/2430"}],"wp:attachment":[{"href":"https:\/\/ecmicrophones.com\/pt\/wp-json\/wp\/v2\/media?parent=527"}],"wp:term":[{"taxonomy":"product_brand","embeddable":true,"href":"https:\/\/ecmicrophones.com\/pt\/wp-json\/wp\/v2\/product_brand?post=527"},{"taxonomy":"product_cat","embeddable":true,"href":"https:\/\/ecmicrophones.com\/pt\/wp-json\/wp\/v2\/product_cat?post=527"},{"taxonomy":"product_tag","embeddable":true,"href":"https:\/\/ecmicrophones.com\/pt\/wp-json\/wp\/v2\/product_tag?post=527"}],"curies":[{"name":"wp","href":"https:\/\/api.w.org\/{rel}","templated":true}]}}