{"id":533,"date":"2024-05-10T01:28:39","date_gmt":"2024-05-10T01:28:39","guid":{"rendered":"https:\/\/ecmicrophones.com\/?post_type=product&#038;p=533"},"modified":"2026-03-19T15:43:18","modified_gmt":"2026-03-19T07:43:18","slug":"surface-mount-electret-microphone-6mm","status":"publish","type":"product","link":"https:\/\/ecmicrophones.com\/pt\/surface-mount-electret-microphone-6mm\/","title":{"rendered":"Microfone de eletreto de montagem em superf\u00edcie de 6 mm"},"content":{"rendered":"<h2 class=\"text-start\">Especifica\u00e7\u00f5es t\u00e9cnicas<\/h2>\n<p class=\"text-start\">Apresentando um n\u00facleo SMD resistente a altas temperaturas e capacitores duplos feitos de materiais ecol\u00f3gicos importados, nosso cabe\u00e7ote de microfone de montagem em superf\u00edcie 6027 oferece desempenho superior.<\/p>\n<h3 class=\"pt-5 text-start\">Circuito de teste padr\u00e3o<\/h3>\n<p><img loading=\"lazy\" decoding=\"async\" class=\"alignnone size-full wp-image-534\" src=\"https:\/\/ecmicrophones.com\/wp-content\/uploads\/2024\/05\/standard-test-circuit_ecm-b6027al-smd-40.png\" alt=\"Circuito de teste padr\u00e3o\" width=\"528\" height=\"214\" srcset=\"https:\/\/ecmicrophones.com\/wp-content\/uploads\/2024\/05\/standard-test-circuit_ecm-b6027al-smd-40.png 528w, https:\/\/ecmicrophones.com\/wp-content\/uploads\/2024\/05\/standard-test-circuit_ecm-b6027al-smd-40-300x122.png 300w, https:\/\/ecmicrophones.com\/wp-content\/uploads\/2024\/05\/standard-test-circuit_ecm-b6027al-smd-40-18x7.png 18w\" sizes=\"auto, (max-width: 528px) 100vw, 528px\" \/><\/p>\n<p><strong>Condi\u00e7\u00f5es de teste:<\/strong> Resistor de carga (RL) = 2,2k\u03a9, tens\u00e3o de alimenta\u00e7\u00e3o (VS) = 2V, capacitor de acoplamento (C) = 1\u03bcF.<\/p>\n<h3 class=\"pt-5 text-start\">Resposta de frequ\u00eancia t\u00edpica<\/h3>\n<p><img loading=\"lazy\" decoding=\"async\" class=\"alignnone size-full wp-image-535\" src=\"https:\/\/ecmicrophones.com\/wp-content\/uploads\/2024\/05\/typical-frequency-response_ecm-b6027al-smd-40.png\" alt=\"Resposta de frequ\u00eancia t\u00edpica\" width=\"590\" height=\"205\" srcset=\"https:\/\/ecmicrophones.com\/wp-content\/uploads\/2024\/05\/typical-frequency-response_ecm-b6027al-smd-40.png 590w, https:\/\/ecmicrophones.com\/wp-content\/uploads\/2024\/05\/typical-frequency-response_ecm-b6027al-smd-40-300x104.png 300w, https:\/\/ecmicrophones.com\/wp-content\/uploads\/2024\/05\/typical-frequency-response_ecm-b6027al-smd-40-18x6.png 18w\" sizes=\"auto, (max-width: 590px) 100vw, 590px\" \/><\/p>\n<p>A resposta de frequ\u00eancia abrange 50 Hz a 16 kHz, com uma resposta plana que aumenta perto de 4 kHz e diminui em torno de 14 kHz. Perfil de curva semelhante ao do ECM-B6027AL42, com leve varia\u00e7\u00e3o de sensibilidade.<\/p>\n<h3 class=\"pt-5 text-start\">Dimens\u00f5es (UNIDADE: mm)<\/h3>\n<p><img loading=\"lazy\" decoding=\"async\" class=\"alignnone size-full wp-image-536\" src=\"https:\/\/ecmicrophones.com\/wp-content\/uploads\/2024\/05\/appearance-dimension_ecm-b6027al-smd-40.png\" alt=\"Dimens\u00e3o da apar\u00eancia\" width=\"559\" height=\"549\" srcset=\"https:\/\/ecmicrophones.com\/wp-content\/uploads\/2024\/05\/appearance-dimension_ecm-b6027al-smd-40.png 559w, https:\/\/ecmicrophones.com\/wp-content\/uploads\/2024\/05\/appearance-dimension_ecm-b6027al-smd-40-300x295.png 300w, https:\/\/ecmicrophones.com\/wp-content\/uploads\/2024\/05\/appearance-dimension_ecm-b6027al-smd-40-12x12.png 12w\" sizes=\"auto, (max-width: 559px) 100vw, 559px\" \/><\/p>\n<p>Di\u00e2metro: 6 mm; Altura: 2,7 mm. Microfone condensador de eletreto de montagem em superf\u00edcie.<\/p>","protected":false},"excerpt":{"rendered":"<p>O ECM-B6027AL-SMD-40 \u00e9 um microfone SMD de 6 \u00d7 2,7 mm feito sob medida para alto-falantes inteligentes. Com diretividade omnidirecional e sensibilidade de -40dB\u00b13, ele fornece captura de som confi\u00e1vel e n\u00edtida.<\/p>","protected":false},"featured_media":2439,"comment_status":"open","ping_status":"closed","template":"","meta":[],"product_brand":[721],"product_cat":[18],"product_tag":[283,229],"class_list":{"0":"post-533","1":"product","2":"type-product","3":"status-publish","4":"has-post-thumbnail","6":"product_brand-ecmic","7":"product_cat-smd-microphones","8":"product_tag-6mm","9":"product_tag-equipment","11":"first","12":"instock","13":"shipping-taxable","14":"purchasable","15":"product-type-simple"},"_links":{"self":[{"href":"https:\/\/ecmicrophones.com\/pt\/wp-json\/wp\/v2\/product\/533","targetHints":{"allow":["GET"]}}],"collection":[{"href":"https:\/\/ecmicrophones.com\/pt\/wp-json\/wp\/v2\/product"}],"about":[{"href":"https:\/\/ecmicrophones.com\/pt\/wp-json\/wp\/v2\/types\/product"}],"replies":[{"embeddable":true,"href":"https:\/\/ecmicrophones.com\/pt\/wp-json\/wp\/v2\/comments?post=533"}],"wp:featuredmedia":[{"embeddable":true,"href":"https:\/\/ecmicrophones.com\/pt\/wp-json\/wp\/v2\/media\/2439"}],"wp:attachment":[{"href":"https:\/\/ecmicrophones.com\/pt\/wp-json\/wp\/v2\/media?parent=533"}],"wp:term":[{"taxonomy":"product_brand","embeddable":true,"href":"https:\/\/ecmicrophones.com\/pt\/wp-json\/wp\/v2\/product_brand?post=533"},{"taxonomy":"product_cat","embeddable":true,"href":"https:\/\/ecmicrophones.com\/pt\/wp-json\/wp\/v2\/product_cat?post=533"},{"taxonomy":"product_tag","embeddable":true,"href":"https:\/\/ecmicrophones.com\/pt\/wp-json\/wp\/v2\/product_tag?post=533"}],"curies":[{"name":"wp","href":"https:\/\/api.w.org\/{rel}","templated":true}]}}