{"id":582,"date":"2024-05-10T09:21:50","date_gmt":"2024-05-10T09:21:50","guid":{"rendered":"https:\/\/ecmicrophones.com\/?post_type=product&#038;p=582"},"modified":"2026-03-19T15:44:23","modified_gmt":"2026-03-19T07:44:23","slug":"10mm-unidirectional-electret-microphone-element-with-leads-for-guitar-pickup","status":"publish","type":"product","link":"https:\/\/ecmicrophones.com\/pt\/10mm-unidirectional-electret-microphone-element-with-leads-for-guitar-pickup\/","title":{"rendered":"Elemento de microfone de eletreto unidirecional de 10 mm com cabos para captador de guitarra"},"content":{"rendered":"<h2 class=\"text-start\">Especifica\u00e7\u00f5es t\u00e9cnicas<\/h2>\n<p class=\"text-start\">O ECM-B1045UL-53-L50 \u00e9 uma c\u00e1psula de microfone unidirecional de 10 \u00d7 4,5 mm projetada especificamente para integra\u00e7\u00e3o em sistemas que requerem um terminal de solda de 50 mm. Com o mesmo diafragma de alta qualidade fabricado na Coreia e desempenho ac\u00fastico do <a href=\"https:\/\/ecmicrophones.com\/pt\/acoustic-guitar-microphone-capsule-10mm\/\">ECM-B1045UL-53<\/a>Esse modelo \u00e9 otimizado para oferecer flexibilidade na montagem e instala\u00e7\u00e3o.<\/p>\n<p class=\"text-start\">Sua resposta de frequ\u00eancia \u00e9 ajustada com precis\u00e3o para aplica\u00e7\u00f5es em instrumentos musicais, com uma eleva\u00e7\u00e3o suave nas baixas frequ\u00eancias para profundidade e corpo, seguida por uma clareza aprimorada na faixa m\u00e9dia. As altas frequ\u00eancias s\u00e3o atenuadas para reduzir a aspereza, proporcionando um tom equilibrado e natural para uma ampla gama de instrumentos.<\/p>\n<h3 class=\"pt-5 text-start\">Circuito de teste padr\u00e3o<\/h3>\n<p><img loading=\"lazy\" decoding=\"async\" class=\"alignnone size-full wp-image-583\" src=\"https:\/\/ecmicrophones.com\/wp-content\/uploads\/2024\/05\/standard-test-circuit_ecm-b1045ul-53-l60.png\" alt=\"Circuito de teste padr\u00e3o\" width=\"527\" height=\"226\" srcset=\"https:\/\/ecmicrophones.com\/wp-content\/uploads\/2024\/05\/standard-test-circuit_ecm-b1045ul-53-l60.png 527w, https:\/\/ecmicrophones.com\/wp-content\/uploads\/2024\/05\/standard-test-circuit_ecm-b1045ul-53-l60-300x129.png 300w, https:\/\/ecmicrophones.com\/wp-content\/uploads\/2024\/05\/standard-test-circuit_ecm-b1045ul-53-l60-18x8.png 18w\" sizes=\"auto, (max-width: 527px) 100vw, 527px\" \/><\/p>\n<p>Condi\u00e7\u00f5es de teste: RL = 2,2K\u03a9, VS = 2V, C = 1\u03bcF.<\/p>\n<h3 class=\"pt-5 text-start\">Resposta de frequ\u00eancia t\u00edpica<\/h3>\n<p><img loading=\"lazy\" decoding=\"async\" class=\"alignnone size-full wp-image-584\" src=\"https:\/\/ecmicrophones.com\/wp-content\/uploads\/2024\/05\/typical-frequency-response_ecm-b1045ul-53-l60.png\" alt=\"Resposta de frequ\u00eancia t\u00edpica\" width=\"599\" height=\"218\" srcset=\"https:\/\/ecmicrophones.com\/wp-content\/uploads\/2024\/05\/typical-frequency-response_ecm-b1045ul-53-l60.png 599w, https:\/\/ecmicrophones.com\/wp-content\/uploads\/2024\/05\/typical-frequency-response_ecm-b1045ul-53-l60-300x109.png 300w, https:\/\/ecmicrophones.com\/wp-content\/uploads\/2024\/05\/typical-frequency-response_ecm-b1045ul-53-l60-18x7.png 18w\" sizes=\"auto, (max-width: 599px) 100vw, 599px\" \/><\/p>\n<p>A resposta de frequ\u00eancia aumenta gradualmente de 100 Hz a 6 kHz, com um ganho not\u00e1vel entre 5 kHz e 6 kHz, e depois come\u00e7a a diminuir a partir de 6 kHz.<\/p>\n<h3 class=\"pt-5 text-start\">Dimens\u00f5es (UNIDADE: mm)<\/h3>\n<p><img loading=\"lazy\" decoding=\"async\" class=\"alignnone size-full wp-image-585\" src=\"https:\/\/ecmicrophones.com\/wp-content\/uploads\/2024\/05\/appearance-dimension_ecm-b1045ul-53-l60.png\" alt=\"Dimens\u00e3o da apar\u00eancia\" width=\"649\" height=\"472\" srcset=\"https:\/\/ecmicrophones.com\/wp-content\/uploads\/2024\/05\/appearance-dimension_ecm-b1045ul-53-l60.png 649w, https:\/\/ecmicrophones.com\/wp-content\/uploads\/2024\/05\/appearance-dimension_ecm-b1045ul-53-l60-300x218.png 300w, https:\/\/ecmicrophones.com\/wp-content\/uploads\/2024\/05\/appearance-dimension_ecm-b1045ul-53-l60-18x12.png 18w, https:\/\/ecmicrophones.com\/wp-content\/uploads\/2024\/05\/appearance-dimension_ecm-b1045ul-53-l60-600x436.png 600w\" sizes=\"auto, (max-width: 649px) 100vw, 649px\" \/><\/p>\n<p>A c\u00e1psula mede 10 mm de di\u00e2metro e 4,5 mm de altura, apresentando uma malha frontal contra poeira e uma porta ac\u00fastica traseira.<\/p>","protected":false},"excerpt":{"rendered":"<p>Uma c\u00e1psula de microfone unidirecional vers\u00e1til de 10 \u00d7 4,5 mm com um fio de solda de 50 mm, ideal para captadores de guitarra e instrumentos musicais. Para modelos sem fios de solda, consulte o <a href=\"https:\/\/ecmicrophones.com\/pt\/acoustic-guitar-microphone-capsule-10mm\/\">ECM-B1045UL-53<\/a>.<\/p>","protected":false},"featured_media":2520,"comment_status":"open","ping_status":"closed","template":"","meta":[],"product_brand":[721],"product_cat":[16,21],"product_tag":[281,111,290],"class_list":{"0":"post-582","1":"product","2":"type-product","3":"status-publish","4":"has-post-thumbnail","6":"product_brand-ecmic","7":"product_cat-electret-microphones","8":"product_cat-unidirectional-microphones","9":"product_tag-10mm","10":"product_tag-instrument","11":"product_tag-wire-leads","13":"first","14":"instock","15":"shipping-taxable","16":"purchasable","17":"product-type-simple"},"_links":{"self":[{"href":"https:\/\/ecmicrophones.com\/pt\/wp-json\/wp\/v2\/product\/582","targetHints":{"allow":["GET"]}}],"collection":[{"href":"https:\/\/ecmicrophones.com\/pt\/wp-json\/wp\/v2\/product"}],"about":[{"href":"https:\/\/ecmicrophones.com\/pt\/wp-json\/wp\/v2\/types\/product"}],"replies":[{"embeddable":true,"href":"https:\/\/ecmicrophones.com\/pt\/wp-json\/wp\/v2\/comments?post=582"}],"wp:featuredmedia":[{"embeddable":true,"href":"https:\/\/ecmicrophones.com\/pt\/wp-json\/wp\/v2\/media\/2520"}],"wp:attachment":[{"href":"https:\/\/ecmicrophones.com\/pt\/wp-json\/wp\/v2\/media?parent=582"}],"wp:term":[{"taxonomy":"product_brand","embeddable":true,"href":"https:\/\/ecmicrophones.com\/pt\/wp-json\/wp\/v2\/product_brand?post=582"},{"taxonomy":"product_cat","embeddable":true,"href":"https:\/\/ecmicrophones.com\/pt\/wp-json\/wp\/v2\/product_cat?post=582"},{"taxonomy":"product_tag","embeddable":true,"href":"https:\/\/ecmicrophones.com\/pt\/wp-json\/wp\/v2\/product_tag?post=582"}],"curies":[{"name":"wp","href":"https:\/\/api.w.org\/{rel}","templated":true}]}}