{"id":596,"date":"2024-05-11T05:59:04","date_gmt":"2024-05-11T05:59:04","guid":{"rendered":"https:\/\/ecmicrophones.com\/?post_type=product&#038;p=596"},"modified":"2026-03-19T15:38:04","modified_gmt":"2026-03-19T07:38:04","slug":"9-7mm-omnidirectional-electret-microphone-capsule-for-outdoor-camera","status":"publish","type":"product","link":"https:\/\/ecmicrophones.com\/pt\/9-7mm-omnidirectional-electret-microphone-capsule-for-outdoor-camera\/","title":{"rendered":"C\u00e1psula de microfone de eletreto omnidirecional de 9,7 mm para c\u00e2mera externa"},"content":{"rendered":"<h2 class=\"text-start\">Especifica\u00e7\u00f5es t\u00e9cnicas<\/h2>\n<p class=\"text-start\">O ECM-B9745AL30RC-IP67 \u00e9 uma c\u00e1psula de microfone omnidirecional de 9,7 \u00d7 4,5 mm equipada com uma malha \u00e0 prova d'\u00e1gua com classifica\u00e7\u00e3o IP67. Projetada para uso em ambientes agressivos ou \u00famidos, essa c\u00e1psula garante uma captura de \u00e1udio confi\u00e1vel com prote\u00e7\u00e3o contra poeira e entrada de \u00e1gua.<\/p>\n<p class=\"text-start\">Sua sensibilidade de -30 dB, a ampla resposta de frequ\u00eancia de 20 Hz a 16 KHz e a alta rela\u00e7\u00e3o sinal\/ru\u00eddo de 74 dB permitem a captura precisa do som a longa dist\u00e2ncia. O n\u00facleo do microfone de RF coreano garante um desempenho de \u00e1udio est\u00e1vel e consistente, tornando-o ideal para dispositivos de capta\u00e7\u00e3o remota \u00e0 prova d'\u00e1gua e microfones robustos.<\/p>\n<h3 class=\"pt-5 text-start\">Circuito de teste padr\u00e3o<\/h3>\n<p><img loading=\"lazy\" decoding=\"async\" class=\"alignnone size-full wp-image-600\" src=\"https:\/\/ecmicrophones.com\/wp-content\/uploads\/2024\/05\/standard-test-circuit_ecm-b9745al30rc-ip67.png\" alt=\"Circuito de teste ECM-B9745AL30RC-IP67: polariza\u00e7\u00e3o de 2,2k\u03a9, alimenta\u00e7\u00e3o de 2V, sa\u00edda de 1\u03bcF\" width=\"523\" height=\"231\" srcset=\"https:\/\/ecmicrophones.com\/wp-content\/uploads\/2024\/05\/standard-test-circuit_ecm-b9745al30rc-ip67.png 523w, https:\/\/ecmicrophones.com\/wp-content\/uploads\/2024\/05\/standard-test-circuit_ecm-b9745al30rc-ip67-300x133.png 300w, https:\/\/ecmicrophones.com\/wp-content\/uploads\/2024\/05\/standard-test-circuit_ecm-b9745al30rc-ip67-18x8.png 18w\" sizes=\"auto, (max-width: 523px) 100vw, 523px\" \/><\/p>\n<p>Resistor de polariza\u00e7\u00e3o de 2,2k\u03a9, alimenta\u00e7\u00e3o de 2V CC, capacitor de sa\u00edda de 1\u03bcF. Configura\u00e7\u00e3o \u00e0 prova d'\u00e1gua com classifica\u00e7\u00e3o IP67.<\/p>\n<h3 class=\"pt-5 text-start\">Resposta de frequ\u00eancia t\u00edpica<\/h3>\n<p><img loading=\"lazy\" decoding=\"async\" class=\"alignnone size-full wp-image-601\" src=\"https:\/\/ecmicrophones.com\/wp-content\/uploads\/2024\/05\/typical-frequency-response_ecm-b9745al30rc-ip67.png\" alt=\"Resposta de frequ\u00eancia ECM-B9745AL30RC-IP67: Resposta plana com atenua\u00e7\u00e3o gradual de 3kHz a 20kHz\" width=\"397\" height=\"284\" srcset=\"https:\/\/ecmicrophones.com\/wp-content\/uploads\/2024\/05\/typical-frequency-response_ecm-b9745al30rc-ip67.png 397w, https:\/\/ecmicrophones.com\/wp-content\/uploads\/2024\/05\/typical-frequency-response_ecm-b9745al30rc-ip67-300x215.png 300w, https:\/\/ecmicrophones.com\/wp-content\/uploads\/2024\/05\/typical-frequency-response_ecm-b9745al30rc-ip67-18x12.png 18w\" sizes=\"auto, (max-width: 397px) 100vw, 397px\" \/><\/p>\n<p>Resposta plana com atenua\u00e7\u00e3o controlada de 3kHz a 20kHz.<\/p>\n<h3 class=\"pt-5 text-start\">Dimens\u00f5es (unidade: mm)<\/h3>\n<p><img loading=\"lazy\" decoding=\"async\" class=\"alignnone size-full wp-image-599\" src=\"https:\/\/ecmicrophones.com\/wp-content\/uploads\/2024\/05\/appearance-dimension_ecm-b9745al30rc-ip67.png\" alt=\"ECM-B9745AL30RC-IP67 Dimensions: Caixa \u00e0 prova d&#039;\u00e1gua de 9,7\u00d74,5 mm com malha frontal contra poeira\" width=\"750\" height=\"400\" srcset=\"https:\/\/ecmicrophones.com\/wp-content\/uploads\/2024\/05\/appearance-dimension_ecm-b9745al30rc-ip67.png 750w, https:\/\/ecmicrophones.com\/wp-content\/uploads\/2024\/05\/appearance-dimension_ecm-b9745al30rc-ip67-300x160.png 300w, https:\/\/ecmicrophones.com\/wp-content\/uploads\/2024\/05\/appearance-dimension_ecm-b9745al30rc-ip67-18x10.png 18w, https:\/\/ecmicrophones.com\/wp-content\/uploads\/2024\/05\/appearance-dimension_ecm-b9745al30rc-ip67-600x320.png 600w\" sizes=\"auto, (max-width: 750px) 100vw, 750px\" \/><\/p>\n<p>\u03a6 Caixa \u00e0 prova d'\u00e1gua de 9,7\u00d74,5 mm (IP67) com malha frontal contra poeira e parte traseira vedada.<\/p>","protected":false},"excerpt":{"rendered":"<p>C\u00e1psula de microfone omnidirecional de 9,7 mm com classifica\u00e7\u00e3o IP67 para capta\u00e7\u00e3o de som \u00e0 prova d'\u00e1gua e dur\u00e1vel. Para obter uma vers\u00e3o padr\u00e3o, consulte <a href=\"https:\/\/ecmicrophones.com\/pt\/9-7mm-omnidirectional-microphone-element-for-long-distance-audio-pickup\/\">modelo sem chumbo<\/a>. Para leads pr\u00e9-anexados, explore <a href=\"https:\/\/ecmicrophones.com\/pt\/9-7mm-voice-recognition-electret-microphone-insert-with-leads\/\">Vers\u00e3o com cabo de 100 mm<\/a> ou <a href=\"https:\/\/ecmicrophones.com\/pt\/long-distance-microphone-pickup-9-7mm\/\">Vers\u00e3o de chumbo de 15 mm<\/a>.<\/p>","protected":false},"featured_media":2587,"comment_status":"open","ping_status":"closed","template":"","meta":[],"product_brand":[721],"product_cat":[16,20],"product_tag":[282,230,288],"class_list":{"0":"post-596","1":"product","2":"type-product","3":"status-publish","4":"has-post-thumbnail","6":"product_brand-ecmic","7":"product_cat-electret-microphones","8":"product_cat-omnidirectional-microphones","9":"product_tag-9-7mm","10":"product_tag-security","11":"product_tag-solder-pads","13":"first","14":"instock","15":"shipping-taxable","16":"purchasable","17":"product-type-simple"},"_links":{"self":[{"href":"https:\/\/ecmicrophones.com\/pt\/wp-json\/wp\/v2\/product\/596","targetHints":{"allow":["GET"]}}],"collection":[{"href":"https:\/\/ecmicrophones.com\/pt\/wp-json\/wp\/v2\/product"}],"about":[{"href":"https:\/\/ecmicrophones.com\/pt\/wp-json\/wp\/v2\/types\/product"}],"replies":[{"embeddable":true,"href":"https:\/\/ecmicrophones.com\/pt\/wp-json\/wp\/v2\/comments?post=596"}],"wp:featuredmedia":[{"embeddable":true,"href":"https:\/\/ecmicrophones.com\/pt\/wp-json\/wp\/v2\/media\/2587"}],"wp:attachment":[{"href":"https:\/\/ecmicrophones.com\/pt\/wp-json\/wp\/v2\/media?parent=596"}],"wp:term":[{"taxonomy":"product_brand","embeddable":true,"href":"https:\/\/ecmicrophones.com\/pt\/wp-json\/wp\/v2\/product_brand?post=596"},{"taxonomy":"product_cat","embeddable":true,"href":"https:\/\/ecmicrophones.com\/pt\/wp-json\/wp\/v2\/product_cat?post=596"},{"taxonomy":"product_tag","embeddable":true,"href":"https:\/\/ecmicrophones.com\/pt\/wp-json\/wp\/v2\/product_tag?post=596"}],"curies":[{"name":"wp","href":"https:\/\/api.w.org\/{rel}","templated":true}]}}