{"id":60,"date":"2024-03-27T10:29:45","date_gmt":"2024-03-27T10:29:45","guid":{"rendered":"https:\/\/ecmicrophones.com\/?post_type=product&#038;p=60"},"modified":"2026-03-19T15:39:36","modified_gmt":"2026-03-19T07:39:36","slug":"electret-lapel-microphone-capsule-9-7mm","status":"publish","type":"product","link":"https:\/\/ecmicrophones.com\/pt\/electret-lapel-microphone-capsule-9-7mm\/","title":{"rendered":"C\u00e1psula de microfone de lapela de eletreto 9,7 mm"},"content":{"rendered":"<h2 class=\"text-start\">Especifica\u00e7\u00f5es t\u00e9cnicas<\/h2>\n<p class=\"text-start\">Projetada para cancelamento de ru\u00eddo eficaz e resist\u00eancia a interfer\u00eancias, nossa c\u00e1psula de microfone unidirecional 9750 garante qualidade de \u00e1udio premium em qualquer ambiente.<\/p>\n<h3 class=\"pt-5 text-start\">Circuito de teste padr\u00e3o<\/h3>\n<p><img loading=\"lazy\" decoding=\"async\" class=\"alignnone size-full wp-image-243\" src=\"https:\/\/ecmicrophones.com\/wp-content\/uploads\/2024\/03\/standard-test-circuit_ecm-b9750ul38-714.png\" alt=\"Circuito de teste padr\u00e3o\" width=\"505\" height=\"190\" srcset=\"https:\/\/ecmicrophones.com\/wp-content\/uploads\/2024\/03\/standard-test-circuit_ecm-b9750ul38-714.png 505w, https:\/\/ecmicrophones.com\/wp-content\/uploads\/2024\/03\/standard-test-circuit_ecm-b9750ul38-714-300x113.png 300w, https:\/\/ecmicrophones.com\/wp-content\/uploads\/2024\/03\/standard-test-circuit_ecm-b9750ul38-714-18x7.png 18w\" sizes=\"auto, (max-width: 505px) 100vw, 505px\" \/><\/p>\n<p>Configura\u00e7\u00e3o de teste padr\u00e3o usando um resistor de carga de 680\u03a9, alimenta\u00e7\u00e3o CC de 1,5V e capacitor de sa\u00edda de 1\u03bcF.<\/p>\n<h3 class=\"pt-5 text-start\">Resposta de frequ\u00eancia t\u00edpica<\/h3>\n<p><img loading=\"lazy\" decoding=\"async\" class=\"alignnone size-full wp-image-244\" src=\"https:\/\/ecmicrophones.com\/wp-content\/uploads\/2024\/03\/typical-frequency-response_ecm-b9750ul38-714-1.png\" alt=\"Resposta de frequ\u00eancia t\u00edpica\" width=\"542\" height=\"224\" srcset=\"https:\/\/ecmicrophones.com\/wp-content\/uploads\/2024\/03\/typical-frequency-response_ecm-b9750ul38-714-1.png 542w, https:\/\/ecmicrophones.com\/wp-content\/uploads\/2024\/03\/typical-frequency-response_ecm-b9750ul38-714-1-300x124.png 300w, https:\/\/ecmicrophones.com\/wp-content\/uploads\/2024\/03\/typical-frequency-response_ecm-b9750ul38-714-1-18x7.png 18w\" sizes=\"auto, (max-width: 542px) 100vw, 542px\" \/><\/p>\n<p>Aumento gradual das baixas frequ\u00eancias com uma faixa m\u00e9dia est\u00e1vel e uma redu\u00e7\u00e3o suave das altas frequ\u00eancias acima de 8kHz.<\/p>\n<h3 class=\"pt-5 text-start\">Dimens\u00f5es (UNIDADE: mm)<\/h3>\n<p><img loading=\"lazy\" decoding=\"async\" class=\"alignnone size-full wp-image-242\" src=\"https:\/\/ecmicrophones.com\/wp-content\/uploads\/2024\/03\/appearance-dimension_ecm-b9750ul38-714-1.png\" alt=\"Dimens\u00e3o da apar\u00eancia\" width=\"533\" height=\"367\" srcset=\"https:\/\/ecmicrophones.com\/wp-content\/uploads\/2024\/03\/appearance-dimension_ecm-b9750ul38-714-1.png 533w, https:\/\/ecmicrophones.com\/wp-content\/uploads\/2024\/03\/appearance-dimension_ecm-b9750ul38-714-1-300x207.png 300w, https:\/\/ecmicrophones.com\/wp-content\/uploads\/2024\/03\/appearance-dimension_ecm-b9750ul38-714-1-18x12.png 18w\" sizes=\"auto, (max-width: 533px) 100vw, 533px\" \/><\/p>\n<p>C\u00e1psula de 9,7 \u00d7 5,0 mm com malha contra poeira voltada para a frente e porta ac\u00fastica traseira para captura de som direcional.<\/p>","protected":false},"excerpt":{"rendered":"<p>O ECM-B9750UL38-714 \u00e9 uma c\u00e1psula de microfone eletreto unidirecional de 9,7 \u00d7 5 mm com sensibilidade de -38 dB\u00b12 e SNR de 65 dB, ideal para microfones de lapela.<\/p>","protected":false},"featured_media":2674,"comment_status":"open","ping_status":"closed","template":"","meta":[],"product_brand":[721],"product_cat":[16,21],"product_tag":[282,235,288],"class_list":{"0":"post-60","1":"product","2":"type-product","3":"status-publish","4":"has-post-thumbnail","6":"product_brand-ecmic","7":"product_cat-electret-microphones","8":"product_cat-unidirectional-microphones","9":"product_tag-9-7mm","10":"product_tag-conference","11":"product_tag-solder-pads","13":"first","14":"instock","15":"shipping-taxable","16":"purchasable","17":"product-type-simple"},"_links":{"self":[{"href":"https:\/\/ecmicrophones.com\/pt\/wp-json\/wp\/v2\/product\/60","targetHints":{"allow":["GET"]}}],"collection":[{"href":"https:\/\/ecmicrophones.com\/pt\/wp-json\/wp\/v2\/product"}],"about":[{"href":"https:\/\/ecmicrophones.com\/pt\/wp-json\/wp\/v2\/types\/product"}],"replies":[{"embeddable":true,"href":"https:\/\/ecmicrophones.com\/pt\/wp-json\/wp\/v2\/comments?post=60"}],"wp:featuredmedia":[{"embeddable":true,"href":"https:\/\/ecmicrophones.com\/pt\/wp-json\/wp\/v2\/media\/2674"}],"wp:attachment":[{"href":"https:\/\/ecmicrophones.com\/pt\/wp-json\/wp\/v2\/media?parent=60"}],"wp:term":[{"taxonomy":"product_brand","embeddable":true,"href":"https:\/\/ecmicrophones.com\/pt\/wp-json\/wp\/v2\/product_brand?post=60"},{"taxonomy":"product_cat","embeddable":true,"href":"https:\/\/ecmicrophones.com\/pt\/wp-json\/wp\/v2\/product_cat?post=60"},{"taxonomy":"product_tag","embeddable":true,"href":"https:\/\/ecmicrophones.com\/pt\/wp-json\/wp\/v2\/product_tag?post=60"}],"curies":[{"name":"wp","href":"https:\/\/api.w.org\/{rel}","templated":true}]}}