{"id":608,"date":"2024-05-13T17:33:52","date_gmt":"2024-05-13T09:33:52","guid":{"rendered":"https:\/\/ecmicrophones.com\/?post_type=product&#038;p=608"},"modified":"2026-03-19T15:32:39","modified_gmt":"2026-03-19T07:32:39","slug":"ukulele-pickup-microphone-capsule-6mm","status":"publish","type":"product","link":"https:\/\/ecmicrophones.com\/pt\/ukulele-pickup-microphone-capsule-6mm\/","title":{"rendered":"C\u00e1psula de microfone de eletreto captador de ukulele de 6 mm com pinos"},"content":{"rendered":"<h2 class=\"text-start\">Vis\u00e3o geral do desempenho<\/h2>\n<p class=\"text-start\">Produzidos com materiais ecol\u00f3gicos e Panasonic JFET importado, nossos n\u00facleos de microfone omnidirecional 6022 garantem desempenho superior.<\/p>\n<h3 class=\"pt-5 text-start\">Especifica\u00e7\u00f5es t\u00e9cnicas<\/h3>\n<p><img loading=\"lazy\" decoding=\"async\" class=\"alignnone size-full wp-image-612\" src=\"https:\/\/ecmicrophones.com\/wp-content\/uploads\/2024\/05\/standard-test-circuit_ecm-b6022ap2.8-49.png\" alt=\"Circuito de teste padr\u00e3o\" width=\"515\" height=\"219\" srcset=\"https:\/\/ecmicrophones.com\/wp-content\/uploads\/2024\/05\/standard-test-circuit_ecm-b6022ap2.8-49.png 515w, https:\/\/ecmicrophones.com\/wp-content\/uploads\/2024\/05\/standard-test-circuit_ecm-b6022ap2.8-49-300x128.png 300w, https:\/\/ecmicrophones.com\/wp-content\/uploads\/2024\/05\/standard-test-circuit_ecm-b6022ap2.8-49-18x8.png 18w\" sizes=\"auto, (max-width: 515px) 100vw, 515px\" \/><\/p>\n<p>Condi\u00e7\u00f5es de teste: Resistor de polariza\u00e7\u00e3o de 2,2k\u03a9, tens\u00e3o de alimenta\u00e7\u00e3o de 2V, capacitor de sa\u00edda de 1\u03bcF.<\/p>\n<h3 class=\"pt-5 text-start\">Resposta de frequ\u00eancia t\u00edpica<\/h3>\n<p><img loading=\"lazy\" decoding=\"async\" class=\"alignnone size-full wp-image-613\" src=\"https:\/\/ecmicrophones.com\/wp-content\/uploads\/2024\/05\/typical-frequency-response_ecm-b6022ap2.8-49.png\" alt=\"Resposta de frequ\u00eancia t\u00edpica\" width=\"397\" height=\"284\" srcset=\"https:\/\/ecmicrophones.com\/wp-content\/uploads\/2024\/05\/typical-frequency-response_ecm-b6022ap2.8-49.png 397w, https:\/\/ecmicrophones.com\/wp-content\/uploads\/2024\/05\/typical-frequency-response_ecm-b6022ap2.8-49-300x215.png 300w, https:\/\/ecmicrophones.com\/wp-content\/uploads\/2024\/05\/typical-frequency-response_ecm-b6022ap2.8-49-18x12.png 18w\" sizes=\"auto, (max-width: 397px) 100vw, 397px\" \/><\/p>\n<p>A resposta de frequ\u00eancia de 50 Hz a 20 kHz \u00e9 geralmente plana, com uma ligeira redu\u00e7\u00e3o nas frequ\u00eancias mais altas.<\/p>\n<h3 class=\"pt-5 text-start\">Dimens\u00f5es (UNIDADE: mm)<\/h3>\n<p><img loading=\"lazy\" decoding=\"async\" class=\"alignnone size-full wp-image-611\" src=\"https:\/\/ecmicrophones.com\/wp-content\/uploads\/2024\/05\/appearance-dimension_ecm-b6022ap2.8-49.png\" alt=\"Dimens\u00e3o da apar\u00eancia\" width=\"509\" height=\"391\" srcset=\"https:\/\/ecmicrophones.com\/wp-content\/uploads\/2024\/05\/appearance-dimension_ecm-b6022ap2.8-49.png 509w, https:\/\/ecmicrophones.com\/wp-content\/uploads\/2024\/05\/appearance-dimension_ecm-b6022ap2.8-49-300x230.png 300w, https:\/\/ecmicrophones.com\/wp-content\/uploads\/2024\/05\/appearance-dimension_ecm-b6022ap2.8-49-16x12.png 16w\" sizes=\"auto, (max-width: 509px) 100vw, 509px\" \/><\/p>\n<p>A c\u00e1psula do microfone mede 6 mm de di\u00e2metro e 2,2 mm de altura, apresentando uma malha frontal contra poeira e uma parte traseira selada sem porta ac\u00fastica. Equipada com pinos de 2,8 mm, com espa\u00e7amento de 1,9 mm.<\/p>","protected":false},"excerpt":{"rendered":"<p>O ECM-B6022AP2.8-49 \u00e9 uma c\u00e1psula de microfone eletreto omnidirecional de 6 \u00d7 2,2 mm com 2 pinos, sensibilidade de -49dB\u00b12 e SNR de 55dB. Perfeito para captadores de ukulele, metr\u00f4nomos e grava\u00e7\u00e3o de instrumentos.<\/p>","protected":false},"featured_media":2555,"comment_status":"open","ping_status":"closed","template":"","meta":[],"product_brand":[721],"product_cat":[16,20],"product_tag":[283,111,291],"class_list":{"0":"post-608","1":"product","2":"type-product","3":"status-publish","4":"has-post-thumbnail","6":"product_brand-ecmic","7":"product_cat-electret-microphones","8":"product_cat-omnidirectional-microphones","9":"product_tag-6mm","10":"product_tag-instrument","11":"product_tag-pin-type","13":"first","14":"instock","15":"shipping-taxable","16":"purchasable","17":"product-type-simple"},"_links":{"self":[{"href":"https:\/\/ecmicrophones.com\/pt\/wp-json\/wp\/v2\/product\/608","targetHints":{"allow":["GET"]}}],"collection":[{"href":"https:\/\/ecmicrophones.com\/pt\/wp-json\/wp\/v2\/product"}],"about":[{"href":"https:\/\/ecmicrophones.com\/pt\/wp-json\/wp\/v2\/types\/product"}],"replies":[{"embeddable":true,"href":"https:\/\/ecmicrophones.com\/pt\/wp-json\/wp\/v2\/comments?post=608"}],"wp:featuredmedia":[{"embeddable":true,"href":"https:\/\/ecmicrophones.com\/pt\/wp-json\/wp\/v2\/media\/2555"}],"wp:attachment":[{"href":"https:\/\/ecmicrophones.com\/pt\/wp-json\/wp\/v2\/media?parent=608"}],"wp:term":[{"taxonomy":"product_brand","embeddable":true,"href":"https:\/\/ecmicrophones.com\/pt\/wp-json\/wp\/v2\/product_brand?post=608"},{"taxonomy":"product_cat","embeddable":true,"href":"https:\/\/ecmicrophones.com\/pt\/wp-json\/wp\/v2\/product_cat?post=608"},{"taxonomy":"product_tag","embeddable":true,"href":"https:\/\/ecmicrophones.com\/pt\/wp-json\/wp\/v2\/product_tag?post=608"}],"curies":[{"name":"wp","href":"https:\/\/api.w.org\/{rel}","templated":true}]}}