{"id":626,"date":"2024-05-13T15:35:30","date_gmt":"2024-05-13T07:35:30","guid":{"rendered":"https:\/\/ecmicrophones.com\/?post_type=product&#038;p=626"},"modified":"2026-03-19T15:33:16","modified_gmt":"2026-03-19T07:33:16","slug":"14mm-cardioid-electret-microphone-element-for-live-streaming","status":"publish","type":"product","link":"https:\/\/ecmicrophones.com\/pt\/14mm-cardioid-electret-microphone-element-for-live-streaming\/","title":{"rendered":"Elemento de microfone de eletreto cardi\u00f3ide de 14 mm para transmiss\u00e3o ao vivo"},"content":{"rendered":"<h2 class=\"text-start\">Especifica\u00e7\u00f5es t\u00e9cnicas<\/h2>\n<p class=\"text-start\">Nosso cabe\u00e7ote de microfone unidirecional 1463 apresenta ru\u00eddo pr\u00f3prio ultrabaixo, alta fidelidade e baixo consumo de energia, o que o torna um n\u00facleo de microfone ideal, de alta qualidade e baixo ru\u00eddo.<\/p>\n<h3 class=\"pt-5 text-start\">Circuito de teste padr\u00e3o<\/h3>\n<p><img loading=\"lazy\" decoding=\"async\" class=\"alignnone size-full wp-image-629\" src=\"https:\/\/ecmicrophones.com\/wp-content\/uploads\/2024\/05\/standard-test-circuit_ecm-b1463uml38-727.png\" alt=\"Circuito de teste ECM-B1463UML38-727: polariza\u00e7\u00e3o de 15k\u03a9, alimenta\u00e7\u00e3o de 2V, capacitor de sa\u00edda de 1\u03bcF\" width=\"508\" height=\"223\" srcset=\"https:\/\/ecmicrophones.com\/wp-content\/uploads\/2024\/05\/standard-test-circuit_ecm-b1463uml38-727.png 508w, https:\/\/ecmicrophones.com\/wp-content\/uploads\/2024\/05\/standard-test-circuit_ecm-b1463uml38-727-300x132.png 300w, https:\/\/ecmicrophones.com\/wp-content\/uploads\/2024\/05\/standard-test-circuit_ecm-b1463uml38-727-18x8.png 18w\" sizes=\"auto, (max-width: 508px) 100vw, 508px\" \/><\/p>\n<p>Resistor de polariza\u00e7\u00e3o de 15k\u03a9, alimenta\u00e7\u00e3o de 2V CC, capacitor de sa\u00edda de 1\u03bcF.<\/p>\n<h3 class=\"pt-5 text-start\">Resposta de frequ\u00eancia t\u00edpica<\/h3>\n<p><img loading=\"lazy\" decoding=\"async\" class=\"alignnone wp-image-630 size-large\" src=\"https:\/\/ecmicrophones.com\/wp-content\/uploads\/2024\/05\/typical-frequency-response_ecm-b1463uml38-727-1024x460.png\" alt=\"Resposta de frequ\u00eancia ECM-B1463UML38-727: Curva de resposta ascendente com pico na faixa m\u00e9dia-alta e redu\u00e7\u00e3o gradual\" width=\"1024\" height=\"460\" srcset=\"https:\/\/ecmicrophones.com\/wp-content\/uploads\/2024\/05\/typical-frequency-response_ecm-b1463uml38-727-1024x460.png 1024w, https:\/\/ecmicrophones.com\/wp-content\/uploads\/2024\/05\/typical-frequency-response_ecm-b1463uml38-727-300x135.png 300w, https:\/\/ecmicrophones.com\/wp-content\/uploads\/2024\/05\/typical-frequency-response_ecm-b1463uml38-727-768x345.png 768w, https:\/\/ecmicrophones.com\/wp-content\/uploads\/2024\/05\/typical-frequency-response_ecm-b1463uml38-727-1536x690.png 1536w, https:\/\/ecmicrophones.com\/wp-content\/uploads\/2024\/05\/typical-frequency-response_ecm-b1463uml38-727-18x8.png 18w, https:\/\/ecmicrophones.com\/wp-content\/uploads\/2024\/05\/typical-frequency-response_ecm-b1463uml38-727-600x270.png 600w, https:\/\/ecmicrophones.com\/wp-content\/uploads\/2024\/05\/typical-frequency-response_ecm-b1463uml38-727.png 1651w\" sizes=\"auto, (max-width: 1024px) 100vw, 1024px\" \/><\/p>\n<p>Curva de resposta ascendente a partir das baixas frequ\u00eancias, com pico na faixa m\u00e9dia-alta, seguida por uma redu\u00e7\u00e3o suave das altas frequ\u00eancias.<\/p>\n<h3 class=\"pt-5 text-start\">Dimens\u00f5es (unidade: mm)<\/h3>\n<p><img loading=\"lazy\" decoding=\"async\" class=\"alignnone size-full wp-image-631\" src=\"https:\/\/ecmicrophones.com\/wp-content\/uploads\/2024\/05\/appearance-dimension_ecm-b1463uml38-727.png\" alt=\"ECM-B1463UML38-727 Dimens\u00f5es: \u03a614\u00d76,3 mm com malha frontal e porta de som traseira\" width=\"550\" height=\"391\" srcset=\"https:\/\/ecmicrophones.com\/wp-content\/uploads\/2024\/05\/appearance-dimension_ecm-b1463uml38-727.png 550w, https:\/\/ecmicrophones.com\/wp-content\/uploads\/2024\/05\/appearance-dimension_ecm-b1463uml38-727-300x213.png 300w, https:\/\/ecmicrophones.com\/wp-content\/uploads\/2024\/05\/appearance-dimension_ecm-b1463uml38-727-18x12.png 18w\" sizes=\"auto, (max-width: 550px) 100vw, 550px\" \/><\/p>\n<p>Caixa de 14\u00d76,3 mm com malha frontal \u00e0 prova de poeira e porta ac\u00fastica traseira para captura de som direcional.<\/p>","protected":false},"excerpt":{"rendered":"<p>O ECM-B1463UML38-727 \u00e9 uma c\u00e1psula de microfone de eletreto cardioide de 14 mm com sensibilidade de -38 dB e rela\u00e7\u00e3o S\/R de 70 dB, ideal para transmiss\u00e3o ao vivo e microfones de karaok\u00ea. Ele oferece capta\u00e7\u00e3o de som n\u00edtida e focada com baixo ru\u00eddo para um desempenho vocal consistente.<\/p>","protected":false},"featured_media":2532,"comment_status":"open","ping_status":"closed","template":"","meta":[],"product_brand":[721],"product_cat":[16,21],"product_tag":[280,288,116],"class_list":{"0":"post-626","1":"product","2":"type-product","3":"status-publish","4":"has-post-thumbnail","6":"product_brand-ecmic","7":"product_cat-electret-microphones","8":"product_cat-unidirectional-microphones","9":"product_tag-14mm","10":"product_tag-solder-pads","11":"product_tag-vocal","13":"first","14":"instock","15":"shipping-taxable","16":"purchasable","17":"product-type-simple"},"_links":{"self":[{"href":"https:\/\/ecmicrophones.com\/pt\/wp-json\/wp\/v2\/product\/626","targetHints":{"allow":["GET"]}}],"collection":[{"href":"https:\/\/ecmicrophones.com\/pt\/wp-json\/wp\/v2\/product"}],"about":[{"href":"https:\/\/ecmicrophones.com\/pt\/wp-json\/wp\/v2\/types\/product"}],"replies":[{"embeddable":true,"href":"https:\/\/ecmicrophones.com\/pt\/wp-json\/wp\/v2\/comments?post=626"}],"wp:featuredmedia":[{"embeddable":true,"href":"https:\/\/ecmicrophones.com\/pt\/wp-json\/wp\/v2\/media\/2532"}],"wp:attachment":[{"href":"https:\/\/ecmicrophones.com\/pt\/wp-json\/wp\/v2\/media?parent=626"}],"wp:term":[{"taxonomy":"product_brand","embeddable":true,"href":"https:\/\/ecmicrophones.com\/pt\/wp-json\/wp\/v2\/product_brand?post=626"},{"taxonomy":"product_cat","embeddable":true,"href":"https:\/\/ecmicrophones.com\/pt\/wp-json\/wp\/v2\/product_cat?post=626"},{"taxonomy":"product_tag","embeddable":true,"href":"https:\/\/ecmicrophones.com\/pt\/wp-json\/wp\/v2\/product_tag?post=626"}],"curies":[{"name":"wp","href":"https:\/\/api.w.org\/{rel}","templated":true}]}}