{"id":68,"date":"2024-03-27T10:43:38","date_gmt":"2024-03-27T10:43:38","guid":{"rendered":"https:\/\/ecmicrophones.com\/?post_type=product&#038;p=68"},"modified":"2026-03-19T15:39:47","modified_gmt":"2026-03-19T07:39:47","slug":"dynamic-conference-headset-microphone-transducer-15mm","status":"publish","type":"product","link":"https:\/\/ecmicrophones.com\/pt\/dynamic-conference-headset-microphone-transducer-15mm\/","title":{"rendered":"Transdutor din\u00e2mico 15mm do microfone dos auriculares da confer\u00eancia"},"content":{"rendered":"<h2 class=\"text-start\">Especifica\u00e7\u00f5es t\u00e9cnicas<\/h2>\n<p class=\"text-start\">Projetado para dispositivos compactos e acionados por voz, o ECM-DM1508K600 \u00e9 uma c\u00e1psula de microfone din\u00e2mico de 15 mm ideal para microfones de headset, sistemas de confer\u00eancia, equipamentos de intercomunica\u00e7\u00e3o e conjuntos de microfones de m\u00e3o.<\/p>\n<p class=\"text-start\">Sua resposta de frequ\u00eancia personalizada de 100 Hz a 9 kHz capta a faixa vocal com clareza e, ao mesmo tempo, reduz suavemente as altas frequ\u00eancias para diminuir o ru\u00eddo e a sibil\u00e2ncia. A imped\u00e2ncia de 600\u03a9 garante um desempenho est\u00e1vel na maioria dos circuitos de amplificadores de voz.<\/p>\n<p class=\"text-start\">Com uma constru\u00e7\u00e3o dur\u00e1vel e formato compacto, essa c\u00e1psula \u00e9 adequada para headset booms, microfones gooseneck, microfones de m\u00e3o e m\u00f3dulos de capta\u00e7\u00e3o de voz usados em sistemas educacionais, de comunica\u00e7\u00e3o e de endere\u00e7os p\u00fablicos.<\/p>\n<h3 class=\"pt-5 text-start\">Vista explodida e lista de pe\u00e7as<\/h3>\n<p><img loading=\"lazy\" decoding=\"async\" class=\"alignnone wp-image-3897 size-full\" src=\"https:\/\/ecmicrophones.com\/wp-content\/uploads\/2024\/03\/dynamic-part_ecm-dm1508k-600.png\" alt=\"Vista explodida do ECM-DM1508K: Conjunto de 8 componentes\" width=\"570\" height=\"300\" srcset=\"https:\/\/ecmicrophones.com\/wp-content\/uploads\/2024\/03\/dynamic-part_ecm-dm1508k-600.png 570w, https:\/\/ecmicrophones.com\/wp-content\/uploads\/2024\/03\/dynamic-part_ecm-dm1508k-600-300x158.png 300w, https:\/\/ecmicrophones.com\/wp-content\/uploads\/2024\/03\/dynamic-part_ecm-dm1508k-600-18x9.png 18w\" sizes=\"auto, (max-width: 570px) 100vw, 570px\" \/><\/p>\n<p>Composi\u00e7\u00e3o dos componentes: 1. esponja 2. tampa 3. diafragma 4. bobina 5. a\u00e7o magn\u00e9tico 6. panelas de ferro 7. suporte 8. PCB+estanho<\/p>\n<h3 class=\"pt-5 text-start\">Curva de resposta de frequ\u00eancia<\/h3>\n<p><img loading=\"lazy\" decoding=\"async\" class=\"alignnone wp-image-246\" src=\"https:\/\/ecmicrophones.com\/wp-content\/uploads\/2024\/03\/response-curve_ecm-dm1508k-600.png\" alt=\"Resposta de frequ\u00eancia ECM-DM1508K: Aumento de 100Hz-8kHz e atenua\u00e7\u00e3o at\u00e9 20kHz\" width=\"542\" height=\"408\" srcset=\"https:\/\/ecmicrophones.com\/wp-content\/uploads\/2024\/03\/response-curve_ecm-dm1508k-600.png 852w, https:\/\/ecmicrophones.com\/wp-content\/uploads\/2024\/03\/response-curve_ecm-dm1508k-600-300x226.png 300w, https:\/\/ecmicrophones.com\/wp-content\/uploads\/2024\/03\/response-curve_ecm-dm1508k-600-768x579.png 768w, https:\/\/ecmicrophones.com\/wp-content\/uploads\/2024\/03\/response-curve_ecm-dm1508k-600-16x12.png 16w, https:\/\/ecmicrophones.com\/wp-content\/uploads\/2024\/03\/response-curve_ecm-dm1508k-600-600x452.png 600w\" sizes=\"auto, (max-width: 542px) 100vw, 542px\" \/><\/p>\n<p>Abrange de 100 Hz a 9 kHz, fornecendo graves ricos e m\u00e9dios naturais com uma atenua\u00e7\u00e3o suave dos agudos - adequado para aplica\u00e7\u00f5es com foco em vocais.<\/p>\n<h3 class=\"pt-5 text-start\">Dimens\u00f5es (UNIDADE: mm)<\/h3>\n<p><img loading=\"lazy\" decoding=\"async\" class=\"alignnone size-full wp-image-247\" src=\"https:\/\/ecmicrophones.com\/wp-content\/uploads\/2024\/03\/appearance-size_ecm-dm1508k-600.png\" alt=\"ECM-DM1508K Dimens\u00f5es: \u03a615\u00d78mm\" width=\"332\" height=\"406\" srcset=\"https:\/\/ecmicrophones.com\/wp-content\/uploads\/2024\/03\/appearance-size_ecm-dm1508k-600.png 332w, https:\/\/ecmicrophones.com\/wp-content\/uploads\/2024\/03\/appearance-size_ecm-dm1508k-600-245x300.png 245w, https:\/\/ecmicrophones.com\/wp-content\/uploads\/2024\/03\/appearance-size_ecm-dm1508k-600-10x12.png 10w\" sizes=\"auto, (max-width: 332px) 100vw, 332px\" \/><\/p>\n<p>Caixa compacta de \u03a615\u00d78 mm.<\/p>","protected":false},"excerpt":{"rendered":"<p>Otimizada para microfones de headset, terminais de comunica\u00e7\u00e3o, sistemas de amplifica\u00e7\u00e3o em sala de aula e microfones din\u00e2micos de m\u00e3o, essa c\u00e1psula compacta de microfone din\u00e2mico unidirecional de 15 \u00d7 8 mm apresenta uma faixa de frequ\u00eancia de 100 Hz a 9 kHz e imped\u00e2ncia de 600 \u03a9 para uma capta\u00e7\u00e3o clara e focada na voz.<\/p>","protected":false},"featured_media":2414,"comment_status":"open","ping_status":"closed","template":"","meta":[],"product_brand":[721],"product_cat":[17],"product_tag":[311,235],"class_list":{"0":"post-68","1":"product","2":"type-product","3":"status-publish","4":"has-post-thumbnail","6":"product_brand-ecmic","7":"product_cat-dynamic-microphones","8":"product_tag-15mm","9":"product_tag-conference","11":"first","12":"instock","13":"shipping-taxable","14":"purchasable","15":"product-type-simple"},"_links":{"self":[{"href":"https:\/\/ecmicrophones.com\/pt\/wp-json\/wp\/v2\/product\/68","targetHints":{"allow":["GET"]}}],"collection":[{"href":"https:\/\/ecmicrophones.com\/pt\/wp-json\/wp\/v2\/product"}],"about":[{"href":"https:\/\/ecmicrophones.com\/pt\/wp-json\/wp\/v2\/types\/product"}],"replies":[{"embeddable":true,"href":"https:\/\/ecmicrophones.com\/pt\/wp-json\/wp\/v2\/comments?post=68"}],"wp:featuredmedia":[{"embeddable":true,"href":"https:\/\/ecmicrophones.com\/pt\/wp-json\/wp\/v2\/media\/2414"}],"wp:attachment":[{"href":"https:\/\/ecmicrophones.com\/pt\/wp-json\/wp\/v2\/media?parent=68"}],"wp:term":[{"taxonomy":"product_brand","embeddable":true,"href":"https:\/\/ecmicrophones.com\/pt\/wp-json\/wp\/v2\/product_brand?post=68"},{"taxonomy":"product_cat","embeddable":true,"href":"https:\/\/ecmicrophones.com\/pt\/wp-json\/wp\/v2\/product_cat?post=68"},{"taxonomy":"product_tag","embeddable":true,"href":"https:\/\/ecmicrophones.com\/pt\/wp-json\/wp\/v2\/product_tag?post=68"}],"curies":[{"name":"wp","href":"https:\/\/api.w.org\/{rel}","templated":true}]}}